{"id":34636,"date":"2024-11-26T17:04:18","date_gmt":"2024-11-26T17:04:18","guid":{"rendered":"https:\/\/bnssghealthiertogether.org.uk\/?page_id=34636"},"modified":"2024-11-26T17:04:18","modified_gmt":"2024-11-26T17:04:18","slug":"gps-working-within-the-emergency-ambulance-service","status":"publish","type":"page","link":"https:\/\/bnssghealthiertogether.org.uk\/sq\/integrated-care-board\/research-and-evidence\/our-research-portfolio\/type-2-rcf-funded-projects\/gps-working-within-the-emergency-ambulance-service\/","title":{"rendered":"Mjek\u00ebt e p\u00ebrgjithsh\u00ebm q\u00eb punojn\u00eb brenda sh\u00ebrbimit t\u00eb ambulanc\u00ebs s\u00eb urgjenc\u00ebs"},"content":{"rendered":"<div class=\"assembler_default-group assembler_module_group assembler_default-group_1 assembler_module_group_1\"><div class=\"assembler_module_area assembler_module_area_1\"><div class=\"assembler_text-module assembler_module assembler_text-module_1 assembler_module_1  transparent\"><a tabindex=\"-1\" title=\"Seksioni me titull module-1\" id=\"module-1\" href=\"https:\/\/bnssghealthiertogether.org.uk\/sq\/wp-json\/wp\/v2\/pages\/34636\/#module-1\" class=\"anchor\"><span class=\"hidden\">Seksioni me titull module-1<\/span><\/a><!-- Template found for text-module - Template: template-text - Matched: _only --><section class=\"w-full mx-auto max-w-content pt-12 sm:pt-24 pb-12 sm:pb-24\">\r\n  <div class=\"entry-content w-full !px-0 max-w-small\">\r\n        <header class=\"local_header\">\n<div class=\"local_header__inner\">\n<h1 class=\"local_header__title\">Mjek\u00ebt e p\u00ebrgjithsh\u00ebm q\u00eb punojn\u00eb brenda sh\u00ebrbimit t\u00eb ambulanc\u00ebs s\u00eb urgjenc\u00ebs<\/h1>\n<h2>Financimi<\/h2>\n<p>Financimi i Aft\u00ebsive K\u00ebrkimore t\u00eb BNSSCG CCG (Zhvillim Lokal)<\/p>\n<h2>Cila \u00ebsht\u00eb pyetja k\u00ebrkimore?<\/h2>\n<\/div>\n<\/header>\n<p>Si i japin mjek\u00ebt e p\u00ebrgjithsh\u00ebm q\u00eb punojn\u00eb brenda sh\u00ebrbimit t\u00eb ambulanc\u00ebs s\u00eb urgjenc\u00ebs rezultate me r\u00ebnd\u00ebsi p\u00ebr pacient\u00ebt, ofruesit e sh\u00ebrbimeve dhe komunitetin lokal t\u00eb sh\u00ebndetit?<\/p>\n<h2>Cili \u00ebsht\u00eb problemi?<\/h2>\n<p>K\u00ebrkesa n\u00eb rritje p\u00ebr kujdes sh\u00ebndet\u00ebsor urgjent dhe emergjent do t\u00eb thot\u00eb q\u00eb sh\u00ebrbimet jan\u00eb n\u00eb zhvillim t\u00eb vazhduesh\u00ebm p\u00ebr t&#039;u p\u00ebrshtatur pacient\u00ebve me sh\u00ebrbimet e duhura p\u00ebr nevojat e tyre n\u00eb momentin m\u00eb t\u00eb hersh\u00ebm.<\/p>\n<p>Kufijt\u00eb midis pjes\u00ebve t\u00eb ndryshme t\u00eb sistemit t\u00eb kujdesit urgjent dhe emergjent jan\u00eb gjithnj\u00eb e m\u00eb t\u00eb paqart\u00eb - n\u00eb disa vende nga q\u00ebllimi i tyre, dhe n\u00eb vende t\u00eb tjera p\u00ebr shkak t\u00eb presioneve mbi sh\u00ebrbimet, n\u00eb m\u00ebnyr\u00eb t\u00eb till\u00eb q\u00eb vendi ku dikush drejtohet s\u00eb pari p\u00ebr t\u00eb k\u00ebrkuar ndihm\u00eb mund t\u00eb p\u00ebrcaktohet nga faktor\u00eb q\u00eb nuk lidhen drejtp\u00ebrdrejt me urgjenc\u00ebn klinike t\u00eb problemit.<\/p>\n<p>Sh\u00ebrbimet e ambulanc\u00ebs po angazhojn\u00eb gjithnj\u00eb e m\u00eb shum\u00eb mjek\u00ebt e p\u00ebrgjithsh\u00ebm n\u00eb m\u00ebnyra t\u00eb ndryshme p\u00ebr t\u00eb ndihmuar n\u00eb p\u00ebrmir\u00ebsimin e aksesit n\u00eb kujdes, p\u00ebr t\u00eb ndihmuar me kompleksitetin gjithnj\u00eb e m\u00eb klinik t\u00eb pacient\u00ebve q\u00eb k\u00ebrkojn\u00eb ndihm\u00eb nga sh\u00ebrbimi dhe p\u00ebr ta b\u00ebr\u00eb sistemin e kujdesit sh\u00ebndet\u00ebsor m\u00eb efikas.<\/p>\n<h2>Cili \u00ebsht\u00eb q\u00ebllimi i hulumtimit?<\/h2>\n<p>P\u00ebr t\u00eb zhvilluar nj\u00eb kuptim t\u00eb holl\u00ebsish\u00ebm t\u00eb asaj q\u00eb ndodh kur mjek\u00ebt e p\u00ebrgjithsh\u00ebm punojn\u00eb brenda sh\u00ebrbimit t\u00eb ambulanc\u00ebs. N\u00eb m\u00ebnyr\u00eb specifike, cili lloj p\u00ebrfshirjeje i mjek\u00ebve t\u00eb p\u00ebrgjithsh\u00ebm ofron p\u00ebrfitimin m\u00eb t\u00eb madh p\u00ebr pacient\u00ebt individual\u00eb dhe sistemin m\u00eb t\u00eb gjer\u00eb t\u00eb kujdesit urgjent, dhe n\u00ebse ata funksionojn\u00eb mir\u00eb klinikisht dhe n\u00ebse jan\u00eb efektiv\u00eb nga ana e kostos.<\/p>\n<h2>Si do t\u00eb arrihet kjo?<\/h2>\n<p>Duke p\u00ebrdorur nj\u00eb qasje vler\u00ebsimi realist me metoda t\u00eb p\u00ebrziera p\u00ebr t\u00eb hetuar ndikimin e mjek\u00ebve t\u00eb p\u00ebrgjithsh\u00ebm q\u00eb punojn\u00eb n\u00eb sh\u00ebrbimin e ambulanc\u00ebs. Kjo do t\u00eb p\u00ebrfshij\u00eb:<\/p>\n<ul>\n<li>Intervista realiste me pal\u00ebt e interesuara kryesore, pacient\u00ebt\/p\u00ebrdoruesit e sh\u00ebrbimeve, kujdestar\u00ebt, avokat\u00ebt, klinicist\u00ebt dhe partner\u00ebt e jasht\u00ebm.<\/li>\n<li>V\u00ebzhgim se si punojn\u00eb mjek\u00ebt e p\u00ebrgjithsh\u00ebm dhe si ndikohet rrjedha e pun\u00ebs nga mjek\u00ebt e p\u00ebrgjithsh\u00ebm.<\/li>\n<li>Nj\u00eb vler\u00ebsim me metoda t\u00eb p\u00ebrziera t\u00eb rezultateve t\u00eb pacientit dhe sh\u00ebrbimit, duke kombinuar t\u00eb dh\u00ebna t\u00eb ndryshme n\u00eb lidhje me cil\u00ebsin\u00eb, sigurin\u00eb, efektivitetin klinik dhe koston e kujdesit. Kjo do t\u00eb p\u00ebrdor\u00eb nj\u00eb kombinim t\u00eb t\u00eb dh\u00ebnave rutin\u00eb t\u00eb sh\u00ebrbimit sh\u00ebndet\u00ebsor dhe t\u00eb dh\u00ebnave t\u00eb rezultateve ekonomike dhe klinike t\u00eb mbledhura n\u00eb m\u00ebnyr\u00eb prospektive.<\/li>\n<\/ul>\n<h2>Kush po e udh\u00ebheq hulumtimin?<\/h2>\n<p>Dr. Matthew Booker, Lektor Klinik Akademik i NIHR-s\u00eb n\u00eb Kujdesin Par\u00ebsor, Universiteti i Bristolit.<\/p>\n<h2>Informacione t\u00eb m\u00ebtejshme:<\/h2>\n<p><a href=\"https:\/\/research-information.bris.ac.uk\/en\/persons\/lucy-c-potter\" target=\"_blank\" rel=\"nofollow noopener\">Rreth Dr. Matthew Booker<\/a><\/p>\n<p>P\u00ebr m\u00eb shum\u00eb informacion ose p\u00ebr t&#039;u p\u00ebrfshir\u00eb n\u00eb k\u00ebt\u00eb projekt, ju lutemi t\u00eb kontaktoni <a href=\"mailto:bnssg.research@nhs.net\" target=\"_blank\" rel=\"noopener\">bnssg.research@nhs.net<\/a>.<\/p>\n  <\/div>\r\n  <\/section><\/div><!-- .assembler_text-module.assembler_module.assembler_text-module_1.assembler_module_1..transparent --><\/div><!-- .assembler_module_area.assembler_module_area_1 --><\/div><!-- .assembler_default-group.assembler_module_group.assembler_default-group_1.assembler_module_group_1  -->","protected":false},"excerpt":{"rendered":"<p>Section titled module-1 GPs working within the emergency ambulance service Funding BNSSCG CCG Research Capability Funding (Local development) What is the research question? How do GPs working within the emergency ambulance service deliver outcomes of relevance to patients, providers, and the local health community? What is the problem? The increasing demand for urgent and emergency [&hellip;]<\/p>\n","protected":false},"author":1,"featured_media":0,"parent":32896,"menu_order":0,"comment_status":"closed","ping_status":"closed","template":"","meta":{"_acf_changed":false,"footnotes":""},"tags":[],"class_list":["post-34636","page","type-page","status-publish","hentry"],"acf":[],"_links":{"self":[{"href":"https:\/\/bnssghealthiertogether.org.uk\/sq\/wp-json\/wp\/v2\/pages\/34636","targetHints":{"allow":["GET"]}}],"collection":[{"href":"https:\/\/bnssghealthiertogether.org.uk\/sq\/wp-json\/wp\/v2\/pages"}],"about":[{"href":"https:\/\/bnssghealthiertogether.org.uk\/sq\/wp-json\/wp\/v2\/types\/page"}],"author":[{"embeddable":true,"href":"https:\/\/bnssghealthiertogether.org.uk\/sq\/wp-json\/wp\/v2\/users\/1"}],"replies":[{"embeddable":true,"href":"https:\/\/bnssghealthiertogether.org.uk\/sq\/wp-json\/wp\/v2\/comments?post=34636"}],"version-history":[{"count":3,"href":"https:\/\/bnssghealthiertogether.org.uk\/sq\/wp-json\/wp\/v2\/pages\/34636\/revisions"}],"predecessor-version":[{"id":37126,"href":"https:\/\/bnssghealthiertogether.org.uk\/sq\/wp-json\/wp\/v2\/pages\/34636\/revisions\/37126"}],"up":[{"embeddable":true,"href":"https:\/\/bnssghealthiertogether.org.uk\/sq\/wp-json\/wp\/v2\/pages\/32896"}],"wp:attachment":[{"href":"https:\/\/bnssghealthiertogether.org.uk\/sq\/wp-json\/wp\/v2\/media?parent=34636"}],"wp:term":[{"taxonomy":"post_tag","embeddable":true,"href":"https:\/\/bnssghealthiertogether.org.uk\/sq\/wp-json\/wp\/v2\/tags?post=34636"}],"curies":[{"name":"wp","href":"https:\/\/api.w.org\/{rel}","templated":true}]}}