{"id":34644,"date":"2024-11-26T17:05:27","date_gmt":"2024-11-26T17:05:27","guid":{"rendered":"https:\/\/bnssghealthiertogether.org.uk\/?page_id=34644"},"modified":"2024-11-26T17:05:27","modified_gmt":"2024-11-26T17:05:27","slug":"how-can-vaccinations-be-delivered-opportunistically-in-primary-care-and-community-settings-in-a-way-that-is-feasible-accessible-and-acceptable-and-leads-to-increased-vaccine-uptake-in-adults","status":"publish","type":"page","link":"https:\/\/bnssghealthiertogether.org.uk\/sq\/integrated-care-board\/research-and-evidence\/our-research-portfolio\/type-2-rcf-funded-projects\/how-can-vaccinations-be-delivered-opportunistically-in-primary-care-and-community-settings-in-a-way-that-is-feasible-accessible-and-acceptable-and-leads-to-increased-vaccine-uptake-in-adults\/","title":{"rendered":"Si mund t\u00eb ofrohen vaksinimet n\u00eb m\u00ebnyr\u00eb oportuniste n\u00eb kujdesin par\u00ebsor dhe n\u00eb mjediset komunitare n\u00eb nj\u00eb m\u00ebnyr\u00eb q\u00eb \u00ebsht\u00eb e realizueshme, e arritshme dhe e pranueshme, dhe q\u00eb \u00e7on n\u00eb rritjen e p\u00ebrfshirjes s\u00eb vaksin\u00ebs tek t\u00eb rriturit?"},"content":{"rendered":"<div class=\"assembler_default-group assembler_module_group assembler_default-group_1 assembler_module_group_1\"><div class=\"assembler_module_area assembler_module_area_1\"><div class=\"assembler_text-module assembler_module assembler_text-module_1 assembler_module_1  transparent\"><a tabindex=\"-1\" title=\"Seksioni me titull module-1\" id=\"module-1\" href=\"https:\/\/bnssghealthiertogether.org.uk\/sq\/wp-json\/wp\/v2\/pages\/34644\/#module-1\" class=\"anchor\"><span class=\"hidden\">Seksioni me titull module-1<\/span><\/a><!-- Template found for text-module - Template: template-text - Matched: _only --><section class=\"w-full mx-auto max-w-content pt-12 sm:pt-24 pb-12 sm:pb-24\">\r\n  <div class=\"entry-content w-full !px-0 max-w-small\">\r\n        <h1>Si mund t\u00eb ofrohen vaksinimet n\u00eb m\u00ebnyr\u00eb oportuniste n\u00eb kujdesin par\u00ebsor dhe n\u00eb mjediset komunitare n\u00eb nj\u00eb m\u00ebnyr\u00eb q\u00eb \u00ebsht\u00eb e realizueshme, e arritshme dhe e pranueshme, dhe q\u00eb \u00e7on n\u00eb rritjen e p\u00ebrfshirjes s\u00eb vaksin\u00ebs tek t\u00eb rriturit?<\/h1>\n<h2>Financimi:<\/h2>\n<p>Financimi i Aft\u00ebsive K\u00ebrkimore t\u00eb BNSSG ICB.<\/p>\n<h2>Cili \u00ebsht\u00eb problemi?<\/h2>\n<p>Marrja e vaksinave \u00ebsht\u00eb m\u00eb e ul\u00ebt n\u00eb mesin e disa grupeve. NICE rekomandon q\u00eb ofruesit e kujdesit sh\u00ebndet\u00ebsor t&#039;u ofrojn\u00eb vaksina njer\u00ebzve nga k\u00ebto grupe sa her\u00eb q\u00eb t\u00eb jet\u00eb e mundur. Megjithat\u00eb, an\u00ebtar\u00ebt e publikut dhe ofruesit e kujdesit sh\u00ebndet\u00ebsor mendojn\u00eb se kjo mund t\u00eb mos jet\u00eb gjithmon\u00eb nj\u00eb ide e mir\u00eb.<\/p>\n<h2>Cili \u00ebsht\u00eb q\u00ebllimi i hulumtimit?<\/h2>\n<p>Q\u00ebllimi i k\u00ebtij hulumtimi \u00ebsht\u00eb t\u00eb shqyrtoj\u00eb se kur dhe si duhet t\u00eb ofrohen vaksinat, dhe nga kush.<\/p>\n<p>Pastaj do t\u00eb p\u00ebrdorim at\u00eb q\u00eb na thon\u00eb njer\u00ebzit p\u00ebr t\u00eb aplikuar p\u00ebr m\u00eb shum\u00eb fonde p\u00ebr t\u00eb bashk\u00ebprodhuar nj\u00eb nd\u00ebrhyrje p\u00ebr t\u00eb ndihmuar ofruesit e kujdesit sh\u00ebndet\u00ebsor t\u00eb ofrojn\u00eb dhe t\u00eb shp\u00ebrndajn\u00eb vaksinat n\u00eb nj\u00eb m\u00ebnyr\u00eb t\u00eb pranueshme dhe t\u00eb arritshme.<\/p>\n<h2>Si do t\u00eb arrihet kjo?<\/h2>\n<p>Do t\u00eb flasim me njer\u00ebz q\u00eb ofrojn\u00eb sh\u00ebrbime t\u00eb kujdesit sh\u00ebndet\u00ebsor rreth asaj se si dhe kur mendojn\u00eb se mund t\u00eb ofrohen vaksinat dhe cilat mund t\u00eb jen\u00eb disa nga sfidat. Gjithashtu, do t\u00eb flasim me njer\u00ebz q\u00eb nuk kan\u00eb b\u00ebr\u00eb vaksinat rutin\u00eb q\u00eb u ofrohen. Do t&#039;i pyesim se \u00e7far\u00eb mendojn\u00eb p\u00ebr ofrimin e vaksinave kur takojn\u00eb ofruesit e kujdesit sh\u00ebndet\u00ebsor p\u00ebr arsye q\u00eb nuk lidhen me vaksinat. Do t\u00eb diskutojm\u00eb m\u00ebnyrat se si mund t\u00eb ofrohen vaksinat n\u00eb m\u00ebnyr\u00eb q\u00eb njer\u00ebzit t\u00eb jen\u00eb t\u00eb lumtur t&#039;i marrin ato.<br \/>\nKjo pun\u00eb do t\u00eb na ndihmoj\u00eb t\u00eb kuptojm\u00eb se si mund t\u00eb bashk\u00ebprodhojm\u00eb nj\u00eb paket\u00eb mb\u00ebshtetjeje p\u00ebr t\u00eb ndihmuar njer\u00ebzit t\u00eb japin dhe t\u00eb marrin vaksina n\u00eb m\u00ebnyr\u00eb oportuniste.<\/p>\n<h2><strong>Kush po e udh\u00ebheq hulumtimin?<\/strong><\/h2>\n<p>Dr. Sarah Denford, Bashk\u00ebpun\u00ebtore K\u00ebrkimore n\u00eb Nj\u00ebsin\u00eb e K\u00ebrkimit p\u00ebr Mbrojtjen e Sh\u00ebndetit, Universiteti i Bristolit.<\/p>\n<h2>Informacion i m\u00ebtejsh\u00ebm<\/h2>\n<p>Rreth <a href=\"https:\/\/research-information.bris.ac.uk\/en\/persons\/sarah-denford\" rel=\"noopener\">Dr. Sarah Denford<\/a>.<\/p>\n<p>P\u00ebr m\u00eb shum\u00eb informacion ose p\u00ebr t&#039;u p\u00ebrfshir\u00eb n\u00eb k\u00ebt\u00eb projekt, ju lutemi t\u00eb kontaktoni\u00a0<a href=\"mailto:bnssg.research@nhs.net\" target=\"_blank\" rel=\"nofollow noopener\">bnssg.research@nhs.net<\/a>.<\/p>\n<p>&nbsp;<\/p>\n  <\/div>\r\n  <\/section><\/div><!-- .assembler_text-module.assembler_module.assembler_text-module_1.assembler_module_1..transparent --><\/div><!-- .assembler_module_area.assembler_module_area_1 --><\/div><!-- .assembler_default-group.assembler_module_group.assembler_default-group_1.assembler_module_group_1  -->","protected":false},"excerpt":{"rendered":"<p>Section titled module-1 How can vaccinations be delivered opportunistically in primary care and community settings in a way that is feasible, accessible, and acceptable, and leads to increased vaccine uptake in adults? Funding: BNSSG ICB Research Capability Funding. What is the problem? Uptake of vaccines is lower among some groups. NICE recommends that healthcare providers [&hellip;]<\/p>\n","protected":false},"author":1,"featured_media":0,"parent":32896,"menu_order":0,"comment_status":"closed","ping_status":"closed","template":"","meta":{"_acf_changed":false,"footnotes":""},"tags":[],"class_list":["post-34644","page","type-page","status-publish","hentry"],"acf":[],"_links":{"self":[{"href":"https:\/\/bnssghealthiertogether.org.uk\/sq\/wp-json\/wp\/v2\/pages\/34644","targetHints":{"allow":["GET"]}}],"collection":[{"href":"https:\/\/bnssghealthiertogether.org.uk\/sq\/wp-json\/wp\/v2\/pages"}],"about":[{"href":"https:\/\/bnssghealthiertogether.org.uk\/sq\/wp-json\/wp\/v2\/types\/page"}],"author":[{"embeddable":true,"href":"https:\/\/bnssghealthiertogether.org.uk\/sq\/wp-json\/wp\/v2\/users\/1"}],"replies":[{"embeddable":true,"href":"https:\/\/bnssghealthiertogether.org.uk\/sq\/wp-json\/wp\/v2\/comments?post=34644"}],"version-history":[{"count":2,"href":"https:\/\/bnssghealthiertogether.org.uk\/sq\/wp-json\/wp\/v2\/pages\/34644\/revisions"}],"predecessor-version":[{"id":34646,"href":"https:\/\/bnssghealthiertogether.org.uk\/sq\/wp-json\/wp\/v2\/pages\/34644\/revisions\/34646"}],"up":[{"embeddable":true,"href":"https:\/\/bnssghealthiertogether.org.uk\/sq\/wp-json\/wp\/v2\/pages\/32896"}],"wp:attachment":[{"href":"https:\/\/bnssghealthiertogether.org.uk\/sq\/wp-json\/wp\/v2\/media?parent=34644"}],"wp:term":[{"taxonomy":"post_tag","embeddable":true,"href":"https:\/\/bnssghealthiertogether.org.uk\/sq\/wp-json\/wp\/v2\/tags?post=34644"}],"curies":[{"name":"wp","href":"https:\/\/api.w.org\/{rel}","templated":true}]}}