{"id":34653,"date":"2024-11-26T17:06:35","date_gmt":"2024-11-26T17:06:35","guid":{"rendered":"https:\/\/bnssghealthiertogether.org.uk\/?page_id=34653"},"modified":"2024-11-26T17:06:35","modified_gmt":"2024-11-26T17:06:35","slug":"implementation-and-evaluation-of-the-adapt-toolkit-to-improve-the-dementia-care-pathway-for-south-asian-families-adapti","status":"publish","type":"page","link":"https:\/\/bnssghealthiertogether.org.uk\/sq\/integrated-care-board\/research-and-evidence\/our-research-portfolio\/type-2-rcf-funded-projects\/implementation-and-evaluation-of-the-adapt-toolkit-to-improve-the-dementia-care-pathway-for-south-asian-families-adapti\/","title":{"rendered":"Zbatimi dhe vler\u00ebsimi i mjetit ADAPT p\u00ebr t\u00eb p\u00ebrmir\u00ebsuar rrug\u00ebn e kujdesit p\u00ebr demenc\u00ebn p\u00ebr familjet e Azis\u00eb Jugore (ADAPTi)."},"content":{"rendered":"<div class=\"assembler_default-group assembler_module_group assembler_default-group_1 assembler_module_group_1\"><div class=\"assembler_module_area assembler_module_area_1\"><div class=\"assembler_text-module assembler_module assembler_text-module_1 assembler_module_1  transparent\"><a tabindex=\"-1\" title=\"Seksioni me titull module-1\" id=\"module-1\" href=\"https:\/\/bnssghealthiertogether.org.uk\/sq\/wp-json\/wp\/v2\/pages\/34653\/#module-1\" class=\"anchor\"><span class=\"hidden\">Seksioni me titull module-1<\/span><\/a><!-- Template found for text-module - Template: template-text - Matched: _only --><section class=\"w-full mx-auto max-w-content pt-12 sm:pt-24 pb-12 sm:pb-24\">\r\n  <div class=\"entry-content w-full !px-0 max-w-small\">\r\n        <h1>Zbatimi dhe vler\u00ebsimi i mjetit ADAPT p\u00ebr t\u00eb p\u00ebrmir\u00ebsuar rrug\u00ebn e kujdesit p\u00ebr demenc\u00ebn p\u00ebr familjet e Azis\u00eb Jugore (ADAPTi)<\/h1>\n<h2><strong>Financimi:<\/strong><\/h2>\n<p>Financimi i Aft\u00ebsive K\u00ebrkimore ICB t\u00eb NHS Bristol, North Somerset dhe South Gloucestershire.<\/p>\n<h2><strong>Cili \u00ebsht\u00eb problemi?<\/strong><\/h2>\n<p>Aktualisht vler\u00ebsohet se 50,000 njer\u00ebz me prejardhje etnike minoritare (ME) jetojn\u00eb me demenc\u00eb. Nj\u00eb rritje shtat\u00ebfish pritet deri n\u00eb vitin 2051, krahasuar me nj\u00eb rritje dyfish t\u00eb popullsis\u00eb s\u00eb bardh\u00eb britanike. Komuniteti i Azis\u00eb Jugore (pakistanez, indian, bangladeshi, srilankez etj.) konsiderohet grupi m\u00eb i madh ME n\u00eb Mbret\u00ebrin\u00eb e Bashkuar, me nj\u00eb gjas\u00eb m\u00eb t\u00eb lart\u00eb p\u00ebr t\u00eb p\u00ebrjetuar pabarazi n\u00eb t\u00eb gjith\u00eb rrug\u00ebn e kujdesit p\u00ebr demenc\u00ebn. Njer\u00ebzit me prejardhje nga Azia Jugore kan\u00eb m\u00eb pak gjasa t\u00eb marrin nj\u00eb diagnoz\u00eb n\u00eb koh\u00eb, ila\u00e7e ose mb\u00ebshtetje t\u00eb p\u00ebrshtatshme. Familjet e Azis\u00eb Jugore kan\u00eb m\u00eb shum\u00eb gjasa t\u00eb marrin nj\u00eb diagnoz\u00eb n\u00eb nj\u00eb faz\u00eb t\u00eb avancuar t\u00eb demenc\u00ebs dhe shpesh vet\u00ebm n\u00eb &#039;pik\u00ebn e kriz\u00ebs&#039;.<\/p>\n<p>Studimi ADAPT (i financuar nga NIHR RfPB, NIHR200736, dhe i organizuar nga NHS Bristol, North Somerset dhe South Gloucestershire ICB), zhvilloi nj\u00eb set mjetesh online me burime t\u00eb bazuara n\u00eb prova p\u00ebr t&#039;u p\u00ebrshtatur n\u00eb m\u00ebnyr\u00eb kulturore dhe p\u00ebr t\u00eb p\u00ebrmir\u00ebsuar rrug\u00ebn e kujdesit p\u00ebr demenc\u00ebn p\u00ebr familjet e Azis\u00eb Jugore. Hapi tjet\u00ebr \u00ebsht\u00eb t\u00eb testohet se si mund t\u00eb zbatohet n\u00eb praktik\u00eb seti i mjeteve, p\u00ebrpara se t\u00eb zbatohet n\u00eb nj\u00eb shkall\u00eb m\u00eb t\u00eb gjer\u00eb. Synimet e k\u00ebtij projekti p\u00ebrputhen drejtp\u00ebrdrejt me prioritetet e ICB pasi projekti do t\u00eb \u00e7oj\u00eb n\u00eb rezultate t\u00eb p\u00ebrmir\u00ebsuara p\u00ebr familjet e Azis\u00eb Jugore, duke trajtuar pabarazit\u00eb n\u00eb p\u00ebrvoj\u00ebn e kujdesit, si dhe aksesin n\u00eb sh\u00ebrbime.<\/p>\n<h2><strong>Cili \u00ebsht\u00eb q\u00ebllimi i hulumtimit?<\/strong><\/h2>\n<p>Q\u00ebllimi i k\u00ebtij projekti k\u00ebrkimor \u00ebsht\u00eb t\u00eb p\u00ebrcaktoj\u00eb fizibilitetin dhe pranueshm\u00ebrin\u00eb e mjetit ADAPT p\u00ebr praktikuesit e demenc\u00ebs, ofruesit e sh\u00ebrbimeve\/komisioner\u00ebt dhe familjet e Azis\u00eb Jugore. Ne do t\u00eb shqyrtojm\u00eb se si sh\u00ebrbime t\u00eb ndryshme (kujdesi par\u00ebsor, sh\u00ebrbimet e vler\u00ebsimit t\u00eb kujtes\u00ebs, organizatat e demenc\u00ebs me baz\u00eb n\u00eb komunitet) planifikojn\u00eb ta aplikojn\u00eb mjetin n\u00eb praktik\u00ebn e tyre. P\u00ebr t\u00eb p\u00ebrcaktuar n\u00ebse mjeti ka qen\u00eb i suksessh\u00ebm n\u00eb p\u00ebrshtatjen kulturore t\u00eb rrug\u00ebs s\u00eb kujdesit p\u00ebr familjet e Azis\u00eb Jugore, ne do t\u00eb shqyrtojm\u00eb se cilat rezultate jan\u00eb t\u00eb r\u00ebnd\u00ebsishme p\u00ebr pal\u00ebt e interesuara. T\u00eb dh\u00ebnat dhe rezultatet nga sh\u00ebrbimet dhe familjet e Azis\u00eb Jugore do t\u00eb na ndihmojn\u00eb t\u00eb zhvillojm\u00eb nj\u00eb projekt m\u00eb t\u00eb madh NIHR HSDR, p\u00ebr t\u00eb zbatuar dhe testuar efektivitetin e mjetit n\u00eb p\u00ebrmir\u00ebsimin e rezultateve p\u00ebr familjet e Azis\u00eb Jugore.<\/p>\n<h2><strong>Si do t\u00eb arrihet kjo?<\/strong><\/h2>\n<p>Nj\u00eb num\u00ebr aktivitetesh n\u00eb t\u00eb gjith\u00eb Bristolin dhe Bradfordin do t\u00eb nd\u00ebrmerren p\u00ebr t\u00eb zhvilluar nj\u00eb aplikacion t\u00eb fort\u00eb NIHR HSDR t\u00eb p\u00ebrqendruar n\u00eb zbatimin dhe vler\u00ebsimin realist t\u00eb mjetit ADAPT. PPI (Paketa e Pun\u00ebs 0): Ky projekt i propozuar mb\u00ebshtetet nga nj\u00eb p\u00ebrfshirje dhe angazhim i fort\u00eb i &#039;ekspert\u00ebve me p\u00ebrvoj\u00eb&#039;. Dy ekspert\u00eb me p\u00ebrvoj\u00eb nga Azia Jugore, t\u00eb cil\u00ebt ndihmuan n\u00eb zhvillimin e mjetit ADAPT, do t\u00eb p\u00ebrfshihen n\u00eb m\u00ebnyr\u00eb aktive n\u00eb t\u00eb gjitha aspektet e projektit aktual, duke p\u00ebrfshir\u00eb projektimin, etik\u00ebn, mbledhjen\/analiz\u00ebn e t\u00eb dh\u00ebnave dhe shp\u00ebrndarjen. Ata gjithashtu do t\u00eb p\u00ebrfshihen n\u00eb m\u00ebnyr\u00eb aktive n\u00eb zhvillimin e ofert\u00ebs s\u00eb ardhshme t\u00eb NIHR. Rishikime t\u00eb shpejta (Paketa e Pun\u00ebs 1): Si pjes\u00eb e studimit origjinal ADAPT, u kryen dy rishikime t\u00eb shpejta p\u00ebr t\u00eb identifikuar mjetet e vler\u00ebsimit t\u00eb kujtes\u00ebs t\u00eb adaptuara nga ana kulturore dhe t\u00eb testuara rigorozisht dhe paketat e mb\u00ebshtetjes pas diagnostikimit. K\u00ebto rishikime do t\u00eb p\u00ebrdit\u00ebsohen n\u00eb projektin aktual dhe do t\u00eb pasqyrohen brenda mjetit. Angazhimi i pal\u00ebve t\u00eb interesuara (Paketa e Pun\u00ebs 2): Nj\u00eb aspekt thelb\u00ebsor i k\u00ebtij projekti do t\u00eb jet\u00eb kryerja e pun\u00ebtorive me familjet e Azis\u00eb Jugore, profesionist\u00ebt e kujdesit sh\u00ebndet\u00ebsor dhe social, ofruesit e sh\u00ebrbimeve\/komisioner\u00ebt dhe organizatat e demenc\u00ebs me baz\u00eb n\u00eb komunitet.<\/p>\n<p>Ne do t\u00eb k\u00ebrkojm\u00eb miratim etik nga Universiteti i Bradfordit dhe do t\u00eb zhvillojm\u00eb tre pun\u00ebtori n\u00eb Bristol dhe tre n\u00eb Bradford me secilin grup pal\u00ebsh t\u00eb interesuara. \u00c7do pun\u00ebtori do t\u00eb p\u00ebrb\u00ebhet nga 5-8 pal\u00eb t\u00eb interesuara. Pun\u00ebtorit\u00eb do t\u00eb p\u00ebrqendrohen n\u00eb p\u00ebrcaktimin e fizibilitetit dhe pranueshm\u00ebris\u00eb s\u00eb mjetit, m\u00ebnyr\u00ebn se si mund t\u00eb zbatohet n\u00eb praktik\u00eb, pengesat dhe leht\u00ebsuesit e zbatimit, si dhe n\u00eb identifikimin e rezultateve kryesore. Gjetjet nga k\u00ebto pun\u00ebtori do t\u00eb mund\u00ebsojn\u00eb zhvillimin e teorive fillestare t\u00eb programit (IPT) q\u00eb do t\u00eb testohen n\u00eb vler\u00ebsimin realist t\u00eb propozuar t\u00eb zbatimit t\u00eb mjetit n\u00eb tre vende n\u00eb projektin m\u00eb t\u00eb madh t\u00eb NIHR (Paketa e Pun\u00ebs 3).<\/p>\n<h2><strong>Kush po e udh\u00ebheq hulumtimin?<\/strong><\/h2>\n<p>Ky hulumtim drejtohet nga <a href=\"https:\/\/www.bradford.ac.uk\/staff\/sparveen27\/\" rel=\"nofollow noreferrer noopener\">Dr. Sahdia Parveen<\/a>, Profesor i Asociuar, Universiteti i Bradfordit.<\/p>\n<h2>Informacion i m\u00ebtejsh\u00ebm<\/h2>\n<p>P\u00ebr m\u00eb shum\u00eb informacion ose p\u00ebr t&#039;u p\u00ebrfshir\u00eb n\u00eb k\u00ebt\u00eb projekt, ju lutemi d\u00ebrgoni email <a href=\"mailto:bnssg.research@nhs.net\" target=\"_blank\" rel=\"nofollow noopener\">bnssg.research@nhs.net<\/a><\/p>\n  <\/div>\r\n  <\/section><\/div><!-- .assembler_text-module.assembler_module.assembler_text-module_1.assembler_module_1..transparent --><\/div><!-- .assembler_module_area.assembler_module_area_1 --><\/div><!-- .assembler_default-group.assembler_module_group.assembler_default-group_1.assembler_module_group_1  -->","protected":false},"excerpt":{"rendered":"<p>Section titled module-1 Implementation and evaluation of the ADAPT toolkit to improve the dementia care pathway for South Asian Families (ADAPTi) Funding: NHS Bristol, North Somerset and South Gloucestershire ICB Research Capability Funding\u00ad\u00ad. What is the problem? It is currently estimated that 50,000 people from minority ethnic (ME) background are living with dementia. A seven-fold [&hellip;]<\/p>\n","protected":false},"author":1,"featured_media":0,"parent":32896,"menu_order":0,"comment_status":"closed","ping_status":"closed","template":"","meta":{"_acf_changed":false,"footnotes":""},"tags":[],"class_list":["post-34653","page","type-page","status-publish","hentry"],"acf":[],"_links":{"self":[{"href":"https:\/\/bnssghealthiertogether.org.uk\/sq\/wp-json\/wp\/v2\/pages\/34653","targetHints":{"allow":["GET"]}}],"collection":[{"href":"https:\/\/bnssghealthiertogether.org.uk\/sq\/wp-json\/wp\/v2\/pages"}],"about":[{"href":"https:\/\/bnssghealthiertogether.org.uk\/sq\/wp-json\/wp\/v2\/types\/page"}],"author":[{"embeddable":true,"href":"https:\/\/bnssghealthiertogether.org.uk\/sq\/wp-json\/wp\/v2\/users\/1"}],"replies":[{"embeddable":true,"href":"https:\/\/bnssghealthiertogether.org.uk\/sq\/wp-json\/wp\/v2\/comments?post=34653"}],"version-history":[{"count":2,"href":"https:\/\/bnssghealthiertogether.org.uk\/sq\/wp-json\/wp\/v2\/pages\/34653\/revisions"}],"predecessor-version":[{"id":34655,"href":"https:\/\/bnssghealthiertogether.org.uk\/sq\/wp-json\/wp\/v2\/pages\/34653\/revisions\/34655"}],"up":[{"embeddable":true,"href":"https:\/\/bnssghealthiertogether.org.uk\/sq\/wp-json\/wp\/v2\/pages\/32896"}],"wp:attachment":[{"href":"https:\/\/bnssghealthiertogether.org.uk\/sq\/wp-json\/wp\/v2\/media?parent=34653"}],"wp:term":[{"taxonomy":"post_tag","embeddable":true,"href":"https:\/\/bnssghealthiertogether.org.uk\/sq\/wp-json\/wp\/v2\/tags?post=34653"}],"curies":[{"name":"wp","href":"https:\/\/api.w.org\/{rel}","templated":true}]}}