{"id":34665,"date":"2024-11-26T17:08:14","date_gmt":"2024-11-26T17:08:14","guid":{"rendered":"https:\/\/bnssghealthiertogether.org.uk\/?page_id=34665"},"modified":"2024-11-26T17:08:14","modified_gmt":"2024-11-26T17:08:14","slug":"is-it-feasible-to-carry-out-a-large-scale-study-to-test-the-effectiveness-and-cost-effectiveness-of-expansion-of-the-hpv-vaccination-programme-to-community-pharmacies-to-improve-uptake-and-address-ine","status":"publish","type":"page","link":"https:\/\/bnssghealthiertogether.org.uk\/sq\/integrated-care-board\/research-and-evidence\/our-research-portfolio\/type-2-rcf-funded-projects\/is-it-feasible-to-carry-out-a-large-scale-study-to-test-the-effectiveness-and-cost-effectiveness-of-expansion-of-the-hpv-vaccination-programme-to-community-pharmacies-to-improve-uptake-and-address-ine\/","title":{"rendered":"A \u00ebsht\u00eb e mundur t\u00eb kryhet nj\u00eb studim n\u00eb shkall\u00eb t\u00eb gjer\u00eb p\u00ebr t\u00eb testuar efektivitetin dhe kosto-efektivitetin e zgjerimit t\u00eb programit t\u00eb vaksinimit kund\u00ebr HPV n\u00eb farmacit\u00eb e komunitetit p\u00ebr t\u00eb p\u00ebrmir\u00ebsuar p\u00ebrfshirjen dhe p\u00ebr t\u00eb adresuar pabarazit\u00eb?"},"content":{"rendered":"<div class=\"assembler_default-group assembler_module_group assembler_default-group_1 assembler_module_group_1\"><div class=\"assembler_module_area assembler_module_area_1\"><div class=\"assembler_text-module assembler_module assembler_text-module_1 assembler_module_1  transparent\"><a tabindex=\"-1\" title=\"Seksioni me titull module-1\" id=\"module-1\" href=\"https:\/\/bnssghealthiertogether.org.uk\/sq\/wp-json\/wp\/v2\/pages\/34665\/#module-1\" class=\"anchor\"><span class=\"hidden\">Seksioni me titull module-1<\/span><\/a><!-- Template found for text-module - Template: template-text - Matched: _only --><section class=\"w-full mx-auto max-w-content pt-12 sm:pt-24 pb-12 sm:pb-24\">\r\n  <div class=\"entry-content w-full !px-0 max-w-small\">\r\n        <h1>A \u00ebsht\u00eb e mundur t\u00eb kryhet nj\u00eb studim n\u00eb shkall\u00eb t\u00eb gjer\u00eb p\u00ebr t\u00eb testuar efektivitetin dhe kosto-efektivitetin e zgjerimit t\u00eb programit t\u00eb vaksinimit kund\u00ebr HPV n\u00eb farmacit\u00eb e komunitetit p\u00ebr t\u00eb p\u00ebrmir\u00ebsuar p\u00ebrfshirjen dhe p\u00ebr t\u00eb adresuar pabarazit\u00eb?<\/h1>\n<h2>Financimi<\/h2>\n<p>Financimi i Aft\u00ebsive K\u00ebrkimore t\u00eb BNSSG ICB.<\/p>\n<h2>Cila \u00ebsht\u00eb pyetja k\u00ebrkimore?<\/h2>\n<p>A \u00ebsht\u00eb e mundur t\u00eb kryhet nj\u00eb studim n\u00eb shkall\u00eb t\u00eb gjer\u00eb p\u00ebr t\u00eb testuar efektivitetin dhe kosto-efektivitetin e zgjerimit t\u00eb programit t\u00eb vaksinimit kund\u00ebr HPV n\u00eb farmacit\u00eb e komunitetit p\u00ebr t\u00eb p\u00ebrmir\u00ebsuar p\u00ebrfshirjen dhe p\u00ebr t\u00eb adresuar pabarazit\u00eb?<\/p>\n<h2>Cili \u00ebsht\u00eb problemi?<\/h2>\n<p>Programi anglez i vaksinimit kund\u00ebr HPV ofrohet p\u00ebrmes nj\u00eb modeli kryesisht t\u00eb bazuar n\u00eb shkolla. Megjithat\u00eb, t\u00eb rinjt\u00eb q\u00eb nuk e marrin vaksin\u00ebn n\u00eb nj\u00eb seanc\u00eb t\u00eb planifikuar n\u00eb shkoll\u00eb p\u00ebrballen me pengesa t\u00eb konsiderueshme n\u00eb akses.<\/p>\n<p>Farmacit\u00eb komunitare po premtojn\u00eb ambiente alternative p\u00ebr shkak t\u00eb shtrirjes s\u00eb popullsis\u00eb, komoditetit dhe infrastruktur\u00ebs ekzistuese p\u00ebr ofrimin e vaksin\u00ebs. Ka disa prova q\u00eb mb\u00ebshtesin se ofrimi i programit t\u00eb vaksinimit kund\u00ebr gripit sezonal n\u00eb farmacit\u00eb komunitare mund t\u00eb p\u00ebrmir\u00ebsoj\u00eb p\u00ebrvet\u00ebsimin dhe t\u00eb ofrohet me nj\u00eb kosto m\u00eb t\u00eb ul\u00ebt sesa n\u00eb mjediset e praktik\u00ebs s\u00eb p\u00ebrgjithshme. Megjithat\u00eb, nuk jan\u00eb kryer studime q\u00eb kan\u00eb testuar ofrimin e programit t\u00eb vaksinimit kund\u00ebr HPV brenda farmacive komunitare angleze.<\/p>\n<h2>Cili \u00ebsht\u00eb q\u00ebllimi i hulumtimit?<\/h2>\n<p>P\u00ebr t\u00eb zbuluar n\u00ebse do t\u00eb ishte e mundur t\u00eb nd\u00ebrmerrej nj\u00eb studim shkencor n\u00eb shkall\u00eb t\u00eb gjer\u00eb p\u00ebr t\u00eb testuar n\u00ebse zgjerimi i programit t\u00eb vaksinimit kund\u00ebr HPV-s\u00eb n\u00eb farmacit\u00eb e komunitetit mund t\u00eb ndihmoj\u00eb n\u00eb p\u00ebrmir\u00ebsimin e p\u00ebrfshirjes dhe adresimin e pabarazive.<\/p>\n<h2>Si do t\u00eb arrihet kjo?<\/h2>\n<p>Hulumtimi ka dy faza.<\/p>\n<p>Faza e Par\u00eb: Studim eksplorues<\/p>\n<p>Do t\u00eb zhvillohen intervista me pal\u00ebt e interesuara kryesore (p.sh., komisioner\u00eb, farmacist\u00eb, ofrues t\u00eb vaksinave) p\u00ebr t\u00eb zbuluar se \u00e7far\u00eb mendojn\u00eb ata se mund ta ndaloj\u00eb dhe ta ndihmoj\u00eb programin e vaksinimit kund\u00ebr HPV-s\u00eb q\u00eb ofrohet n\u00eb farmacit\u00eb e komunitetit n\u00eb zonat ku frekuenca e vaksinimit \u00ebsht\u00eb m\u00eb e ul\u00ebt. Gjetjet nga studimi eksplorues do t\u00eb p\u00ebrdoren p\u00ebr t\u00eb finalizuar planin p\u00ebr faz\u00ebn tjet\u00ebr t\u00eb studimit.<\/p>\n<p>Faza e Dyt\u00eb: Studimi i Fizibilitetit<\/p>\n<p>Do t\u00eb organizohen pun\u00ebtori me t\u00eb rinj dhe prind\u00ebr q\u00eb i p\u00ebrkasin grupeve tona t\u00eb synuara t\u00eb popullsis\u00eb p\u00ebr t\u00eb hartuar s\u00eb bashku nj\u00eb burim p\u00ebr t\u00eb ndihmuar farmacist\u00ebt t\u00eb promovojn\u00eb programin e vaksinimit kund\u00ebr HPV-s\u00eb. Burimi do t\u00eb p\u00ebrfshij\u00eb materiale komunikimi (p.sh. filma) t\u00eb zhvilluara nga ekipi i k\u00ebrkimit n\u00eb studime t\u00eb m\u00ebparshme dhe materiale t\u00eb disponueshme publikisht (p.sh. flet\u00ebpalosje informative t\u00eb p\u00ebrkthyera).<\/p>\n<p>Programi i vaksinimit kund\u00ebr HPV-s\u00eb do t\u00eb testohet n\u00eb gjasht\u00eb farmaci komunitare n\u00eb zonat e Bristolit, North Somerset, South Gloucestershire q\u00eb kan\u00eb nj\u00eb shkall\u00eb m\u00eb t\u00eb ul\u00ebt t\u00eb vaksinimit. Farmacist\u00ebve do t&#039;u ofrohet trajnim rreth vaksin\u00ebs kund\u00ebr HPV-s\u00eb, procedurave t\u00eb k\u00ebrkimit dhe burimeve t\u00eb bashk\u00eb-dizajnuara.<\/p>\n<p>Intervistat me stafin e farmacis\u00eb, t\u00eb rinjt\u00eb (t\u00eb vaksinuar dhe t\u00eb pavaksinuar) dhe prind\u00ebrit do t\u00eb ndihmojn\u00eb n\u00eb p\u00ebrcaktimin se cilat pjes\u00eb t\u00eb programit t\u00eb vaksinimit kund\u00ebr HPV funksionojn\u00eb mir\u00eb, cilat pjes\u00eb nuk funksionojn\u00eb mir\u00eb dhe pse. Pjes\u00ebmarr\u00ebsve do t&#039;u k\u00ebrkohet gjithashtu t\u00eb zbulojn\u00eb se \u00e7far\u00eb mendojn\u00eb p\u00ebr metodat e propozuara t\u00eb k\u00ebrkimit. Do t\u00eb vler\u00ebsohen gjithashtu kostot financiare dhe p\u00ebrfitimet e ofrimit t\u00eb vaksin\u00ebs kund\u00ebr HPV n\u00eb farmacit\u00eb e komunitetit.<\/p>\n<p>Gjetjet do t\u00eb p\u00ebrdoren p\u00ebr t\u00eb informuar nj\u00eb propozim k\u00ebrkimor p\u00ebr \u00e7do studim t\u00eb ardhsh\u00ebm mbi efektivitetin.<\/p>\n<h2>Kush po e udh\u00ebheq hulumtimin?<\/h2>\n<p>Dr. Harriet Fisher, Bashk\u00ebpun\u00ebtore K\u00ebrkimore, Shkencat e Sh\u00ebndetit t\u00eb Popullsis\u00eb, Shkolla Mjek\u00ebsore e Bristolit.<\/p>\n<h2>Informacione t\u00eb m\u00ebtejshme:<\/h2>\n<p>P\u00ebr m\u00eb shum\u00eb informacion ose p\u00ebr t&#039;u p\u00ebrfshir\u00eb n\u00eb k\u00ebt\u00eb projekt, ju lutemi kontaktoni bnssg.research@nhs.net.<\/p>\n  <\/div>\r\n  <\/section><\/div><!-- .assembler_text-module.assembler_module.assembler_text-module_1.assembler_module_1..transparent --><\/div><!-- .assembler_module_area.assembler_module_area_1 --><\/div><!-- .assembler_default-group.assembler_module_group.assembler_default-group_1.assembler_module_group_1  -->","protected":false},"excerpt":{"rendered":"<p>Section titled module-1 Is it feasible to carry out a large-scale study to test the effectiveness and cost-effectiveness of expansion of the HPV vaccination programme to community pharmacies to improve uptake and address inequalities? Funding BNSSG ICB Research Capability Funding. What is the research question? Is it feasible to carry out a large-scale study to [&hellip;]<\/p>\n","protected":false},"author":1,"featured_media":0,"parent":32896,"menu_order":0,"comment_status":"closed","ping_status":"closed","template":"","meta":{"_acf_changed":false,"footnotes":""},"tags":[],"class_list":["post-34665","page","type-page","status-publish","hentry"],"acf":[],"_links":{"self":[{"href":"https:\/\/bnssghealthiertogether.org.uk\/sq\/wp-json\/wp\/v2\/pages\/34665","targetHints":{"allow":["GET"]}}],"collection":[{"href":"https:\/\/bnssghealthiertogether.org.uk\/sq\/wp-json\/wp\/v2\/pages"}],"about":[{"href":"https:\/\/bnssghealthiertogether.org.uk\/sq\/wp-json\/wp\/v2\/types\/page"}],"author":[{"embeddable":true,"href":"https:\/\/bnssghealthiertogether.org.uk\/sq\/wp-json\/wp\/v2\/users\/1"}],"replies":[{"embeddable":true,"href":"https:\/\/bnssghealthiertogether.org.uk\/sq\/wp-json\/wp\/v2\/comments?post=34665"}],"version-history":[{"count":2,"href":"https:\/\/bnssghealthiertogether.org.uk\/sq\/wp-json\/wp\/v2\/pages\/34665\/revisions"}],"predecessor-version":[{"id":34667,"href":"https:\/\/bnssghealthiertogether.org.uk\/sq\/wp-json\/wp\/v2\/pages\/34665\/revisions\/34667"}],"up":[{"embeddable":true,"href":"https:\/\/bnssghealthiertogether.org.uk\/sq\/wp-json\/wp\/v2\/pages\/32896"}],"wp:attachment":[{"href":"https:\/\/bnssghealthiertogether.org.uk\/sq\/wp-json\/wp\/v2\/media?parent=34665"}],"wp:term":[{"taxonomy":"post_tag","embeddable":true,"href":"https:\/\/bnssghealthiertogether.org.uk\/sq\/wp-json\/wp\/v2\/tags?post=34665"}],"curies":[{"name":"wp","href":"https:\/\/api.w.org\/{rel}","templated":true}]}}