{"id":34668,"date":"2024-11-26T17:08:38","date_gmt":"2024-11-26T17:08:38","guid":{"rendered":"https:\/\/bnssghealthiertogether.org.uk\/?page_id=34668"},"modified":"2024-11-26T17:08:38","modified_gmt":"2024-11-26T17:08:38","slug":"is-romi-a-conversational-artificial-intelligence-an-effective-way-to-deliver-support-and-structured-education-to-people-with-type-2-diabetes-who-do-not-engage-with-usual-care-services","status":"publish","type":"page","link":"https:\/\/bnssghealthiertogether.org.uk\/sq\/integrated-care-board\/research-and-evidence\/our-research-portfolio\/type-2-rcf-funded-projects\/is-romi-a-conversational-artificial-intelligence-an-effective-way-to-deliver-support-and-structured-education-to-people-with-type-2-diabetes-who-do-not-engage-with-usual-care-services\/","title":{"rendered":"A \u00ebsht\u00eb ROMI, nj\u00eb inteligjenc\u00eb artificiale bisedore, nj\u00eb m\u00ebnyr\u00eb efektive p\u00ebr t\u00eb ofruar mb\u00ebshtetje dhe edukim t\u00eb strukturuar p\u00ebr njer\u00ebzit me diabet t\u00eb tipit 2 q\u00eb nuk angazhohen n\u00eb sh\u00ebrbimet e zakonshme t\u00eb kujdesit?"},"content":{"rendered":"<div class=\"assembler_default-group assembler_module_group assembler_default-group_1 assembler_module_group_1\"><div class=\"assembler_module_area assembler_module_area_1\"><div class=\"assembler_text-module assembler_module assembler_text-module_1 assembler_module_1  transparent\"><a tabindex=\"-1\" title=\"Seksioni me titull module-1\" id=\"module-1\" href=\"https:\/\/bnssghealthiertogether.org.uk\/sq\/wp-json\/wp\/v2\/pages\/34668\/#module-1\" class=\"anchor\"><span class=\"hidden\">Seksioni me titull module-1<\/span><\/a><!-- Template found for text-module - Template: template-text - Matched: _only --><section class=\"w-full mx-auto max-w-content pt-12 sm:pt-24 pb-12 sm:pb-24\">\r\n  <div class=\"entry-content w-full !px-0 max-w-small\">\r\n        <header class=\"local_header\">\n<div class=\"local_header__inner\">\n<h1 class=\"local_header__title\">A \u00ebsht\u00eb ROMI, nj\u00eb inteligjenc\u00eb artificiale bisedore, nj\u00eb m\u00ebnyr\u00eb efektive p\u00ebr t\u00eb ofruar mb\u00ebshtetje dhe edukim t\u00eb strukturuar p\u00ebr njer\u00ebzit me diabet t\u00eb tipit 2 q\u00eb nuk angazhohen n\u00eb sh\u00ebrbimet e zakonshme t\u00eb kujdesit?<\/h1>\n<\/div>\n<\/header>\n<article class=\"page_content\"><\/article>\n<h2>Cila \u00ebsht\u00eb pyetja k\u00ebrkimore?<\/h2>\n<p>A mundet q\u00eb an\u00ebtar\u00ebt e ekipit t\u00eb diabetit me inteligjenc\u00eb artificiale virtuale (IA) t\u00eb p\u00ebrmir\u00ebsojn\u00eb rezultatet e pacient\u00ebve dhe shtrirjen dhe efikasitetin e ekipit t\u00eb diabetit t\u00eb NHS?<\/p>\n<h2>Cili \u00ebsht\u00eb problemi?<\/h2>\n<p>Auditimi Komb\u00ebtar Dixhital i Diabetit i NHS-s\u00eb n\u00eb vitin 2018 raporton se rreth 3.9 milion\u00eb njer\u00ebz n\u00eb Mbret\u00ebrin\u00eb e Bashkuar jan\u00eb t\u00eb prekur nga Diabeti i Tipit 2 (T2D), duke ndikuar shpesh negativisht n\u00eb cil\u00ebsin\u00eb e jet\u00ebs individuale. Gjasht\u00eb n\u00eb \u00e7do dhjet\u00eb persona me T2D nuk po i p\u00ebrmbushin objektivat e rekomanduara t\u00eb trajtimit q\u00eb do t\u00eb ulin rrezikun e nd\u00ebrlikimeve. Dy nga ekipi yn\u00eb i studimit, t\u00eb cil\u00ebt drejtojn\u00eb ekipet e diabetit t\u00eb NHS-s\u00eb, e din\u00eb k\u00ebt\u00eb nga p\u00ebrpjekjet e tyre t\u00eb p\u00ebrditshme p\u00ebr t\u00eb p\u00ebrmbushur nevojat e pacient\u00ebve.<\/p>\n<h2>Cili \u00ebsht\u00eb q\u00ebllimi i hulumtimit?<\/h2>\n<p>Q\u00ebllimi yn\u00eb \u00ebsht\u00eb t\u00eb nd\u00ebrtojm\u00eb nj\u00eb an\u00ebtar t\u00eb ekipit virtual funksional t\u00eb inteligjenc\u00ebs artificiale (IA) p\u00ebr diabetin, t\u00eb quajtur ROMI (Instrumenti Motivues Online Relacional), si p\u00ebr t\u00eb treguar se mund t\u00eb pranohet nga pacient\u00ebt dhe stafi, ashtu edhe p\u00ebr t\u00eb treguar se funksionon n\u00eb promovimin e vet\u00ebmenaxhimit. Njer\u00ebzit me T2D do t\u00eb komunikojn\u00eb me ROMI n\u00ebp\u00ebrmjet nj\u00eb telefoni\/tableti\/PC-je, si me Siri, por ROMI ka edhe nj\u00eb avatar t\u00eb animuar n\u00eb ekran. P\u00ebrmes bised\u00ebs, ROMI ofron informacion dhe vepron si nj\u00eb mentor q\u00eb promovon ndryshime pozitive n\u00eb stilin e jet\u00ebs. Me kalimin e koh\u00ebs, ROMI m\u00ebson se \u00e7far\u00eb e ndihmon dhe \u00e7far\u00eb e pengon pacientin, me q\u00ebllim p\u00ebrmir\u00ebsimin e vet\u00ebmenaxhimit t\u00eb tyre. Ne do t\u00eb rekrutojm\u00eb njer\u00ebz me T2D nga nj\u00eb gam\u00eb e gjer\u00eb komunitetesh p\u00ebr t\u00eb p\u00ebrdorur ROMI-n. Do t&#039;i pyesim ata n\u00ebse mendojn\u00eb se nj\u00eb sistem i till\u00eb do t\u00eb p\u00ebrmir\u00ebsonte vet\u00ebmenaxhimin e tyre t\u00eb T2D. N\u00ebse po, at\u00ebher\u00eb ROMI do t\u00eb p\u00ebrmir\u00ebsoj\u00eb rezultatet dhe do t&#039;u ofroj\u00eb ekipeve t\u00eb NHS-s\u00eb informacion t\u00eb vlefsh\u00ebm p\u00ebr pacient\u00ebt n\u00eb m\u00ebnyr\u00eb q\u00eb ata t\u00eb mund t\u00eb p\u00ebrmir\u00ebsojn\u00eb kujdesin. Ne gjithashtu duam t\u00eb shohim n\u00ebse ROMI mund t\u00eb arrij\u00eb pacient\u00ebt q\u00eb aktualisht nuk p\u00ebrdorin sh\u00ebrbimet e NHS-s\u00eb.<\/p>\n<h2>Si do t\u00eb arrihet kjo?<\/h2>\n<p>Pas pun\u00ebs s\u00eb PPI-s\u00eb q\u00eb shqyrton pranueshm\u00ebrin\u00eb, ROMI do t\u00eb zhvillohet dhe testohet nga 40 pacient\u00eb me T2D, t\u00eb rekrutuar n\u00ebp\u00ebrmjet grupeve t\u00eb komunitetit. M\u00eb pas do t\u00eb p\u00ebrpunohet dhe testohet nga 30 pacient\u00eb t\u00eb tjer\u00eb. T\u00eb dh\u00ebnat e p\u00ebrdorimit t\u00eb mbledhura do t\u00eb analizohen s\u00eb bashku me mendimet e p\u00ebrdoruesve dhe profesionist\u00ebve t\u00eb kujdesit sh\u00ebndet\u00ebsor n\u00eb lidhje me funksionin dhe pranueshm\u00ebrin\u00eb e ROMI-t.<\/p>\n<h2>Kush po e udh\u00ebheq hulumtimin?<\/h2>\n<p>Rik Lander, Lektor i Lart\u00eb, Fakulteti i Arteve, Industrive Kreative dhe Edukimit, Universiteti i Anglis\u00eb Per\u00ebndimore.<\/p>\n<h2>Informacione t\u00eb m\u00ebtejshme:<\/h2>\n<p><a href=\"https:\/\/people.uwe.ac.uk\/Person\/RikLander\" target=\"_blank\" rel=\"nofollow noopener\">Rreth Rik Lander<\/a><\/p>\n<p>P\u00ebr m\u00eb shum\u00eb informacion ose p\u00ebr t&#039;u p\u00ebrfshir\u00eb n\u00eb k\u00ebt\u00eb projekt, ju lutemi t\u00eb kontaktoni <a href=\"mailto:bnssg.research@nhs.net\" target=\"_blank\" rel=\"noopener\">bnssg.research@nhs.net<\/a>.<\/p>\n  <\/div>\r\n  <\/section><\/div><!-- .assembler_text-module.assembler_module.assembler_text-module_1.assembler_module_1..transparent --><\/div><!-- .assembler_module_area.assembler_module_area_1 --><\/div><!-- .assembler_default-group.assembler_module_group.assembler_default-group_1.assembler_module_group_1  -->","protected":false},"excerpt":{"rendered":"<p>Section titled module-1 Is ROMI, a conversational artificial intelligence, an effective way to deliver support and structured education to people with type 2 diabetes who do not engage with usual care services? What is the research question? Can virtual artificial intelligence (AI) diabetes team member improve patient outcomes and NHS diabetes team reach and efficacy? [&hellip;]<\/p>\n","protected":false},"author":1,"featured_media":0,"parent":32896,"menu_order":0,"comment_status":"closed","ping_status":"closed","template":"","meta":{"_acf_changed":false,"footnotes":""},"tags":[],"class_list":["post-34668","page","type-page","status-publish","hentry"],"acf":[],"_links":{"self":[{"href":"https:\/\/bnssghealthiertogether.org.uk\/sq\/wp-json\/wp\/v2\/pages\/34668","targetHints":{"allow":["GET"]}}],"collection":[{"href":"https:\/\/bnssghealthiertogether.org.uk\/sq\/wp-json\/wp\/v2\/pages"}],"about":[{"href":"https:\/\/bnssghealthiertogether.org.uk\/sq\/wp-json\/wp\/v2\/types\/page"}],"author":[{"embeddable":true,"href":"https:\/\/bnssghealthiertogether.org.uk\/sq\/wp-json\/wp\/v2\/users\/1"}],"replies":[{"embeddable":true,"href":"https:\/\/bnssghealthiertogether.org.uk\/sq\/wp-json\/wp\/v2\/comments?post=34668"}],"version-history":[{"count":2,"href":"https:\/\/bnssghealthiertogether.org.uk\/sq\/wp-json\/wp\/v2\/pages\/34668\/revisions"}],"predecessor-version":[{"id":34670,"href":"https:\/\/bnssghealthiertogether.org.uk\/sq\/wp-json\/wp\/v2\/pages\/34668\/revisions\/34670"}],"up":[{"embeddable":true,"href":"https:\/\/bnssghealthiertogether.org.uk\/sq\/wp-json\/wp\/v2\/pages\/32896"}],"wp:attachment":[{"href":"https:\/\/bnssghealthiertogether.org.uk\/sq\/wp-json\/wp\/v2\/media?parent=34668"}],"wp:term":[{"taxonomy":"post_tag","embeddable":true,"href":"https:\/\/bnssghealthiertogether.org.uk\/sq\/wp-json\/wp\/v2\/tags?post=34668"}],"curies":[{"name":"wp","href":"https:\/\/api.w.org\/{rel}","templated":true}]}}