{"id":34676,"date":"2024-11-26T17:09:47","date_gmt":"2024-11-26T17:09:47","guid":{"rendered":"https:\/\/bnssghealthiertogether.org.uk\/?page_id=34676"},"modified":"2024-11-26T17:09:47","modified_gmt":"2024-11-26T17:09:47","slug":"paramedic-active-lives-promotion-for-older-people-parade","status":"publish","type":"page","link":"https:\/\/bnssghealthiertogether.org.uk\/sq\/integrated-care-board\/research-and-evidence\/our-research-portfolio\/type-2-rcf-funded-projects\/paramedic-active-lives-promotion-for-older-people-parade\/","title":{"rendered":"Promovimi i Jet\u00ebs Aktive t\u00eb Paramedik\u00ebve p\u00ebr t\u00eb Moshuarit (ParAde)"},"content":{"rendered":"<div class=\"assembler_default-group assembler_module_group assembler_default-group_1 assembler_module_group_1\"><div class=\"assembler_module_area assembler_module_area_1\"><div class=\"assembler_text-module assembler_module assembler_text-module_1 assembler_module_1  transparent\"><a tabindex=\"-1\" title=\"Seksioni me titull module-1\" id=\"module-1\" href=\"https:\/\/bnssghealthiertogether.org.uk\/sq\/wp-json\/wp\/v2\/pages\/34676\/#module-1\" class=\"anchor\"><span class=\"hidden\">Seksioni me titull module-1<\/span><\/a><!-- Template found for text-module - Template: template-text - Matched: _only --><section class=\"w-full mx-auto max-w-content pt-12 sm:pt-24 pb-12 sm:pb-24\">\r\n  <div class=\"entry-content w-full !px-0 max-w-small\">\r\n        <h1>Promovimi i Jet\u00ebs Aktive t\u00eb Paramedik\u00ebve p\u00ebr t\u00eb Moshuarit (ParAde)<\/h1>\n<h2><strong>Financimi:<\/strong><\/h2>\n<p>Financimi i Aft\u00ebsive K\u00ebrkimore ICB t\u00eb NHS Bristol, North Somerset dhe South Gloucestershire.<\/p>\n<h2><strong>Cili \u00ebsht\u00eb problemi?<\/strong><\/h2>\n<p>Popullsia e Mbret\u00ebris\u00eb s\u00eb Bashkuar po rritet dhe po plaket me 5.8 milion\u00eb njer\u00ebz t\u00eb mosh\u00ebs 75+ n\u00eb vitin 2020. R\u00ebniet i kushtojn\u00eb NHS-s\u00eb 2.3 miliard\u00eb paund \u00e7do vit dhe jan\u00eb shkaku m\u00eb i zakonsh\u00ebm i l\u00ebndimeve dhe shtrimeve n\u00eb spital p\u00ebr t\u00eb moshuarit. T\u00eb moshuarit jan\u00eb n\u00eb rrezik t\u00eb ve\u00e7ant\u00eb p\u00ebr d\u00ebmtime nga q\u00ebndrimi n\u00eb spital p\u00ebr shkak t\u00eb nj\u00eb reduktimi t\u00eb shoq\u00ebruar n\u00eb aft\u00ebsin\u00eb p\u00ebr t\u00eb kryer aktivitete normale t\u00eb p\u00ebrditshme t\u00eb jetes\u00ebs, t\u00eb cilat mund t\u00eb \u00e7ojn\u00eb n\u00eb humbjen e pavar\u00ebsis\u00eb. Prandaj, parandalimi i rr\u00ebzimeve \u00ebsht\u00eb thelb\u00ebsor p\u00ebr t\u00eb parandaluar l\u00ebndimet dhe vdekjet, p\u00ebr t\u00eb zvog\u00ebluar nevoj\u00ebn p\u00ebr t\u00eb shkuar n\u00eb spital dhe p\u00ebr t\u00eb zvog\u00ebluar koh\u00ebn e kaluar n\u00eb spital, gj\u00eb q\u00eb \u00ebsht\u00eb e r\u00ebnd\u00ebsishme p\u00ebr t\u00eb moshuarit dhe \u00ebsht\u00eb nj\u00eb p\u00ebrpar\u00ebsi e NHS-s\u00eb.<\/p>\n<p>Aktiviteti fizik p\u00ebrmir\u00ebson sh\u00ebndetin, zvog\u00eblon rrezikun e rr\u00ebzimit, i ndihmon njer\u00ebzit t\u00eb ruajn\u00eb pavar\u00ebsin\u00eb e tyre dhe ka p\u00ebrfitime pozitive p\u00ebr sh\u00ebndetin mendor, si dhe p\u00ebr mir\u00ebqenien sociale dhe emocionale. Ushtrimet gjithashtu ruajn\u00eb forc\u00ebn e muskujve dhe rrisin dend\u00ebsin\u00eb e kockave, q\u00eb do t\u00eb thot\u00eb se frakturat jan\u00eb shum\u00eb m\u00eb pak t\u00eb mundshme n\u00ebse ndodh nj\u00eb r\u00ebnie. Megjithat\u00eb, ne e dim\u00eb nga raporti vjetor i Zyrtar\u00ebve Kryesor\u00eb Mjek\u00ebsor\u00eb p\u00ebr vitin 2023 se vet\u00ebm 6% e burrave dhe 4% e grave p\u00ebrmbushin udh\u00ebzimet e aktivitetit fizik (edhe m\u00eb pak tek t\u00eb moshuarit). Raporti gjithashtu rekomandon nj\u00eb p\u00ebrpjekje shum\u00eb m\u00eb t\u00eb madhe k\u00ebrkimore p\u00ebr t\u00eb moshuarit nga t\u00eb gjitha profesionet.<\/p>\n<p>Puna fillestare me pacient\u00ebt dhe publikun (PPI) zbuloi se pacient\u00ebt e gjejn\u00eb informacionin si broshura &#039;Go up and Go&#039; shum\u00eb t\u00eb dobish\u00ebm dhe atyre u p\u00eblqente t\u00eb mb\u00ebshteteshin p\u00ebr t\u00eb qen\u00eb proaktiv\u00eb n\u00eb lidhje me rrezikun e tyre t\u00eb rr\u00ebzimit n\u00eb vend q\u00eb ta konsideronin at\u00eb nj\u00eb pjes\u00eb t\u00eb pashmangshme t\u00eb plakjes. Broshura p\u00ebrmban disa ushtrime t\u00eb thjeshta q\u00eb njer\u00ebzit mund t\u00eb b\u00ebjn\u00eb n\u00eb sht\u00ebpi p\u00ebr t\u00eb ndihmuar n\u00eb uljen e rrezikut t\u00eb rr\u00ebzimit, si dhe informacion n\u00eb lidhje me faktor\u00eb t\u00eb tjer\u00eb rreziku q\u00eb duhen marr\u00eb n\u00eb konsiderat\u00eb, si\u00e7 \u00ebsht\u00eb marrja e shum\u00eb ila\u00e7eve ose shikimi i dob\u00ebt. Megjithat\u00eb, zbuluam se njer\u00ebzit nuk dinin p\u00ebr k\u00ebto burime. Ky projekt do t\u00eb vler\u00ebsoj\u00eb potencialin p\u00ebr rritjen e shtrirjes s\u00eb k\u00ebtyre burimeve duke p\u00ebrdorur kontaktet unike t\u00eb pacient\u00ebve t\u00eb paramedik\u00ebve dhe do t\u00eb synoj\u00eb disa nga prioritetet e BNSSG, duke p\u00ebrfshir\u00eb mb\u00ebshtetjen e njer\u00ebzve p\u00ebr t&#039;u plakur mir\u00eb dhe mb\u00ebshtetjen e sjelljeve t\u00eb sh\u00ebndetshme.<\/p>\n<h2>Cili \u00ebsht\u00eb q\u00ebllimi i hulumtimit?<\/h2>\n<p>Ky projekt do t\u00eb vler\u00ebsoj\u00eb mund\u00ebsin\u00eb e ndihm\u00ebsmjek\u00ebve p\u00ebr t\u00eb identifikuar pacient\u00ebt e moshuar n\u00eb rrezik rr\u00ebzimi dhe p\u00ebr t\u00eb &#039;b\u00ebr\u00eb \u00e7do kontakt t\u00eb r\u00ebnd\u00ebsish\u00ebm&#039; duke promovuar informacionin dhe\/ose iniciativat ekzistuese n\u00eb dispozicion t\u00eb pacient\u00ebve se si ata mund ta zvog\u00eblojn\u00eb k\u00ebt\u00eb rrezik.<\/p>\n<p>Ky projekt synon t&#039;i fuqizoj\u00eb t\u00eb moshuarit q\u00eb t\u00eb angazhohen n\u00eb sjellje t\u00eb sh\u00ebndetshme t\u00eb cilat mund t\u00eb zvog\u00eblojn\u00eb rrezikun e rr\u00ebzimeve, duke parandaluar k\u00ebshtu l\u00ebndimet, duke zvog\u00ebluar numrin e pacient\u00ebve q\u00eb duhet t\u00eb shkojn\u00eb n\u00eb spital, duke zvog\u00ebluar koh\u00ebn q\u00eb pacient\u00ebt kalojn\u00eb n\u00eb spital (dhe kostot e kujdesit sh\u00ebndet\u00ebsor q\u00eb lidhen me t\u00eb) dhe duke p\u00ebrmir\u00ebsuar rezultatet q\u00eb jan\u00eb t\u00eb r\u00ebnd\u00ebsishme p\u00ebr pacient\u00ebt.<\/p>\n<h2>Si do t\u00eb arrihet kjo?<\/h2>\n<p>P\u00ebr t\u00eb siguruar bashk\u00ebprodhimin e nj\u00eb oferte t\u00eb fort\u00eb p\u00ebr NIHR RfPB, propozohet puna p\u00ebrgatitore e m\u00ebposhtme:<\/p>\n<ol>\n<li><strong> Zhvillimi i partner\u00ebve dhe nd\u00ebrtimi i ekipit.<\/strong><\/li>\n<\/ol>\n<p>Ekipi i projektit do t\u00eb vazhdoj\u00eb t\u00eb forcohet me q\u00ebllim sigurimin e ekspertiz\u00ebs s\u00eb duhur dhe krijimin e mb\u00ebshtetjes. Kjo do t\u00eb rris\u00eb ndikimin dometh\u00ebn\u00ebs t\u00eb hulumtimit dhe do t\u00eb ndihmoj\u00eb n\u00eb ndarjen e njohurive dhe gjenerimin e ndryshimeve n\u00eb praktik\u00eb.<\/p>\n<p>Marr\u00ebdh\u00ebniet ekzistuese t\u00eb jashtme me grupe t\u00eb tilla si Age UK Gloucester dhe Bristol Health Partners do t\u00eb zhvillohen m\u00eb tej me q\u00ebllim q\u00eb t\u00eb k\u00ebrkohet kontribut dhe mb\u00ebshtetje p\u00ebr k\u00ebrkimin dhe t\u00eb eksplorohen rrug\u00ebt p\u00ebr ndikim.<\/p>\n<ol start=\"2\">\n<li><strong> PPI dhe angazhimi i pal\u00ebve t\u00eb interesuara<\/strong><\/li>\n<\/ol>\n<p>Puna fillestare e PPI-s\u00eb me t\u00eb moshuarit do t\u00eb zgjerohet p\u00ebr t\u00eb siguruar nj\u00eb ofert\u00eb t\u00eb bashk\u00ebprodhuar plot\u00ebsisht me fokus n\u00eb p\u00ebrfshirjen e nj\u00eb game t\u00eb larmishme dhe gjith\u00ebp\u00ebrfshir\u00ebse p\u00ebrvojash, duke p\u00ebrfshir\u00eb komunitetet e pash\u00ebrbyera.<\/p>\n<p>Angazhimi i ndihm\u00ebsmjekut do t\u00eb nd\u00ebrmerret p\u00ebrmes lidhjeve me Fondacionin e Sh\u00ebrbimit t\u00eb Ambulanc\u00ebs Jugper\u00ebndimore t\u00eb NHS-s\u00eb p\u00ebr t\u00eb vler\u00ebsuar besimin e ndihm\u00ebsmjek\u00ebve n\u00eb ofrimin e mb\u00ebshtetjes p\u00ebr t\u00eb moshuarit dhe p\u00ebr t\u00eb marr\u00eb pik\u00ebpamjet e tyre mbi hulumtimin e propozuar.<\/p>\n<p>Angazhimi i pal\u00ebve t\u00eb interesuara dhe PPI do t\u00eb mbledh\u00eb njohuri mbi pyetjen k\u00ebrkimore, metodat e p\u00ebrdorura dhe rezultatin q\u00eb duhet matur. An\u00ebtar\u00ebt do t\u00eb ftohen t\u00eb bashkohen me grupin k\u00ebshillimor p\u00ebr projektin NIHR.<\/p>\n<ol start=\"3\">\n<li><strong> Shqyrtim i shpejt\u00eb i informacionit t\u00eb mundsh\u00ebm t\u00eb promovimit<\/strong><\/li>\n<\/ol>\n<p>Do t\u00eb identifikohen nj\u00eb s\u00ebr\u00eb opsionesh t\u00eb mundshme informacioni dhe burimesh ekzistuese (p.sh. broshura &#039;Get up and go&#039; e Sh\u00ebndetit Publik t\u00eb Anglis\u00eb) q\u00eb paramedik\u00ebt t&#039;ua promovojn\u00eb pacient\u00ebve dhe do t\u00eb p\u00ebrfshijn\u00eb informacionin p\u00ebrkat\u00ebs t\u00eb mbledhur p\u00ebrmes angazhimit t\u00eb bashk\u00ebpun\u00ebtor\u00ebve dhe pal\u00ebve t\u00eb interesuara.<\/p>\n<ol start=\"4\">\n<li><strong> Pun\u00ebtori p\u00ebr konsensusin e pal\u00ebve t\u00eb interesuara<\/strong><\/li>\n<\/ol>\n<p>Rezultatet e shqyrtimit t\u00eb shpejt\u00eb do t\u00eb ndahen me pal\u00ebt e interesuara dhe an\u00ebtar\u00ebt e PPI-s\u00eb me q\u00ebllim p\u00ebrcaktimin e burimit m\u00eb t\u00eb p\u00ebrshtatsh\u00ebm t\u00eb informacionit p\u00ebr paramedik\u00ebt p\u00ebr t&#039;ua promovuar pacient\u00ebve t\u00eb moshuar n\u00eb studimin e fizibilitetit t\u00eb NIHR-s\u00eb.<\/p>\n<ol start=\"5\">\n<li><strong> Shkrimi i ofertave<\/strong><\/li>\n<\/ol>\n<p>Nj\u00eb ofert\u00eb e Nivelit 2 t\u00eb NIHR RfPB do t\u00eb p\u00ebrgatitet dhe do t\u00eb dor\u00ebzohet p\u00ebr nj\u00eb studim fizibiliteti p\u00ebr t\u00eb vler\u00ebsuar potencialin e paramedik\u00ebve p\u00ebr t\u00eb fuqizuar pacient\u00ebt e moshuar q\u00eb t\u00eb zvog\u00eblojn\u00eb rrezikun e tyre t\u00eb r\u00ebnies p\u00ebrmes promovimit t\u00eb sjelljeve t\u00eb sh\u00ebndetshme.<\/p>\n<h2><strong>Kush po e udh\u00ebheq hulumtimin?<\/strong><\/h2>\n<p>Ky hulumtim drejtohet nga <a href=\"https:\/\/people.uwe.ac.uk\/Person\/Helen5Nicholson\" rel=\"nofollow noreferrer noopener\">Dr. Helen Nicholson<\/a>, Bashk\u00ebpun\u00ebtor i Lart\u00eb K\u00ebrkimor, Universiteti i Anglis\u00eb Per\u00ebndimore (UWE Bristol).<\/p>\n<h2>Informacion i m\u00ebtejsh\u00ebm<\/h2>\n<p>P\u00ebr m\u00eb shum\u00eb informacion ose p\u00ebr t&#039;u p\u00ebrfshir\u00eb n\u00eb k\u00ebt\u00eb projekt, ju lutemi d\u00ebrgoni email <a href=\"mailto:bnssg.research@nhs.net\" target=\"_blank\" rel=\"nofollow noopener\">bnssg.research@nhs.net<\/a><\/p>\n  <\/div>\r\n  <\/section><\/div><!-- .assembler_text-module.assembler_module.assembler_text-module_1.assembler_module_1..transparent --><\/div><!-- .assembler_module_area.assembler_module_area_1 --><\/div><!-- .assembler_default-group.assembler_module_group.assembler_default-group_1.assembler_module_group_1  -->","protected":false},"excerpt":{"rendered":"<p>Section titled module-1 Paramedic Active Lives Promotion for Older People (ParAde) Funding: NHS Bristol, North Somerset and South Gloucestershire ICB Research Capability Funding\u00ad\u00ad. What is the problem? The UK population is growing and getting older with 5.8 million people aged 75+ in 2020. Falls cost the NHS 2.3 billion pounds every year and are the [&hellip;]<\/p>\n","protected":false},"author":1,"featured_media":0,"parent":32896,"menu_order":0,"comment_status":"closed","ping_status":"closed","template":"","meta":{"_acf_changed":false,"footnotes":""},"tags":[],"class_list":["post-34676","page","type-page","status-publish","hentry"],"acf":[],"_links":{"self":[{"href":"https:\/\/bnssghealthiertogether.org.uk\/sq\/wp-json\/wp\/v2\/pages\/34676","targetHints":{"allow":["GET"]}}],"collection":[{"href":"https:\/\/bnssghealthiertogether.org.uk\/sq\/wp-json\/wp\/v2\/pages"}],"about":[{"href":"https:\/\/bnssghealthiertogether.org.uk\/sq\/wp-json\/wp\/v2\/types\/page"}],"author":[{"embeddable":true,"href":"https:\/\/bnssghealthiertogether.org.uk\/sq\/wp-json\/wp\/v2\/users\/1"}],"replies":[{"embeddable":true,"href":"https:\/\/bnssghealthiertogether.org.uk\/sq\/wp-json\/wp\/v2\/comments?post=34676"}],"version-history":[{"count":2,"href":"https:\/\/bnssghealthiertogether.org.uk\/sq\/wp-json\/wp\/v2\/pages\/34676\/revisions"}],"predecessor-version":[{"id":34678,"href":"https:\/\/bnssghealthiertogether.org.uk\/sq\/wp-json\/wp\/v2\/pages\/34676\/revisions\/34678"}],"up":[{"embeddable":true,"href":"https:\/\/bnssghealthiertogether.org.uk\/sq\/wp-json\/wp\/v2\/pages\/32896"}],"wp:attachment":[{"href":"https:\/\/bnssghealthiertogether.org.uk\/sq\/wp-json\/wp\/v2\/media?parent=34676"}],"wp:term":[{"taxonomy":"post_tag","embeddable":true,"href":"https:\/\/bnssghealthiertogether.org.uk\/sq\/wp-json\/wp\/v2\/tags?post=34676"}],"curies":[{"name":"wp","href":"https:\/\/api.w.org\/{rel}","templated":true}]}}