{"id":34691,"date":"2024-11-26T17:11:45","date_gmt":"2024-11-26T17:11:45","guid":{"rendered":"https:\/\/bnssghealthiertogether.org.uk\/?page_id=34691"},"modified":"2024-11-26T17:11:45","modified_gmt":"2024-11-26T17:11:45","slug":"the-safety-and-quality-of-online-consulting-and-prescribing-services","status":"publish","type":"page","link":"https:\/\/bnssghealthiertogether.org.uk\/sq\/integrated-care-board\/research-and-evidence\/our-research-portfolio\/type-2-rcf-funded-projects\/the-safety-and-quality-of-online-consulting-and-prescribing-services\/","title":{"rendered":"Siguria dhe cil\u00ebsia e sh\u00ebrbimeve t\u00eb konsultimit dhe p\u00ebrshkrimit t\u00eb recetave online"},"content":{"rendered":"<div class=\"assembler_default-group assembler_module_group assembler_default-group_1 assembler_module_group_1\"><div class=\"assembler_module_area assembler_module_area_1\"><div class=\"assembler_text-module assembler_module assembler_text-module_1 assembler_module_1  transparent\"><a tabindex=\"-1\" title=\"Seksioni me titull module-1\" id=\"module-1\" href=\"https:\/\/bnssghealthiertogether.org.uk\/sq\/wp-json\/wp\/v2\/pages\/34691\/#module-1\" class=\"anchor\"><span class=\"hidden\">Seksioni me titull module-1<\/span><\/a><!-- Template found for text-module - Template: template-text - Matched: _only --><section class=\"w-full mx-auto max-w-content pt-12 sm:pt-24 pb-12 sm:pb-24\">\r\n  <div class=\"entry-content w-full !px-0 max-w-small\">\r\n        <header class=\"local_header\">\n<div class=\"local_header__inner\">\n<h1 class=\"local_header__title\">Siguria dhe cil\u00ebsia e sh\u00ebrbimeve t\u00eb konsultimit dhe p\u00ebrshkrimit t\u00eb recetave online<\/h1>\n<\/div>\n<\/header>\n<article class=\"page_content\">\n<h2 class=\"page_content__inner\">Financimi<\/h2>\n<\/article>\n<p>Financimi i Aft\u00ebsive K\u00ebrkimore t\u00eb BNSSCG CCG (Zhvillim Lokal)<\/p>\n<h2>Cila \u00ebsht\u00eb pyetja k\u00ebrkimore?<\/h2>\n<p>Cila \u00ebsht\u00eb siguria dhe cil\u00ebsia e sh\u00ebrbimeve t\u00eb konsultimit dhe p\u00ebrshkrimit t\u00eb ila\u00e7eve online, dhe cilat jan\u00eb rreziqet, p\u00ebrfitimet dhe p\u00ebrvojat e p\u00ebrdoruesve t\u00eb k\u00ebtyre sh\u00ebrbimeve?<\/p>\n<h2>Cili \u00ebsht\u00eb problemi?<\/h2>\n<p>Sh\u00ebrbimet e kujdesit sh\u00ebndet\u00ebsor online t\u00eb NHS-s\u00eb dhe ato private p\u00ebrfshijn\u00eb faqet e internetit t\u00eb mjek\u00ebve online q\u00eb ofrojn\u00eb konsulta mjek\u00ebsore t\u00eb bazuara n\u00eb video ose pyet\u00ebsor\u00eb n\u00eb koh\u00eb reale, t\u00eb cilat mund t\u00eb p\u00ebrfshijn\u00eb l\u00ebshimin e nj\u00eb recete. Farmacit\u00eb online ofrojn\u00eb nj\u00eb gam\u00eb sh\u00ebrbimesh, duke p\u00ebrfshir\u00eb p\u00ebrshkrimin e ila\u00e7eve, porositjen me post\u00eb t\u00eb ila\u00e7eve dhe mbledhjen dhe dor\u00ebzimin e ila\u00e7eve t\u00eb p\u00ebrshkruara nga nj\u00eb mjek i rregullt p\u00ebrshkrues, si\u00e7 \u00ebsht\u00eb nj\u00eb mjek i p\u00ebrgjithsh\u00ebm. Nd\u00ebrsa konsultimet online dhe modelet e tjera t\u00eb kujdesit online po zgjerohen dhe zhvillohen, shpresohet q\u00eb qasja dhe efikasiteti i sh\u00ebrbimeve sh\u00ebndet\u00ebsore t\u00eb p\u00ebrmir\u00ebsohen, megjithat\u00eb, p\u00ebrfitimet e pritura nuk po arrihen domosdoshm\u00ebrisht. Ekziston nj\u00eb kuptim i kufizuar se si k\u00ebto aft\u00ebsi t\u00eb reja dixhitale do t\u00eb integrohen n\u00eb sistemin ekzistues t\u00eb kujdesit sh\u00ebndet\u00ebsor dhe n\u00ebse ato do t\u00eb ken\u00eb ndikimin pozitiv t\u00eb synuar n\u00eb kujdesin e zakonsh\u00ebm n\u00eb praktik\u00ebn e p\u00ebrgjithshme t\u00eb NHS-s\u00eb. Meqen\u00ebse p\u00ebrshkrimi i ila\u00e7eve \u00ebsht\u00eb nj\u00eb element thelb\u00ebsor i shum\u00eb prej k\u00ebtyre sh\u00ebrbimeve, \u00ebsht\u00eb e mundur q\u00eb shqet\u00ebsimet t\u00eb shtrihen posa\u00e7\u00ebrisht n\u00eb cil\u00ebsin\u00eb dhe sigurin\u00eb e p\u00ebrdorimit t\u00eb ila\u00e7eve.<\/p>\n<h2>Cili \u00ebsht\u00eb q\u00ebllimi i hulumtimit?<\/h2>\n<p>P\u00ebr t\u00eb p\u00ebrcaktuar n\u00ebse p\u00ebrshkrimi dhe shp\u00ebrndarja e barnave n\u00ebp\u00ebrmjet sh\u00ebrbimeve online \u00ebsht\u00eb e sigurt dhe e p\u00ebrshtatshme, p\u00ebrshkruani se si ndikojn\u00eb ato n\u00eb p\u00ebrvojat e kujdesit t\u00eb pacient\u00ebve dhe vler\u00ebsoni se si ato p\u00ebrshtaten n\u00eb peizazhin m\u00eb t\u00eb gjer\u00eb t\u00eb sh\u00ebrbimit, duke p\u00ebrfshir\u00eb n\u00ebse ato p\u00ebrmbushin ofrimin e prioriteteve kryesore t\u00eb lidhura me barnat t\u00eb p\u00ebrcaktuara n\u00eb Planin Afatgjat\u00eb t\u00eb NHS-s\u00eb, si\u00e7 jan\u00eb optimizimi i barnave dhe shqet\u00ebsimet n\u00eb lidhje me mbi-p\u00ebrshkrimin e tyre.<\/p>\n<h2>Si do t\u00eb arrihet kjo?<\/h2>\n<p>Ekipi do t\u00eb kryej\u00eb nj\u00eb shqyrtim sistematik t\u00eb provave ekzistuese t\u00eb p\u00ebrfitimeve dhe d\u00ebmeve t\u00eb p\u00ebrshkrimit t\u00eb ila\u00e7eve online, m\u00eb pas do t\u00eb kryej\u00eb intervista gjysm\u00eb t\u00eb strukturuara me grupet e m\u00ebposhtme: klinicist\u00ebt q\u00eb ofrojn\u00eb kujdes n\u00ebp\u00ebrmjet sh\u00ebrbimeve t\u00eb reja online; pacient\u00ebt q\u00eb marrin kujdes n\u00ebp\u00ebrmjet sh\u00ebrbimeve t\u00eb reja online; klinicist\u00ebt (p.sh. mjek\u00ebt e p\u00ebrgjithsh\u00ebm) q\u00eb ofrojn\u00eb kujdes t\u00eb zakonsh\u00ebm p\u00ebr pacient\u00ebt q\u00eb kan\u00eb marr\u00eb kujdes tjet\u00ebr n\u00ebp\u00ebrmjet sh\u00ebrbimeve t\u00eb reja online; dhe individ\u00ebt q\u00eb punojn\u00eb brenda autoriteteve rregullatore dhe monitoruese lokale dhe komb\u00ebtare (p.sh. CCG-t\u00eb, CQC). Ata gjithashtu do t\u00eb hetojn\u00eb natyr\u00ebn e p\u00ebrshkrimit t\u00eb ila\u00e7eve n\u00ebp\u00ebrmjet sh\u00ebrbimeve online duke shqyrtuar artikujt e p\u00ebrshkrimeve t\u00eb pacient\u00ebve dhe rastet e tyre klinike p\u00ebrkat\u00ebse.<\/p>\n<ul>\n<li><\/li>\n<\/ul>\n<h2>Si do t\u00eb arrihet kjo?<\/h2>\n<p>Ekipi synon t\u00eb testoj\u00eb fizibilitetin dhe ndikimin e nd\u00ebrhyrjeve t\u00eb ndryshme p\u00ebr t\u00eb p\u00ebrmir\u00ebsuar sh\u00ebrbimet e kujdesit par\u00ebsor p\u00ebr njer\u00ebzit me nj\u00eb \u00e7rregullim t\u00eb t\u00eb ngr\u00ebnit ekzistues ose n\u00eb zhvillim e sip\u00ebr. Dy nd\u00ebrhyrje synojn\u00eb t&#039;u mund\u00ebsojn\u00eb mjek\u00ebve t\u00eb p\u00ebrgjithsh\u00ebm t\u00eb ofrojn\u00eb me shpejt\u00ebsi mb\u00ebshtetje dhe referim t\u00eb p\u00ebrshtatsh\u00ebm, dhe dy t\u00eb tjera synojn\u00eb fuqizimin e pacient\u00ebve dhe kujdestar\u00ebve n\u00eb k\u00ebrkimin e mb\u00ebshtetjes s\u00eb duhur pa vones\u00eb.<\/p>\n<h2>Kush po e udh\u00ebheq hulumtimin?<\/h2>\n<p>Dr. Rupert Payne, Lektor i Lart\u00eb Konsulent n\u00eb Kujdesin Sh\u00ebndet\u00ebsor Par\u00ebsor, Qendra p\u00ebr Kujdesin Par\u00ebsor Akademik, Shkencat e Sh\u00ebndetit t\u00eb Popullsis\u00eb, Universiteti i Bristolit.<\/p>\n<h2>Informacione t\u00eb m\u00ebtejshme:<\/h2>\n<p><a href=\"https:\/\/research-information.bris.ac.uk\/en\/persons\/rupert-a-payne\" target=\"_blank\" rel=\"nofollow noopener\">Rreth Dr. Rupert Payne<\/a><\/p>\n<p>P\u00ebr m\u00eb shum\u00eb informacion ose p\u00ebr t&#039;u p\u00ebrfshir\u00eb n\u00eb k\u00ebt\u00eb projekt, ju lutemi t\u00eb kontaktoni <a href=\"mailto:bnssg.research@nhs.net\" target=\"_blank\" rel=\"noopener\">bnssg.research@nhs.net<\/a>.<\/p>\n  <\/div>\r\n  <\/section><\/div><!-- .assembler_text-module.assembler_module.assembler_text-module_1.assembler_module_1..transparent --><\/div><!-- .assembler_module_area.assembler_module_area_1 --><\/div><!-- .assembler_default-group.assembler_module_group.assembler_default-group_1.assembler_module_group_1  -->","protected":false},"excerpt":{"rendered":"<p>Section titled module-1 The safety and quality of online consulting and prescribing services Funding BNSSCG CCG Research Capability Funding (Local development) What is the research question? What is the safety and quality of online consulting and prescribing services, and what are the risks, benefits and user experiences of these services? What is the problem? NHS [&hellip;]<\/p>\n","protected":false},"author":1,"featured_media":0,"parent":32896,"menu_order":0,"comment_status":"closed","ping_status":"closed","template":"","meta":{"_acf_changed":false,"footnotes":""},"tags":[],"class_list":["post-34691","page","type-page","status-publish","hentry"],"acf":[],"_links":{"self":[{"href":"https:\/\/bnssghealthiertogether.org.uk\/sq\/wp-json\/wp\/v2\/pages\/34691","targetHints":{"allow":["GET"]}}],"collection":[{"href":"https:\/\/bnssghealthiertogether.org.uk\/sq\/wp-json\/wp\/v2\/pages"}],"about":[{"href":"https:\/\/bnssghealthiertogether.org.uk\/sq\/wp-json\/wp\/v2\/types\/page"}],"author":[{"embeddable":true,"href":"https:\/\/bnssghealthiertogether.org.uk\/sq\/wp-json\/wp\/v2\/users\/1"}],"replies":[{"embeddable":true,"href":"https:\/\/bnssghealthiertogether.org.uk\/sq\/wp-json\/wp\/v2\/comments?post=34691"}],"version-history":[{"count":2,"href":"https:\/\/bnssghealthiertogether.org.uk\/sq\/wp-json\/wp\/v2\/pages\/34691\/revisions"}],"predecessor-version":[{"id":34693,"href":"https:\/\/bnssghealthiertogether.org.uk\/sq\/wp-json\/wp\/v2\/pages\/34691\/revisions\/34693"}],"up":[{"embeddable":true,"href":"https:\/\/bnssghealthiertogether.org.uk\/sq\/wp-json\/wp\/v2\/pages\/32896"}],"wp:attachment":[{"href":"https:\/\/bnssghealthiertogether.org.uk\/sq\/wp-json\/wp\/v2\/media?parent=34691"}],"wp:term":[{"taxonomy":"post_tag","embeddable":true,"href":"https:\/\/bnssghealthiertogether.org.uk\/sq\/wp-json\/wp\/v2\/tags?post=34691"}],"curies":[{"name":"wp","href":"https:\/\/api.w.org\/{rel}","templated":true}]}}