{"id":34711,"date":"2024-11-26T17:15:56","date_gmt":"2024-11-26T17:15:56","guid":{"rendered":"https:\/\/bnssghealthiertogether.org.uk\/?page_id=34711"},"modified":"2025-01-19T21:22:07","modified_gmt":"2025-01-19T21:22:07","slug":"continuity-of-care-in-general-practice-and-its-relationship-with-access-to-care-and-health-inequalities","status":"publish","type":"page","link":"https:\/\/bnssghealthiertogether.org.uk\/sq\/integrated-care-board\/research-and-evidence\/our-research-portfolio\/type-1-rcf-funded-projects\/continuity-of-care-in-general-practice-and-its-relationship-with-access-to-care-and-health-inequalities\/","title":{"rendered":"Vazhdim\u00ebsia e kujdesit n\u00eb praktik\u00ebn e p\u00ebrgjithshme dhe marr\u00ebdh\u00ebnia e saj me aksesin n\u00eb kujdes dhe pabarazit\u00eb sh\u00ebndet\u00ebsore."},"content":{"rendered":"<div class=\"assembler_default-group assembler_module_group assembler_default-group_1 assembler_module_group_1\"><div class=\"assembler_module_area assembler_module_area_1\"><div class=\"assembler_text-module assembler_module assembler_text-module_1 assembler_module_1  transparent\"><a tabindex=\"-1\" title=\"Seksioni me titull module-1\" id=\"module-1\" href=\"https:\/\/bnssghealthiertogether.org.uk\/sq\/wp-json\/wp\/v2\/pages\/34711\/#module-1\" class=\"anchor\"><span class=\"hidden\">Seksioni me titull module-1<\/span><\/a><!-- Template found for text-module - Template: template-text - Matched: _only --><section class=\"w-full mx-auto max-w-content pt-12 sm:pt-24 pb-12 sm:pb-24\">\r\n  <div class=\"entry-content w-full !px-0 max-w-small\">\r\n        <h1>Vazhdim\u00ebsia e kujdesit n\u00eb praktik\u00ebn e p\u00ebrgjithshme dhe marr\u00ebdh\u00ebnia e saj me aksesin n\u00eb kujdes dhe pabarazit\u00eb sh\u00ebndet\u00ebsore<\/h1>\n<p>RCF do t\u00eb p\u00ebrdoret p\u00ebr t\u00eb drejtuar nj\u00eb seminar t\u00eb p\u00ebrb\u00ebr\u00eb nga mjek\u00eb t\u00eb p\u00ebrgjithsh\u00ebm, klinicist\u00eb dhe menaxher\u00eb t\u00eb praktikave nga rrjeti &#039;Mjek\u00eb t\u00eb P\u00ebrgjithsh\u00ebm n\u00eb Deep End Bristol&#039;; akademik\u00eb nga Universiteti i Bristolit (p\u00ebrfshir\u00eb ekspertin e temave me fam\u00eb nd\u00ebrkomb\u00ebtare, Prof. Chris Salisbury); an\u00ebtar\u00eb t\u00eb p\u00ebrfshirjes s\u00eb pacient\u00ebve dhe publikut; dhe p\u00ebrfaq\u00ebsues nga OneCare.<\/p>\n<h3>Financimi<\/h3>\n<p>Financimi i Aft\u00ebsive K\u00ebrkimore ICB t\u00eb NHS Bristol, North Somerset dhe South Gloucestershire.<\/p>\n<h3>Kush po e udh\u00ebheq k\u00ebt\u00eb hulumtim?<\/h3>\n<p>Ky hulumtim drejtohet nga <a href=\"https:\/\/www.easttreeshealthcentre.co.uk\/team?category=doctors\" rel=\"nofollow noreferrer noopener\">Dr. Hyunkee Kim<\/a>, Partner i Mjekut t\u00eb P\u00ebrgjithsh\u00ebm, Qendra Sh\u00ebndet\u00ebsore East Trees dhe <a href=\"https:\/\/research-information.bris.ac.uk\/en\/persons\/polly-r-duncan\" rel=\"nofollow noreferrer noopener\">Dr. Polly Duncan<\/a>, Bashk\u00ebpun\u00ebtor i K\u00ebrkimeve Klinike, Shkolla Mjek\u00ebsore e Bristolit.<\/p>\n<h3>Informacione t\u00eb m\u00ebtejshme:<\/h3>\n<p>P\u00ebr m\u00eb shum\u00eb informacion ose p\u00ebr t&#039;u p\u00ebrfshir\u00eb n\u00eb k\u00ebt\u00eb projekt, d\u00ebrgoni email <a href=\"mailto:bnssg.research@nhs.net\">bnssg.research@nhs.net<\/a><\/p>\n  <\/div>\r\n  <\/section><\/div><!-- .assembler_text-module.assembler_module.assembler_text-module_1.assembler_module_1..transparent --><\/div><!-- .assembler_module_area.assembler_module_area_1 --><\/div><!-- .assembler_default-group.assembler_module_group.assembler_default-group_1.assembler_module_group_1  -->","protected":false},"excerpt":{"rendered":"<p>Section titled module-1 Continuity of care in general practice and its relationship with access to care and health inequalities The RCF will be used to run a workshop comprising of GPs, clinicians and practice managers from the \u2018GPs at the Deep End Bristol\u2019 network; academics from the University of Bristol (including internationally renowned topic expert, [&hellip;]<\/p>\n","protected":false},"author":1,"featured_media":0,"parent":32894,"menu_order":0,"comment_status":"closed","ping_status":"closed","template":"","meta":{"_acf_changed":false,"footnotes":""},"tags":[],"class_list":["post-34711","page","type-page","status-publish","hentry"],"acf":[],"_links":{"self":[{"href":"https:\/\/bnssghealthiertogether.org.uk\/sq\/wp-json\/wp\/v2\/pages\/34711","targetHints":{"allow":["GET"]}}],"collection":[{"href":"https:\/\/bnssghealthiertogether.org.uk\/sq\/wp-json\/wp\/v2\/pages"}],"about":[{"href":"https:\/\/bnssghealthiertogether.org.uk\/sq\/wp-json\/wp\/v2\/types\/page"}],"author":[{"embeddable":true,"href":"https:\/\/bnssghealthiertogether.org.uk\/sq\/wp-json\/wp\/v2\/users\/1"}],"replies":[{"embeddable":true,"href":"https:\/\/bnssghealthiertogether.org.uk\/sq\/wp-json\/wp\/v2\/comments?post=34711"}],"version-history":[{"count":2,"href":"https:\/\/bnssghealthiertogether.org.uk\/sq\/wp-json\/wp\/v2\/pages\/34711\/revisions"}],"predecessor-version":[{"id":36247,"href":"https:\/\/bnssghealthiertogether.org.uk\/sq\/wp-json\/wp\/v2\/pages\/34711\/revisions\/36247"}],"up":[{"embeddable":true,"href":"https:\/\/bnssghealthiertogether.org.uk\/sq\/wp-json\/wp\/v2\/pages\/32894"}],"wp:attachment":[{"href":"https:\/\/bnssghealthiertogether.org.uk\/sq\/wp-json\/wp\/v2\/media?parent=34711"}],"wp:term":[{"taxonomy":"post_tag","embeddable":true,"href":"https:\/\/bnssghealthiertogether.org.uk\/sq\/wp-json\/wp\/v2\/tags?post=34711"}],"curies":[{"name":"wp","href":"https:\/\/api.w.org\/{rel}","templated":true}]}}