{"id":34721,"date":"2024-11-26T17:17:20","date_gmt":"2024-11-26T17:17:20","guid":{"rendered":"https:\/\/bnssghealthiertogether.org.uk\/?page_id=34721"},"modified":"2025-01-19T21:25:50","modified_gmt":"2025-01-19T21:25:50","slug":"functional-neurological-disorders-ambulance-services-recognition-care-and-management-of-fnd-patient-presentations","status":"publish","type":"page","link":"https:\/\/bnssghealthiertogether.org.uk\/sq\/integrated-care-board\/research-and-evidence\/our-research-portfolio\/type-1-rcf-funded-projects\/functional-neurological-disorders-ambulance-services-recognition-care-and-management-of-fnd-patient-presentations\/","title":{"rendered":"\u00c7rregullime Neurologjike Funksionale \u2013 Njohja, kujdesi dhe menaxhimi nga sh\u00ebrbimet e ambulanc\u00ebs i paraqitjeve t\u00eb pacient\u00ebve me FND."},"content":{"rendered":"<div class=\"assembler_default-group assembler_module_group assembler_default-group_1 assembler_module_group_1\"><div class=\"assembler_module_area assembler_module_area_1\"><div class=\"assembler_text-module assembler_module assembler_text-module_1 assembler_module_1  transparent\"><a tabindex=\"-1\" title=\"Seksioni me titull module-1\" id=\"module-1\" href=\"https:\/\/bnssghealthiertogether.org.uk\/sq\/wp-json\/wp\/v2\/pages\/34721\/#module-1\" class=\"anchor\"><span class=\"hidden\">Seksioni me titull module-1<\/span><\/a><!-- Template found for text-module - Template: template-text - Matched: _only --><section class=\"w-full mx-auto max-w-content pt-12 sm:pt-24 pb-12 sm:pb-24\">\r\n  <div class=\"entry-content w-full !px-0 max-w-small\">\r\n        <h1>\u00c7rregullime Neurologjike Funksionale \u2013 Njohja, kujdesi dhe menaxhimi i pacient\u00ebve me FND nga sh\u00ebrbimet e ambulanc\u00ebs<\/h1>\n<p>Financimi do t\u00eb p\u00ebrdoret p\u00ebr t\u00eb zhvilluar nj\u00eb ekip k\u00ebrkimor me mb\u00ebshtetjen e RDS, p\u00ebr t&#039;u angazhuar me PPI dhe p\u00ebr t\u00eb angazhuar ekspert\u00eb klinik\u00eb n\u00eb fush\u00ebn e FND-s\u00eb.<\/p>\n<p>Do t\u00eb p\u00ebrdoret gjithashtu p\u00ebr t\u00eb punuar me kontribuesit e PPI-s\u00eb, ekspert\u00ebt klinik\u00eb dhe ekipin k\u00ebrkimor p\u00ebr t\u00eb zhvilluar nj\u00eb pyetje k\u00ebrkimore p\u00ebr t\u00eb eksploruar prevalenc\u00ebn dhe menaxhimin e FND-s\u00eb nga stafi i ambulanc\u00ebs; p\u00ebr t\u00eb kuptuar se si t\u00eb p\u00ebrmir\u00ebsohet trajtimi para-spitalor i FND-s\u00eb p\u00ebr t\u00eb p\u00ebrmir\u00ebsuar rezultatet p\u00ebr pacient\u00ebt dhe p\u00ebr t\u00eb zvog\u00ebluar p\u00ebrdorimin e pap\u00ebrshtatsh\u00ebm t\u00eb burimeve.<\/p>\n<article class=\"page_content\">\n<h2 class=\"page_content__inner\">Financimi<\/h2>\n<\/article>\n<p>NHS Bristol, North Somerset dhe South Gloucestershire Financimi i Aft\u00ebsive K\u00ebrkimore ICB (Zhvillim lokal)<\/p>\n<h2>Kush po e udh\u00ebheq hulumtimin?<\/h2>\n<p><a href=\"https:\/\/people.uwe.ac.uk\/Person\/David29Williams\" rel=\"noopener\">Z. David Williams<\/a>, Lektor i Lart\u00eb i Shkencave Paramedikale, Universiteti i Anglis\u00eb Per\u00ebndimore.<\/p>\n<h2>Informacione t\u00eb m\u00ebtejshme:<\/h2>\n<p>P\u00ebr m\u00eb shum\u00eb informacion ose p\u00ebr t&#039;u p\u00ebrfshir\u00eb n\u00eb k\u00ebt\u00eb projekt, d\u00ebrgoni email <a href=\"mailto:bnssg.research@nhs.net\" target=\"_blank\" rel=\"noopener\">bnssg.research@nhs.net<\/a>.<\/p>\n  <\/div>\r\n  <\/section><\/div><!-- .assembler_text-module.assembler_module.assembler_text-module_1.assembler_module_1..transparent --><\/div><!-- .assembler_module_area.assembler_module_area_1 --><\/div><!-- .assembler_default-group.assembler_module_group.assembler_default-group_1.assembler_module_group_1  -->","protected":false},"excerpt":{"rendered":"<p>Section titled module-1 Functional Neurological Disorders \u2013 Ambulance services recognition, care and management of FND patient presentations The funding will be used to develop a research team with RDS support, engage with PPI and engage with clinical experts in the FND field. It will also be used to work with PPI contributors, clinical experts and [&hellip;]<\/p>\n","protected":false},"author":1,"featured_media":0,"parent":32894,"menu_order":0,"comment_status":"closed","ping_status":"closed","template":"","meta":{"_acf_changed":false,"footnotes":""},"tags":[],"class_list":["post-34721","page","type-page","status-publish","hentry"],"acf":[],"_links":{"self":[{"href":"https:\/\/bnssghealthiertogether.org.uk\/sq\/wp-json\/wp\/v2\/pages\/34721","targetHints":{"allow":["GET"]}}],"collection":[{"href":"https:\/\/bnssghealthiertogether.org.uk\/sq\/wp-json\/wp\/v2\/pages"}],"about":[{"href":"https:\/\/bnssghealthiertogether.org.uk\/sq\/wp-json\/wp\/v2\/types\/page"}],"author":[{"embeddable":true,"href":"https:\/\/bnssghealthiertogether.org.uk\/sq\/wp-json\/wp\/v2\/users\/1"}],"replies":[{"embeddable":true,"href":"https:\/\/bnssghealthiertogether.org.uk\/sq\/wp-json\/wp\/v2\/comments?post=34721"}],"version-history":[{"count":3,"href":"https:\/\/bnssghealthiertogether.org.uk\/sq\/wp-json\/wp\/v2\/pages\/34721\/revisions"}],"predecessor-version":[{"id":36252,"href":"https:\/\/bnssghealthiertogether.org.uk\/sq\/wp-json\/wp\/v2\/pages\/34721\/revisions\/36252"}],"up":[{"embeddable":true,"href":"https:\/\/bnssghealthiertogether.org.uk\/sq\/wp-json\/wp\/v2\/pages\/32894"}],"wp:attachment":[{"href":"https:\/\/bnssghealthiertogether.org.uk\/sq\/wp-json\/wp\/v2\/media?parent=34721"}],"wp:term":[{"taxonomy":"post_tag","embeddable":true,"href":"https:\/\/bnssghealthiertogether.org.uk\/sq\/wp-json\/wp\/v2\/tags?post=34721"}],"curies":[{"name":"wp","href":"https:\/\/api.w.org\/{rel}","templated":true}]}}