{"id":34726,"date":"2024-11-26T17:17:58","date_gmt":"2024-11-26T17:17:58","guid":{"rendered":"https:\/\/bnssghealthiertogether.org.uk\/?page_id=34726"},"modified":"2025-01-19T21:27:31","modified_gmt":"2025-01-19T21:27:31","slug":"improving-continuity-of-care-and-health-outcomes-of-people-with-learning-disabilities-living-in-assisted-housing-developing-and-enhancing-work-initiated-by-the-bnssg-icb","status":"publish","type":"page","link":"https:\/\/bnssghealthiertogether.org.uk\/sq\/integrated-care-board\/research-and-evidence\/our-research-portfolio\/type-1-rcf-funded-projects\/improving-continuity-of-care-and-health-outcomes-of-people-with-learning-disabilities-living-in-assisted-housing-developing-and-enhancing-work-initiated-by-the-bnssg-icb\/","title":{"rendered":"P\u00ebrmir\u00ebsimi i vazhdim\u00ebsis\u00eb s\u00eb kujdesit dhe rezultateve sh\u00ebndet\u00ebsore t\u00eb personave me v\u00ebshtir\u00ebsi n\u00eb t\u00eb nx\u00ebn\u00eb q\u00eb jetojn\u00eb n\u00eb strehim t\u00eb asistuar. Zhvillimi dhe p\u00ebrmir\u00ebsimi i pun\u00ebs s\u00eb iniciuar nga BNSSG ICB."},"content":{"rendered":"<div class=\"assembler_default-group assembler_module_group assembler_default-group_1 assembler_module_group_1\"><div class=\"assembler_module_area assembler_module_area_1\"><div class=\"assembler_text-module assembler_module assembler_text-module_1 assembler_module_1  transparent\"><a tabindex=\"-1\" title=\"Seksioni me titull module-1\" id=\"module-1\" href=\"https:\/\/bnssghealthiertogether.org.uk\/sq\/wp-json\/wp\/v2\/pages\/34726\/#module-1\" class=\"anchor\"><span class=\"hidden\">Seksioni me titull module-1<\/span><\/a><!-- Template found for text-module - Template: template-text - Matched: _only --><section class=\"w-full mx-auto max-w-content pt-12 sm:pt-24 pb-12 sm:pb-24\">\r\n  <div class=\"entry-content w-full !px-0 max-w-small\">\r\n        <h1>P\u00ebrmir\u00ebsimi i vazhdim\u00ebsis\u00eb s\u00eb kujdesit dhe rezultateve sh\u00ebndet\u00ebsore t\u00eb personave me v\u00ebshtir\u00ebsi n\u00eb t\u00eb nx\u00ebn\u00eb q\u00eb jetojn\u00eb n\u00eb strehim t\u00eb asistuar. Zhvillimi dhe p\u00ebrmir\u00ebsimi i pun\u00ebs s\u00eb iniciuar nga NHS Bristol, North Somerset dhe South Gloucestershire ICB.<\/h1>\n<h2>Financimi<\/h2>\n<p>Financimi i Aft\u00ebsive K\u00ebrkimore ICB t\u00eb NHS Bristol, North Somerset dhe South Gloucestershire.<\/p>\n<h2>Kush po e udh\u00ebheq k\u00ebt\u00eb hulumtim?<\/h2>\n<p>Ky hulumtim drejtohet nga Joseph Webb, Lektor i Politik\u00ebs Sociale dhe Bashk\u00ebpun\u00ebtor K\u00ebrkimor i Shkoll\u00ebs NIHR p\u00ebr Kujdes Social dhe Lesley Le-Pine, Bashk\u00ebpun\u00ebtore e Projekteve LD, NHS Bristol, North Somerset dhe South Gloucestershire.<\/p>\n<h2>Informacion i m\u00ebtejsh\u00ebm<\/h2>\n<p>P\u00ebr m\u00eb shum\u00eb informacion ose p\u00ebr t&#039;u p\u00ebrfshir\u00eb n\u00eb k\u00ebt\u00eb projekt, d\u00ebrgoni email <a href=\"mailto:bnssg.research@nhs.net\">bnssg.research@nhs.net<\/a>.<\/p>\n  <\/div>\r\n  <\/section><\/div><!-- .assembler_text-module.assembler_module.assembler_text-module_1.assembler_module_1..transparent --><\/div><!-- .assembler_module_area.assembler_module_area_1 --><\/div><!-- .assembler_default-group.assembler_module_group.assembler_default-group_1.assembler_module_group_1  -->","protected":false},"excerpt":{"rendered":"<p>Section titled module-1 Improving continuity of care and health outcomes of people with Learning Disabilities living in assisted housing. Developing and enhancing work initiated by NHS Bristol, North Somerset and South Gloucestershire ICB Funding NHS Bristol, North Somerset and South Gloucestershire ICB Research Capability Funding. Who is leading this research? This research is led by [&hellip;]<\/p>\n","protected":false},"author":1,"featured_media":0,"parent":32894,"menu_order":0,"comment_status":"closed","ping_status":"closed","template":"","meta":{"_acf_changed":false,"footnotes":""},"tags":[],"class_list":["post-34726","page","type-page","status-publish","hentry"],"acf":[],"_links":{"self":[{"href":"https:\/\/bnssghealthiertogether.org.uk\/sq\/wp-json\/wp\/v2\/pages\/34726","targetHints":{"allow":["GET"]}}],"collection":[{"href":"https:\/\/bnssghealthiertogether.org.uk\/sq\/wp-json\/wp\/v2\/pages"}],"about":[{"href":"https:\/\/bnssghealthiertogether.org.uk\/sq\/wp-json\/wp\/v2\/types\/page"}],"author":[{"embeddable":true,"href":"https:\/\/bnssghealthiertogether.org.uk\/sq\/wp-json\/wp\/v2\/users\/1"}],"replies":[{"embeddable":true,"href":"https:\/\/bnssghealthiertogether.org.uk\/sq\/wp-json\/wp\/v2\/comments?post=34726"}],"version-history":[{"count":3,"href":"https:\/\/bnssghealthiertogether.org.uk\/sq\/wp-json\/wp\/v2\/pages\/34726\/revisions"}],"predecessor-version":[{"id":36254,"href":"https:\/\/bnssghealthiertogether.org.uk\/sq\/wp-json\/wp\/v2\/pages\/34726\/revisions\/36254"}],"up":[{"embeddable":true,"href":"https:\/\/bnssghealthiertogether.org.uk\/sq\/wp-json\/wp\/v2\/pages\/32894"}],"wp:attachment":[{"href":"https:\/\/bnssghealthiertogether.org.uk\/sq\/wp-json\/wp\/v2\/media?parent=34726"}],"wp:term":[{"taxonomy":"post_tag","embeddable":true,"href":"https:\/\/bnssghealthiertogether.org.uk\/sq\/wp-json\/wp\/v2\/tags?post=34726"}],"curies":[{"name":"wp","href":"https:\/\/api.w.org\/{rel}","templated":true}]}}