{"id":35260,"date":"2024-12-05T14:53:14","date_gmt":"2024-12-05T14:53:14","guid":{"rendered":"https:\/\/bnssghealthiertogether.org.uk\/?page_id=35260"},"modified":"2025-11-03T14:25:37","modified_gmt":"2025-11-03T14:25:37","slug":"urgent-treatment","status":"publish","type":"page","link":"https:\/\/bnssghealthiertogether.org.uk\/sq\/stay-well-this-winter\/urgent-treatment\/","title":{"rendered":"Qendrat e Trajtimit t\u00eb Menj\u00ebhersh\u00ebm dhe Nj\u00ebsit\u00eb p\u00ebr L\u00ebndime t\u00eb Lehta"},"content":{"rendered":"<div class=\"assembler_default-group assembler_module_group assembler_default-group_1 assembler_module_group_1\"><div class=\"assembler_module_area assembler_module_area_1\"><div class=\"assembler_banner-narrow-module assembler_module assembler_banner-narrow-module_1 assembler_module_1 \"><a tabindex=\"-1\" title=\"Section titled module-1\" id=\"module-1\" href=\"https:\/\/bnssghealthiertogether.org.uk\/sq\/wp-json\/wp\/v2\/pages\/35260\/#module-1\" class=\"anchor\"><span class=\"hidden\">Section titled module-1<\/span><\/a><!-- Template found for banner-narrow-module - Template: template-banner-narrow - Matched: _only --><section role=\"group\">\r\n  <div\r\n    class=\"relative !p-0 w-full min-h-[400px]\" >\r\n          <div class=\"w-full max-w-content !p-0 mx-auto absolute bottom-5 lg:bottom-9 left-0 right-0\">\r\n        <ul class=\"splide__pagination !p-0 2xl:!left-auto 2xl:!right-9\"><\/ul>\r\n      <\/div>\r\n        <div class=\"splide__track\">\r\n      <div class=\"splide__list\">\r\n                            <div class=\"splide__slide relative xl:border-b-[20px] lg:border-white\"\r\n               >\r\n                  <picture  class=\" no-lazy\">\n                    <source media=\"(min-width: 640px)\" srcset=\"https:\/\/bnssghealthiertogether.org.uk\/wp-content\/uploads\/2025\/10\/Stay-Well-This-Winter-child-page-banner-1024x387.png.webp 1024w, https:\/\/bnssghealthiertogether.org.uk\/wp-content\/uploads\/2025\/10\/Stay-Well-This-Winter-child-page-banner-300x113.png.webp 300w, https:\/\/bnssghealthiertogether.org.uk\/wp-content\/uploads\/2025\/10\/Stay-Well-This-Winter-child-page-banner-768x290.png.webp 768w, https:\/\/bnssghealthiertogether.org.uk\/wp-content\/uploads\/2025\/10\/Stay-Well-This-Winter-child-page-banner-1536x580.png.webp 1536w, https:\/\/bnssghealthiertogether.org.uk\/wp-content\/uploads\/2025\/10\/Stay-Well-This-Winter-child-page-banner-1320x498.png.webp 1320w, https:\/\/bnssghealthiertogether.org.uk\/wp-content\/uploads\/2025\/10\/Stay-Well-This-Winter-child-page-banner.png.webp 2048w\" type=\"image\/webp\">\n                    <source media=\"(min-width: 640px)\" srcset=\"https:\/\/bnssghealthiertogether.org.uk\/wp-content\/uploads\/2025\/10\/Stay-Well-This-Winter-child-page-banner-1024x387.png 1024w, https:\/\/bnssghealthiertogether.org.uk\/wp-content\/uploads\/2025\/10\/Stay-Well-This-Winter-child-page-banner-300x113.png 300w, https:\/\/bnssghealthiertogether.org.uk\/wp-content\/uploads\/2025\/10\/Stay-Well-This-Winter-child-page-banner-768x290.png 768w, https:\/\/bnssghealthiertogether.org.uk\/wp-content\/uploads\/2025\/10\/Stay-Well-This-Winter-child-page-banner-1536x580.png 1536w, https:\/\/bnssghealthiertogether.org.uk\/wp-content\/uploads\/2025\/10\/Stay-Well-This-Winter-child-page-banner-1320x498.png 1320w, https:\/\/bnssghealthiertogether.org.uk\/wp-content\/uploads\/2025\/10\/Stay-Well-This-Winter-child-page-banner.png 2048w\" type=\"image\/png\">\n                    <source media=\"(min-width: 0px)\" srcset=\"https:\/\/bnssghealthiertogether.org.uk\/wp-content\/uploads\/2025\/10\/Stay-Well-This-Winter-child-page-banner-300x113.png.webp 300w, https:\/\/bnssghealthiertogether.org.uk\/wp-content\/uploads\/2025\/10\/Stay-Well-This-Winter-child-page-banner-1024x387.png.webp 1024w, https:\/\/bnssghealthiertogether.org.uk\/wp-content\/uploads\/2025\/10\/Stay-Well-This-Winter-child-page-banner-768x290.png.webp 768w, https:\/\/bnssghealthiertogether.org.uk\/wp-content\/uploads\/2025\/10\/Stay-Well-This-Winter-child-page-banner-1536x580.png.webp 1536w, https:\/\/bnssghealthiertogether.org.uk\/wp-content\/uploads\/2025\/10\/Stay-Well-This-Winter-child-page-banner-1320x498.png.webp 1320w, https:\/\/bnssghealthiertogether.org.uk\/wp-content\/uploads\/2025\/10\/Stay-Well-This-Winter-child-page-banner.png.webp 2048w\" type=\"image\/webp\">\n                    <source media=\"(min-width: 0px)\" srcset=\"https:\/\/bnssghealthiertogether.org.uk\/wp-content\/uploads\/2025\/10\/Stay-Well-This-Winter-child-page-banner-300x113.png 300w, https:\/\/bnssghealthiertogether.org.uk\/wp-content\/uploads\/2025\/10\/Stay-Well-This-Winter-child-page-banner-1024x387.png 1024w, https:\/\/bnssghealthiertogether.org.uk\/wp-content\/uploads\/2025\/10\/Stay-Well-This-Winter-child-page-banner-768x290.png 768w, https:\/\/bnssghealthiertogether.org.uk\/wp-content\/uploads\/2025\/10\/Stay-Well-This-Winter-child-page-banner-1536x580.png 1536w, https:\/\/bnssghealthiertogether.org.uk\/wp-content\/uploads\/2025\/10\/Stay-Well-This-Winter-child-page-banner-1320x498.png 1320w, https:\/\/bnssghealthiertogether.org.uk\/wp-content\/uploads\/2025\/10\/Stay-Well-This-Winter-child-page-banner.png 2048w\" type=\"image\/png\">\n                          <img decoding=\"async\" src=\"https:\/\/bnssghealthiertogether.org.uk\/wp-content\/uploads\/2025\/10\/Stay-Well-This-Winter-child-page-banner-300x113.png\" width=\"300\"  height=\"113\"  alt=\"\"   class=\"w-full h-auto object-none md:h-[400px] md:object-cover 2xl:h-[400px] no-lazy\" \/>\n              <\/picture>\n                                          <div class=\"w-full max-w-content mx-auto lg:relative xl:absolute xl:bottom-0 xl:left-0 xl:right-0\">\r\n                <div class=\"bg-white w-full pt-9 pb-2  px-0 lg:w-3\/4 xl:px-[40px] xl:pb-[40px] xl:pt-[40px] 2xl:-ml-[40px]\">\r\n                                                        <h1 class=\"entry-title text-primary mb-0 text-4xl\">\r\n                      Urgent treatment centres and minor injury units                    <\/h1>\r\n                                                    <\/div>\r\n              <\/div>\r\n                      <\/div>\r\n              <\/div>\r\n    <\/div>\r\n  <\/div>\r\n<\/section>\r\n<\/div><!-- .assembler_banner-narrow-module.assembler_module.assembler_banner-narrow-module_1.assembler_module_1. --><div class=\"assembler_text-module assembler_module assembler_text-module_2 assembler_module_2  transparent\"><a tabindex=\"-1\" title=\"Section titled module-2\" id=\"module-2\" href=\"https:\/\/bnssghealthiertogether.org.uk\/sq\/wp-json\/wp\/v2\/pages\/35260\/#module-2\" class=\"anchor\"><span class=\"hidden\">Section titled module-2<\/span><\/a><!-- Template found for text-module - Template: template-text - Matched: _only --><section class=\"w-full mx-auto max-w-content pt-0 sm:pt-0 pb-3 sm:pb-6\">\n    <div class=\"flex gap-11 md:grid md:grid-cols-2 flex-col\">\n    <div class=\"entry-content\">\n      <p>Minor injury units and urgent treatment centres give you fast treatment for injuries that can\u2019t wait, like broken bones, burns and eye injuries.<\/p>\n<p>They don\u2019t replace A&amp;Es, which you should still use in <a href=\"https:\/\/www.nhs.uk\/nhs-services\/urgent-and-emergency-care-services\/when-to-go-to-ae\/\" rel=\"noopener\">life-threatening emergencies<\/a>. But if it\u2019s not an emergency, you\u2019ll usually get treated faster and more easily. This is especially important during the winter when hospitals are often much busier.<\/p>\n<p>There are three units in our area, provided by the local NHS community healthcare provider, Sirona care &amp; health:<\/p>\n<ul>\n<li><a href=\"https:\/\/sirona-cic.org.uk\/nhsservices\/services\/clevedon-minor-injury-unit\/\" rel=\"noopener\"> Clevedon Minor Injury Unit<\/a><\/li>\n<li><a href=\"https:\/\/sirona-cic.org.uk\/nhsservices\/services\/bristol-urgent-treatment-centre\/\" rel=\"noopener\">Bristol Urgent Treatment Centre, Hengrove<\/a><\/li>\n<li><a href=\"https:\/\/sirona-cic.org.uk\/nhsservices\/services\/yate-minor-injury-unit-2\/\" rel=\"noopener\">Yate Minor Injury Unit<\/a><\/li>\n<\/ul>\n<p>They treat children as well as adults, and they\u2019re open long hours on weekdays as well as weekends. They are also open on bank holidays.<\/p>\n<p><a href=\"https:\/\/sirona-cic.org.uk\/nhsservices\/adult-services\/minor-injuries-and-urgent-treatment\/\" rel=\"noopener\">Check the Sirona website for opening times<\/a>.<\/p>\n<p>They are a walk-in service, so you don\u2019t need to make an appointment or call ahead.<\/p>\n    <\/div>\n    <div class=\"entry-content\">\n      <p><img decoding=\"async\" class=\"alignnone size-medium wp-image-44156\" src=\"https:\/\/bnssghealthiertogether.org.uk\/wp-content\/uploads\/2025\/11\/MIUUTC-white-background-e1762179880718-300x271.jpg\" alt=\"\" width=\"600\" height=\"542\" srcset=\"https:\/\/bnssghealthiertogether.org.uk\/wp-content\/uploads\/2025\/11\/MIUUTC-white-background-e1762179880718-300x271.jpg 300w, https:\/\/bnssghealthiertogether.org.uk\/wp-content\/uploads\/2025\/11\/MIUUTC-white-background-e1762179880718-1024x926.jpg 1024w, https:\/\/bnssghealthiertogether.org.uk\/wp-content\/uploads\/2025\/11\/MIUUTC-white-background-e1762179880718-768x695.jpg 768w, https:\/\/bnssghealthiertogether.org.uk\/wp-content\/uploads\/2025\/11\/MIUUTC-white-background-e1762179880718.jpg 1080w\" sizes=\"(max-width: 600px) 100vw, 600px\" \/><\/p>\n    <\/div>\n      <\/div>\n<\/section><\/div><!-- .assembler_text-module.assembler_module.assembler_text-module_2.assembler_module_2..transparent --><div class=\"assembler_quick-links-module assembler_module assembler_quick-links-module_3 assembler_module_3  transparent\"><a tabindex=\"-1\" title=\"Section titled module-3\" id=\"module-3\" href=\"https:\/\/bnssghealthiertogether.org.uk\/sq\/wp-json\/wp\/v2\/pages\/35260\/#module-3\" class=\"anchor\"><span class=\"hidden\">Section titled module-3<\/span><\/a><!-- Template found for quick-links-module - Template: template-quick-links - Matched: _only --><section class=\"w-full mx-auto flex flex-col max-w-content pt-3 sm:pt-6 pb-12 sm:pb-24\">\n    <div class=\"flex flex-col w-full gap-8 sm:gap-11 sm:grid sm:grid-cols-12 sm:grid-flow-row\">\n            <div class=\"relative focus-within overflow-hidden transition-shadow focus-within:shadow-lg focus-within:shadow-[rgba(4,17,41,0.4)]  hover:shadow-lg hover:shadow-[rgba(4,17,41,0.4)] sm:col-span-6 lg:col-start-auto lg:row-start-auto lg:col-span-4\">\n                      <div class=\"aspect-w-4 aspect-h-3\">\n                    <picture  class=\" no-lazy\">\n                    <source media=\"(min-width: 640px)\" srcset=\"https:\/\/bnssghealthiertogether.org.uk\/wp-content\/uploads\/2025\/10\/220920-Sirona-Clevedon-Hospital-129-scaled-1-1024x683.jpg.webp 1024w, https:\/\/bnssghealthiertogether.org.uk\/wp-content\/uploads\/2025\/10\/220920-Sirona-Clevedon-Hospital-129-scaled-1-300x200.jpg.webp 300w, https:\/\/bnssghealthiertogether.org.uk\/wp-content\/uploads\/2025\/10\/220920-Sirona-Clevedon-Hospital-129-scaled-1-768x512.jpg.webp 768w, https:\/\/bnssghealthiertogether.org.uk\/wp-content\/uploads\/2025\/10\/220920-Sirona-Clevedon-Hospital-129-scaled-1-1536x1024.jpg.webp 1536w, https:\/\/bnssghealthiertogether.org.uk\/wp-content\/uploads\/2025\/10\/220920-Sirona-Clevedon-Hospital-129-scaled-1-2048x1366.jpg.webp 2048w, https:\/\/bnssghealthiertogether.org.uk\/wp-content\/uploads\/2025\/10\/220920-Sirona-Clevedon-Hospital-129-scaled-1-1320x880.jpg.webp 1320w\" type=\"image\/webp\">\n                    <source media=\"(min-width: 640px)\" srcset=\"https:\/\/bnssghealthiertogether.org.uk\/wp-content\/uploads\/2025\/10\/220920-Sirona-Clevedon-Hospital-129-scaled-1-1024x683.jpg 1024w, https:\/\/bnssghealthiertogether.org.uk\/wp-content\/uploads\/2025\/10\/220920-Sirona-Clevedon-Hospital-129-scaled-1-300x200.jpg 300w, https:\/\/bnssghealthiertogether.org.uk\/wp-content\/uploads\/2025\/10\/220920-Sirona-Clevedon-Hospital-129-scaled-1-768x512.jpg 768w, https:\/\/bnssghealthiertogether.org.uk\/wp-content\/uploads\/2025\/10\/220920-Sirona-Clevedon-Hospital-129-scaled-1-1536x1024.jpg 1536w, https:\/\/bnssghealthiertogether.org.uk\/wp-content\/uploads\/2025\/10\/220920-Sirona-Clevedon-Hospital-129-scaled-1-2048x1366.jpg 2048w, https:\/\/bnssghealthiertogether.org.uk\/wp-content\/uploads\/2025\/10\/220920-Sirona-Clevedon-Hospital-129-scaled-1-1320x880.jpg 1320w\" type=\"image\/jpeg\">\n                    <source media=\"(min-width: 0px)\" srcset=\"https:\/\/bnssghealthiertogether.org.uk\/wp-content\/uploads\/2025\/10\/220920-Sirona-Clevedon-Hospital-129-scaled-1-300x200.jpg.webp 300w, https:\/\/bnssghealthiertogether.org.uk\/wp-content\/uploads\/2025\/10\/220920-Sirona-Clevedon-Hospital-129-scaled-1-1024x683.jpg.webp 1024w, https:\/\/bnssghealthiertogether.org.uk\/wp-content\/uploads\/2025\/10\/220920-Sirona-Clevedon-Hospital-129-scaled-1-768x512.jpg.webp 768w, https:\/\/bnssghealthiertogether.org.uk\/wp-content\/uploads\/2025\/10\/220920-Sirona-Clevedon-Hospital-129-scaled-1-1536x1024.jpg.webp 1536w, https:\/\/bnssghealthiertogether.org.uk\/wp-content\/uploads\/2025\/10\/220920-Sirona-Clevedon-Hospital-129-scaled-1-2048x1366.jpg.webp 2048w, https:\/\/bnssghealthiertogether.org.uk\/wp-content\/uploads\/2025\/10\/220920-Sirona-Clevedon-Hospital-129-scaled-1-1320x880.jpg.webp 1320w\" type=\"image\/webp\">\n                    <source media=\"(min-width: 0px)\" srcset=\"https:\/\/bnssghealthiertogether.org.uk\/wp-content\/uploads\/2025\/10\/220920-Sirona-Clevedon-Hospital-129-scaled-1-300x200.jpg 300w, https:\/\/bnssghealthiertogether.org.uk\/wp-content\/uploads\/2025\/10\/220920-Sirona-Clevedon-Hospital-129-scaled-1-1024x683.jpg 1024w, https:\/\/bnssghealthiertogether.org.uk\/wp-content\/uploads\/2025\/10\/220920-Sirona-Clevedon-Hospital-129-scaled-1-768x512.jpg 768w, https:\/\/bnssghealthiertogether.org.uk\/wp-content\/uploads\/2025\/10\/220920-Sirona-Clevedon-Hospital-129-scaled-1-1536x1024.jpg 1536w, https:\/\/bnssghealthiertogether.org.uk\/wp-content\/uploads\/2025\/10\/220920-Sirona-Clevedon-Hospital-129-scaled-1-2048x1366.jpg 2048w, https:\/\/bnssghealthiertogether.org.uk\/wp-content\/uploads\/2025\/10\/220920-Sirona-Clevedon-Hospital-129-scaled-1-1320x880.jpg 1320w\" type=\"image\/jpeg\">\n                          <img decoding=\"async\" src=\"https:\/\/bnssghealthiertogether.org.uk\/wp-content\/uploads\/2025\/10\/220920-Sirona-Clevedon-Hospital-129-scaled-1-300x200.jpg\" width=\"300\"  height=\"200\"  alt=\"\"   class=\"w-full h-full object-cover no-lazy\" \/>\n              <\/picture>\n                <\/div>\n                    <div class=\"relative p-6 space-y-5 sm:space-y-11 h-full bg-primary text-white\">\n            <h2 class=\"text-2xl leading-42 line-clamp-2\">Local minor injury units and treatment<\/h2>\n                                  <\/div>\n                                <a class=\"absolute inset-0\" href=\"https:\/\/sirona-cic.org.uk\/nhsservices\/adult-services\/minor-injuries-and-urgent-treatment\/\" rel=\"noopener\">\n              <span class=\"sr-only\">Local minor injury units and treatment<\/span>\n            <\/a>\n                  <\/div>\n            <div class=\"relative focus-within overflow-hidden transition-shadow focus-within:shadow-lg focus-within:shadow-[rgba(4,17,41,0.4)]  hover:shadow-lg hover:shadow-[rgba(4,17,41,0.4)] sm:col-span-6 lg:col-start-auto lg:row-start-auto lg:col-span-4\">\n                      <div class=\"aspect-w-4 aspect-h-3\">\n                    <picture  class=\" no-lazy\">\n                    <source media=\"(min-width: 640px)\" srcset=\"https:\/\/bnssghealthiertogether.org.uk\/wp-content\/uploads\/2025\/05\/DSC07796-1024x738.jpg.webp 1024w, https:\/\/bnssghealthiertogether.org.uk\/wp-content\/uploads\/2025\/05\/DSC07796-300x216.jpg.webp 300w, https:\/\/bnssghealthiertogether.org.uk\/wp-content\/uploads\/2025\/05\/DSC07796-768x554.jpg.webp 768w, https:\/\/bnssghealthiertogether.org.uk\/wp-content\/uploads\/2025\/05\/DSC07796-1536x1108.jpg.webp 1536w, https:\/\/bnssghealthiertogether.org.uk\/wp-content\/uploads\/2025\/05\/DSC07796-2048x1477.jpg.webp 2048w, https:\/\/bnssghealthiertogether.org.uk\/wp-content\/uploads\/2025\/05\/DSC07796-1320x952.jpg.webp 1320w\" type=\"image\/webp\">\n                    <source media=\"(min-width: 640px)\" srcset=\"https:\/\/bnssghealthiertogether.org.uk\/wp-content\/uploads\/2025\/05\/DSC07796-1024x738.jpg 1024w, https:\/\/bnssghealthiertogether.org.uk\/wp-content\/uploads\/2025\/05\/DSC07796-300x216.jpg 300w, https:\/\/bnssghealthiertogether.org.uk\/wp-content\/uploads\/2025\/05\/DSC07796-768x554.jpg 768w, https:\/\/bnssghealthiertogether.org.uk\/wp-content\/uploads\/2025\/05\/DSC07796-1536x1108.jpg 1536w, https:\/\/bnssghealthiertogether.org.uk\/wp-content\/uploads\/2025\/05\/DSC07796-2048x1477.jpg 2048w, https:\/\/bnssghealthiertogether.org.uk\/wp-content\/uploads\/2025\/05\/DSC07796-1320x952.jpg 1320w\" type=\"image\/jpeg\">\n                    <source media=\"(min-width: 0px)\" srcset=\"https:\/\/bnssghealthiertogether.org.uk\/wp-content\/uploads\/2025\/05\/DSC07796-300x216.jpg.webp 300w, https:\/\/bnssghealthiertogether.org.uk\/wp-content\/uploads\/2025\/05\/DSC07796-1024x738.jpg.webp 1024w, https:\/\/bnssghealthiertogether.org.uk\/wp-content\/uploads\/2025\/05\/DSC07796-768x554.jpg.webp 768w, https:\/\/bnssghealthiertogether.org.uk\/wp-content\/uploads\/2025\/05\/DSC07796-1536x1108.jpg.webp 1536w, https:\/\/bnssghealthiertogether.org.uk\/wp-content\/uploads\/2025\/05\/DSC07796-2048x1477.jpg.webp 2048w, https:\/\/bnssghealthiertogether.org.uk\/wp-content\/uploads\/2025\/05\/DSC07796-1320x952.jpg.webp 1320w\" type=\"image\/webp\">\n                    <source media=\"(min-width: 0px)\" srcset=\"https:\/\/bnssghealthiertogether.org.uk\/wp-content\/uploads\/2025\/05\/DSC07796-300x216.jpg 300w, https:\/\/bnssghealthiertogether.org.uk\/wp-content\/uploads\/2025\/05\/DSC07796-1024x738.jpg 1024w, https:\/\/bnssghealthiertogether.org.uk\/wp-content\/uploads\/2025\/05\/DSC07796-768x554.jpg 768w, https:\/\/bnssghealthiertogether.org.uk\/wp-content\/uploads\/2025\/05\/DSC07796-1536x1108.jpg 1536w, https:\/\/bnssghealthiertogether.org.uk\/wp-content\/uploads\/2025\/05\/DSC07796-2048x1477.jpg 2048w, https:\/\/bnssghealthiertogether.org.uk\/wp-content\/uploads\/2025\/05\/DSC07796-1320x952.jpg 1320w\" type=\"image\/jpeg\">\n                          <img decoding=\"async\" src=\"https:\/\/bnssghealthiertogether.org.uk\/wp-content\/uploads\/2025\/05\/DSC07796-300x216.jpg\" width=\"300\"  height=\"216\"  alt=\"\"   class=\"w-full h-full object-cover no-lazy\" \/>\n              <\/picture>\n                <\/div>\n                    <div class=\"relative p-6 space-y-5 sm:space-y-11 h-full bg-primary text-white\">\n            <h2 class=\"text-2xl leading-42 line-clamp-2\">Which NHS service should I use?<\/h2>\n                                  <\/div>\n                                <a class=\"absolute inset-0\" href=\"https:\/\/bnssghealthiertogether.org.uk\/sq\/your-health\/which-nhs-service-should-i-use\/\">\n              <span class=\"sr-only\">Which NHS service should I use?<\/span>\n            <\/a>\n                  <\/div>\n            <div class=\"relative focus-within overflow-hidden transition-shadow focus-within:shadow-lg focus-within:shadow-[rgba(4,17,41,0.4)]  hover:shadow-lg hover:shadow-[rgba(4,17,41,0.4)] sm:col-start-4 sm:row-start-2 sm:col-span-6 lg:col-start-auto lg:row-start-auto lg:col-span-4\">\n                      <div class=\"aspect-w-4 aspect-h-3\">\n                    <picture  class=\" no-lazy\">\n                    <source media=\"(min-width: 640px)\" srcset=\"https:\/\/bnssghealthiertogether.org.uk\/wp-content\/uploads\/2024\/12\/DSC_0755.jpg.webp 1024w, https:\/\/bnssghealthiertogether.org.uk\/wp-content\/uploads\/2024\/12\/DSC_0755-300x200.jpg.webp 300w, https:\/\/bnssghealthiertogether.org.uk\/wp-content\/uploads\/2024\/12\/DSC_0755-768x513.jpg.webp 768w\" type=\"image\/webp\">\n                    <source media=\"(min-width: 640px)\" srcset=\"https:\/\/bnssghealthiertogether.org.uk\/wp-content\/uploads\/2024\/12\/DSC_0755.jpg 1024w, https:\/\/bnssghealthiertogether.org.uk\/wp-content\/uploads\/2024\/12\/DSC_0755-300x200.jpg 300w, https:\/\/bnssghealthiertogether.org.uk\/wp-content\/uploads\/2024\/12\/DSC_0755-768x513.jpg 768w\" type=\"image\/jpeg\">\n                    <source media=\"(min-width: 0px)\" srcset=\"https:\/\/bnssghealthiertogether.org.uk\/wp-content\/uploads\/2024\/12\/DSC_0755-300x200.jpg.webp 300w, https:\/\/bnssghealthiertogether.org.uk\/wp-content\/uploads\/2024\/12\/DSC_0755-768x513.jpg.webp 768w, https:\/\/bnssghealthiertogether.org.uk\/wp-content\/uploads\/2024\/12\/DSC_0755.jpg.webp 1024w\" type=\"image\/webp\">\n                    <source media=\"(min-width: 0px)\" srcset=\"https:\/\/bnssghealthiertogether.org.uk\/wp-content\/uploads\/2024\/12\/DSC_0755-300x200.jpg 300w, https:\/\/bnssghealthiertogether.org.uk\/wp-content\/uploads\/2024\/12\/DSC_0755-768x513.jpg 768w, https:\/\/bnssghealthiertogether.org.uk\/wp-content\/uploads\/2024\/12\/DSC_0755.jpg 1024w\" type=\"image\/jpeg\">\n                          <img decoding=\"async\" src=\"https:\/\/bnssghealthiertogether.org.uk\/wp-content\/uploads\/2024\/12\/DSC_0755-300x200.jpg\" width=\"300\"  height=\"200\"  alt=\"\"   class=\"w-full h-full object-cover no-lazy\" \/>\n              <\/picture>\n                <\/div>\n                    <div class=\"relative p-6 space-y-5 sm:space-y-11 h-full bg-primary text-white\">\n            <h2 class=\"text-2xl leading-42 line-clamp-2\">When to go to A&amp;E<\/h2>\n                                  <\/div>\n                                <a class=\"absolute inset-0\" href=\"https:\/\/www.nhs.uk\/nhs-services\/urgent-and-emergency-care-services\/when-to-go-to-ae\/\" rel=\"noopener\">\n              <span class=\"sr-only\">When to go to A&amp;E<\/span>\n            <\/a>\n                  <\/div>\n      <\/div>\n<\/section>\n<\/div><!-- .assembler_quick-links-module.assembler_module.assembler_quick-links-module_3.assembler_module_3..transparent --><\/div><!-- .assembler_module_area.assembler_module_area_1 --><\/div><!-- .assembler_default-group.assembler_module_group.assembler_default-group_1.assembler_module_group_1  -->","protected":false},"excerpt":{"rendered":"<p>Simple steps to help you treat common illnesses at home<\/p>","protected":false},"author":28,"featured_media":0,"parent":35232,"menu_order":0,"comment_status":"closed","ping_status":"closed","template":"","meta":{"_acf_changed":false,"footnotes":""},"tags":[],"class_list":["post-35260","page","type-page","status-publish","hentry"],"acf":[],"_links":{"self":[{"href":"https:\/\/bnssghealthiertogether.org.uk\/sq\/wp-json\/wp\/v2\/pages\/35260","targetHints":{"allow":["GET"]}}],"collection":[{"href":"https:\/\/bnssghealthiertogether.org.uk\/sq\/wp-json\/wp\/v2\/pages"}],"about":[{"href":"https:\/\/bnssghealthiertogether.org.uk\/sq\/wp-json\/wp\/v2\/types\/page"}],"author":[{"embeddable":true,"href":"https:\/\/bnssghealthiertogether.org.uk\/sq\/wp-json\/wp\/v2\/users\/28"}],"replies":[{"embeddable":true,"href":"https:\/\/bnssghealthiertogether.org.uk\/sq\/wp-json\/wp\/v2\/comments?post=35260"}],"version-history":[{"count":14,"href":"https:\/\/bnssghealthiertogether.org.uk\/sq\/wp-json\/wp\/v2\/pages\/35260\/revisions"}],"predecessor-version":[{"id":44158,"href":"https:\/\/bnssghealthiertogether.org.uk\/sq\/wp-json\/wp\/v2\/pages\/35260\/revisions\/44158"}],"up":[{"embeddable":true,"href":"https:\/\/bnssghealthiertogether.org.uk\/sq\/wp-json\/wp\/v2\/pages\/35232"}],"wp:attachment":[{"href":"https:\/\/bnssghealthiertogether.org.uk\/sq\/wp-json\/wp\/v2\/media?parent=35260"}],"wp:term":[{"taxonomy":"post_tag","embeddable":true,"href":"https:\/\/bnssghealthiertogether.org.uk\/sq\/wp-json\/wp\/v2\/tags?post=35260"}],"curies":[{"name":"wp","href":"https:\/\/api.w.org\/{rel}","templated":true}]}}