{"id":35626,"date":"2025-01-08T16:30:40","date_gmt":"2025-01-08T16:30:40","guid":{"rendered":"https:\/\/bnssghealthiertogether.org.uk\/?page_id=35626"},"modified":"2025-03-13T12:18:03","modified_gmt":"2025-03-13T12:18:03","slug":"exceptional-funding","status":"publish","type":"page","link":"https:\/\/bnssghealthiertogether.org.uk\/sq\/integrated-care-board\/innf\/exceptional-funding\/","title":{"rendered":"Financim i jasht\u00ebzakonsh\u00ebm"},"content":{"rendered":"<div class=\"assembler_default-group assembler_module_group assembler_default-group_1 assembler_module_group_1\"><div class=\"assembler_module_area assembler_module_area_1\"><div class=\"assembler_text-module assembler_module assembler_text-module_1 assembler_module_1  transparent\"><a tabindex=\"-1\" title=\"Seksioni me titull module-1\" id=\"module-1\" href=\"https:\/\/bnssghealthiertogether.org.uk\/sq\/wp-json\/wp\/v2\/pages\/35626\/#module-1\" class=\"anchor\"><span class=\"hidden\">Seksioni me titull module-1<\/span><\/a><!-- Template found for text-module - Template: template-text - Matched: _only --><section class=\"w-full mx-auto max-w-content pt-12 sm:pt-24 pb-12 sm:pb-24\">\r\n  <div class=\"entry-content w-full !px-0 max-w-small\">\r\n        <h1>Financim i jasht\u00ebzakonsh\u00ebm<\/h1>\n<p>Ju lutemi vini re se q\u00eb nga 1 qershori 2024 do t\u00eb p\u00ebrfundojm\u00eb ndryshimin e emrit t\u00eb K\u00ebrkes\u00ebs p\u00ebr Financim Individual (IFR) n\u00eb K\u00ebrkes\u00eb p\u00ebr Financim t\u00eb Jasht\u00ebzakonsh\u00ebm (EFR). \u00c7do referenc\u00eb ndaj IFR ose EFR duhet t\u00eb merret si referenc\u00eb p\u00ebr procesin e k\u00ebrkimit t\u00eb fondeve p\u00ebr trajtimet q\u00eb nuk financohen rregullisht nga Bristol, North Somerset dhe South Gloucestershire ICB.<\/p>\n<p>Nj\u00eb K\u00ebrkes\u00eb p\u00ebr Financim t\u00eb Jasht\u00ebzakonsh\u00ebm (EFR) \u00ebsht\u00eb rruga me t\u00eb cil\u00ebn profesionisti juaj i sh\u00ebndetit mund t\u00eb aplikoj\u00eb n\u00eb emrin tuaj p\u00ebr trajtime, ila\u00e7e dhe pajisje (t\u00eb referuara s\u00eb bashku si nd\u00ebrhyrje) q\u00eb ne nuk i financojm\u00eb rregullisht.<\/p>\n<p>Ekzistojn\u00eb dy situata ku ne nuk porosisim rregullisht nj\u00eb nd\u00ebrhyrje. K\u00ebto jan\u00eb kur:<\/p>\n<ul>\n<li>Ne nuk e porosisim nd\u00ebrhyrjen p\u00ebr ask\u00ebnd me k\u00ebt\u00eb gjendje<\/li>\n<li>pacienti nuk i plot\u00ebson kriteret e p\u00ebrcaktuara n\u00eb politik\u00ebn e porositjes p\u00ebr k\u00ebt\u00eb nd\u00ebrhyrje<\/li>\n<\/ul>\n<p>Profesionisti juaj sh\u00ebndet\u00ebsor do t\u00eb jet\u00eb n\u00eb gjendje t\u00eb identifikoj\u00eb n\u00ebse procesi EFR zbatohet p\u00ebr ju n\u00ebse ata vler\u00ebsojn\u00eb se keni nj\u00eb gjendje mjek\u00ebsore q\u00eb \u00ebsht\u00eb &#039;klinikisht e jasht\u00ebzakonshme&#039;, d.m.th. keni nj\u00eb s\u00ebr\u00eb rrethanash q\u00eb jan\u00eb shum\u00eb t\u00eb ndryshme nga kushdo tjet\u00ebr me t\u00eb nj\u00ebjt\u00ebn gjendje ose nj\u00eb gjendje t\u00eb ngjashme. N\u00ebse \u00ebsht\u00eb ky rasti, ata mund t\u00eb plot\u00ebsojn\u00eb nj\u00eb formular aplikimi p\u00ebr EFR dhe ta na e d\u00ebrgojn\u00eb. N\u00ebse jan\u00eb dh\u00ebn\u00eb prova t\u00eb mjaftueshme, rasti juaj do t\u00eb shqyrtohet n\u00eb nj\u00eb takim t\u00eb panelit EFR.<\/p>\n<p>Paneli i K\u00ebrkesave p\u00ebr Financim t\u00eb Jasht\u00ebzakonsh\u00ebm, i cili takohet \u00e7do muaj, \u00ebsht\u00eb nj\u00eb grup i vog\u00ebl profesionist\u00ebsh t\u00eb sh\u00ebndet\u00ebsis\u00eb, duke p\u00ebrfshir\u00eb mjek\u00eb t\u00eb p\u00ebrgjithsh\u00ebm, p\u00ebrfaq\u00ebsues t\u00eb Sh\u00ebndetit Publik dhe nj\u00eb person laik (p\u00ebrfaq\u00ebsues i pacient\u00ebve).<\/p>\n<p>Paneli mund t\u00eb bjer\u00eb dakord t\u00eb financoj\u00eb nd\u00ebrhyrjen tuaj, t\u00eb k\u00ebrkoj\u00eb m\u00eb shum\u00eb informacion ose t\u00eb refuzoj\u00eb financimin e k\u00ebrkes\u00ebs. Ata do t&#039;ju d\u00ebrgojn\u00eb nj\u00eb let\u00ebr juve dhe mjekut tuaj duke p\u00ebrshkruar vendimin e panelit brenda <strong>5 dit\u00eb pune<\/strong> t\u00eb takimit.<\/p>\n<h2>\u00c7far\u00eb \u00ebsht\u00eb p\u00ebrjashtimi klinik?<\/h2>\n<p>P\u00ebr t&#039;u kualifikuar p\u00ebr shqyrtim si nj\u00eb K\u00ebrkes\u00eb p\u00ebr Financim t\u00eb Jasht\u00ebzakonsh\u00ebm, nj\u00eb rast duhet t\u00eb ngrihet nga klinicisti juaj referues p\u00ebr arsye mjek\u00ebsore sepse:<\/p>\n<ul>\n<li>keni nj\u00eb gjendje mjek\u00ebsore ose paraqitje klinike q\u00eb konsiderohet e rrall\u00eb, d.m.th. nuk presim t\u00eb shohim m\u00eb shum\u00eb se nj\u00eb pacient tjet\u00ebr n\u00eb t\u00eb nj\u00ebjtat ose rrethana t\u00eb ngjashme n\u00eb zon\u00ebn e tij gjeografike brenda nj\u00eb periudhe 12-mujore, p\u00ebrve\u00e7 n\u00ebse pacient\u00eb t\u00eb ngjash\u00ebm jan\u00eb nga i nj\u00ebjti grup familjar, gj\u00eb q\u00eb mund t\u00eb ndodh\u00eb n\u00eb kontekstin e nj\u00eb s\u00ebmundjeje t\u00eb rrall\u00eb gjenetike dhe se nuk kemi nj\u00eb politik\u00eb t\u00eb qart\u00eb komisionimi sepse kjo nuk justifikohet nga probabiliteti i ul\u00ebt i ndodhjes s\u00eb gjendjes n\u00eb popullat\u00ebn ton\u00eb. Ky \u00ebsht\u00eb kriteri mbi &#039;Rrall\u00ebsin\u00eb&#039;.<\/li>\n<li>ose kur ne nuk e porosisim rregullisht nd\u00ebrhyrjen p\u00ebr ju sepse nuk i plot\u00ebsoni kriteret specifike, klinicisti juaj referues mund t\u00eb paraqes\u00eb nj\u00eb rast q\u00eb ju jeni klinikisht i jasht\u00ebzakonsh\u00ebm duke demonstruar se (a) jeni duksh\u00ebm t\u00eb ndrysh\u00ebm n\u00eb nj\u00eb far\u00eb m\u00ebnyre klinike nga grupi i pacient\u00ebve me t\u00eb nj\u00ebjt\u00ebn gjendje n\u00eb t\u00eb nj\u00ebjt\u00ebn faz\u00eb t\u00eb p\u00ebrparimit p\u00ebr t\u00eb cil\u00ebt ne nuk e financojm\u00eb nd\u00ebrhyrjen dhe (b) ka t\u00eb ngjar\u00eb t\u00eb p\u00ebrfitoni duksh\u00ebm m\u00eb shum\u00eb p\u00ebrfitim klinik nga nd\u00ebrhyrja sesa ai grup. Ky \u00ebsht\u00eb kriteri i &#039;p\u00ebrjashtueshm\u00ebris\u00eb klinike&#039;.<\/li>\n<\/ul>\n<p>Ne kemi zhvilluar nj\u00eb <a href=\"https:\/\/bnssghealthiertogether.org.uk\/wp-content\/uploads\/2022\/07\/BNSSG_CCG_Ethical_Framework_for_Decision-Making_22_January_2019.pdf\" target=\"_blank\" rel=\"nofollow noopener\">Korniza Etike p\u00ebr vendimmarrje<\/a> p\u00ebr t\u00eb demonstruar q\u00ebndrueshm\u00ebri n\u00eb t\u00eb gjitha aspektet e v\u00ebnies n\u00eb pun\u00eb.<\/p>\n<h3>Formulari i Aplikimit p\u00ebr K\u00ebrkes\u00eb p\u00ebr Financim t\u00eb Jasht\u00ebzakonsh\u00ebm (EFR)<\/h3>\n<p>E <a href=\"https:\/\/bnssghealthiertogether.org.uk\/sq\/library\/exceptional-funding-request-efr-application-form\/\" target=\"_blank\" rel=\"nofollow noopener\">Formulari i Aplikimit p\u00ebr K\u00ebrkes\u00eb p\u00ebr Financim t\u00eb Jasht\u00ebzakonsh\u00ebm (EFR)<\/a> duhet t\u00eb plot\u00ebsohet kur aplikoni p\u00ebr trajtime q\u00eb normalisht nuk porositen nga ICB.<\/p>\n<h3>Formulari i Aplikimit p\u00ebr Barna p\u00ebr K\u00ebrkes\u00eb p\u00ebr Financim t\u00eb Jasht\u00ebzakonsh\u00ebm (EFR)<\/h3>\n<p>E <a href=\"https:\/\/bnssghealthiertogether.org.uk\/wp-content\/uploads\/2022\/12\/EFR_Drug_funding_request_application_form.doc\" target=\"_blank\" rel=\"nofollow noopener\">Formulari i Aplikimit p\u00ebr Barna p\u00ebr K\u00ebrkes\u00eb p\u00ebr Financim t\u00eb Jasht\u00ebzakonsh\u00ebm (EFR)<\/a> duhet t\u00eb plot\u00ebsohet kur aplikoni p\u00ebr ila\u00e7e ose barna q\u00eb normalisht nuk porositen nga ICB. Ju lutemi referojuni Listave t\u00eb Nd\u00ebrhyrjeve q\u00eb Nuk Financohen Normalisht (INNF) p\u00ebrpara se t\u00eb b\u00ebni nj\u00eb aplikim.<\/p>\n<h3>Politika e K\u00ebrkes\u00ebs p\u00ebr Financim t\u00eb Jasht\u00ebzakonsh\u00ebm (EFR)<\/h3>\n<p>E <a href=\"https:\/\/bnssghealthiertogether.org.uk\/wp-content\/uploads\/2022\/07\/20220708_Exceptional_funding_requests_policy_and_procedures_ICB-FINAL.pdf\">Politika e K\u00ebrkes\u00ebs p\u00ebr Financim t\u00eb Jasht\u00ebzakonsh\u00ebm (EFR)<\/a> shpjegon procesin EFR n\u00eb Bristol, North Somerset dhe South Gloucestershire ICB.<\/p>\n  <\/div>\r\n  <\/section><\/div><!-- .assembler_text-module.assembler_module.assembler_text-module_1.assembler_module_1..transparent --><\/div><!-- .assembler_module_area.assembler_module_area_1 --><\/div><!-- .assembler_default-group.assembler_module_group.assembler_default-group_1.assembler_module_group_1  -->","protected":false},"excerpt":{"rendered":"<p>An Exceptional Funding Request is the route by which your health professional can apply on your behalf for treatments, drugs and devices the ICB does not routinely fund.<\/p>","protected":false},"author":7,"featured_media":0,"parent":12037,"menu_order":0,"comment_status":"closed","ping_status":"closed","template":"","meta":{"_acf_changed":false,"footnotes":""},"tags":[970,971,976],"class_list":["post-35626","page","type-page","status-publish","hentry","tag-efr","tag-ifr","tag-individual-funding"],"acf":[],"_links":{"self":[{"href":"https:\/\/bnssghealthiertogether.org.uk\/sq\/wp-json\/wp\/v2\/pages\/35626","targetHints":{"allow":["GET"]}}],"collection":[{"href":"https:\/\/bnssghealthiertogether.org.uk\/sq\/wp-json\/wp\/v2\/pages"}],"about":[{"href":"https:\/\/bnssghealthiertogether.org.uk\/sq\/wp-json\/wp\/v2\/types\/page"}],"author":[{"embeddable":true,"href":"https:\/\/bnssghealthiertogether.org.uk\/sq\/wp-json\/wp\/v2\/users\/7"}],"replies":[{"embeddable":true,"href":"https:\/\/bnssghealthiertogether.org.uk\/sq\/wp-json\/wp\/v2\/comments?post=35626"}],"version-history":[{"count":3,"href":"https:\/\/bnssghealthiertogether.org.uk\/sq\/wp-json\/wp\/v2\/pages\/35626\/revisions"}],"predecessor-version":[{"id":38134,"href":"https:\/\/bnssghealthiertogether.org.uk\/sq\/wp-json\/wp\/v2\/pages\/35626\/revisions\/38134"}],"up":[{"embeddable":true,"href":"https:\/\/bnssghealthiertogether.org.uk\/sq\/wp-json\/wp\/v2\/pages\/12037"}],"wp:attachment":[{"href":"https:\/\/bnssghealthiertogether.org.uk\/sq\/wp-json\/wp\/v2\/media?parent=35626"}],"wp:term":[{"taxonomy":"post_tag","embeddable":true,"href":"https:\/\/bnssghealthiertogether.org.uk\/sq\/wp-json\/wp\/v2\/tags?post=35626"}],"curies":[{"name":"wp","href":"https:\/\/api.w.org\/{rel}","templated":true}]}}