{"id":37031,"date":"2025-02-03T16:29:09","date_gmt":"2025-02-03T16:29:09","guid":{"rendered":"https:\/\/bnssghealthiertogether.org.uk\/?page_id=37031"},"modified":"2025-04-16T16:45:51","modified_gmt":"2025-04-16T15:45:51","slug":"freedom-of-information-publication-scheme","status":"publish","type":"page","link":"https:\/\/bnssghealthiertogether.org.uk\/sq\/integrated-care-board\/contact-us\/freedom-of-information-requests\/freedom-of-information-publication-scheme\/","title":{"rendered":"Skema e Publikimit t\u00eb Liris\u00eb s\u00eb Informacionit"},"content":{"rendered":"<div class=\"assembler_default-group assembler_module_group assembler_default-group_1 assembler_module_group_1\"><div class=\"assembler_module_area assembler_module_area_1\"><div class=\"assembler_text-module assembler_module assembler_text-module_1 assembler_module_1  transparent\"><a tabindex=\"-1\" title=\"Seksioni me titull module-1\" id=\"module-1\" href=\"https:\/\/bnssghealthiertogether.org.uk\/sq\/wp-json\/wp\/v2\/pages\/37031\/#module-1\" class=\"anchor\"><span class=\"hidden\">Seksioni me titull module-1<\/span><\/a><!-- Template found for text-module - Template: template-text - Matched: _only --><section class=\"w-full mx-auto max-w-content pt-12 sm:pt-24 pb-3 sm:pb-6\">\r\n  <div class=\"entry-content w-full !px-0 max-w-small\">\r\n        <h1>Skema e Publikimit t\u00eb Liris\u00eb s\u00eb Informacionit<\/h1>\n<p>Bordi i Kujdesit t\u00eb Integruar (ICB) i NHS Bristol, North Somerset dhe South Gloucestershire \u00ebsht\u00eb i p\u00ebrkushtuar p\u00ebr t\u00eb p\u00ebrmbushur k\u00ebrkesat statutore t\u00eb Aktit t\u00eb Liris\u00eb s\u00eb Informacionit dhe si i till\u00eb ka miratuar Skem\u00ebn e Publikimit t\u00eb Zyr\u00ebs s\u00eb Komisioner\u00ebve t\u00eb Informacionit (ICO).<\/p>\n<p>Skema e publikimit identifikon shtat\u00eb klasa informacioni q\u00eb duhet t\u00eb publikohen nga organet publike.<\/p>\n<ul>\n<li><a href=\"#module-2\">kush jemi dhe \u00e7far\u00eb b\u00ebjm\u00eb<\/a><\/li>\n<li><a href=\"#module-3\">\u00e7far\u00eb shpenzojm\u00eb dhe si e shpenzojm\u00eb at\u00eb<\/a><\/li>\n<li><a href=\"#module-4\">Cilat jan\u00eb prioritetet tona dhe si po veprojm\u00eb?<\/a><\/li>\n<li><a href=\"#module-5\">si marrim vendime<\/a><\/li>\n<li><a href=\"#module-6\">politikat dhe procedurat<\/a><\/li>\n<li><a href=\"#module-7\">listat dhe regjistrat<\/a><\/li>\n<li><a href=\"#module-8\">sh\u00ebrbimet q\u00eb ofrojm\u00eb<\/a><\/li>\n<\/ul>\n<p>An\u00ebtar\u00ebt e publikut duhet t\u00eb jen\u00eb n\u00eb gjendje t\u00eb ken\u00eb akses t\u00eb rregullt n\u00eb informacionin q\u00eb \u00ebsht\u00eb n\u00eb interes t\u00eb publikut dhe \u00ebsht\u00eb i sigurt p\u00ebr t&#039;u zbuluar. Skema e publikimit \u00ebsht\u00eb hartuar p\u00ebr t&#039;i orientuar individ\u00ebt drejt informacionit q\u00eb kemi n\u00eb dispozicion.<\/p>\n<p>ICB funksionon n\u00eb p\u00ebrputhje me skem\u00ebn e publikimit dhe m\u00eb posht\u00eb mund t\u00eb gjeni nj\u00eb p\u00ebrshkrim t\u00eb shkurt\u00ebr t\u00eb secil\u00ebs prej shtat\u00eb klasave t\u00eb informacionit, si dhe lidhje p\u00ebr dokumente dhe faqe p\u00ebrkat\u00ebse.<\/p>\n<p>Ekzistojn\u00eb gjithashtu nj\u00eb num\u00ebr dokumentesh ky\u00e7e q\u00eb mendojm\u00eb se publiku mund t&#039;i gjej\u00eb t\u00eb dobishme. K\u00ebto jan\u00eb t\u00eb lidhura m\u00eb posht\u00eb n\u00ebn titullin &#039;Dokumente t\u00eb tjera ky\u00e7e&#039;.<\/p>\n<p>An\u00ebtar\u00ebt e publikut q\u00eb d\u00ebshirojn\u00eb qasje n\u00eb informacion q\u00eb nuk p\u00ebrfshihet n\u00eb k\u00ebt\u00eb faqe mund t\u00eb b\u00ebjn\u00eb nj\u00eb k\u00ebrkes\u00eb p\u00ebr lirin\u00eb e informacionit. P\u00ebr m\u00eb shum\u00eb informacion se si t\u00eb b\u00ebni nj\u00eb k\u00ebrkes\u00eb p\u00ebr lirin\u00eb e informacionit (FOI), ju lutemi vizitoni faqen ton\u00eb t\u00eb internetit. <a href=\"https:\/\/bnssghealthiertogether.org.uk\/sq\/integrated-care-board\/contact-us\/\">faqja e kontaktit me ne<\/a>.<\/p>\n<p>P\u00ebr m\u00eb shum\u00eb informacion mbi skem\u00ebn e publikimit, ju lutemi <a href=\"https:\/\/ico.org.uk\/for-organisations\/guide-to-freedom-of-information\/publication-scheme\/\" target=\"_blank\" rel=\"noopener\">vizitoni faqen e internetit t\u00eb ICO-s\u00eb<\/a>.<\/p>\n<p>Ju lutemi vini re se disa nga lidhjet n\u00eb k\u00ebt\u00eb faqe t\u00eb \u00e7ojn\u00eb n\u00eb faqen e internetit t\u00eb arkivuar t\u00eb CCG-s\u00eb. Pasi k\u00ebto faqe dhe dokumente t\u00eb jen\u00eb gati p\u00ebr ICB-n\u00eb, lidhjet do t\u00eb p\u00ebrdit\u00ebsohen.<\/p>\n  <\/div>\r\n  <\/section><\/div><!-- .assembler_text-module.assembler_module.assembler_text-module_1.assembler_module_1..transparent --><div class=\"assembler_text-module assembler_module assembler_text-module_2 assembler_module_2  transparent\"><a tabindex=\"-1\" title=\"Seksioni me titull module-2\" id=\"module-2\" href=\"https:\/\/bnssghealthiertogether.org.uk\/sq\/wp-json\/wp\/v2\/pages\/37031\/#module-2\" class=\"anchor\"><span class=\"hidden\">Seksioni me titull module-2<\/span><\/a><!-- Template found for text-module - Template: template-text - Matched: _only --><section class=\"w-full mx-auto max-w-content pt-3 sm:pt-6 pb-3 sm:pb-6\">\r\n  <div class=\"entry-content w-full !px-0 max-w-small\">\r\n        <h2>Kush jemi dhe \u00e7far\u00eb b\u00ebjm\u00eb<\/h2>\n<p>Kjo p\u00ebrshkruan se si ICB p\u00ebrshtatet n\u00eb Struktur\u00ebn e NHS-s\u00eb, duke zgjeruar rolet dhe p\u00ebrgjegj\u00ebsit\u00eb tona. Ju gjithashtu mund t\u00eb qaseni n\u00eb dokumente dhe informacione q\u00eb lidhen me struktur\u00ebn ton\u00eb organizative, si dhe detaje t\u00eb an\u00ebtar\u00ebve t\u00eb bordit dhe personelit tjet\u00ebr ky\u00e7.<\/p>\n<ul>\n<li><a href=\"https:\/\/bnssghealthiertogether.org.uk\/sq\/integrated-care-board\/about-us\/\">Kush jemi dhe \u00e7far\u00eb b\u00ebjm\u00eb<\/a><\/li>\n<\/ul>\n  <\/div>\r\n  <\/section><\/div><!-- .assembler_text-module.assembler_module.assembler_text-module_2.assembler_module_2..transparent --><div class=\"assembler_text-module assembler_module assembler_text-module_3 assembler_module_3  transparent\"><a tabindex=\"-1\" title=\"Seksioni me titull module-3\" id=\"module-3\" href=\"https:\/\/bnssghealthiertogether.org.uk\/sq\/wp-json\/wp\/v2\/pages\/37031\/#module-3\" class=\"anchor\"><span class=\"hidden\">Seksioni me titull module-3<\/span><\/a><!-- Template found for text-module - Template: template-text - Matched: _only --><section class=\"w-full mx-auto max-w-content pt-3 sm:pt-6 pb-3 sm:pb-6\">\r\n  <div class=\"entry-content w-full !px-0 max-w-small\">\r\n        <h2>\u00c7far\u00eb shpenzojm\u00eb dhe si e shpenzojm\u00eb at\u00eb<\/h2>\n<p>Kjo p\u00ebrfshin informacion financiar mbi t\u00eb ardhurat e parashikuara dhe aktuale, buxhetet dhe shpenzimet, prokurimin, tenderimin dhe kontratat.<\/p>\n<p>Lidhur me pagat e stafit dhe rimbursimin e kostove t\u00eb udh\u00ebtimit, ne ndjekim Axhend\u00ebn p\u00ebr Ndryshim (AfC), e cila \u00ebsht\u00eb sistemi aktual i gradimit dhe pagave t\u00eb Sh\u00ebrbimit Komb\u00ebtar Sh\u00ebndet\u00ebsor (NHS) p\u00ebr t\u00eb gjith\u00eb stafin e NHS (duke p\u00ebrjashtuar mjek\u00ebt, dentist\u00ebt dhe disa menaxher\u00eb t\u00eb lart\u00eb).<\/p>\n<p>Detajet e rimbursimit t\u00eb kostove t\u00eb udh\u00ebtimit dhe shpenzimeve t\u00eb jetes\u00ebs p\u00ebr punonj\u00ebsit e NHS mund t\u00eb gjenden n\u00eb <a href=\"http:\/\/www.nhsemployers.org\/your-workforce\/pay-and-reward\/agenda-for-change\/nhs-terms-and-conditions-of-service-handbook\" target=\"_blank\" rel=\"nofollow noopener\">Manuali i Kushteve dhe Rregullave t\u00eb Sh\u00ebrbimit t\u00eb NHS-s\u00eb<\/a>.<\/p>\n<ul>\n<li><a href=\"https:\/\/bnssghealthiertogether.org.uk\/sq\/library\/?keywords=spend+over+%C2%A325%2C000&amp;start_date=&amp;end_date=&amp;orderby=&amp;order=\">Shpenzoni mbi 25 mij\u00eb paund<\/a><\/li>\n<li><a href=\"https:\/\/bnssghealthiertogether.org.uk\/sq\/integrated-care-board\/about-us\/annual-reports\/\">Raportet dhe Llogarit\u00eb Vjetore<\/a><\/li>\n<\/ul>\n  <\/div>\r\n  <\/section><\/div><!-- .assembler_text-module.assembler_module.assembler_text-module_3.assembler_module_3..transparent --><div class=\"assembler_text-module assembler_module assembler_text-module_4 assembler_module_4  transparent\"><a tabindex=\"-1\" title=\"Seksioni me titullin module-4\" id=\"module-4\" href=\"https:\/\/bnssghealthiertogether.org.uk\/sq\/wp-json\/wp\/v2\/pages\/37031\/#module-4\" class=\"anchor\"><span class=\"hidden\">Seksioni me titullin module-4<\/span><\/a><!-- Template found for text-module - Template: template-text - Matched: _only --><section class=\"w-full mx-auto max-w-content pt-3 sm:pt-6 pb-3 sm:pb-6\">\r\n  <div class=\"entry-content w-full !px-0 max-w-small\">\r\n        <h2>Cilat jan\u00eb prioritetet tona dhe si po veprojm\u00eb<\/h2>\n<p>Informacion dhe dokumente q\u00eb lidhen me strategjit\u00eb, planet, treguesit e performanc\u00ebs, auditimet dhe rishikimet tona.<\/p>\n<ul>\n<li><a href=\"https:\/\/bnssghealthiertogether.org.uk\/sq\/integrated-care-board\/annual-review-2023-to-2024\/\">Rishikimi Vjetor 2023 deri n\u00eb 2024<\/a><\/li>\n<li><a href=\"https:\/\/bnssghealthiertogether.org.uk\/sq\/about-us\/our-strategy\/joint-forward-plan\/\">Plani i P\u00ebrbashk\u00ebt P\u00ebrparues<\/a><\/li>\n<li>Raportet e cil\u00ebsis\u00eb dhe performanc\u00ebs financiare publikohen \u00e7do muaj si pjes\u00eb e dokumenteve t\u00eb bordit ton\u00eb. Ju mund t&#039;i gjeni dokumentet p\u00ebr \u00e7do mbledhje t\u00eb bordit n\u00eb faqen ton\u00eb t\u00eb internetit. <a href=\"https:\/\/bnssg.icb.nhs.uk\/events\/\" target=\"_blank\" rel=\"nofollow noopener\">seksioni i ngjarjeve<\/a>.<\/li>\n<li><a href=\"https:\/\/bnssghealthiertogether.org.uk\/sq\/about-us\/\">Sistemi i Integruar i Kujdesit (ICS)<\/a><\/li>\n<li>Informacioni mbi performanc\u00ebn e ICB mund t\u00eb gjendet n\u00eb <a href=\"https:\/\/bnssghealthiertogether.org.uk\/sq\/events\/\">Dokumentet e Bordit t\u00eb ICB-s\u00eb<\/a> dhe <a href=\"https:\/\/bnssghealthiertogether.org.uk\/sq\/integrated-care-board\/about-us\/annual-reports\/\">Raporti dhe rishikimi vjetor i ICB-s\u00eb<\/a>. NHS England gjithashtu vler\u00ebson performanc\u00ebn e ICB \u00e7do vit dhe publikon informacionin n\u00eb faqen e tyre t\u00eb internetit: <a href=\"https:\/\/www.england.nhs.uk\/long-read\/annual-assessment-of-integrated-care-boards-2023-24\/#south-west-integrated-care-boards\" rel=\"noopener\">NHS England \u00bb Vler\u00ebsimi vjetor i bordeve t\u00eb kujdesit t\u00eb integruar 2023\/24<\/a>.<\/li>\n<\/ul>\n  <\/div>\r\n  <\/section><\/div><!-- .assembler_text-module.assembler_module.assembler_text-module_4.assembler_module_4..transparent --><div class=\"assembler_text-module assembler_module assembler_text-module_5 assembler_module_5  transparent\"><a tabindex=\"-1\" title=\"Seksioni me titullin module-5\" id=\"module-5\" href=\"https:\/\/bnssghealthiertogether.org.uk\/sq\/wp-json\/wp\/v2\/pages\/37031\/#module-5\" class=\"anchor\"><span class=\"hidden\">Seksioni me titullin module-5<\/span><\/a><!-- Template found for text-module - Template: template-text - Matched: _only --><section class=\"w-full mx-auto max-w-content pt-3 sm:pt-6 pb-3 sm:pb-6\">\r\n  <div class=\"entry-content w-full !px-0 max-w-small\">\r\n        <h2>Si marrim vendime<\/h2>\n<p>Ky seksion jep informacion mbi proceset tona t\u00eb vendimmarrjes dhe m\u00ebnyr\u00ebn se si i regjistrojm\u00eb vendimet. Kjo p\u00ebrfshin dokumentet e bordit, statutin ton\u00eb, termat e referenc\u00ebs s\u00eb komitetit dhe an\u00ebtar\u00ebsimin.<\/p>\n<ul>\n<li><a href=\"https:\/\/bnssghealthiertogether.org.uk\/sq\/integrated-care-board\/about-us\/our-board\/how-we-make-decisions\/\">Si marrim vendime<\/a><\/li>\n<li><a href=\"https:\/\/bnssghealthiertogether.org.uk\/sq\/integrated-care-board\/governance-handbook\/\">Kushtetuta jon\u00eb<\/a><\/li>\n<li><a href=\"https:\/\/bnssghealthiertogether.org.uk\/sq\/integrated-care-board\/innf\/\">K\u00ebrkesat individuale p\u00ebr financim (IFR)<\/a><\/li>\n<li><a href=\"https:\/\/bnssghealthiertogether.org.uk\/sq\/integrated-care-board\/governance-handbook\/\">Termat e referenc\u00ebs s\u00eb komisionit<\/a><\/li>\n<li><a href=\"https:\/\/bnssghealthiertogether.org.uk\/sq\/integrated-care-board\/governance-handbook\/\">Qeverisja jon\u00eb \u2013 p\u00ebrmbledhje e p\u00ebrgjegj\u00ebsive<\/a><\/li>\n<\/ul>\n  <\/div>\r\n  <\/section><\/div><!-- .assembler_text-module.assembler_module.assembler_text-module_5.assembler_module_5..transparent --><div class=\"assembler_text-module assembler_module assembler_text-module_6 assembler_module_6  transparent\"><a tabindex=\"-1\" title=\"Seksioni me titullin module-6\" id=\"module-6\" href=\"https:\/\/bnssghealthiertogether.org.uk\/sq\/wp-json\/wp\/v2\/pages\/37031\/#module-6\" class=\"anchor\"><span class=\"hidden\">Seksioni me titullin module-6<\/span><\/a><!-- Template found for text-module - Template: template-text - Matched: _only --><section class=\"w-full mx-auto max-w-content pt-3 sm:pt-6 pb-3 sm:pb-6\">\r\n  <div class=\"entry-content w-full !px-0 max-w-small\">\r\n        <h2>Politikat dhe Procedurat<\/h2>\n<p>Politikat dhe procedurat q\u00eb kemi n\u00eb vend dhe q\u00eb jemi t\u00eb p\u00ebrkushtuar t&#039;i ndjekim.<\/p>\n<ul>\n<li><a href=\"https:\/\/bnssghealthiertogether.org.uk\/sq\/library\/\">Politikat dhe procedurat<\/a><\/li>\n<\/ul>\n  <\/div>\r\n  <\/section><\/div><!-- .assembler_text-module.assembler_module.assembler_text-module_6.assembler_module_6..transparent --><div class=\"assembler_text-module assembler_module assembler_text-module_7 assembler_module_7  transparent\"><a tabindex=\"-1\" title=\"Seksioni me titullin module-7\" id=\"module-7\" href=\"https:\/\/bnssghealthiertogether.org.uk\/sq\/wp-json\/wp\/v2\/pages\/37031\/#module-7\" class=\"anchor\"><span class=\"hidden\">Seksioni me titullin module-7<\/span><\/a><!-- Template found for text-module - Template: template-text - Matched: _only --><section class=\"w-full mx-auto max-w-content pt-3 sm:pt-6 pb-3 sm:pb-6\">\r\n  <div class=\"entry-content w-full !px-0 max-w-small\">\r\n        <h2>Listat dhe Regjistrat<\/h2>\n<p>Ne jemi t\u00eb detyruar ligj\u00ebrisht t\u00eb mbajm\u00eb regjistra t\u00eb disponuesh\u00ebm publikisht. Shikoni se si ne <a href=\"https:\/\/bnssghealthiertogether.org.uk\/sq\/library\/managing-conflicts-of-interest-policy\/\">menaxhoni konfliktet e interesit<\/a> p\u00ebr ton\u00ebn:<\/p>\n<ul>\n<li><a href=\"https:\/\/bnssghealthiertogether.org.uk\/sq\/library\/conflicts-of-interest-register\/\">Regjistri i Deklaratave t\u00eb Interesit<\/a><\/li>\n<li><a href=\"https:\/\/bnssghealthiertogether.org.uk\/sq\/library\/gifts-hospitality-and-sponsorship-register\/\">Regjistri i Dhuratave dhe Mikpritjes<\/a><\/li>\n<li><a href=\"https:\/\/bnssghealthiertogether.org.uk\/sq\/library\/icb-procurement-register\/\">Regjistri i Vendimeve t\u00eb Prokurimit<\/a><\/li>\n<li><a href=\"https:\/\/bnssghealthiertogether.org.uk\/sq\/library\/icb-contracts-register-clinical\/\">Regjistri i Kontratave<\/a><\/li>\n<\/ul>\n  <\/div>\r\n  <\/section><\/div><!-- .assembler_text-module.assembler_module.assembler_text-module_7.assembler_module_7..transparent --><div class=\"assembler_text-module assembler_module assembler_text-module_8 assembler_module_8  transparent\"><a tabindex=\"-1\" title=\"Seksioni me titullin module-8\" id=\"module-8\" href=\"https:\/\/bnssghealthiertogether.org.uk\/sq\/wp-json\/wp\/v2\/pages\/37031\/#module-8\" class=\"anchor\"><span class=\"hidden\">Seksioni me titullin module-8<\/span><\/a><!-- Template found for text-module - Template: template-text - Matched: _only --><section class=\"w-full mx-auto max-w-content pt-3 sm:pt-6 pb-12 sm:pb-24\">\r\n  <div class=\"entry-content w-full !px-0 max-w-small\">\r\n        <h2>Sh\u00ebrbimet q\u00eb ofrojm\u00eb<\/h2>\n<p>Dokumente dhe informacione q\u00eb detajojn\u00eb sh\u00ebrbimet q\u00eb ofrohen p\u00ebr publikun, si dhe \u00e7do udh\u00ebzim q\u00eb \u00ebsht\u00eb n\u00eb dispozicion.<\/p>\n<ul>\n<li><a href=\"https:\/\/bnssghealthiertogether.org.uk\/sq\/integrated-care-board\/innf\/commissioning-policy-directory\/\">Sh\u00ebrbimet klinike q\u00eb porosisim<\/a><\/li>\n<li><a href=\"https:\/\/bnssghealthiertogether.org.uk\/sq\/your-health\/which-nhs-service-should-i-use\/\">Udh\u00ebzime mbi sh\u00ebrbimet sh\u00ebndet\u00ebsore lokale<\/a><\/li>\n<li><a href=\"https:\/\/bnssghealthiertogether.org.uk\/sq\/your-health\/\">K\u00ebshilla dhe mb\u00ebshtetje sh\u00ebndet\u00ebsore<\/a><\/li>\n<li><a href=\"https:\/\/bnssg.icb.nhs.uk\/contact-us\/\" target=\"_blank\" rel=\"noopener\">Ekipi i Sh\u00ebrbimit ndaj Klientit<\/a><\/li>\n<li><a href=\"https:\/\/bnssghealthiertogether.org.uk\/sq\/news\/\">Lajmet e fundit<\/a><\/li>\n<\/ul>\n  <\/div>\r\n  <\/section><\/div><!-- .assembler_text-module.assembler_module.assembler_text-module_8.assembler_module_8..transparent --><\/div><!-- .assembler_module_area.assembler_module_area_1 --><\/div><!-- .assembler_default-group.assembler_module_group.assembler_default-group_1.assembler_module_group_1  -->","protected":false},"excerpt":{"rendered":"<p>Section titled module-1 Freedom of Information Publication Scheme NHS Bristol, North Somerset and South Gloucestershire Integrated Care Board (ICB) is committed to meeting the statutory requirements of the Freedom of Information Act and as such has adopted the Information Commissioners Office\u2019s (ICO) Publication Scheme. The publication scheme identifies seven classes of information which should be [&hellip;]<\/p>\n","protected":false},"author":7,"featured_media":0,"parent":34155,"menu_order":0,"comment_status":"closed","ping_status":"closed","template":"","meta":{"_acf_changed":false,"footnotes":""},"tags":[],"class_list":["post-37031","page","type-page","status-publish","hentry"],"acf":[],"_links":{"self":[{"href":"https:\/\/bnssghealthiertogether.org.uk\/sq\/wp-json\/wp\/v2\/pages\/37031","targetHints":{"allow":["GET"]}}],"collection":[{"href":"https:\/\/bnssghealthiertogether.org.uk\/sq\/wp-json\/wp\/v2\/pages"}],"about":[{"href":"https:\/\/bnssghealthiertogether.org.uk\/sq\/wp-json\/wp\/v2\/types\/page"}],"author":[{"embeddable":true,"href":"https:\/\/bnssghealthiertogether.org.uk\/sq\/wp-json\/wp\/v2\/users\/7"}],"replies":[{"embeddable":true,"href":"https:\/\/bnssghealthiertogether.org.uk\/sq\/wp-json\/wp\/v2\/comments?post=37031"}],"version-history":[{"count":9,"href":"https:\/\/bnssghealthiertogether.org.uk\/sq\/wp-json\/wp\/v2\/pages\/37031\/revisions"}],"predecessor-version":[{"id":38921,"href":"https:\/\/bnssghealthiertogether.org.uk\/sq\/wp-json\/wp\/v2\/pages\/37031\/revisions\/38921"}],"up":[{"embeddable":true,"href":"https:\/\/bnssghealthiertogether.org.uk\/sq\/wp-json\/wp\/v2\/pages\/34155"}],"wp:attachment":[{"href":"https:\/\/bnssghealthiertogether.org.uk\/sq\/wp-json\/wp\/v2\/media?parent=37031"}],"wp:term":[{"taxonomy":"post_tag","embeddable":true,"href":"https:\/\/bnssghealthiertogether.org.uk\/sq\/wp-json\/wp\/v2\/tags?post=37031"}],"curies":[{"name":"wp","href":"https:\/\/api.w.org\/{rel}","templated":true}]}}