{"id":37032,"date":"2025-02-03T16:29:37","date_gmt":"2025-02-03T16:29:37","guid":{"rendered":"https:\/\/bnssghealthiertogether.org.uk\/?page_id=37032"},"modified":"2025-02-03T16:29:37","modified_gmt":"2025-02-03T16:29:37","slug":"research-governance","status":"publish","type":"page","link":"https:\/\/bnssghealthiertogether.org.uk\/sq\/integrated-care-board\/research-and-evidence\/support-for-researchers\/research-governance\/","title":{"rendered":"Qeverisja e k\u00ebrkimit"},"content":{"rendered":"<div class=\"assembler_default-group assembler_module_group assembler_default-group_1 assembler_module_group_1\"><div class=\"assembler_module_area assembler_module_area_1\"><div class=\"assembler_text-module assembler_module assembler_text-module_1 assembler_module_1  transparent\"><a tabindex=\"-1\" title=\"Seksioni me titull module-1\" id=\"module-1\" href=\"https:\/\/bnssghealthiertogether.org.uk\/sq\/wp-json\/wp\/v2\/pages\/37032\/#module-1\" class=\"anchor\"><span class=\"hidden\">Seksioni me titull module-1<\/span><\/a><!-- Template found for text-module - Template: template-text - Matched: _only --><section class=\"w-full mx-auto max-w-content pt-12 sm:pt-24 pb-12 sm:pb-24\">\r\n  <div class=\"entry-content w-full !px-0 max-w-small\">\r\n        <h1>Qeverisja e k\u00ebrkimit<\/h1>\n<p>Ne ofrojm\u00eb nj\u00eb sh\u00ebrbim qeverisjeje k\u00ebrkimore p\u00ebr komunitetin e k\u00ebrkimit (si akademik ashtu edhe komercial) p\u00ebr k\u00ebrkime n\u00eb mjediset e kujdesit par\u00ebsor dhe komunitar n\u00eb t\u00eb gjith\u00eb Bristolin, North Somerset dhe South Gloucestershire. N\u00eb m\u00ebnyr\u00eb specifike, studime q\u00eb p\u00ebrfshijn\u00eb stafin e NHS-s\u00eb, pacient\u00ebt, t\u00eb dh\u00ebnat e pacient\u00ebve dhe ambientet n\u00eb rajonin ton\u00eb.<\/p>\n<p>Qeverisja e k\u00ebrkimit \u00ebsht\u00eb nj\u00eb gam\u00eb e gjer\u00eb rregulloresh, parimesh dhe standardesh t\u00eb praktik\u00ebs s\u00eb mir\u00eb q\u00eb ekzistojn\u00eb p\u00ebr t\u00eb arritur cil\u00ebsin\u00eb e k\u00ebrkimit n\u00eb t\u00eb gjitha aspektet e kujdesit sh\u00ebndet\u00ebsor.<\/p>\n<p>Korniza e qeverisjes s\u00eb k\u00ebrkimit u prezantua p\u00ebr shum\u00eb arsye, duke p\u00ebrfshir\u00eb mbrojtjen e pjes\u00ebmarr\u00ebsve n\u00eb k\u00ebrkim, rritjen e cil\u00ebsis\u00eb etike dhe shkencore, minimizimin e rrezikut dhe promovimin e praktikave t\u00eb mira.<\/p>\n<h2>Kryerja e pun\u00ebs IRAS n\u00eb em\u00ebr t\u00eb projekteve lokale<\/h2>\n<p>E\u00a0<a href=\"https:\/\/www.myresearchproject.org.uk\/Help\/HelpPage.aspx\" target=\"_blank\" rel=\"nofollow noopener\">Sistemi i Integruar i Aplikimeve t\u00eb K\u00ebrkimit<\/a>\u00a0(IRAS) \u00ebsht\u00eb sistemi i vet\u00ebm p\u00ebr t\u00eb aplikuar p\u00ebr leje dhe miratime p\u00ebr t\u00eb b\u00ebr\u00eb k\u00ebrkime n\u00eb kujdesin sh\u00ebndet\u00ebsor dhe social ose kujdesin komunitar n\u00eb Mbret\u00ebrin\u00eb e Bashkuar.<\/p>\n<p>Ne i ndihmojm\u00eb aplikant\u00ebt t\u00eb lundrojn\u00eb n\u00ebp\u00ebr IRAS dhe shqyrtojm\u00eb formular\u00ebt p\u00ebrkat\u00ebs para dor\u00ebzimit.<\/p>\n<h2>Duke punuar me Rrjetin e K\u00ebrkimeve Klinike p\u00ebr t\u00eb mb\u00ebshtetur p\u00ebrgatitjen e studimit<\/h2>\n<p>E\u00a0<a href=\"https:\/\/www.nihr.ac.uk\/nihr-in-your-area\/west-of-england\/\" target=\"_blank\" rel=\"nofollow noopener\">Rrjeti i K\u00ebrkimeve Klinike (CRN) n\u00eb Anglin\u00eb Per\u00ebndimore<\/a>\u00a0\u00ebsht\u00eb nj\u00eb nga 15 Rrjetet Lokale t\u00eb K\u00ebrkimeve Klinike (LCRN) q\u00eb shtrihen n\u00eb t\u00eb gjith\u00eb Anglin\u00eb. CRN-t\u00eb financohen nga Instituti Komb\u00ebtar p\u00ebr K\u00ebrkime Sh\u00ebndet\u00ebsore (NIHR). Roli i tyre \u00ebsht\u00eb t\u00eb koordinojn\u00eb dhe mb\u00ebshtesin ofrimin e k\u00ebrkimit n\u00eb t\u00eb gjith\u00eb NHS-n\u00eb n\u00eb Angli.<\/p>\n<p>Ne jemi nj\u00eb organizat\u00eb partnere e CRN West of England dhe punojm\u00eb me ta p\u00ebr t\u00eb mb\u00ebshtetur krijimin dhe zbatimin e k\u00ebrkimeve akademike n\u00eb kujdesin par\u00ebsor dhe disa studimeve k\u00ebrkimore komerciale.<\/p>\n<h2>Duke punuar me Ofruesin ton\u00eb t\u00eb Komunitetit lokal, Sirona care &amp; health<\/h2>\n<p>Ne punojm\u00eb me\u00a0<a href=\"http:\/\/www.sirona-cic.org.uk\/\" target=\"_blank\" rel=\"nofollow noopener\">Kujdesi dhe sh\u00ebndeti i Siron\u00ebs<\/a>\u00a0p\u00ebr t\u00eb mb\u00ebshtetur k\u00ebrkimet e kryera brenda organizat\u00ebs s\u00eb tyre. Kjo p\u00ebrfshin portofolin e Institutit Komb\u00ebtar p\u00ebr K\u00ebrkime Sh\u00ebndet\u00ebsore (NIHR), k\u00ebrkimet komerciale dhe ato studentore.<\/p>\n<p>N\u00ebse jeni t\u00eb interesuar t\u00eb b\u00ebni k\u00ebrkime me Sirona care &amp; health, ju lutemi\u00a0<a href=\"mailto:Penny.agent@nhs.net\" target=\"_blank\" rel=\"nofollow noopener\">kontaktoni agjentin Penny,<\/a>\u00a0Kryetar i Terapis\u00eb dhe Profesioneve t\u00eb Aleanc\u00ebs Sh\u00ebndet\u00ebsore.<\/p>\n<h2>L\u00ebshimi i letrave t\u00eb aksesit p\u00ebr stafin q\u00eb kryen k\u00ebrkime n\u00eb rajonin ton\u00eb<\/h2>\n<p>Nj\u00eb let\u00ebr aksesi i lejon nj\u00eb studiuesi t\u00eb nd\u00ebrmarr\u00eb aktivitete k\u00ebrkimore n\u00eb NHS. M\u00ebnyra p\u00ebr ta marr\u00eb k\u00ebt\u00eb varet nga m\u00ebnyra se si \u00ebsht\u00eb i pun\u00ebsuar studiuesi.<\/p>\n<p>N\u00ebse nuk jeni punonj\u00ebs i NHS-s\u00eb, at\u00ebher\u00eb duhet t\u00eb aplikoni duke p\u00ebrdorur\u00a0<a href=\"https:\/\/www.hra.nhs.uk\/planning-and-improving-research\/best-practice\/research-passport\/\" target=\"_blank\" rel=\"nofollow noopener\">Pasaporta e K\u00ebrkimit NIHR<\/a>. N\u00ebse jeni i pun\u00ebsuar n\u00eb NHS, duhet t\u00eb plot\u00ebsoni nj\u00eb proform\u00eb t\u00eb shkurt\u00ebr q\u00eb konfirmon kontrollet para-angazhimit.<\/p>\n<p>Letra e miratimit nga Autoriteti i K\u00ebrkimeve Sh\u00ebndet\u00ebsore konfirmon pritjet se \u00e7far\u00eb niveli aksesi k\u00ebrkohet p\u00ebr studimin dhe kontrollet para-angazhimit q\u00eb duhet ose nuk duhet t\u00eb nd\u00ebrmerren.<\/p>\n<h2>Mb\u00ebshtetja e studiuesve me ndryshime n\u00eb studimin e tyre k\u00ebrkimor<\/h2>\n<p>N\u00ebse ju k\u00ebrkohet t\u00eb ndryshoni projektin tuaj t\u00eb k\u00ebrkimit pas marrjes s\u00eb miratimit fillestar rregullator, at\u00ebher\u00eb duhet t\u00eb njoftoni organin ose organet shqyrtuese q\u00eb kan\u00eb miratuar projektin origjinal.<\/p>\n<p>K\u00ebrkesat jan\u00eb p\u00ebrcaktuar n\u00eb\u00a0<a href=\"https:\/\/www.myresearchproject.org.uk\/help\/hlpamendments.aspx\" target=\"_blank\" rel=\"nofollow noopener\">Sistemi i Integruar i Aplikimeve t\u00eb K\u00ebrkimit<\/a>\u00a0(IRAS). Ne mund t&#039;u ofrojm\u00eb k\u00ebshilla dhe udh\u00ebzime aplikant\u00ebve se si t\u00eb paraqesin ndryshime aty ku organizatat tona t\u00eb NHS jan\u00eb vende pjes\u00ebmarr\u00ebse. Gjithashtu presim t\u00eb njoftohemi p\u00ebr ndryshimet n\u00eb studimet k\u00ebrkimore q\u00eb p\u00ebrfshijn\u00eb rajonin ton\u00eb dhe do t\u00eb l\u00ebshojm\u00eb nj\u00eb miratim t\u00eb ndryshimit aty ku \u00ebsht\u00eb e aplikueshme. Kjo varet nga kategorizimi i ndryshimit.<\/p>\n  <\/div>\r\n  <\/section><\/div><!-- .assembler_text-module.assembler_module.assembler_text-module_1.assembler_module_1..transparent --><\/div><!-- .assembler_module_area.assembler_module_area_1 --><\/div><!-- .assembler_default-group.assembler_module_group.assembler_default-group_1.assembler_module_group_1  -->","protected":false},"excerpt":{"rendered":"<p>Ne ofrojm\u00eb nj\u00eb sh\u00ebrbim qeverisjeje k\u00ebrkimore p\u00ebr komunitetin e k\u00ebrkimit (si akademik ashtu edhe komercial) p\u00ebr k\u00ebrkime n\u00eb mjediset e kujdesit par\u00ebsor dhe komunitar n\u00eb t\u00eb gjith\u00eb Bristolin, North Somerset dhe South Gloucestershire. N\u00eb m\u00ebnyr\u00eb specifike, studime q\u00eb p\u00ebrfshijn\u00eb stafin e NHS-s\u00eb, pacient\u00ebt, t\u00eb dh\u00ebnat e pacient\u00ebve dhe ambientet n\u00eb rajonin ton\u00eb.<\/p>","protected":false},"author":28,"featured_media":0,"parent":32910,"menu_order":0,"comment_status":"closed","ping_status":"closed","template":"","meta":{"_acf_changed":false,"footnotes":""},"tags":[],"class_list":["post-37032","page","type-page","status-publish","hentry"],"acf":[],"_links":{"self":[{"href":"https:\/\/bnssghealthiertogether.org.uk\/sq\/wp-json\/wp\/v2\/pages\/37032","targetHints":{"allow":["GET"]}}],"collection":[{"href":"https:\/\/bnssghealthiertogether.org.uk\/sq\/wp-json\/wp\/v2\/pages"}],"about":[{"href":"https:\/\/bnssghealthiertogether.org.uk\/sq\/wp-json\/wp\/v2\/types\/page"}],"author":[{"embeddable":true,"href":"https:\/\/bnssghealthiertogether.org.uk\/sq\/wp-json\/wp\/v2\/users\/28"}],"replies":[{"embeddable":true,"href":"https:\/\/bnssghealthiertogether.org.uk\/sq\/wp-json\/wp\/v2\/comments?post=37032"}],"version-history":[{"count":2,"href":"https:\/\/bnssghealthiertogether.org.uk\/sq\/wp-json\/wp\/v2\/pages\/37032\/revisions"}],"predecessor-version":[{"id":37035,"href":"https:\/\/bnssghealthiertogether.org.uk\/sq\/wp-json\/wp\/v2\/pages\/37032\/revisions\/37035"}],"up":[{"embeddable":true,"href":"https:\/\/bnssghealthiertogether.org.uk\/sq\/wp-json\/wp\/v2\/pages\/32910"}],"wp:attachment":[{"href":"https:\/\/bnssghealthiertogether.org.uk\/sq\/wp-json\/wp\/v2\/media?parent=37032"}],"wp:term":[{"taxonomy":"post_tag","embeddable":true,"href":"https:\/\/bnssghealthiertogether.org.uk\/sq\/wp-json\/wp\/v2\/tags?post=37032"}],"curies":[{"name":"wp","href":"https:\/\/api.w.org\/{rel}","templated":true}]}}