{"id":42293,"date":"2025-09-08T15:17:13","date_gmt":"2025-09-08T14:17:13","guid":{"rendered":"https:\/\/bnssghealthiertogether.org.uk\/?page_id=42293"},"modified":"2026-02-20T10:40:57","modified_gmt":"2026-02-20T10:40:57","slug":"south-bristol-locality-partnership-our-partners","status":"publish","type":"page","link":"https:\/\/bnssghealthiertogether.org.uk\/sq\/south-bristol-locality-partnership\/south-bristol-locality-partnership-our-partners\/","title":{"rendered":"Partneriteti i Lokalitetit t\u00eb Bristolit Jugor Partner\u00ebt tan\u00eb"},"content":{"rendered":"<div class=\"assembler_default-group assembler_module_group assembler_default-group_1 assembler_module_group_1\"><div class=\"assembler_module_area assembler_module_area_1\"><div class=\"assembler_banner-narrow-module assembler_module assembler_banner-narrow-module_1 assembler_module_1 \"><a tabindex=\"-1\" title=\"Section titled module-1\" id=\"module-1\" href=\"https:\/\/bnssghealthiertogether.org.uk\/sq\/wp-json\/wp\/v2\/pages\/42293\/#module-1\" class=\"anchor\"><span class=\"hidden\">Section titled module-1<\/span><\/a><!-- Template found for banner-narrow-module - Template: template-banner-narrow - Matched: _only --><section role=\"group\">\r\n  <div\r\n    class=\"relative !p-0 w-full min-h-[400px]\" >\r\n          <div class=\"w-full max-w-content !p-0 mx-auto absolute bottom-5 lg:bottom-9 left-0 right-0\">\r\n        <ul class=\"splide__pagination !p-0 2xl:!left-auto 2xl:!right-9\"><\/ul>\r\n      <\/div>\r\n        <div class=\"splide__track\">\r\n      <div class=\"splide__list\">\r\n                            <div class=\"splide__slide relative xl:border-b-[20px] lg:border-white\"\r\n               >\r\n                  <picture  class=\" no-lazy\">\n                    <source media=\"(min-width: 640px)\" srcset=\"https:\/\/bnssghealthiertogether.org.uk\/wp-content\/uploads\/2025\/10\/Bedminster-1024x768.jpg.webp 1024w, https:\/\/bnssghealthiertogether.org.uk\/wp-content\/uploads\/2025\/10\/Bedminster-300x225.jpg.webp 300w, https:\/\/bnssghealthiertogether.org.uk\/wp-content\/uploads\/2025\/10\/Bedminster-768x576.jpg.webp 768w, https:\/\/bnssghealthiertogether.org.uk\/wp-content\/uploads\/2025\/10\/Bedminster-1536x1152.jpg.webp 1536w, https:\/\/bnssghealthiertogether.org.uk\/wp-content\/uploads\/2025\/10\/Bedminster-2048x1536.jpg.webp 2048w, https:\/\/bnssghealthiertogether.org.uk\/wp-content\/uploads\/2025\/10\/Bedminster-1320x990.jpg.webp 1320w\" type=\"image\/webp\">\n                    <source media=\"(min-width: 640px)\" srcset=\"https:\/\/bnssghealthiertogether.org.uk\/wp-content\/uploads\/2025\/10\/Bedminster-1024x768.jpg 1024w, https:\/\/bnssghealthiertogether.org.uk\/wp-content\/uploads\/2025\/10\/Bedminster-300x225.jpg 300w, https:\/\/bnssghealthiertogether.org.uk\/wp-content\/uploads\/2025\/10\/Bedminster-768x576.jpg 768w, https:\/\/bnssghealthiertogether.org.uk\/wp-content\/uploads\/2025\/10\/Bedminster-1536x1152.jpg 1536w, https:\/\/bnssghealthiertogether.org.uk\/wp-content\/uploads\/2025\/10\/Bedminster-2048x1536.jpg 2048w, https:\/\/bnssghealthiertogether.org.uk\/wp-content\/uploads\/2025\/10\/Bedminster-1320x990.jpg 1320w\" type=\"image\/jpeg\">\n                    <source media=\"(min-width: 0px)\" srcset=\"https:\/\/bnssghealthiertogether.org.uk\/wp-content\/uploads\/2025\/10\/Bedminster-300x225.jpg.webp 300w, https:\/\/bnssghealthiertogether.org.uk\/wp-content\/uploads\/2025\/10\/Bedminster-1024x768.jpg.webp 1024w, https:\/\/bnssghealthiertogether.org.uk\/wp-content\/uploads\/2025\/10\/Bedminster-768x576.jpg.webp 768w, https:\/\/bnssghealthiertogether.org.uk\/wp-content\/uploads\/2025\/10\/Bedminster-1536x1152.jpg.webp 1536w, https:\/\/bnssghealthiertogether.org.uk\/wp-content\/uploads\/2025\/10\/Bedminster-2048x1536.jpg.webp 2048w, https:\/\/bnssghealthiertogether.org.uk\/wp-content\/uploads\/2025\/10\/Bedminster-1320x990.jpg.webp 1320w\" type=\"image\/webp\">\n                    <source media=\"(min-width: 0px)\" srcset=\"https:\/\/bnssghealthiertogether.org.uk\/wp-content\/uploads\/2025\/10\/Bedminster-300x225.jpg 300w, https:\/\/bnssghealthiertogether.org.uk\/wp-content\/uploads\/2025\/10\/Bedminster-1024x768.jpg 1024w, https:\/\/bnssghealthiertogether.org.uk\/wp-content\/uploads\/2025\/10\/Bedminster-768x576.jpg 768w, https:\/\/bnssghealthiertogether.org.uk\/wp-content\/uploads\/2025\/10\/Bedminster-1536x1152.jpg 1536w, https:\/\/bnssghealthiertogether.org.uk\/wp-content\/uploads\/2025\/10\/Bedminster-2048x1536.jpg 2048w, https:\/\/bnssghealthiertogether.org.uk\/wp-content\/uploads\/2025\/10\/Bedminster-1320x990.jpg 1320w\" type=\"image\/jpeg\">\n                          <img decoding=\"async\" src=\"https:\/\/bnssghealthiertogether.org.uk\/wp-content\/uploads\/2025\/10\/Bedminster-300x225.jpg\" width=\"300\"  height=\"225\"  alt=\"\"   class=\"w-full h-auto object-none md:h-[400px] md:object-cover 2xl:h-[400px] no-lazy\" \/>\n              <\/picture>\n                                      <\/div>\r\n              <\/div>\r\n    <\/div>\r\n  <\/div>\r\n<\/section>\r\n<\/div><!-- .assembler_banner-narrow-module.assembler_module.assembler_banner-narrow-module_1.assembler_module_1. --><div class=\"assembler_table-of-contents-module assembler_module assembler_table-of-contents-module_2 assembler_module_2  transparent\"><a tabindex=\"-1\" title=\"Section titled module-2\" id=\"module-2\" href=\"https:\/\/bnssghealthiertogether.org.uk\/sq\/wp-json\/wp\/v2\/pages\/42293\/#module-2\" class=\"anchor\"><span class=\"hidden\">Section titled module-2<\/span><\/a><!-- Template found for table-of-contents-module - Template: template-table-of-contents - Matched: _only -->\r\n<section class=\"w-full mx-auto max-w-content border-b border-pale-grey pt-6 sm:pt-12 pb-3 sm:pb-6\">\r\n    <div class=\"entry-content w-full\">\r\n    <h1>South Bristol Locality Partnership<\/h1>\n<p>Contents<\/p>\n    <div class=\"navigation-list\">\r\n                    <ul>\r\n                      <li class=\"text-sm\">\r\n                              <a href=\"https:\/\/bnssghealthiertogether.org.uk\/sq\/south-bristol-locality-partnership\/\" class=\"text-sm underline-offset-4 font-normal hover:!underline-4\">\r\n                                                                About us                                <\/a>\r\n                          <\/li>\r\n                                <li class=\"text-sm\">\r\n                                                              Our partners                            <\/li>\r\n                      <li class=\"text-sm\">\r\n                              <a href=\"https:\/\/bnssghealthiertogether.org.uk\/sq\/south-bristol-locality-partnership\/south-bristol-locality-partnership-our-projects\/\" class=\"text-sm underline-offset-4 font-normal hover:!underline-4\">\r\n                                                                Our projects                                <\/a>\r\n                          <\/li>\r\n                  <\/ul>\r\n          <\/div>\r\n  <\/div>\r\n<\/section><\/div><!-- .assembler_table-of-contents-module.assembler_module.assembler_table-of-contents-module_2.assembler_module_2..transparent --><\/div><!-- .assembler_module_area.assembler_module_area_1 --><\/div><!-- .assembler_default-group.assembler_module_group.assembler_default-group_1.assembler_module_group_1  --><div class=\"assembler_default-group assembler_module_group assembler_default-group_2 assembler_module_group_2\"><div class=\"assembler_module_area assembler_module_area_1\"><div class=\"assembler_text-module assembler_module assembler_text-module_1 assembler_module_1  transparent\"><a tabindex=\"-1\" title=\"Section titled module-3\" id=\"module-3\" href=\"https:\/\/bnssghealthiertogether.org.uk\/sq\/wp-json\/wp\/v2\/pages\/42293\/#module-3\" class=\"anchor\"><span class=\"hidden\">Section titled module-3<\/span><\/a><!-- Template found for text-module - Template: template-text - Matched: _only --><section class=\"w-full mx-auto max-w-content pt-3 sm:pt-6 pb-12 sm:pb-24\">\r\n  <div class=\"entry-content w-full !px-0 max-w-small\">\r\n          <h1>\r\n        Our partners      <\/h1>\r\n        <p>South Bristol <span data-teams=\"true\">Locality Partnership is made up of partners from across health and social care along with the voluntary sector and other groups that offer support to communities locally. These include:\u00a0<\/span><\/p>\n<ul>\n<li><a href=\"https:\/\/www.awp.nhs.uk\/\" rel=\"noopener\">Avon and Wiltshire Mental Health Partnership NHS Trust (AWP)<\/a> &#8211; mental health services provider<\/li>\n<li><a href=\"https:\/\/bridgeviewmedical.nhs.uk\/\" rel=\"noopener\">Bridge View Medical Primary Care Network<\/a> &#8211; <span data-teams=\"true\">a\u00a0collaboration of local GP practices working together to provide healthcare services\u00a0<\/span><\/li>\n<li><a href=\"https:\/\/www.nbt.nhs.uk\/about-us\/bristol-nhs-group\" rel=\"noopener\">Bristol NHS Group<\/a> &#8211; a partnership between North Bristol NHS Trust and University Hospitals Bristol and Weston NHS Foundation Trust<\/li>\n<li><a href=\"https:\/\/www.bristol.gov.uk\/council\/policies-plans-and-strategies\/social-care-and-health\/director-of-public-health-annual-report\" rel=\"noopener\">Bristol City Council<\/a> &#8211; the local authority for Bristol<\/li>\n<li><a href=\"https:\/\/bs3community.org.uk\/\" rel=\"noopener\">Bs3 Community Development<\/a> &#8211; a charity supporting people who live and work in BS3<\/li>\n<li><a href=\"https:\/\/www.connexuspcn-southbristol.nhs.uk\/\" rel=\"noopener\">Connexus Primary Care Network<\/a> &#8211; <span data-teams=\"true\">a collaboration of local GP practices working together to provide healthcare services\u00a0<\/span><\/li>\n<li><a href=\"https:\/\/greaterbrislington.org\" rel=\"noopener\">Greater Brislington Together<\/a> &#8211; a\u00a0network of local organisations and residents working collaboratively to strengthen community life and improve services in Brislington<\/li>\n<li><a href=\"https:\/\/www.stockwoodcommunityhub.org.uk\/\" rel=\"noopener\">Greater Stockwood Alliance<\/a> &#8211; a resident-led partnership working to improve Stockwood by supporting local projects, strengthening community connections and addressing local priorities<\/li>\n<li><a href=\"https:\/\/hartcliffecityfarm.org.uk\" rel=\"noopener\">Hartcliffe City Farm<\/a> &#8211; a community farm focused on animals, food growing and outdoor learning<\/li>\n<li><a href=\"https:\/\/hwcp.org.uk\" rel=\"noopener\">Hartcliffe and Withywood Community Partnership<\/a> &#8211; a community organisation that empowers residents, supports local initiatives and delivers services to improve wellbeing in the area<\/li>\n<li><a href=\"https:\/\/www.heartofbs13.org.uk\" rel=\"noopener\">Heart of BS13<\/a> &#8211; a charity tackling health inequalities and poverty in South Bristol through food projects, sustainability initiatives, education and employment support<\/li>\n<li><a href=\"https:\/\/www.knowlewesthealthpark.co.uk\/\" rel=\"noopener\">Knowle West Health Park<\/a> &#8211; an organisation that provides social, physical and wellbeing activities for all ages and abilities<\/li>\n<li><a href=\"https:\/\/www.redcatchcommunitygarden.com\" rel=\"noopener\">Redcatch Community Gardens<\/a> &#8211; a community-led green space offering gardening, food growing, wellbeing activities and social events to bring people together and promote healthier living<\/li>\n<li><a href=\"https:\/\/www.bcfc.co.uk\/robins-foundation\/\" rel=\"noopener\">Robins Foundation<\/a> &#8211; the official charity of Bristol City Football Club, delivering education, sport, health and inclusion programmes to inspire and support local people<\/li>\n<li><a href=\"https:\/\/sirona-cic.org.uk\/\" rel=\"noopener\">Sirona care &amp; health <\/a>&#8211; a community health services provider<\/li>\n<li><a href=\"https:\/\/www.bristol.gov.uk\/bristol-family-hubs\/your-family-hubs\/south-family-hub\" rel=\"noopener\">South Bristol Family Hub<\/a> &#8211; a hub that provides support for children, young people and families, offering services including parenting advice, early years activities and access to health and wellbeing resources<\/li>\n<li><a href=\"https:\/\/www.swiftpcn.co.uk\/\" rel=\"noopener\">Swift Primary Care Network<\/a> &#8211; <span data-teams=\"true\">a\u00a0collaboration of local GP practices working together to provide healthcare services\u00a0<\/span><\/li>\n<li><a href=\"https:\/\/bristoljamiamosque.co.uk\" rel=\"noopener\">Totterdown Mosque<\/a> &#8211; a place of worship and community hub providing religious services, cultural activities and support for the local Muslim community<\/li>\n<li><a href=\"https:\/\/www.windmillhillcityfarm.org.uk\" rel=\"noopener\">Windmill Hill City Farm<\/a> &#8211; a community farm and green space offering education, social care, training and volunteering opportunities, alongside activities for families and visitors.<\/li>\n<\/ul>\n  <\/div>\r\n  <\/section><\/div><!-- .assembler_text-module.assembler_module.assembler_text-module_1.assembler_module_1..transparent --><\/div><!-- .assembler_module_area.assembler_module_area_1 --><\/div><!-- .assembler_default-group.assembler_module_group.assembler_default-group_2.assembler_module_group_2  -->","protected":false},"excerpt":{"rendered":"<p>Section titled module-1 Section titled module-2 South Bristol Locality Partnership Contents About us Our partners Our projects Section titled module-3 Our partners South Bristol Locality Partnership is made up of partners from across health and social care along with the voluntary sector and other groups that offer support to communities locally. These include:\u00a0 Avon and [&hellip;]<\/p>\n","protected":false},"author":21,"featured_media":0,"parent":42289,"menu_order":2,"comment_status":"closed","ping_status":"closed","template":"","meta":{"_acf_changed":false,"footnotes":""},"tags":[812,1044],"class_list":["post-42293","page","type-page","status-publish","hentry","tag-locality-partnerships","tag-south-bristol"],"acf":[],"_links":{"self":[{"href":"https:\/\/bnssghealthiertogether.org.uk\/sq\/wp-json\/wp\/v2\/pages\/42293","targetHints":{"allow":["GET"]}}],"collection":[{"href":"https:\/\/bnssghealthiertogether.org.uk\/sq\/wp-json\/wp\/v2\/pages"}],"about":[{"href":"https:\/\/bnssghealthiertogether.org.uk\/sq\/wp-json\/wp\/v2\/types\/page"}],"author":[{"embeddable":true,"href":"https:\/\/bnssghealthiertogether.org.uk\/sq\/wp-json\/wp\/v2\/users\/21"}],"replies":[{"embeddable":true,"href":"https:\/\/bnssghealthiertogether.org.uk\/sq\/wp-json\/wp\/v2\/comments?post=42293"}],"version-history":[{"count":22,"href":"https:\/\/bnssghealthiertogether.org.uk\/sq\/wp-json\/wp\/v2\/pages\/42293\/revisions"}],"predecessor-version":[{"id":46869,"href":"https:\/\/bnssghealthiertogether.org.uk\/sq\/wp-json\/wp\/v2\/pages\/42293\/revisions\/46869"}],"up":[{"embeddable":true,"href":"https:\/\/bnssghealthiertogether.org.uk\/sq\/wp-json\/wp\/v2\/pages\/42289"}],"wp:attachment":[{"href":"https:\/\/bnssghealthiertogether.org.uk\/sq\/wp-json\/wp\/v2\/media?parent=42293"}],"wp:term":[{"taxonomy":"post_tag","embeddable":true,"href":"https:\/\/bnssghealthiertogether.org.uk\/sq\/wp-json\/wp\/v2\/tags?post=42293"}],"curies":[{"name":"wp","href":"https:\/\/api.w.org\/{rel}","templated":true}]}}