{"id":43247,"date":"2025-10-08T15:32:04","date_gmt":"2025-10-08T14:32:04","guid":{"rendered":"https:\/\/bnssghealthiertogether.org.uk\/?page_id=43247"},"modified":"2025-10-08T15:32:04","modified_gmt":"2025-10-08T14:32:04","slug":"clinical-and-cost-effectiveness-of-digital-technology-for-non-specific-low-back-pain-across-an-entire-integrated-care-system-pathway","status":"publish","type":"page","link":"https:\/\/bnssghealthiertogether.org.uk\/sq\/integrated-care-board\/research-and-evidence\/our-research-portfolio\/nihr-funded-projects\/clinical-and-cost-effectiveness-of-digital-technology-for-non-specific-low-back-pain-across-an-entire-integrated-care-system-pathway\/","title":{"rendered":"Klinikisht dhe me kosto efektive e teknologjis\u00eb dixhitale p\u00ebr dhimbjet jo specifike t\u00eb shpin\u00ebs s\u00eb poshtme n\u00eb t\u00eb gjith\u00eb rrug\u00ebn e Sistemit t\u00eb Kujdesit t\u00eb Integruar"},"content":{"rendered":"<div class=\"assembler_default-group assembler_module_group assembler_default-group_1 assembler_module_group_1\"><div class=\"assembler_module_area assembler_module_area_1\"><div class=\"assembler_text-module assembler_module assembler_text-module_1 assembler_module_1  transparent\"><a tabindex=\"-1\" title=\"Seksioni me titull module-1\" id=\"module-1\" href=\"https:\/\/bnssghealthiertogether.org.uk\/sq\/wp-json\/wp\/v2\/pages\/43247\/#module-1\" class=\"anchor\"><span class=\"hidden\">Seksioni me titull module-1<\/span><\/a><!-- Template found for text-module - Template: template-text - Matched: _only --><section class=\"w-full mx-auto max-w-content pt-12 sm:pt-24 pb-12 sm:pb-24\">\r\n  <div class=\"entry-content w-full !px-0 max-w-small\">\r\n        <h1><strong>Klinikisht dhe me kosto efektive e teknologjis\u00eb dixhitale p\u00ebr dhimbjet jo specifike t\u00eb shpin\u00ebs s\u00eb poshtme n\u00eb t\u00eb gjith\u00eb rrug\u00ebn e Sistemit t\u00eb Kujdesit t\u00eb Integruar<\/strong><\/h1>\n<p>&nbsp;<\/p>\n<h2>Financimi<\/h2>\n<p>Instituti Komb\u00ebtar p\u00ebr K\u00ebrkime n\u00eb Ofrimin e Kujdesit Sh\u00ebndet\u00ebsor dhe Social (NIHR) Zyra p\u00ebr Shkencat e Jet\u00ebs\/Shpikjet p\u00ebr Inovacion Ref NIHR208097.<\/p>\n<h2>Sfondi<\/h2>\n<p>Dhimbja e shpin\u00ebs s\u00eb poshtme (DSH) prek shum\u00eb njer\u00ebz n\u00eb Mbret\u00ebrin\u00eb e Bashkuar, duke kufizuar aktivitetet e tyre t\u00eb p\u00ebrditshme dhe duke p\u00ebrb\u00ebr\u00eb 5% t\u00eb takimeve te mjeku i p\u00ebrgjithsh\u00ebm. Ekzistojn\u00eb shum\u00eb mjete dixhitale p\u00ebr t\u00eb mb\u00ebshtetur njer\u00ebzit me DSH q\u00eb t\u00eb vet\u00eb-menaxhojn\u00eb simptomat e tyre nd\u00ebrsa presin p\u00ebr kujdes t\u00eb m\u00ebtejsh\u00ebm. Megjithat\u00eb, ne nuk e dim\u00eb se si funksionojn\u00eb ato p\u00ebr pacient\u00ebt dhe profesionist\u00ebt e kujdesit sh\u00ebndet\u00ebsor, dhe n\u00ebse ofrojn\u00eb kujdes t\u00eb mir\u00eb. getUBetter \u00ebsht\u00eb nj\u00eb aplikacion dixhital sh\u00ebndet\u00ebsor q\u00eb p\u00ebrdoret tashm\u00eb nga NHS p\u00ebr t\u00eb mb\u00ebshtetur njer\u00ebzit me DSH.<\/p>\n<h2>Syno<\/h2>\n<p>Ne synojm\u00eb t\u00eb vler\u00ebsojm\u00eb n\u00ebse p\u00ebrdorimi i aplikacionit getUBetter nga pacient\u00ebt me lumbalgji t\u00eb shpin\u00ebs p\u00ebrmir\u00ebson dhimbjen dhe aft\u00ebsin\u00eb p\u00ebr t&#039;u angazhuar n\u00eb aktivitetet e p\u00ebrditshme, zvog\u00eblon nevoj\u00ebn p\u00ebr kujdes t\u00eb m\u00ebtejsh\u00ebm dhe n\u00ebse i ofron NHS-s\u00eb nj\u00eb vler\u00eb t\u00eb mir\u00eb p\u00ebr parat\u00eb. Ky hulumtim do t\u00eb na ndihmoj\u00eb t\u00eb kuptojm\u00eb se si aplikacioni po p\u00ebrdoret nga pacient\u00ebt dhe praktikat e mjek\u00ebve t\u00eb p\u00ebrgjithsh\u00ebm, dhe t\u00eb zhvillojm\u00eb udh\u00ebzime se si getUBetter dhe mjete t\u00eb tjera t\u00eb vet\u00ebmenaxhimit mund t\u00eb p\u00ebrdoren p\u00ebr t\u00eb mb\u00ebshtetur pacient\u00ebt me lumbalgji t\u00eb shpin\u00ebs.<\/p>\n<h2>Metodat<\/h2>\n<p>Projekti p\u00ebrfshin 3 paketa pune (PP):<\/p>\n<p>WP1: Pacient\u00ebt me LBP n\u00eb praktika t\u00eb ndryshme t\u00eb mjek\u00ebve t\u00eb p\u00ebrgjithsh\u00ebm n\u00eb Bristol, North Somerset dhe South Gloucestershire (BNSSG) do t\u00eb rekrutohen n\u00eb dy grupe: ata q\u00eb e p\u00ebrdorin aplikacionin dhe ata q\u00eb nuk e p\u00ebrdorin at\u00eb. Pacient\u00ebt do t\u00eb plot\u00ebsojn\u00eb nj\u00eb anket\u00eb kat\u00ebr her\u00eb gjat\u00eb nj\u00eb periudhe 12-mujore, duke raportuar p\u00ebrdorimin e tyre t\u00eb getUBetter dhe ndryshimet n\u00eb simptomat e tyre. Ne gjithashtu do t\u00eb analizojm\u00eb t\u00eb dh\u00ebnat e kujdesit sh\u00ebndet\u00ebsor (p.sh., takimet me mjekun e p\u00ebrgjithsh\u00ebm) nga sistemi lokal i NHS p\u00ebr t\u00eb vler\u00ebsuar rezultatet e p\u00ebrdorimit t\u00eb getUBetter n\u00eb nivel sistemi.<\/p>\n<p>WP2: Pacient\u00ebt q\u00eb p\u00ebrdorin getUBetter dhe profesionist\u00ebt e kujdesit sh\u00ebndet\u00ebsor q\u00eb e p\u00ebrshkruajn\u00eb at\u00eb do t\u00eb intervistohen p\u00ebr t\u00eb kuptuar p\u00ebrvojat e tyre dhe faktor\u00ebt q\u00eb ndikojn\u00eb n\u00eb vendimin e tyre p\u00ebr ta p\u00ebrdorur ose p\u00ebr t\u00eb ndaluar p\u00ebrdorimin e tij.<\/p>\n<p>WP3: Gjetjet do t\u00eb p\u00ebrdoren p\u00ebr t\u00eb p\u00ebrmir\u00ebsuar dhe zhvilluar udh\u00ebzime dhe burime trajnimi p\u00ebr t\u00eb mb\u00ebshtetur pacient\u00ebt, profesionist\u00ebt e kujdesit sh\u00ebndet\u00ebsor, sistemet lokale t\u00eb kujdesit sh\u00ebndet\u00ebsor dhe sh\u00ebrbimet komb\u00ebtare kur integrohet dhe p\u00ebrdoret getUBetter dhe mjete t\u00eb tjera dixhitale sh\u00ebndet\u00ebsore p\u00ebr vet\u00ebmenaxhimin e LBP dhe s\u00ebmundjeve t\u00eb tjera t\u00eb muskujve dhe ky\u00e7eve.<\/p>\n<h2>P\u00ebrfshirja e pacient\u00ebve dhe publikut<\/h2>\n<p>Pacient\u00eb me p\u00ebrvoj\u00eb n\u00eb LBP nga prejardhje dhe komunitete t\u00eb ndryshme na kan\u00eb ndihmuar n\u00eb zhvillimin e k\u00ebtij projekti dhe jan\u00eb pjes\u00eb e ekipit t\u00eb projektit. Ata do t\u00eb kontribuojn\u00eb n\u00eb t\u00eb gjitha fazat e projektit, duke p\u00ebrfshir\u00eb prodhimin e informacionit, mb\u00ebshtetjen e angazhimit dhe ndihm\u00ebn n\u00eb ndarjen e gjetjeve t\u00eb hulumtimit.<\/p>\n<h2>P\u00ebrhapja<\/h2>\n<p>Ne do ta ndajm\u00eb k\u00ebt\u00eb njohuri me t\u00eb gjith\u00eb ata q\u00eb jan\u00eb t\u00eb p\u00ebrfshir\u00eb n\u00eb projekt, NHS-n\u00eb dhe komunitetin e k\u00ebrkimit. getUBetter do ta p\u00ebrdor\u00eb k\u00ebt\u00eb njohuri p\u00ebr t\u00eb forcuar proceset e tyre p\u00ebr t\u00eb ndihmuar pacient\u00ebt, mjek\u00ebt dhe sh\u00ebrbimin sh\u00ebndet\u00ebsor.<\/p>\n<h2>Kush po e udh\u00ebheq hulumtimin?<\/h2>\n<p>Dr. Alice Berry, Profesoreshe e Asociuar n\u00eb Rehabilitim, Universiteti i Anglis\u00eb Per\u00ebndimore.<\/p>\n<h2>Informacion i m\u00ebtejsh\u00ebm<\/h2>\n<p>P\u00ebr m\u00eb shum\u00eb informacion ose p\u00ebr t&#039;u p\u00ebrfshir\u00eb n\u00eb k\u00ebt\u00eb projekt, ju lutemi t\u00eb kontaktoni\u00a0<a href=\"mailto:bnssg.research@nhs.net\">bnssg.research@nhs.net<\/a>.<\/p>\n<p>Pik\u00ebpamjet e shprehura jan\u00eb ato t\u00eb autorit\/autor\u00ebve dhe jo domosdoshm\u00ebrisht ato t\u00eb NIHR ose t\u00eb Departamentit t\u00eb Sh\u00ebndet\u00ebsis\u00eb dhe Kujdesit Social<\/p>\n<p>Ju lutemi gjeni m\u00eb shum\u00eb informacion <a href=\"https:\/\/www.fundingawards.nihr.ac.uk\/award\/NIHR208097\" rel=\"noopener\">k\u00ebtu<\/a>.<\/p>\n  <\/div>\r\n  <\/section><\/div><!-- .assembler_text-module.assembler_module.assembler_text-module_1.assembler_module_1..transparent --><\/div><!-- .assembler_module_area.assembler_module_area_1 --><\/div><!-- .assembler_default-group.assembler_module_group.assembler_default-group_1.assembler_module_group_1  -->","protected":false},"excerpt":{"rendered":"<p>Ky hulumtim do t\u00eb na ndihmoj\u00eb t\u00eb kuptojm\u00eb se si po p\u00ebrdoret aplikacioni nga pacient\u00ebt dhe praktikat e mjek\u00ebve t\u00eb p\u00ebrgjithsh\u00ebm, dhe do t\u00eb zhvillojm\u00eb udh\u00ebzime se si getUBetter dhe mjete t\u00eb tjera t\u00eb vet\u00ebmenaxhimit mund t\u00eb p\u00ebrdoren p\u00ebr t\u00eb mb\u00ebshtetur pacient\u00ebt me lumbatin\u00eb e shtyll\u00ebs kurrizore.<\/p>","protected":false},"author":16,"featured_media":0,"parent":32881,"menu_order":0,"comment_status":"closed","ping_status":"closed","template":"","meta":{"_acf_changed":false,"footnotes":""},"tags":[],"class_list":["post-43247","page","type-page","status-publish","hentry"],"acf":[],"_links":{"self":[{"href":"https:\/\/bnssghealthiertogether.org.uk\/sq\/wp-json\/wp\/v2\/pages\/43247","targetHints":{"allow":["GET"]}}],"collection":[{"href":"https:\/\/bnssghealthiertogether.org.uk\/sq\/wp-json\/wp\/v2\/pages"}],"about":[{"href":"https:\/\/bnssghealthiertogether.org.uk\/sq\/wp-json\/wp\/v2\/types\/page"}],"author":[{"embeddable":true,"href":"https:\/\/bnssghealthiertogether.org.uk\/sq\/wp-json\/wp\/v2\/users\/16"}],"replies":[{"embeddable":true,"href":"https:\/\/bnssghealthiertogether.org.uk\/sq\/wp-json\/wp\/v2\/comments?post=43247"}],"version-history":[{"count":2,"href":"https:\/\/bnssghealthiertogether.org.uk\/sq\/wp-json\/wp\/v2\/pages\/43247\/revisions"}],"predecessor-version":[{"id":43249,"href":"https:\/\/bnssghealthiertogether.org.uk\/sq\/wp-json\/wp\/v2\/pages\/43247\/revisions\/43249"}],"up":[{"embeddable":true,"href":"https:\/\/bnssghealthiertogether.org.uk\/sq\/wp-json\/wp\/v2\/pages\/32881"}],"wp:attachment":[{"href":"https:\/\/bnssghealthiertogether.org.uk\/sq\/wp-json\/wp\/v2\/media?parent=43247"}],"wp:term":[{"taxonomy":"post_tag","embeddable":true,"href":"https:\/\/bnssghealthiertogether.org.uk\/sq\/wp-json\/wp\/v2\/tags?post=43247"}],"curies":[{"name":"wp","href":"https:\/\/api.w.org\/{rel}","templated":true}]}}