{"id":43260,"date":"2025-10-08T16:17:16","date_gmt":"2025-10-08T15:17:16","guid":{"rendered":"https:\/\/bnssghealthiertogether.org.uk\/?page_id=43260"},"modified":"2025-10-08T16:17:16","modified_gmt":"2025-10-08T15:17:16","slug":"town-for-active-travel-a-systems-evaluation-of-a-welsh-multi-level-intervention-travels","status":"publish","type":"page","link":"https:\/\/bnssghealthiertogether.org.uk\/sq\/integrated-care-board\/research-and-evidence\/our-research-portfolio\/nihr-funded-projects\/town-for-active-travel-a-systems-evaluation-of-a-welsh-multi-level-intervention-travels\/","title":{"rendered":"Qyteti p\u00ebr udh\u00ebtime aktive: nj\u00eb vler\u00ebsim i sistemeve t\u00eb nj\u00eb nd\u00ebrhyrjeje shum\u00ebnivel\u00ebshe uellsiane (TRAVELS)"},"content":{"rendered":"<div class=\"assembler_default-group assembler_module_group assembler_default-group_1 assembler_module_group_1\"><div class=\"assembler_module_area assembler_module_area_1\"><div class=\"assembler_text-module assembler_module assembler_text-module_1 assembler_module_1  transparent\"><a tabindex=\"-1\" title=\"Seksioni me titull module-1\" id=\"module-1\" href=\"https:\/\/bnssghealthiertogether.org.uk\/sq\/wp-json\/wp\/v2\/pages\/43260\/#module-1\" class=\"anchor\"><span class=\"hidden\">Seksioni me titull module-1<\/span><\/a><!-- Template found for text-module - Template: template-text - Matched: _only --><section class=\"w-full mx-auto max-w-content pt-12 sm:pt-24 pb-12 sm:pb-24\">\r\n  <div class=\"entry-content w-full !px-0 max-w-small\">\r\n        <h1><strong>Qyteti p\u00ebr udh\u00ebtime aktive: nj\u00eb vler\u00ebsim i sistemeve t\u00eb nj\u00eb nd\u00ebrhyrjeje shum\u00ebnivel\u00ebshe uellsiane (TRAVELS)<\/strong><\/h1>\n<p>&nbsp;<\/p>\n<h2>Financimi<\/h2>\n<p>Instituti Komb\u00ebtar p\u00ebr K\u00ebrkime n\u00eb Sh\u00ebndet\u00ebsi dhe Kujdes (NIHR) K\u00ebrkime n\u00eb Sh\u00ebndetin Publik Ref NIHR166142.<\/p>\n<h2>Sfondi<\/h2>\n<p>Udh\u00ebtimi aktiv i referohet udh\u00ebtimeve t\u00eb p\u00ebrditshme t\u00eb b\u00ebra duke ecur, duke ngar\u00eb bi\u00e7iklet\u00ebn ose duke ngar\u00eb rrota. Udh\u00ebtimi aktiv rrit aktivitetin fizik, i cili p\u00ebrmir\u00ebson sh\u00ebndetin fizik dhe mendor, dhe zvog\u00eblon p\u00ebrdorimin e automjeteve, duke p\u00ebrmir\u00ebsuar sigurin\u00eb rrugore dhe cil\u00ebsin\u00eb e ajrit. Megjithat\u00eb, p\u00ebrdorimi i udh\u00ebtimit aktiv \u00ebsht\u00eb i ul\u00ebt n\u00eb t\u00eb gjith\u00eb Mbret\u00ebrin\u00eb e Bashkuar, dhe n\u00eb Uells vet\u00ebm 52% e t\u00eb rriturve, 48% e f\u00ebmij\u00ebve t\u00eb shkoll\u00ebs fillore dhe 35% e f\u00ebmij\u00ebve t\u00eb shkoll\u00ebs s\u00eb mesme p\u00ebrdorin udh\u00ebtimin aktiv p\u00ebr transport.<\/p>\n<h2>Nd\u00ebrhyrje<\/h2>\n<p>Ky studim do t\u00eb vler\u00ebsoj\u00eb &#039;Qytetin e Udh\u00ebtimit Aktiv&#039; t\u00eb financuar nga Qeveria Uellsiane, i cili synon t\u00eb ndryshoj\u00eb sistemin e udh\u00ebtimit aktiv brenda nj\u00eb qyteti t\u00eb vog\u00ebl (me popullsi ~12 mij\u00eb) n\u00eb Uells. Ky \u00ebsht\u00eb nj\u00eb nd\u00ebrhyrje e re me shum\u00eb komponent\u00eb, e bashk\u00ebprodhuar me pal\u00ebt e interesuara lokale dhe e zbatuar gjat\u00eb nj\u00eb periudhe 4-vje\u00e7are. Do t\u00eb marr\u00eb kapital t\u00eb konsideruesh\u00ebm (~ 5 milion\u00eb \u00a3 n\u00eb vit) dhe t\u00eb ardhura (~ 1 milion \u00a3 n\u00eb vit) midis viteve 2025-2029, p\u00ebrve\u00e7 financimit rutin\u00eb, p\u00ebr t\u00eb zbatuar nj\u00eb s\u00ebr\u00eb nd\u00ebrhyrjesh t\u00eb udh\u00ebtimit aktiv q\u00eb synojn\u00eb infrastruktur\u00ebn, arsimin dhe ndryshimin e sjelljes individuale duke punuar s\u00eb bashku.<\/p>\n<h2>Synimet<\/h2>\n<p>Q\u00ebllimi i k\u00ebtij projekti \u00ebsht\u00eb t\u00eb vler\u00ebsoj\u00eb ndikimin e nd\u00ebrhyrjes s\u00eb Qytetit t\u00eb Udh\u00ebtimit Aktiv, si pasojat e synuara ashtu edhe ato t\u00eb paparashikuara, duke p\u00ebrdorur nj\u00eb p\u00ebrzierje t\u00eb t\u00eb dh\u00ebnave sasiore t\u00eb anket\u00ebs, intervistave cil\u00ebsore dhe hart\u00ebzimit t\u00eb sistemeve komplekse p\u00ebr t\u00eb adresuar objektivat e m\u00ebposhtme:<\/p>\n<ul>\n<li>P\u00ebrcaktoni ndikimin e p\u00ebrgjithsh\u00ebm n\u00eb udh\u00ebtimin aktiv<\/li>\n<li>Eksploroni se si komponent\u00ebt e nd\u00ebrhyrjes bashk\u00ebveprojn\u00eb n\u00eb nj\u00eb sistem kompleks<\/li>\n<li>P\u00ebrcaktoni raportin kosto-p\u00ebrfitim t\u00eb nd\u00ebrhyrjes<\/li>\n<li>Vler\u00ebsoni p\u00ebrgjith\u00ebsueshm\u00ebrin\u00eb n\u00eb qytete t\u00eb tjera t\u00eb vogla n\u00eb Mbret\u00ebrin\u00eb e Bashkuar<\/li>\n<\/ul>\n<h2>Metodat<\/h2>\n<p>Ky vler\u00ebsim do t\u00eb p\u00ebrdor\u00eb nj\u00eb model t\u00eb kontrolluar t\u00eb prerjes t\u00ebrthore para-pas p\u00ebr t\u00eb krahasuar t\u00eb dh\u00ebnat e anket\u00ebs s\u00eb financuar nga Qeveria Uellsiane nga t\u00eb rriturit dhe f\u00ebmij\u00ebt e shkoll\u00ebs n\u00eb Qytetin e Udh\u00ebtimit Aktiv me nj\u00eb Qytet Kontrollues, t\u00eb p\u00ebrputhura me karakteristikat e qytetit. Ne do t\u00eb p\u00ebrdorim modele ndryshimi n\u00eb ndryshim p\u00ebr t\u00eb krahasuar rezultatet n\u00eb 3 pika kohore dhe do t\u00eb triangulojm\u00eb rezultatet duke i krahasuar me kontrollet sintetike t\u00eb nd\u00ebrtuara nga t\u00eb dh\u00ebnat komb\u00ebtare. Nj\u00eb n\u00ebn-studim me metod\u00eb t\u00eb p\u00ebrzier i ditar\u00ebve t\u00eb udh\u00ebtimit, t\u00eb dh\u00ebnave t\u00eb akselerometrit dhe intervistave cil\u00ebsore tek f\u00ebmij\u00ebt, t\u00eb rriturit q\u00eb punojn\u00eb dhe banor\u00ebt e komunitetit do t\u00eb ofroj\u00eb t\u00eb dh\u00ebna t\u00eb thella mbi perceptimet e udh\u00ebtimit aktiv dhe nd\u00ebrhyrjes, si dhe nj\u00eb mas\u00eb vjetore p\u00ebrshkruese t\u00eb procesit. Ne do t\u00eb p\u00ebrdorim qasje t\u00eb hart\u00ebzimit t\u00eb sistemeve p\u00ebr t\u00eb ofruar nj\u00eb pamje baz\u00eb t\u00eb faktor\u00ebve t\u00eb nd\u00ebrlidhur t\u00eb sistemit dhe se si kjo ndryshon me kalimin e koh\u00ebs. Ne gjithashtu do t\u00eb vler\u00ebsojm\u00eb kosto-p\u00ebrfitimin e Qytetit t\u00eb Udh\u00ebtimit Aktiv, dhe mas\u00ebn n\u00eb t\u00eb cil\u00ebn gjetjet mund t\u00eb p\u00ebrgjith\u00ebsohen, p\u00ebr t\u00eb krijuar plane individuale t\u00eb udh\u00ebtimit aktiv p\u00ebr 6 qytete t\u00eb vogla n\u00eb t\u00eb gjith\u00eb Uellsin dhe Anglin\u00eb.<\/p>\n<h2>Afatet kohore<\/h2>\n<p>Ky \u00ebsht\u00eb nj\u00eb projekt 54-mujor nga maji 2025 deri n\u00eb tetor 2029. Financimi p\u00ebr nd\u00ebrhyrjen do t\u00eb filloj\u00eb n\u00eb prill 2025 dhe Qeveria Uellsiane do t\u00eb mbledh\u00eb t\u00eb dh\u00ebna sasiore t\u00eb rezultateve n\u00eb 3 pika kohore: Ora 0: Vjeshta 2024; Ora 1: Vjeshta 2026 dhe Ora 2: Vjeshta 2028. Ne gjithashtu do t\u00eb p\u00ebrdorim masa cil\u00ebsore (s\u00eb bashku me ditar\u00ebt e udh\u00ebtimit dhe akselerometrat) p\u00ebr t\u00eb vler\u00ebsuar ndikimin e nd\u00ebrhyrjes \u00e7do vit n\u00eb vjesht\u00ebn e viteve 2025 deri n\u00eb 2028.<\/p>\n<h2>Ndikimi dhe p\u00ebrhapja<\/h2>\n<p>Ndikimi n\u00eb politika dhe praktika do t\u00eb arrihet p\u00ebrmes nj\u00eb raporti t\u00eb bashk\u00ebprodhuar nga publiku, nj\u00eb p\u00ebrmbledhjeje t\u00eb politikave dhe nj\u00eb pakete diapozitivash t\u00eb ndar\u00eb me departamentet e qeveris\u00eb lokale dhe komb\u00ebtare.<\/p>\n<p>Angazhimi i komunitetit do t\u00eb p\u00ebrfshij\u00eb nj\u00eb infografik, video dhe dy evente publike p\u00ebr shp\u00ebrndarjen e informacionit. Ndikimi akademik do t\u00eb arrihet p\u00ebrmes botimeve t\u00eb rishikuara nga koleg\u00ebt dhe prezantimeve n\u00eb konferenca.<\/p>\n<p>Do t\u00eb prodhohet nj\u00eb set mjetesh TRAVELS p\u00ebr praktikuesit p\u00ebr t\u00eb treguar se si gjetjet e studimit mund t\u00eb p\u00ebrshtaten dhe zbatohen n\u00eb kontekste lokale n\u00eb t\u00eb gjith\u00eb Mbret\u00ebrin\u00eb e Bashkuar p\u00ebr t\u00eb mb\u00ebshtetur shkall\u00ebzueshm\u00ebrin\u00eb dhe p\u00ebrkthimin.<\/p>\n<h2>Kush po e udh\u00ebheq hulumtimin<\/h2>\n<p>Profesor Russel Jago, Profesor i Aktivitetit Fizik dhe Sh\u00ebndetit Publik, Shkolla Mjek\u00ebsore e Bristolit, Universiteti i Bristolit.<\/p>\n<h2>Informacion i m\u00ebtejsh\u00ebm<\/h2>\n<p>Email CI: Russ.Jago@bristol.ac.uk<\/p>\n<p>P\u00ebr m\u00eb shum\u00eb informacion ose p\u00ebr t&#039;u p\u00ebrfshir\u00eb n\u00eb k\u00ebt\u00eb projekt, ju lutemi t\u00eb kontaktoni\u00a0<a href=\"mailto:bnssg.research@nhs.net\">bnssg.research@nhs.net<\/a>.<\/p>\n<p>Pik\u00ebpamjet e shprehura jan\u00eb ato t\u00eb autorit\/autor\u00ebve dhe jo domosdoshm\u00ebrisht ato t\u00eb NIHR ose t\u00eb Departamentit t\u00eb Sh\u00ebndet\u00ebsis\u00eb dhe Kujdesit Social<\/p>\n<p>Ju lutemi gjeni m\u00eb shum\u00eb informacion <a href=\"https:\/\/www.fundingawards.nihr.ac.uk\/award\/NIHR166142\" rel=\"noopener\">k\u00ebtu.<\/a><\/p>\n  <\/div>\r\n  <\/section><\/div><!-- .assembler_text-module.assembler_module.assembler_text-module_1.assembler_module_1..transparent --><\/div><!-- .assembler_module_area.assembler_module_area_1 --><\/div><!-- .assembler_default-group.assembler_module_group.assembler_default-group_1.assembler_module_group_1  -->","protected":false},"excerpt":{"rendered":"<p>The aim of this project is to evaluate the impact of the Active Travel Town intervention, both intended and unintended consequences, using a mixture of quantitative survey data, qualitative interviews and complex systems mapping.<\/p>","protected":false},"author":16,"featured_media":0,"parent":32881,"menu_order":0,"comment_status":"closed","ping_status":"closed","template":"","meta":{"_acf_changed":false,"footnotes":""},"tags":[],"class_list":["post-43260","page","type-page","status-publish","hentry"],"acf":[],"_links":{"self":[{"href":"https:\/\/bnssghealthiertogether.org.uk\/sq\/wp-json\/wp\/v2\/pages\/43260","targetHints":{"allow":["GET"]}}],"collection":[{"href":"https:\/\/bnssghealthiertogether.org.uk\/sq\/wp-json\/wp\/v2\/pages"}],"about":[{"href":"https:\/\/bnssghealthiertogether.org.uk\/sq\/wp-json\/wp\/v2\/types\/page"}],"author":[{"embeddable":true,"href":"https:\/\/bnssghealthiertogether.org.uk\/sq\/wp-json\/wp\/v2\/users\/16"}],"replies":[{"embeddable":true,"href":"https:\/\/bnssghealthiertogether.org.uk\/sq\/wp-json\/wp\/v2\/comments?post=43260"}],"version-history":[{"count":2,"href":"https:\/\/bnssghealthiertogether.org.uk\/sq\/wp-json\/wp\/v2\/pages\/43260\/revisions"}],"predecessor-version":[{"id":43263,"href":"https:\/\/bnssghealthiertogether.org.uk\/sq\/wp-json\/wp\/v2\/pages\/43260\/revisions\/43263"}],"up":[{"embeddable":true,"href":"https:\/\/bnssghealthiertogether.org.uk\/sq\/wp-json\/wp\/v2\/pages\/32881"}],"wp:attachment":[{"href":"https:\/\/bnssghealthiertogether.org.uk\/sq\/wp-json\/wp\/v2\/media?parent=43260"}],"wp:term":[{"taxonomy":"post_tag","embeddable":true,"href":"https:\/\/bnssghealthiertogether.org.uk\/sq\/wp-json\/wp\/v2\/tags?post=43260"}],"curies":[{"name":"wp","href":"https:\/\/api.w.org\/{rel}","templated":true}]}}