{"id":46895,"date":"2026-02-18T13:49:58","date_gmt":"2026-02-18T13:49:58","guid":{"rendered":"https:\/\/bnssghealthiertogether.org.uk\/?page_id=46895"},"modified":"2026-02-18T13:49:58","modified_gmt":"2026-02-18T13:49:58","slug":"racial-inequalities-in-mental-health","status":"publish","type":"page","link":"https:\/\/bnssghealthiertogether.org.uk\/sq\/integrated-care-board\/research-and-evidence\/our-research-portfolio\/type-1-rcf-funded-projects\/racial-inequalities-in-mental-health\/","title":{"rendered":"Pabarazit\u00eb racore n\u00eb sh\u00ebndetin mendor"},"content":{"rendered":"<div class=\"assembler_default-group assembler_module_group assembler_default-group_1 assembler_module_group_1\"><div class=\"assembler_module_area assembler_module_area_1\"><div class=\"assembler_text-module assembler_module assembler_text-module_1 assembler_module_1  transparent\"><a tabindex=\"-1\" title=\"Seksioni me titull module-1\" id=\"module-1\" href=\"https:\/\/bnssghealthiertogether.org.uk\/sq\/wp-json\/wp\/v2\/pages\/46895\/#module-1\" class=\"anchor\"><span class=\"hidden\">Seksioni me titull module-1<\/span><\/a><!-- Template found for text-module - Template: template-text - Matched: _only --><section class=\"w-full mx-auto max-w-content pt-12 sm:pt-24 pb-12 sm:pb-24\">\r\n  <div class=\"entry-content w-full !px-0 max-w-small\">\r\n        <h1>Pabarazit\u00eb racore n\u00eb sh\u00ebndetin mendor<\/h1>\n<p>Kjo RCF do t\u00eb p\u00ebrdoret p\u00ebr t\u00eb punuar me pacient\u00ebt, komunitetet dhe pal\u00ebt e tjera t\u00eb interesuara p\u00ebr t\u00eb zhvilluar nj\u00eb pyetje k\u00ebrkimore q\u00eb adreson pabarazit\u00eb racore n\u00eb kujdesin sh\u00ebndet\u00ebsor mendor. Qasja e ekipit do t\u00eb p\u00ebrqendrohet n\u00eb nd\u00ebrtimin e besimit, pun\u00ebn n\u00eb partneritet dhe fuqizimin e komuniteteve n\u00eb m\u00ebnyr\u00eb q\u00eb k\u00ebrkimi t\u00eb pasqyroj\u00eb prioritetet dhe p\u00ebrvojat e tyre.<\/p>\n<h2>Financimi<\/h2>\n<p>Financimi i Aft\u00ebsive K\u00ebrkimore ICB t\u00eb NHS Bristol, North Somerset dhe South Gloucestershire.<\/p>\n<h2>Kush po e udh\u00ebheq hulumtimin?<\/h2>\n<p>Ky hulumtim drejtohet nga Dr. Chizoba Esio-Bassey nga universiteti i Anglis\u00eb Per\u00ebndimore, Bristol.<\/p>\n<h2>Informacion i m\u00ebtejsh\u00ebm<\/h2>\n<p>P\u00ebr m\u00eb shum\u00eb informacion ose p\u00ebr t&#039;u p\u00ebrfshir\u00eb n\u00eb k\u00ebt\u00eb projekt, d\u00ebrgoni email\u00a0<a href=\"mailto:bnssg.research@nhs.net\"><strong>bnssg.research@nhs.net<\/strong><\/a>.<\/p>\n  <\/div>\r\n  <\/section><\/div><!-- .assembler_text-module.assembler_module.assembler_text-module_1.assembler_module_1..transparent --><\/div><!-- .assembler_module_area.assembler_module_area_1 --><\/div><!-- .assembler_default-group.assembler_module_group.assembler_default-group_1.assembler_module_group_1  -->","protected":false},"excerpt":{"rendered":"<p>Ky RCF do t\u00eb p\u00ebrdoret p\u00ebr t\u00eb punuar me pacient\u00ebt, komunitetet dhe pal\u00ebt e tjera t\u00eb interesuara p\u00ebr t\u00eb zhvilluar nj\u00eb pyetje k\u00ebrkimore q\u00eb adreson pabarazit\u00eb racore n\u00eb kujdesin sh\u00ebndet\u00ebsor mendor.<\/p>","protected":false},"author":16,"featured_media":0,"parent":32894,"menu_order":0,"comment_status":"closed","ping_status":"closed","template":"","meta":{"_acf_changed":false,"footnotes":""},"tags":[],"class_list":["post-46895","page","type-page","status-publish","hentry"],"acf":[],"_links":{"self":[{"href":"https:\/\/bnssghealthiertogether.org.uk\/sq\/wp-json\/wp\/v2\/pages\/46895","targetHints":{"allow":["GET"]}}],"collection":[{"href":"https:\/\/bnssghealthiertogether.org.uk\/sq\/wp-json\/wp\/v2\/pages"}],"about":[{"href":"https:\/\/bnssghealthiertogether.org.uk\/sq\/wp-json\/wp\/v2\/types\/page"}],"author":[{"embeddable":true,"href":"https:\/\/bnssghealthiertogether.org.uk\/sq\/wp-json\/wp\/v2\/users\/16"}],"replies":[{"embeddable":true,"href":"https:\/\/bnssghealthiertogether.org.uk\/sq\/wp-json\/wp\/v2\/comments?post=46895"}],"version-history":[{"count":2,"href":"https:\/\/bnssghealthiertogether.org.uk\/sq\/wp-json\/wp\/v2\/pages\/46895\/revisions"}],"predecessor-version":[{"id":46897,"href":"https:\/\/bnssghealthiertogether.org.uk\/sq\/wp-json\/wp\/v2\/pages\/46895\/revisions\/46897"}],"up":[{"embeddable":true,"href":"https:\/\/bnssghealthiertogether.org.uk\/sq\/wp-json\/wp\/v2\/pages\/32894"}],"wp:attachment":[{"href":"https:\/\/bnssghealthiertogether.org.uk\/sq\/wp-json\/wp\/v2\/media?parent=46895"}],"wp:term":[{"taxonomy":"post_tag","embeddable":true,"href":"https:\/\/bnssghealthiertogether.org.uk\/sq\/wp-json\/wp\/v2\/tags?post=46895"}],"curies":[{"name":"wp","href":"https:\/\/api.w.org\/{rel}","templated":true}]}}