{"id":46898,"date":"2026-02-18T13:57:17","date_gmt":"2026-02-18T13:57:17","guid":{"rendered":"https:\/\/bnssghealthiertogether.org.uk\/?page_id=46898"},"modified":"2026-02-18T13:57:17","modified_gmt":"2026-02-18T13:57:17","slug":"low-burden-treatment-approaches-for-fibromyalgia","status":"publish","type":"page","link":"https:\/\/bnssghealthiertogether.org.uk\/sq\/integrated-care-board\/research-and-evidence\/our-research-portfolio\/type-1-rcf-funded-projects\/low-burden-treatment-approaches-for-fibromyalgia\/","title":{"rendered":"Qasje trajtimi me ngarkes\u00eb t\u00eb ul\u00ebt p\u00ebr fibromialgjin\u00eb"},"content":{"rendered":"<div class=\"assembler_default-group assembler_module_group assembler_default-group_1 assembler_module_group_1\"><div class=\"assembler_module_area assembler_module_area_1\"><div class=\"assembler_text-module assembler_module assembler_text-module_1 assembler_module_1  transparent\"><a tabindex=\"-1\" title=\"Seksioni me titull module-1\" id=\"module-1\" href=\"https:\/\/bnssghealthiertogether.org.uk\/sq\/wp-json\/wp\/v2\/pages\/46898\/#module-1\" class=\"anchor\"><span class=\"hidden\">Seksioni me titull module-1<\/span><\/a><!-- Template found for text-module - Template: template-text - Matched: _only --><section class=\"w-full mx-auto max-w-content pt-12 sm:pt-24 pb-12 sm:pb-24\">\r\n  <div class=\"entry-content w-full !px-0 max-w-small\">\r\n        <h1>Qasje trajtimi me ngarkes\u00eb t\u00eb ul\u00ebt p\u00ebr fibromialgjin\u00eb<\/h1>\n<p>Ky financim do t\u00eb p\u00ebrdoret p\u00ebr t\u00eb p\u00ebrfshir\u00eb pacient\u00ebt dhe publikun p\u00ebrmes diskutimeve n\u00eb grup dhe intervistave, n\u00eb m\u00ebnyr\u00eb q\u00eb ata t\u00eb mund t\u00eb ndihmojn\u00eb n\u00eb form\u00ebsimin e hulumtimeve t\u00eb ardhshme dhe n\u00eb hartimin e nj\u00eb studimi t\u00eb mundsh\u00ebm n\u00eb t\u00eb ardhmen. Q\u00ebllimi \u00ebsht\u00eb t\u00eb zbulohet se cilat simptoma kan\u00eb m\u00eb shum\u00eb r\u00ebnd\u00ebsi p\u00ebr ta dhe n\u00ebse trajtimet e reja dhe t\u00eb lehta p\u00ebr t\u2019u p\u00ebrdorur do t\u00eb ishin t\u00eb pranueshme. K\u00ebto trajtime do t\u00eb p\u00ebrqendrohen n\u00eb dhimbje, lodhje ekstreme dhe probleme me t\u00eb menduarit ose kujtes\u00ebn.<\/p>\n<h2>Financimi<\/h2>\n<p>Financimi i Aft\u00ebsive K\u00ebrkimore ICB t\u00eb NHS Bristol, North Somerset dhe South Gloucestershire.<\/p>\n<h2>Kush po e udh\u00ebheq hulumtimin?<\/h2>\n<p>Ky hulumtim drejtohet nga Dr. James Stanley, mjek i p\u00ebrgjithsh\u00ebm n\u00eb Rosebank Health (Gloucester).<\/p>\n<h2>Informacion i m\u00ebtejsh\u00ebm<\/h2>\n<p>P\u00ebr m\u00eb shum\u00eb informacion ose p\u00ebr t&#039;u p\u00ebrfshir\u00eb n\u00eb k\u00ebt\u00eb projekt, d\u00ebrgoni email\u00a0<a href=\"mailto:bnssg.research@nhs.net\"><strong>bnssg.research@nhs.net<\/strong><\/a>.<\/p>\n  <\/div>\r\n  <\/section><\/div><!-- .assembler_text-module.assembler_module.assembler_text-module_1.assembler_module_1..transparent --><\/div><!-- .assembler_module_area.assembler_module_area_1 --><\/div><!-- .assembler_default-group.assembler_module_group.assembler_default-group_1.assembler_module_group_1  -->","protected":false},"excerpt":{"rendered":"<p>Ky financim do t\u00eb p\u00ebrdoret p\u00ebr t\u00eb p\u00ebrfshir\u00eb pacient\u00ebt dhe publikun p\u00ebrmes diskutimeve n\u00eb grup dhe intervistave, n\u00eb m\u00ebnyr\u00eb q\u00eb ata t\u00eb mund t\u00eb ndihmojn\u00eb n\u00eb form\u00ebsimin e hulumtimeve t\u00eb ardhshme dhe n\u00eb hartimin e nj\u00eb studimi t\u00eb mundsh\u00ebm n\u00eb t\u00eb ardhmen.<\/p>","protected":false},"author":16,"featured_media":0,"parent":32894,"menu_order":0,"comment_status":"closed","ping_status":"closed","template":"","meta":{"_acf_changed":false,"footnotes":""},"tags":[],"class_list":["post-46898","page","type-page","status-publish","hentry"],"acf":[],"_links":{"self":[{"href":"https:\/\/bnssghealthiertogether.org.uk\/sq\/wp-json\/wp\/v2\/pages\/46898","targetHints":{"allow":["GET"]}}],"collection":[{"href":"https:\/\/bnssghealthiertogether.org.uk\/sq\/wp-json\/wp\/v2\/pages"}],"about":[{"href":"https:\/\/bnssghealthiertogether.org.uk\/sq\/wp-json\/wp\/v2\/types\/page"}],"author":[{"embeddable":true,"href":"https:\/\/bnssghealthiertogether.org.uk\/sq\/wp-json\/wp\/v2\/users\/16"}],"replies":[{"embeddable":true,"href":"https:\/\/bnssghealthiertogether.org.uk\/sq\/wp-json\/wp\/v2\/comments?post=46898"}],"version-history":[{"count":2,"href":"https:\/\/bnssghealthiertogether.org.uk\/sq\/wp-json\/wp\/v2\/pages\/46898\/revisions"}],"predecessor-version":[{"id":46900,"href":"https:\/\/bnssghealthiertogether.org.uk\/sq\/wp-json\/wp\/v2\/pages\/46898\/revisions\/46900"}],"up":[{"embeddable":true,"href":"https:\/\/bnssghealthiertogether.org.uk\/sq\/wp-json\/wp\/v2\/pages\/32894"}],"wp:attachment":[{"href":"https:\/\/bnssghealthiertogether.org.uk\/sq\/wp-json\/wp\/v2\/media?parent=46898"}],"wp:term":[{"taxonomy":"post_tag","embeddable":true,"href":"https:\/\/bnssghealthiertogether.org.uk\/sq\/wp-json\/wp\/v2\/tags?post=46898"}],"curies":[{"name":"wp","href":"https:\/\/api.w.org\/{rel}","templated":true}]}}