{"id":46901,"date":"2026-02-18T14:03:30","date_gmt":"2026-02-18T14:03:30","guid":{"rendered":"https:\/\/bnssghealthiertogether.org.uk\/?page_id=46901"},"modified":"2026-02-18T14:03:30","modified_gmt":"2026-02-18T14:03:30","slug":"healthcare-professionals-active-engagement-in-promoting-lifestyle-management","status":"publish","type":"page","link":"https:\/\/bnssghealthiertogether.org.uk\/sq\/integrated-care-board\/research-and-evidence\/our-research-portfolio\/type-1-rcf-funded-projects\/healthcare-professionals-active-engagement-in-promoting-lifestyle-management\/","title":{"rendered":"Angazhimi aktiv i profesionist\u00ebve t\u00eb kujdesit sh\u00ebndet\u00ebsor n\u00eb promovimin e menaxhimit t\u00eb stilit t\u00eb jet\u00ebs"},"content":{"rendered":"<div class=\"assembler_default-group assembler_module_group assembler_default-group_1 assembler_module_group_1\"><div class=\"assembler_module_area assembler_module_area_1\"><div class=\"assembler_text-module assembler_module assembler_text-module_1 assembler_module_1  transparent\"><a tabindex=\"-1\" title=\"Seksioni me titull module-1\" id=\"module-1\" href=\"https:\/\/bnssghealthiertogether.org.uk\/sq\/wp-json\/wp\/v2\/pages\/46901\/#module-1\" class=\"anchor\"><span class=\"hidden\">Seksioni me titull module-1<\/span><\/a><!-- Template found for text-module - Template: template-text - Matched: _only --><section class=\"w-full mx-auto max-w-content pt-12 sm:pt-24 pb-12 sm:pb-24\">\r\n  <div class=\"entry-content w-full !px-0 max-w-small\">\r\n        <h1>Angazhimi aktiv i profesionist\u00ebve t\u00eb kujdesit sh\u00ebndet\u00ebsor n\u00eb promovimin e menaxhimit t\u00eb stilit t\u00eb jet\u00ebs<\/h1>\n<p>Dr. Rebekah Stone \u00ebsht\u00eb e interesuar t\u00eb eksploroj\u00eb n\u00ebse angazhimi aktiv i profesionist\u00ebve t\u00eb kujdesit sh\u00ebndet\u00ebsor n\u00eb promovimin e menaxhimit t\u00eb stilit t\u00eb jetes\u00ebs, si\u00e7 \u00ebsht\u00eb ushqyerja, mund t\u00eb ndikoj\u00eb pozitivisht n\u00eb rezultatet sh\u00ebndet\u00ebsore n\u00eb popullatat e pash\u00ebrbyera. K\u00ebto komunitete shpesh anashkalohen si n\u00eb k\u00ebrkime ashtu edhe n\u00eb iniciativat e kujdesit sh\u00ebndet\u00ebsor, megjithat\u00eb ato mbajn\u00eb pesh\u00ebn kryesore t\u00eb s\u00ebmundjeve q\u00eb lidhen me stilin e jet\u00ebs, duke p\u00ebrfshir\u00eb ato q\u00eb lidhen me ushqyerjen e dob\u00ebt.<\/p>\n<h2>Financimi<\/h2>\n<p>Financimi i Aft\u00ebsive K\u00ebrkimore ICB t\u00eb NHS Bristol, North Somerset dhe South Gloucestershire.<\/p>\n<h2>Kush po e udh\u00ebheq hulumtimin?<\/h2>\n<p>Ky hulumtim drejtohet nga Dr. Rebekah Stone, mjeke e p\u00ebrgjithshme n\u00eb Downton Road Surgery.<\/p>\n<h2>Informacion i m\u00ebtejsh\u00ebm<\/h2>\n<p>P\u00ebr m\u00eb shum\u00eb informacion ose p\u00ebr t&#039;u p\u00ebrfshir\u00eb n\u00eb k\u00ebt\u00eb projekt, d\u00ebrgoni email\u00a0<a href=\"mailto:bnssg.research@nhs.net\"><strong>bnssg.research@nhs.net<\/strong><\/a>.<\/p>\n  <\/div>\r\n  <\/section><\/div><!-- .assembler_text-module.assembler_module.assembler_text-module_1.assembler_module_1..transparent --><\/div><!-- .assembler_module_area.assembler_module_area_1 --><\/div><!-- .assembler_default-group.assembler_module_group.assembler_default-group_1.assembler_module_group_1  -->","protected":false},"excerpt":{"rendered":"<p>Dr Rebekah Stone is interested in exploring whether healthcare professionals\u2019 active engagement in promoting lifestyle management such as nutrition can positively influence health outcomes in underserved populations.<\/p>","protected":false},"author":16,"featured_media":0,"parent":32894,"menu_order":0,"comment_status":"closed","ping_status":"closed","template":"","meta":{"_acf_changed":false,"footnotes":""},"tags":[],"class_list":["post-46901","page","type-page","status-publish","hentry"],"acf":[],"_links":{"self":[{"href":"https:\/\/bnssghealthiertogether.org.uk\/sq\/wp-json\/wp\/v2\/pages\/46901","targetHints":{"allow":["GET"]}}],"collection":[{"href":"https:\/\/bnssghealthiertogether.org.uk\/sq\/wp-json\/wp\/v2\/pages"}],"about":[{"href":"https:\/\/bnssghealthiertogether.org.uk\/sq\/wp-json\/wp\/v2\/types\/page"}],"author":[{"embeddable":true,"href":"https:\/\/bnssghealthiertogether.org.uk\/sq\/wp-json\/wp\/v2\/users\/16"}],"replies":[{"embeddable":true,"href":"https:\/\/bnssghealthiertogether.org.uk\/sq\/wp-json\/wp\/v2\/comments?post=46901"}],"version-history":[{"count":2,"href":"https:\/\/bnssghealthiertogether.org.uk\/sq\/wp-json\/wp\/v2\/pages\/46901\/revisions"}],"predecessor-version":[{"id":46904,"href":"https:\/\/bnssghealthiertogether.org.uk\/sq\/wp-json\/wp\/v2\/pages\/46901\/revisions\/46904"}],"up":[{"embeddable":true,"href":"https:\/\/bnssghealthiertogether.org.uk\/sq\/wp-json\/wp\/v2\/pages\/32894"}],"wp:attachment":[{"href":"https:\/\/bnssghealthiertogether.org.uk\/sq\/wp-json\/wp\/v2\/media?parent=46901"}],"wp:term":[{"taxonomy":"post_tag","embeddable":true,"href":"https:\/\/bnssghealthiertogether.org.uk\/sq\/wp-json\/wp\/v2\/tags?post=46901"}],"curies":[{"name":"wp","href":"https:\/\/api.w.org\/{rel}","templated":true}]}}