{"id":46905,"date":"2026-02-18T14:07:59","date_gmt":"2026-02-18T14:07:59","guid":{"rendered":"https:\/\/bnssghealthiertogether.org.uk\/?page_id=46905"},"modified":"2026-02-18T14:08:00","modified_gmt":"2026-02-18T14:08:00","slug":"change-understanding-and-awareness-of-hpv-and-associated-health-conditions-across-the-life-course","status":"publish","type":"page","link":"https:\/\/bnssghealthiertogether.org.uk\/sq\/integrated-care-board\/research-and-evidence\/our-research-portfolio\/type-1-rcf-funded-projects\/change-understanding-and-awareness-of-hpv-and-associated-health-conditions-across-the-life-course\/","title":{"rendered":"Ndryshimi i t\u00eb kuptuarit dhe nd\u00ebrgjegj\u00ebsimit p\u00ebr HPV-n\u00eb dhe gjendjet sh\u00ebndet\u00ebsore q\u00eb lidhen me t\u00eb gjat\u00eb gjith\u00eb jet\u00ebs."},"content":{"rendered":"<div class=\"assembler_default-group assembler_module_group assembler_default-group_1 assembler_module_group_1\"><div class=\"assembler_module_area assembler_module_area_1\"><div class=\"assembler_text-module assembler_module assembler_text-module_1 assembler_module_1  transparent\"><a tabindex=\"-1\" title=\"Seksioni me titull module-1\" id=\"module-1\" href=\"https:\/\/bnssghealthiertogether.org.uk\/sq\/wp-json\/wp\/v2\/pages\/46905\/#module-1\" class=\"anchor\"><span class=\"hidden\">Seksioni me titull module-1<\/span><\/a><!-- Template found for text-module - Template: template-text - Matched: _only --><section class=\"w-full mx-auto max-w-content pt-12 sm:pt-24 pb-12 sm:pb-24\">\r\n  <div class=\"entry-content w-full !px-0 max-w-small\">\r\n        <h1>Ndryshimi i t\u00eb kuptuarit dhe nd\u00ebrgjegj\u00ebsimit p\u00ebr HPV-n\u00eb dhe gjendjet sh\u00ebndet\u00ebsore q\u00eb lidhen me t\u00eb gjat\u00eb gjith\u00eb jet\u00ebs.<\/h1>\n<p>Rezultati i k\u00ebtij financimi do t\u00eb jet\u00eb nj\u00eb propozim k\u00ebrkimor i zhvilluar bashk\u00ebrisht p\u00ebr nj\u00eb projekt q\u00eb do t\u00eb synoj\u00eb t\u00eb ndryshoj\u00eb kuptimin dhe nd\u00ebrgjegj\u00ebsimin p\u00ebr HPV-n\u00eb dhe gjendjet sh\u00ebndet\u00ebsore q\u00eb lidhen me t\u00eb gjat\u00eb gjith\u00eb jet\u00ebs.<\/p>\n<h2>Financimi<\/h2>\n<p>Financimi i Aft\u00ebsive K\u00ebrkimore ICB t\u00eb NHS Bristol, North Somerset dhe South Gloucestershire.<\/p>\n<h2>Kush po e udh\u00ebheq k\u00ebt\u00eb hulumtim?<\/h2>\n<p>Ky hulumtim drejtohet nga Dr. Maddie Tremblett, Lektore e Psikologjis\u00eb, UWE Bristol.<\/p>\n<h2>Informacion i m\u00ebtejsh\u00ebm<\/h2>\n<p>P\u00ebr m\u00eb shum\u00eb informacion ose p\u00ebr t&#039;u p\u00ebrfshir\u00eb n\u00eb k\u00ebt\u00eb projekt, d\u00ebrgoni email\u00a0<a href=\"mailto:bnssg.research@nhs.net\"><strong>bnssg.research@nhs.net<\/strong><\/a>.<\/p>\n  <\/div>\r\n  <\/section><\/div><!-- .assembler_text-module.assembler_module.assembler_text-module_1.assembler_module_1..transparent --><\/div><!-- .assembler_module_area.assembler_module_area_1 --><\/div><!-- .assembler_default-group.assembler_module_group.assembler_default-group_1.assembler_module_group_1  -->","protected":false},"excerpt":{"rendered":"<p>Rezultati i k\u00ebtij financimi do t\u00eb jet\u00eb nj\u00eb propozim k\u00ebrkimor i zhvilluar bashk\u00ebrisht p\u00ebr nj\u00eb projekt q\u00eb do t\u00eb synoj\u00eb t\u00eb ndryshoj\u00eb kuptimin dhe nd\u00ebrgjegj\u00ebsimin p\u00ebr HPV-n\u00eb dhe gjendjet sh\u00ebndet\u00ebsore q\u00eb lidhen me t\u00eb gjat\u00eb gjith\u00eb jet\u00ebs.<\/p>","protected":false},"author":16,"featured_media":0,"parent":32894,"menu_order":0,"comment_status":"closed","ping_status":"closed","template":"","meta":{"_acf_changed":false,"footnotes":""},"tags":[],"class_list":["post-46905","page","type-page","status-publish","hentry"],"acf":[],"_links":{"self":[{"href":"https:\/\/bnssghealthiertogether.org.uk\/sq\/wp-json\/wp\/v2\/pages\/46905","targetHints":{"allow":["GET"]}}],"collection":[{"href":"https:\/\/bnssghealthiertogether.org.uk\/sq\/wp-json\/wp\/v2\/pages"}],"about":[{"href":"https:\/\/bnssghealthiertogether.org.uk\/sq\/wp-json\/wp\/v2\/types\/page"}],"author":[{"embeddable":true,"href":"https:\/\/bnssghealthiertogether.org.uk\/sq\/wp-json\/wp\/v2\/users\/16"}],"replies":[{"embeddable":true,"href":"https:\/\/bnssghealthiertogether.org.uk\/sq\/wp-json\/wp\/v2\/comments?post=46905"}],"version-history":[{"count":2,"href":"https:\/\/bnssghealthiertogether.org.uk\/sq\/wp-json\/wp\/v2\/pages\/46905\/revisions"}],"predecessor-version":[{"id":46908,"href":"https:\/\/bnssghealthiertogether.org.uk\/sq\/wp-json\/wp\/v2\/pages\/46905\/revisions\/46908"}],"up":[{"embeddable":true,"href":"https:\/\/bnssghealthiertogether.org.uk\/sq\/wp-json\/wp\/v2\/pages\/32894"}],"wp:attachment":[{"href":"https:\/\/bnssghealthiertogether.org.uk\/sq\/wp-json\/wp\/v2\/media?parent=46905"}],"wp:term":[{"taxonomy":"post_tag","embeddable":true,"href":"https:\/\/bnssghealthiertogether.org.uk\/sq\/wp-json\/wp\/v2\/tags?post=46905"}],"curies":[{"name":"wp","href":"https:\/\/api.w.org\/{rel}","templated":true}]}}