{"id":47003,"date":"2026-03-09T12:30:02","date_gmt":"2026-03-09T12:30:02","guid":{"rendered":"https:\/\/bnssghealthiertogether.org.uk\/?page_id=47003"},"modified":"2026-04-30T14:41:56","modified_gmt":"2026-04-30T13:41:56","slug":"cancer-support","status":"publish","type":"page","link":"https:\/\/bnssghealthiertogether.org.uk\/sq\/your-health\/cancer-support\/","title":{"rendered":"Mb\u00ebshtetje p\u00ebr kancerin"},"content":{"rendered":"<div class=\"assembler_default-group assembler_module_group assembler_default-group_1 assembler_module_group_1\"><div class=\"assembler_module_area assembler_module_area_1\"><div class=\"assembler_text-module assembler_module assembler_text-module_1 assembler_module_1  transparent\"><a tabindex=\"-1\" title=\"Seksioni me titull module-1\" id=\"module-1\" href=\"https:\/\/bnssghealthiertogether.org.uk\/sq\/wp-json\/wp\/v2\/pages\/47003\/#module-1\" class=\"anchor\"><span class=\"hidden\">Seksioni me titull module-1<\/span><\/a><!-- Template found for text-module - Template: template-text - Matched: _only --><section class=\"w-full mx-auto max-w-content pt-12 sm:pt-24 pb-3 sm:pb-6\">\r\n  <div class=\"entry-content w-full !px-0 max-w-small\">\r\n        <h1>Mb\u00ebshtetje p\u00ebr kancerin<\/h1>\n<p>Kjo faqe interneti ofron informacione dhe burime p\u00ebr t\u00eb mb\u00ebshtetur njer\u00ebzit me kancer n\u00eb Bristol, North Somerset dhe South Gloucestershire.<\/p>\n<p>Ne po punojm\u00eb s\u00eb bashku me partner\u00ebt e sh\u00ebndet\u00ebsis\u00eb dhe kujdesit p\u00ebr t\u00eb p\u00ebrmir\u00ebsuar mir\u00ebqenien e njer\u00ebzve n\u00eb Bristol, North Somerset dhe South Gloucestershire, duke zvog\u00ebluar rrezikun e zhvillimit t\u00eb kancerit, duke p\u00ebrmir\u00ebsuar diagnostikimin e hersh\u00ebm dhe duke mb\u00ebshtetur njer\u00ebzit e prekur nga s\u00ebmundja q\u00eb t\u00eb jetojn\u00eb me ndikimet e saj.<\/p>\n  <\/div>\r\n  <\/section><\/div><!-- .assembler_text-module.assembler_module.assembler_text-module_1.assembler_module_1..transparent --><div class=\"assembler_text-module assembler_module assembler_text-module_2 assembler_module_2  transparent\"><a tabindex=\"-1\" title=\"Seksioni me titull module-2\" id=\"module-2\" href=\"https:\/\/bnssghealthiertogether.org.uk\/sq\/wp-json\/wp\/v2\/pages\/47003\/#module-2\" class=\"anchor\"><span class=\"hidden\">Seksioni me titull module-2<\/span><\/a><!-- Template found for text-module - Template: template-text - Matched: _only --><section class=\"w-full mx-auto max-w-content pt-3 sm:pt-6 pb-3 sm:pb-6\">\r\n  <div class=\"entry-content w-full !px-0 max-w-small\">\r\n        <h2>N\u00ebse jeni t\u00eb shqet\u00ebsuar p\u00ebr kancerin<\/h2>\n<p>N\u00ebse jeni t\u00eb shqet\u00ebsuar p\u00ebr ndryshime t\u00eb pashpjegueshme n\u00eb trupin tuaj, si\u00e7 \u00ebsht\u00eb shfaqja e papritur e nj\u00eb gunge, gjaku n\u00eb urin\u00eb ose nj\u00eb ndryshim n\u00eb zakonet tuaja t\u00eb zakonshme t\u00eb zorr\u00ebve, at\u00ebher\u00eb duhet t\u00eb kontaktoni mjekun tuaj t\u00eb familjes sa m\u00eb shpejt t\u00eb jet\u00eb e mundur.<\/p>\n<p>Simptomat tuaja mund t\u00eb shkaktohen nga nj\u00eb s\u00ebr\u00eb gjendjesh, t\u00eb cilat mund t\u00eb p\u00ebrfshijn\u00eb kancerin, prandaj \u00ebsht\u00eb e r\u00ebnd\u00ebsishme t\u00eb trajtoheni shpejt. Sa m\u00eb her\u00ebt t\u00eb zbulohet nj\u00eb kancer, aq m\u00eb t\u00eb larta jan\u00eb shanset p\u00ebr trajtim t\u00eb suksessh\u00ebm.<\/p>\n<p>Simptomat shpesh shkaktohen nga s\u00ebmundje t\u00eb tjera relativisht t\u00eb lehta, por \u00ebsht\u00eb thelb\u00ebsore t&#039;i kontrolloni ato dhe t\u00eb qet\u00ebsoni mendjen.<\/p>\n<p>Mund t\u00eb referoheni te <a href=\"https:\/\/www.uhbw.nhs.uk\/\" rel=\"noopener\">Spitalet Universitare t\u00eb Bristolit dhe Westonit NHS Foundation Trust<\/a> ose <a href=\"https:\/\/www.nbt.nhs.uk\/our-services\/a-z-services\/cancer-care\" target=\"_blank\" rel=\"noopener\">Trusti i NHS-s\u00eb i Bristolit t\u00eb Veriut<\/a> i cili do t\u00eb sigurohet q\u00eb t\u00eb b\u00ebni analizat q\u00eb ju nevojiten dhe do t\u00eb diskutoj\u00eb \u00e7do mund\u00ebsi kujdesi dhe trajtimi. Kjo quhet nj\u00eb <a href=\"https:\/\/bnssghealthiertogether.org.uk\/sq\/fast-track-referral\/\">Referim urgjent p\u00ebr dyshime p\u00ebr kancer<\/a>. \u00cbsht\u00eb e r\u00ebnd\u00ebsishme t\u00eb dini se shumica e njer\u00ebzve t\u00eb referuar n\u00eb k\u00ebt\u00eb rrug\u00eb nuk kan\u00eb kancer.<\/p>\n<p>Mund t\u00eb gjeni m\u00eb shum\u00eb informacion rreth referimeve t\u00eb shpejta n\u00eb <a href=\"https:\/\/www.nbt.nhs.uk\/our-services\/a-z-services\/cancer-services\/cancer-services-patient-information\/i-have-been-referred-possible-cancer-what-happens-now\/fast-track-referrals-cancer-information-video\" target=\"_blank\" rel=\"noopener\">Uebfaqja e Trustit NHS t\u00eb Bristolit Verior<\/a>.<\/p>\n<p>N\u00ebse keni nevoj\u00eb p\u00ebr dik\u00eb me t\u00eb cilin t\u00eb flisni, <a href=\"https:\/\/www.macmillan.org.uk\/cancer-information-and-support\/get-help\/macmillan-support-line\" rel=\"noopener\">Macmillan Cancer Support ka nj\u00eb linj\u00eb ndihme falas p\u00ebr t\u00eb ndihmuar t\u00eb tjer\u00ebt.<\/a> Hapur \u00e7do dit\u00eb nga ora 8 e m\u00ebngjesit deri n\u00eb or\u00ebn 8 t\u00eb mbr\u00ebmjes. Telefononi n\u00eb 0808 808 00 00.<\/p>\n  <\/div>\r\n  <\/section><\/div><!-- .assembler_text-module.assembler_module.assembler_text-module_2.assembler_module_2..transparent --><div class=\"assembler_text-module assembler_module assembler_text-module_3 assembler_module_3  transparent\"><a tabindex=\"-1\" title=\"Seksioni me titull module-3\" id=\"module-3\" href=\"https:\/\/bnssghealthiertogether.org.uk\/sq\/wp-json\/wp\/v2\/pages\/47003\/#module-3\" class=\"anchor\"><span class=\"hidden\">Seksioni me titull module-3<\/span><\/a><!-- Template found for text-module - Template: template-text - Matched: _only --><section class=\"w-full mx-auto max-w-content pt-3 sm:pt-6 pb-12 sm:pb-24\">\r\n  <div class=\"entry-content w-full !px-0 max-w-small\">\r\n        <h2>Informacion rreth kancerit dhe sh\u00ebrbimeve<\/h2>\n<ul>\n<li><a href=\"https:\/\/www.macmillan.org.uk\/cancer-information-and-support\/worried-about-cancer\/signs-and-symptoms-of-cancer\" rel=\"noopener\">Shenjat dhe simptomat e kancerit \u2013 Mb\u00ebshtetja p\u00ebr Kancerin MacMillan<\/a><\/li>\n<li><a href=\"https:\/\/www.cancerresearchuk.org\/our-research\/our-research-by-cancer-topic\/our-research-into-early-diagnosis\/early-diagnosis\" rel=\"noopener\">Shqyrtimi dhe diagnostikimi i hersh\u00ebm \u2013 Cancer Research UK<\/a><\/li>\n<li><a href=\"https:\/\/swagcanceralliance.nhs.uk\/workforce-wellbeing-learning-and-development\/reasonable-adjustments-in-cancer-care\/\" rel=\"noopener\">Rregullime t\u00eb arsyeshme n\u00eb kujdesin ndaj kancerit \u2013 Aleanca e Kancerit NHS Somerset, Wiltshire, Avon dhe Gloucestershire<\/a><\/li>\n<\/ul>\n<h3>Mb\u00ebshtetje lokale p\u00ebr kancerin<\/h3>\n<p>E <a href=\"https:\/\/www.cancercaremap.org\/\" target=\"_blank\" rel=\"noopener\">Harta e Kujdesit p\u00ebr Kancerin<\/a> \u00ebsht\u00eb nj\u00eb udh\u00ebzues i leht\u00eb p\u00ebr t&#039;u aksesuar n\u00eb sh\u00ebrbime mb\u00ebshtet\u00ebse, aktivitete dhe terapi p\u00ebr t\u00eb ndihmuar njer\u00ebzit q\u00eb jetojn\u00eb me kancer.<\/p>\n<p><a href=\"https:\/\/pennybrohn.org.uk\/\" target=\"_blank\" rel=\"noopener\">Penny Brohn, Britani e Madhe<\/a>, nj\u00eb organizat\u00eb bamir\u00ebse me seli n\u00eb Bristol, mb\u00ebshtet njer\u00ebzit duke ofruar nj\u00eb zgjedhje t\u00eb kujdesit t\u00eb personalizuar p\u00ebr kancerin.<\/p>\n<p>Mund t\u00eb gjesh <a href=\"https:\/\/www.nbt.nhs.uk\/our-services\/a-z-services\/ngs-macmillan-wellbeing-centre\" target=\"_blank\" rel=\"noopener\">Qendra e Mir\u00ebqenies Macmillan<\/a> n\u00eb Spitalin Southmead, duke ofruar informacion n\u00eb lidhje me kancerin, financat dhe p\u00ebrfitimet dhe mb\u00ebshtetje t\u00eb tjera. Ekziston gjithashtu nj\u00eb <a href=\"https:\/\/www.waht.nhs.uk\/en-GB\/Our-Services1\/Departments\/Cancer-Services\/Macmillan-Cancer-Information-and-Support-Centre\/\" target=\"_blank\" rel=\"noopener\">Qendra e Informacionit dhe Mb\u00ebshtetjes p\u00ebr Kancerin Macmillan<\/a> n\u00eb Spitalin e P\u00ebrgjithsh\u00ebm Weston dhe n\u00eb <a href=\"https:\/\/www.uhbristol.nhs.uk\/patients-and-visitors\/your-hospitals\/bhoc\/information-and-support\/\" target=\"_blank\" rel=\"noopener\">Spitali Mbret\u00ebror i Bristolit<\/a>.<\/p>\n<p><a href=\"https:\/\/www.caafihealth.org.uk\/meet-the-champions\" target=\"_blank\" rel=\"noopener\">Sh\u00ebndeti Caafi<\/a> ofron kampion\u00eb t\u00eb kancerit p\u00ebr t\u00eb mb\u00ebshtetur dhe normalizuar bisedat rreth kancerit.<\/p>\n<p><a href=\"https:\/\/www.bristolcab.org.uk\/get-advice\/macmillan-cancer-support\/\" target=\"_blank\" rel=\"noopener\">Byroja e K\u00ebshillimit t\u00eb Qytetar\u00ebve t\u00eb Bristolit<\/a> mund t\u00eb ofroj\u00eb k\u00ebshilla t\u00eb dedikuara p\u00ebr p\u00ebrfitimet e mir\u00ebqenies p\u00ebr t\u00eb mb\u00ebshtetur njer\u00ebzit e prekur nga kanceri.<\/p>\n<p>Mb\u00ebshtetja dhe informacioni p\u00ebr kujdesin paliativ p\u00ebr t\u00eb rritur \u00ebsht\u00eb i disponuesh\u00ebm p\u00ebrmes <a href=\"https:\/\/www.stpetershospice.org\/\" target=\"_blank\" rel=\"noopener\">Hospisi i Sh\u00ebn Pjetrit<\/a>, nj\u00eb organizat\u00eb bamir\u00ebse lokale q\u00eb ka ofruar kujdes p\u00ebr m\u00eb shum\u00eb se 40 vjet p\u00ebr njer\u00ebzit n\u00eb Bristol, Somersetin Verior dhe Gloucestershire Jugor.<\/p>\n<p>Azilk\u00ebrkuesit dhe refugjat\u00ebt jan\u00eb t\u00eb mir\u00ebpritur t\u00eb vizitojn\u00eb <a href=\"https:\/\/sirona-cic.org.uk\/nhsservices\/services\/the-haven\/\" target=\"_blank\" rel=\"noopener\">Streha<\/a> n\u00eb Bristol. I mb\u00ebshtetur nga Sirona care &amp; health, sh\u00ebrbimi ofron sh\u00ebrbime t\u00eb kujdesit sh\u00ebndet\u00ebsor par\u00ebsor dhe informacion mbi aksesin n\u00eb sh\u00ebrbime t\u00eb tjera sh\u00ebndet\u00ebsore.<\/p>\n<p><a href=\"https:\/\/nilaari.co.uk\/\" target=\"_blank\" rel=\"noopener\">Nilaari<\/a> \u00ebsht\u00eb nj\u00eb organizat\u00eb bamir\u00ebse e udh\u00ebhequr nga zezak\u00eb, q\u00eb mb\u00ebshtet njer\u00ebzit me terapi me t\u00eb folur t\u00eb p\u00ebrshtatura p\u00ebr kultura dhe nevoja t\u00eb ndryshme.<\/p>\n  <\/div>\r\n  <\/section><\/div><!-- .assembler_text-module.assembler_module.assembler_text-module_3.assembler_module_3..transparent --><\/div><!-- .assembler_module_area.assembler_module_area_1 --><\/div><!-- .assembler_default-group.assembler_module_group.assembler_default-group_1.assembler_module_group_1  -->","protected":false},"excerpt":{"rendered":"<p>Kjo faqe interneti ofron informacione dhe burime p\u00ebr t\u00eb mb\u00ebshtetur njer\u00ebzit me kancer n\u00eb Bristol, North Somerset dhe South Gloucestershire.<\/p>","protected":false},"author":16,"featured_media":0,"parent":170,"menu_order":0,"comment_status":"closed","ping_status":"closed","template":"","meta":{"_acf_changed":false,"footnotes":""},"tags":[1181,1028,1182],"class_list":["post-47003","page","type-page","status-publish","hentry","tag-cancer-services","tag-cancer-support","tag-nhs-cancer-care"],"acf":[],"_links":{"self":[{"href":"https:\/\/bnssghealthiertogether.org.uk\/sq\/wp-json\/wp\/v2\/pages\/47003","targetHints":{"allow":["GET"]}}],"collection":[{"href":"https:\/\/bnssghealthiertogether.org.uk\/sq\/wp-json\/wp\/v2\/pages"}],"about":[{"href":"https:\/\/bnssghealthiertogether.org.uk\/sq\/wp-json\/wp\/v2\/types\/page"}],"author":[{"embeddable":true,"href":"https:\/\/bnssghealthiertogether.org.uk\/sq\/wp-json\/wp\/v2\/users\/16"}],"replies":[{"embeddable":true,"href":"https:\/\/bnssghealthiertogether.org.uk\/sq\/wp-json\/wp\/v2\/comments?post=47003"}],"version-history":[{"count":16,"href":"https:\/\/bnssghealthiertogether.org.uk\/sq\/wp-json\/wp\/v2\/pages\/47003\/revisions"}],"predecessor-version":[{"id":47364,"href":"https:\/\/bnssghealthiertogether.org.uk\/sq\/wp-json\/wp\/v2\/pages\/47003\/revisions\/47364"}],"up":[{"embeddable":true,"href":"https:\/\/bnssghealthiertogether.org.uk\/sq\/wp-json\/wp\/v2\/pages\/170"}],"wp:attachment":[{"href":"https:\/\/bnssghealthiertogether.org.uk\/sq\/wp-json\/wp\/v2\/media?parent=47003"}],"wp:term":[{"taxonomy":"post_tag","embeddable":true,"href":"https:\/\/bnssghealthiertogether.org.uk\/sq\/wp-json\/wp\/v2\/tags?post=47003"}],"curies":[{"name":"wp","href":"https:\/\/api.w.org\/{rel}","templated":true}]}}