{"id":47288,"date":"2026-03-16T14:31:49","date_gmt":"2026-03-16T14:31:49","guid":{"rendered":"https:\/\/bnssghealthiertogether.org.uk\/?page_id=47288"},"modified":"2026-03-16T14:31:49","modified_gmt":"2026-03-16T14:31:49","slug":"exploring-how-loneliness-affects-people-living-with-chronic-pain-and-what-role-community-based-and-nature-based-social-prescribing-might-play-in-improving-connection-wellbeing-and-self-management","status":"publish","type":"page","link":"https:\/\/bnssghealthiertogether.org.uk\/sq\/integrated-care-board\/research-and-evidence\/our-research-portfolio\/type-1-rcf-funded-projects\/exploring-how-loneliness-affects-people-living-with-chronic-pain-and-what-role-community-based-and-nature-based-social-prescribing-might-play-in-improving-connection-wellbeing-and-self-management\/","title":{"rendered":"Duke eksploruar se si vetmia ndikon tek njer\u00ebzit q\u00eb jetojn\u00eb me dhimbje kronike dhe \u00e7far\u00eb roli mund t\u00eb luaj\u00eb p\u00ebrshkrimi social i bazuar n\u00eb komunitet dhe natyr\u00eb n\u00eb p\u00ebrmir\u00ebsimin e lidhjes, mir\u00ebqenies dhe vet\u00ebmenaxhimit."},"content":{"rendered":"<div class=\"assembler_default-group assembler_module_group assembler_default-group_1 assembler_module_group_1\"><div class=\"assembler_module_area assembler_module_area_1\"><div class=\"assembler_text-module assembler_module assembler_text-module_1 assembler_module_1  transparent\"><a tabindex=\"-1\" title=\"Seksioni me titull module-1\" id=\"module-1\" href=\"https:\/\/bnssghealthiertogether.org.uk\/sq\/wp-json\/wp\/v2\/pages\/47288\/#module-1\" class=\"anchor\"><span class=\"hidden\">Seksioni me titull module-1<\/span><\/a><!-- Template found for text-module - Template: template-text - Matched: _only --><section class=\"w-full mx-auto max-w-content pt-12 sm:pt-24 pb-12 sm:pb-24\">\r\n  <div class=\"entry-content w-full !px-0 max-w-small\">\r\n        <h1>Duke eksploruar se si vetmia ndikon tek njer\u00ebzit q\u00eb jetojn\u00eb me dhimbje kronike dhe \u00e7far\u00eb roli mund t\u00eb luaj\u00eb p\u00ebrshkrimi social i bazuar n\u00eb komunitet dhe natyr\u00eb n\u00eb p\u00ebrmir\u00ebsimin e lidhjes, mir\u00ebqenies dhe vet\u00ebmenaxhimit.<\/h1>\n<p>Duke synuar t\u00eb fitojm\u00eb kuptim mbi:<\/p>\n<ul>\n<li>pengesat dhe leht\u00ebsuesit p\u00ebr t\u00eb aksesuar hap\u00ebsir\u00ebn e gjelb\u00ebr\/blu dhe mb\u00ebshtetjen e bazuar n\u00eb komunitet<\/li>\n<li>variacionet n\u00eb aktivitetin aktual t\u00eb p\u00ebrshkrimit t\u00eb p\u00ebrshkrimeve sociale t\u00eb bazuara n\u00eb natyr\u00eb n\u00eb t\u00eb gjith\u00eb BNSSG-n\u00eb<\/li>\n<li>ku mund t\u00eb lindin pabarazi n\u00eb akses dhe p\u00ebrfitime<\/li>\n<li>\u00e7far\u00eb i shohin pal\u00ebt e interesuara si fusha prioritare p\u00ebr k\u00ebrkime t\u00eb ardhshme.<\/li>\n<\/ul>\n<h2>Financimi<\/h2>\n<p>Financimi i Aft\u00ebsive K\u00ebrkimore ICB t\u00eb NHS Bristol, North Somerset dhe South Gloucestershire.<\/p>\n<h2>Kush po e udh\u00ebheq hulumtimin?<\/h2>\n<p>Ky hulumtim drejtohet nga Dr. Sofie Martin.<\/p>\n<h2>Informacion i m\u00ebtejsh\u00ebm<\/h2>\n<p>P\u00ebr m\u00eb shum\u00eb informacion ose p\u00ebr t&#039;u p\u00ebrfshir\u00eb n\u00eb k\u00ebt\u00eb projekt, d\u00ebrgoni email\u00a0<a href=\"mailto:bnssg.research@nhs.net\"><strong>bnssg.research@nhs.net<\/strong><\/a>.<\/p>\n  <\/div>\r\n  <\/section><\/div><!-- .assembler_text-module.assembler_module.assembler_text-module_1.assembler_module_1..transparent --><\/div><!-- .assembler_module_area.assembler_module_area_1 --><\/div><!-- .assembler_default-group.assembler_module_group.assembler_default-group_1.assembler_module_group_1  -->","protected":false},"excerpt":{"rendered":"<p>Exploring how loneliness affects people living with chronic pain, and what role community based and nature based social prescribing might play in improving connection, wellbeing, and self management.<\/p>","protected":false},"author":16,"featured_media":0,"parent":32894,"menu_order":0,"comment_status":"closed","ping_status":"closed","template":"","meta":{"_acf_changed":false,"footnotes":""},"tags":[],"class_list":["post-47288","page","type-page","status-publish","hentry"],"acf":[],"_links":{"self":[{"href":"https:\/\/bnssghealthiertogether.org.uk\/sq\/wp-json\/wp\/v2\/pages\/47288","targetHints":{"allow":["GET"]}}],"collection":[{"href":"https:\/\/bnssghealthiertogether.org.uk\/sq\/wp-json\/wp\/v2\/pages"}],"about":[{"href":"https:\/\/bnssghealthiertogether.org.uk\/sq\/wp-json\/wp\/v2\/types\/page"}],"author":[{"embeddable":true,"href":"https:\/\/bnssghealthiertogether.org.uk\/sq\/wp-json\/wp\/v2\/users\/16"}],"replies":[{"embeddable":true,"href":"https:\/\/bnssghealthiertogether.org.uk\/sq\/wp-json\/wp\/v2\/comments?post=47288"}],"version-history":[{"count":2,"href":"https:\/\/bnssghealthiertogether.org.uk\/sq\/wp-json\/wp\/v2\/pages\/47288\/revisions"}],"predecessor-version":[{"id":47290,"href":"https:\/\/bnssghealthiertogether.org.uk\/sq\/wp-json\/wp\/v2\/pages\/47288\/revisions\/47290"}],"up":[{"embeddable":true,"href":"https:\/\/bnssghealthiertogether.org.uk\/sq\/wp-json\/wp\/v2\/pages\/32894"}],"wp:attachment":[{"href":"https:\/\/bnssghealthiertogether.org.uk\/sq\/wp-json\/wp\/v2\/media?parent=47288"}],"wp:term":[{"taxonomy":"post_tag","embeddable":true,"href":"https:\/\/bnssghealthiertogether.org.uk\/sq\/wp-json\/wp\/v2\/tags?post=47288"}],"curies":[{"name":"wp","href":"https:\/\/api.w.org\/{rel}","templated":true}]}}