{"id":47291,"date":"2026-03-16T14:34:51","date_gmt":"2026-03-16T14:34:51","guid":{"rendered":"https:\/\/bnssghealthiertogether.org.uk\/?page_id=47291"},"modified":"2026-03-16T14:34:51","modified_gmt":"2026-03-16T14:34:51","slug":"the-management-of-blunt-chest-wall-injuries-following-trauma-in-adults-presenting-to-standalone-urgent-treatment-centres-utc-and-minor-injury-units-miu-with-access-to-chest-x-ray-only","status":"publish","type":"page","link":"https:\/\/bnssghealthiertogether.org.uk\/sq\/integrated-care-board\/research-and-evidence\/our-research-portfolio\/type-1-rcf-funded-projects\/the-management-of-blunt-chest-wall-injuries-following-trauma-in-adults-presenting-to-standalone-urgent-treatment-centres-utc-and-minor-injury-units-miu-with-access-to-chest-x-ray-only\/","title":{"rendered":"Menaxhimi i d\u00ebmtimeve t\u00eb topitura n\u00eb murin e kraharorit pas traum\u00ebs, tek t\u00eb rriturit q\u00eb paraqiten n\u00eb Qendrat e Trajtimit Urgjent (UTC) dhe Nj\u00ebsit\u00eb e L\u00ebndimeve t\u00eb Lehta (MIU) t\u00eb pavarura me qasje vet\u00ebm n\u00eb radiografi t\u00eb kraharorit."},"content":{"rendered":"<div class=\"assembler_default-group assembler_module_group assembler_default-group_1 assembler_module_group_1\"><div class=\"assembler_module_area assembler_module_area_1\"><div class=\"assembler_text-module assembler_module assembler_text-module_1 assembler_module_1  transparent\"><a tabindex=\"-1\" title=\"Seksioni me titull module-1\" id=\"module-1\" href=\"https:\/\/bnssghealthiertogether.org.uk\/sq\/wp-json\/wp\/v2\/pages\/47291\/#module-1\" class=\"anchor\"><span class=\"hidden\">Seksioni me titull module-1<\/span><\/a><!-- Template found for text-module - Template: template-text - Matched: _only --><section class=\"w-full mx-auto max-w-content pt-12 sm:pt-24 pb-12 sm:pb-24\">\r\n  <div class=\"entry-content w-full !px-0 max-w-small\">\r\n        <h1>Menaxhimi i d\u00ebmtimeve t\u00eb topitura n\u00eb murin e kraharorit pas traum\u00ebs, tek t\u00eb rriturit q\u00eb paraqiten n\u00eb Qendrat e Trajtimit Urgjent (UTC) dhe Nj\u00ebsit\u00eb e L\u00ebndimeve t\u00eb Lehta (MIU) t\u00eb pavarura me qasje vet\u00ebm n\u00eb radiografi t\u00eb kraharorit.<\/h1>\n<p>Ky RCF synon t\u00eb zhvilloj\u00eb rrug\u00eb vler\u00ebsimi m\u00eb t\u00eb qarta, t\u00eb p\u00ebrqendruara te pacienti dhe t\u00eb bazuara n\u00eb prova brenda Kujdesit Urgjent t\u00eb Bazuar n\u00eb Vend dhe Kujdesit Urgjent.<\/p>\n<h2>Financimi<\/h2>\n<p>Financimi i Aft\u00ebsive K\u00ebrkimore ICB t\u00eb NHS Bristol, North Somerset dhe South Gloucestershire.<\/p>\n<h2><strong>Kush po e udh\u00ebheq k\u00ebt\u00eb hulumtim?<\/strong><\/h2>\n<p>Dr. Matthew Cone, Paramedik, Bashk\u00ebpun\u00ebtor K\u00ebrkimor n\u00eb Sirona.<\/p>\n<h2><strong>Informacion i m\u00ebtejsh\u00ebm<\/strong><\/h2>\n<p>P\u00ebr m\u00eb shum\u00eb informacion ose p\u00ebr t&#039;u p\u00ebrfshir\u00eb n\u00eb k\u00ebt\u00eb projekt, d\u00ebrgoni email\u00a0<a href=\"mailto:bnssg.research@nhs.net\"><strong>bnssg.research@nhs.net<\/strong><\/a>.<\/p>\n  <\/div>\r\n  <\/section><\/div><!-- .assembler_text-module.assembler_module.assembler_text-module_1.assembler_module_1..transparent --><\/div><!-- .assembler_module_area.assembler_module_area_1 --><\/div><!-- .assembler_default-group.assembler_module_group.assembler_default-group_1.assembler_module_group_1  -->","protected":false},"excerpt":{"rendered":"<p>The management of blunt chest wall injuries following trauma, in adults presenting to standalone Urgent Treatment Centres (UTC) and Minor Injury Units (MIU) with access to chest X-Ray only.<\/p>","protected":false},"author":16,"featured_media":0,"parent":32894,"menu_order":0,"comment_status":"closed","ping_status":"closed","template":"","meta":{"_acf_changed":false,"footnotes":""},"tags":[],"class_list":["post-47291","page","type-page","status-publish","hentry"],"acf":[],"_links":{"self":[{"href":"https:\/\/bnssghealthiertogether.org.uk\/sq\/wp-json\/wp\/v2\/pages\/47291","targetHints":{"allow":["GET"]}}],"collection":[{"href":"https:\/\/bnssghealthiertogether.org.uk\/sq\/wp-json\/wp\/v2\/pages"}],"about":[{"href":"https:\/\/bnssghealthiertogether.org.uk\/sq\/wp-json\/wp\/v2\/types\/page"}],"author":[{"embeddable":true,"href":"https:\/\/bnssghealthiertogether.org.uk\/sq\/wp-json\/wp\/v2\/users\/16"}],"replies":[{"embeddable":true,"href":"https:\/\/bnssghealthiertogether.org.uk\/sq\/wp-json\/wp\/v2\/comments?post=47291"}],"version-history":[{"count":2,"href":"https:\/\/bnssghealthiertogether.org.uk\/sq\/wp-json\/wp\/v2\/pages\/47291\/revisions"}],"predecessor-version":[{"id":47293,"href":"https:\/\/bnssghealthiertogether.org.uk\/sq\/wp-json\/wp\/v2\/pages\/47291\/revisions\/47293"}],"up":[{"embeddable":true,"href":"https:\/\/bnssghealthiertogether.org.uk\/sq\/wp-json\/wp\/v2\/pages\/32894"}],"wp:attachment":[{"href":"https:\/\/bnssghealthiertogether.org.uk\/sq\/wp-json\/wp\/v2\/media?parent=47291"}],"wp:term":[{"taxonomy":"post_tag","embeddable":true,"href":"https:\/\/bnssghealthiertogether.org.uk\/sq\/wp-json\/wp\/v2\/tags?post=47291"}],"curies":[{"name":"wp","href":"https:\/\/api.w.org\/{rel}","templated":true}]}}