{"id":47294,"date":"2026-03-16T14:41:47","date_gmt":"2026-03-16T14:41:47","guid":{"rendered":"https:\/\/bnssghealthiertogether.org.uk\/?page_id=47294"},"modified":"2026-03-16T14:41:47","modified_gmt":"2026-03-16T14:41:47","slug":"co-producing-a-research-proposal-to-co-develop-community-led-wellbeing-interventions-among-gypsy-roma-and-traveller-communities","status":"publish","type":"page","link":"https:\/\/bnssghealthiertogether.org.uk\/sq\/integrated-care-board\/research-and-evidence\/our-research-portfolio\/type-2-rcf-funded-projects\/co-producing-a-research-proposal-to-co-develop-community-led-wellbeing-interventions-among-gypsy-roma-and-traveller-communities\/","title":{"rendered":"Bashk\u00ebprodhimi i nj\u00eb propozimi k\u00ebrkimor p\u00ebr t\u00eb bashk\u00ebzhvilluar nd\u00ebrhyrje p\u00ebr mir\u00ebqenie t\u00eb udh\u00ebhequra nga komuniteti midis komuniteteve cigane, rome dhe udh\u00ebtar\u00eb"},"content":{"rendered":"<div class=\"assembler_default-group assembler_module_group assembler_default-group_1 assembler_module_group_1\"><div class=\"assembler_module_area assembler_module_area_1\"><div class=\"assembler_text-module assembler_module assembler_text-module_1 assembler_module_1  transparent\"><a tabindex=\"-1\" title=\"Seksioni me titull module-1\" id=\"module-1\" href=\"https:\/\/bnssghealthiertogether.org.uk\/sq\/wp-json\/wp\/v2\/pages\/47294\/#module-1\" class=\"anchor\"><span class=\"hidden\">Seksioni me titull module-1<\/span><\/a><!-- Template found for text-module - Template: template-text - Matched: _only --><section class=\"w-full mx-auto max-w-content pt-12 sm:pt-24 pb-12 sm:pb-24\">\r\n  <div class=\"entry-content w-full !px-0 max-w-small\">\r\n        <h1>Bashk\u00ebprodhimi i nj\u00eb propozimi k\u00ebrkimor p\u00ebr t\u00eb bashk\u00ebzhvilluar nd\u00ebrhyrje p\u00ebr mir\u00ebqenie t\u00eb udh\u00ebhequra nga komuniteti midis komuniteteve cigane, rome dhe udh\u00ebtar\u00eb<\/h1>\n<h2>Financimi<\/h2>\n<p>Financimi i Aft\u00ebsive K\u00ebrkimore ICB t\u00eb NHS Bristol, North Somerset dhe South Gloucestershire.<\/p>\n<h2><strong>Cili \u00ebsht\u00eb problemi?<\/strong><\/h2>\n<p>Nevoja p\u00ebr k\u00ebt\u00eb projekt u identifikua p\u00ebrmes bisedave me partner\u00ebt e projektit dhe grat\u00eb q\u00eb merrnin pjes\u00eb n\u00eb nj\u00eb grup ekzistues p\u00ebr komunitetet GRT.<\/p>\n<p>GRT i referohet komuniteteve cigane, rome dhe udh\u00ebtare, por p\u00ebrfshin edhe grupe t\u00eb tjera q\u00eb praktikojn\u00eb nomadizmin (dometh\u00ebn\u00eb, Njer\u00ebzit e Shfaqjes, Udh\u00ebtar\u00ebt e Rinj dhe Lundruesit). K\u00ebto komunitete konsiderohen &quot;komunitete prioritare&quot; sipas axhend\u00ebs s\u00eb Sh\u00ebndetit P\u00ebrfshir\u00ebs (1), q\u00eb do t\u00eb thot\u00eb se nevojitet urgjentisht veprim p\u00ebr t\u00eb siguruar q\u00eb ato t\u00eb jen\u00eb n\u00eb gjendje t\u00eb ken\u00eb akses dhe t\u00eb p\u00ebrfitojn\u00eb nga sh\u00ebrbimet sh\u00ebndet\u00ebsore q\u00eb u nevojiten. Provat nxjerrin n\u00eb pah se komunitetet GRT p\u00ebrjetojn\u00eb pabarazit\u00eb m\u00eb t\u00eb m\u00ebdha sh\u00ebndet\u00ebsore n\u00eb Mbret\u00ebrin\u00eb e Bashkuar, me shkall\u00eb m\u00eb t\u00eb lart\u00eb t\u00eb shum\u00eb s\u00ebmundjeve afatgjata dhe rezultate sh\u00ebndet\u00ebsore duksh\u00ebm m\u00eb t\u00eb dob\u00ebta se popullsia e p\u00ebrgjithshme (2, 3). \u00cbsht\u00eb vler\u00ebsuar se komunitetet GRT kan\u00eb jet\u00ebgjat\u00ebsi midis 10 dhe 25 vjet m\u00eb t\u00eb shkurt\u00ebr se popullsia e p\u00ebrgjithshme (4). Sh\u00ebndeti mendor \u00ebsht\u00eb nj\u00eb problem i madh, me shum\u00eb nga komunitetet q\u00eb p\u00ebrjetojn\u00eb ankth dhe depresion (5). Shkalla e vet\u00ebvrasjeve vler\u00ebsohet t\u00eb jet\u00eb shtat\u00eb her\u00eb m\u00eb e lart\u00eb p\u00ebr komunitetet GRT sesa popullsia e p\u00ebrgjithshme dhe mendohet t\u00eb jet\u00eb shkaku i 11% t\u00eb vdekjeve p\u00ebr Udh\u00ebtar\u00ebt Irlandez\u00eb (5).<\/p>\n<p>P\u00ebr t\u00eb mb\u00ebshtetur angazhimin n\u00eb kujdesin sh\u00ebndet\u00ebsor, sh\u00ebrbimet duhet t\u00eb hartohen s\u00eb bashku me komunitetet n\u00eb m\u00ebnyr\u00eb q\u00eb ato t\u00eb jen\u00eb t\u00eb pranueshme, t\u00eb arritshme dhe t\u00eb kap\u00ebrcejn\u00eb barrierat specifike me t\u00eb cilat p\u00ebrballen komunitetet. Kjo k\u00ebrkon bashk\u00ebpunime midis ekipeve k\u00ebrkimore dhe komuniteteve q\u00eb jan\u00eb t\u00eb barabarta, fuqizuese dhe nxisin nj\u00eb ndjenj\u00eb pron\u00ebsie dhe p\u00ebrgjegj\u00ebsie t\u00eb p\u00ebrbashk\u00ebt. Ekipet k\u00ebrkimore duhet t\u00eb miratojn\u00eb metoda fleksibile dhe t\u00eb p\u00ebrshtatshme nga ana kulturore p\u00ebr t\u00eb p\u00ebrmbushur nevojat e komuniteteve.<\/p>\n<h2><strong>Cili \u00ebsht\u00eb q\u00ebllimi i hulumtimit?<\/strong><\/h2>\n<p>Ky projekt synon t\u00eb punoj\u00eb ngusht\u00eb me komunitetet e GRT p\u00ebr t\u00eb kuptuar m\u00eb mir\u00eb prioritetet e sh\u00ebndetit mendor dhe p\u00ebr t\u00eb zhvilluar k\u00ebrkime t\u00eb ardhshme q\u00eb form\u00ebsohen nga nevojat dhe p\u00ebrvojat e tyre. Nj\u00eb q\u00ebllim kryesor \u00ebsht\u00eb nd\u00ebrtimi i marr\u00ebdh\u00ebnieve t\u00eb forta, t\u00eb besueshme dhe t\u00eb q\u00ebndrueshme midis komuniteteve t\u00eb GRT dhe studiuesve, bazuar n\u00eb respekt t\u00eb nd\u00ebrsjell\u00eb dhe t\u00eb nx\u00ebnit e p\u00ebrbashk\u00ebt.<\/p>\n<p>Projekti do t\u00eb p\u00ebrdor\u00eb qasje pjes\u00ebmarr\u00ebse, q\u00eb do t\u00eb thot\u00eb se an\u00ebtar\u00ebt e grupit do t\u00eb ndihmojn\u00eb n\u00eb vendosjen e temave q\u00eb diskutohen, si zhvillohen bisedat dhe \u00e7far\u00eb prodhon projekti. Ne do t\u00eb ftojm\u00eb njer\u00ebz nga komunitetet GRT t\u00eb marrin pjes\u00eb n\u00eb seancat n\u00eb grup \u00e7do dy jav\u00eb gjat\u00eb 12 muajve. Grupet do t\u00eb takohen n\u00eb nj\u00eb hap\u00ebsir\u00eb t\u00eb njohur dhe t\u00eb aksesueshme t\u00eb komunitetit, me ushqim dhe pije freskuese t\u00eb ofruara. Krijimi i nj\u00eb mjedisi t\u00eb sigurt, mikprit\u00ebs dhe fleksib\u00ebl \u00ebsht\u00eb thelb\u00ebsor p\u00ebr projektin, ve\u00e7an\u00ebrisht n\u00eb drit\u00ebn e mosbesimit t\u00eb kaluar dhe t\u00eb vazhduesh\u00ebm midis komuniteteve GRT dhe sh\u00ebrbimeve sh\u00ebndet\u00ebsore. Informacioni sh\u00ebndet\u00ebsor do t\u00eb ndahet nga profesionist\u00eb t\u00eb besuar, duke njohur ekspertiz\u00ebn dhe njohurit\u00eb brenda komunitetit.<\/p>\n<p>Takimet do t\u00eb p\u00ebrfshijn\u00eb aktivitete krijuese dhe interaktive, t\u00eb tilla si punime dore, dhe diskutime n\u00eb grupe t\u00eb vogla p\u00ebr t\u00eb mb\u00ebshtetur biseda t\u00eb hapura dhe t\u00eb rehatshme rreth sh\u00ebndetit mendor dhe p\u00ebrvojave t\u00eb k\u00ebrkimit sh\u00ebndet\u00ebsor. K\u00ebto diskutime do t\u00eb ndihmojn\u00eb n\u00eb identifikimin e asaj q\u00eb ka m\u00eb shum\u00eb r\u00ebnd\u00ebsi p\u00ebr grupin dhe se si k\u00ebrkimi mund t\u00eb jet\u00eb m\u00eb gjith\u00ebp\u00ebrfshir\u00ebs. K\u00ebto biseda do t\u00eb informojn\u00eb nj\u00eb aplikim financimi t\u00eb bashk\u00ebprodhuar bazuar n\u00eb nevojat e komunitetit.<\/p>\n<h2><strong>Si do t\u00eb arrihet kjo?<\/strong><\/h2>\n<p>Puna e RCF-s\u00eb me komunitetet GRT do t\u00eb \u00e7oj\u00eb n\u00eb zhvillimin e nj\u00eb aplikimi p\u00ebr financim p\u00ebr Programin e Sh\u00ebndetit Publik t\u00eb NIHR-s\u00eb. Q\u00ebllimi i projektit NIHR do t\u00eb jet\u00eb t\u00eb kuptoj\u00eb m\u00eb mir\u00eb se si qasjet e bazuara n\u00eb komunitet mund t\u00eb mb\u00ebshtesin mir\u00ebqenien, duke siguruar q\u00eb kalimi i NHS England nga spitali n\u00eb komunitet dhe nga trajtimi n\u00eb parandalim t\u00eb adresoj\u00eb pabarazit\u00eb sh\u00ebndet\u00ebsore q\u00eb p\u00ebrjeton kjo popullat\u00eb e pash\u00ebrbyer. Ne do t\u00eb punojm\u00eb ngusht\u00eb me organizatat bamir\u00ebse dhe k\u00ebshillat lokale q\u00eb tashm\u00eb mb\u00ebshtesin komunitetet GRT. Ne kemi lidhje ekzistuese me dy autoritete lokale dhe m\u00eb shum\u00eb partner\u00eb do t\u00eb identifikohen p\u00ebrmes aktiviteteve t\u00eb planifikuara p\u00ebr nd\u00ebrtimin e marr\u00ebdh\u00ebnieve.<\/p>\n<p>Projekti do t\u00eb ket\u00eb dy pjes\u00eb kryesore. S\u00eb pari, do t\u00eb shqyrtojm\u00eb se si aktivitetet aktuale t\u00eb komunitetit mb\u00ebshtesin mir\u00ebqenien. Kjo do t\u00eb p\u00ebrfshij\u00eb intervista dhe pun\u00ebtori me an\u00ebtar\u00ebt e komunitetit p\u00ebr t\u00eb d\u00ebgjuar pik\u00ebpamjet e tyre mbi iniciativat lokale, t\u00eb tilla si ngjarjet e komunitetit, sesionet informuese, dit\u00ebt e sh\u00ebndetit dhe siguris\u00eb, dhe grupet e grave. Do t\u00eb shqyrtojm\u00eb se \u00e7far\u00eb funksionon mir\u00eb dhe \u00e7far\u00eb mund t\u00eb p\u00ebrmir\u00ebsohet. K\u00ebto njohuri do t\u00eb kombinohen me provat ekzistuese t\u00eb k\u00ebrkimit p\u00ebr t\u00eb ndihmuar organizatat t\u00eb b\u00ebjn\u00eb p\u00ebrmir\u00ebsime praktike n\u00eb aktivitetet e tyre.<\/p>\n<p>S\u00eb dyti, ne do t\u00eb vler\u00ebsojm\u00eb iniciativat e p\u00ebrmir\u00ebsuara t\u00eb komunitetit p\u00ebr t\u00eb kuptuar se si dhe pse funksionojn\u00eb ato, p\u00ebr k\u00eb punojn\u00eb dhe n\u00eb cilat situata. Kjo njeh faktin q\u00eb komunitetet GRT jan\u00eb t\u00eb larmishme dhe se kontekstet lokale kan\u00eb r\u00ebnd\u00ebsi. Ne do t\u00eb p\u00ebrdorim intervista, pun\u00ebtori dhe materiale projekti p\u00ebr t\u00eb nd\u00ebrtuar studime rastesh n\u00eb secilin vend.<\/p>\n<p>Gjetjet do t\u00eb ndahen n\u00eb m\u00ebnyra t\u00eb arritshme me komunitetet, partner\u00ebt dhe k\u00ebshillat, dhe m\u00eb gjer\u00ebsisht p\u00ebrmes politikave, praktik\u00ebs dhe rrjeteve akademike p\u00ebr t\u00eb mb\u00ebshtetur t\u00eb nx\u00ebnit dhe ndikimin.<\/p>\n<h2><strong>Kush po e udh\u00ebheq hulumtimin?<\/strong><\/h2>\n<p>Ky hulumtim drejtohet nga Dr. Sarah Denford dhe Dr. Hannah Bowers, bashk\u00ebpun\u00ebtore t\u00eb larta k\u00ebrkimore n\u00eb Universitetin e Bristolit dhe Universitetin e Southamptonit.<\/p>\n<h2><strong>Informacion i m\u00ebtejsh\u00ebm<\/strong><\/h2>\n<p>P\u00ebr m\u00eb shum\u00eb informacion ose p\u00ebr t&#039;u p\u00ebrfshir\u00eb n\u00eb k\u00ebt\u00eb projekt, ju lutemi d\u00ebrgoni email\u00a0<a href=\"mailto:bnssg.research@nhs.net\"><strong>bnssg.research@nhs.net<\/strong><\/a><\/p>\n  <\/div>\r\n  <\/section><\/div><!-- .assembler_text-module.assembler_module.assembler_text-module_1.assembler_module_1..transparent --><\/div><!-- .assembler_module_area.assembler_module_area_1 --><\/div><!-- .assembler_default-group.assembler_module_group.assembler_default-group_1.assembler_module_group_1  -->","protected":false},"excerpt":{"rendered":"<p>Nevoja p\u00ebr k\u00ebt\u00eb projekt u identifikua p\u00ebrmes bisedave me partner\u00ebt e projektit dhe grat\u00eb q\u00eb merrnin pjes\u00eb n\u00eb nj\u00eb grup ekzistues p\u00ebr komunitetet GRT.<\/p>","protected":false},"author":16,"featured_media":0,"parent":32896,"menu_order":0,"comment_status":"closed","ping_status":"closed","template":"","meta":{"_acf_changed":false,"footnotes":""},"tags":[],"class_list":["post-47294","page","type-page","status-publish","hentry"],"acf":[],"_links":{"self":[{"href":"https:\/\/bnssghealthiertogether.org.uk\/sq\/wp-json\/wp\/v2\/pages\/47294","targetHints":{"allow":["GET"]}}],"collection":[{"href":"https:\/\/bnssghealthiertogether.org.uk\/sq\/wp-json\/wp\/v2\/pages"}],"about":[{"href":"https:\/\/bnssghealthiertogether.org.uk\/sq\/wp-json\/wp\/v2\/types\/page"}],"author":[{"embeddable":true,"href":"https:\/\/bnssghealthiertogether.org.uk\/sq\/wp-json\/wp\/v2\/users\/16"}],"replies":[{"embeddable":true,"href":"https:\/\/bnssghealthiertogether.org.uk\/sq\/wp-json\/wp\/v2\/comments?post=47294"}],"version-history":[{"count":2,"href":"https:\/\/bnssghealthiertogether.org.uk\/sq\/wp-json\/wp\/v2\/pages\/47294\/revisions"}],"predecessor-version":[{"id":47296,"href":"https:\/\/bnssghealthiertogether.org.uk\/sq\/wp-json\/wp\/v2\/pages\/47294\/revisions\/47296"}],"up":[{"embeddable":true,"href":"https:\/\/bnssghealthiertogether.org.uk\/sq\/wp-json\/wp\/v2\/pages\/32896"}],"wp:attachment":[{"href":"https:\/\/bnssghealthiertogether.org.uk\/sq\/wp-json\/wp\/v2\/media?parent=47294"}],"wp:term":[{"taxonomy":"post_tag","embeddable":true,"href":"https:\/\/bnssghealthiertogether.org.uk\/sq\/wp-json\/wp\/v2\/tags?post=47294"}],"curies":[{"name":"wp","href":"https:\/\/api.w.org\/{rel}","templated":true}]}}