{"id":47297,"date":"2026-03-16T14:45:32","date_gmt":"2026-03-16T14:45:32","guid":{"rendered":"https:\/\/bnssghealthiertogether.org.uk\/?page_id=47297"},"modified":"2026-03-16T14:45:32","modified_gmt":"2026-03-16T14:45:32","slug":"building-mens-mental-fitness-behind-bars-evaluating-talk-club-in-prisons","status":"publish","type":"page","link":"https:\/\/bnssghealthiertogether.org.uk\/sq\/integrated-care-board\/research-and-evidence\/our-research-portfolio\/type-2-rcf-funded-projects\/building-mens-mental-fitness-behind-bars-evaluating-talk-club-in-prisons\/","title":{"rendered":"Nd\u00ebrtimi i gjendjes mendore t\u00eb burrave pas hekurave: Vler\u00ebsimi i Klubit t\u00eb Talkut n\u00eb burgje"},"content":{"rendered":"<div class=\"assembler_default-group assembler_module_group assembler_default-group_1 assembler_module_group_1\"><div class=\"assembler_module_area assembler_module_area_1\"><div class=\"assembler_text-module assembler_module assembler_text-module_1 assembler_module_1  transparent\"><a tabindex=\"-1\" title=\"Seksioni me titull module-1\" id=\"module-1\" href=\"https:\/\/bnssghealthiertogether.org.uk\/sq\/wp-json\/wp\/v2\/pages\/47297\/#module-1\" class=\"anchor\"><span class=\"hidden\">Seksioni me titull module-1<\/span><\/a><!-- Template found for text-module - Template: template-text - Matched: _only --><section class=\"w-full mx-auto max-w-content pt-12 sm:pt-24 pb-12 sm:pb-24\">\r\n  <div class=\"entry-content w-full !px-0 max-w-small\">\r\n        <h1>Nd\u00ebrtimi i gjendjes mendore t\u00eb burrave pas hekurave: Vler\u00ebsimi i Klubit t\u00eb Talkut n\u00eb burgje<\/h1>\n<h2><strong>Financimi<\/strong><\/h2>\n<p>Financimi i Aft\u00ebsive K\u00ebrkimore ICB t\u00eb NHS Bristol, North Somerset dhe South Gloucestershire.<\/p>\n<h2><strong>Cili \u00ebsht\u00eb problemi?<\/strong><\/h2>\n<p>N\u00eb Mbret\u00ebrin\u00eb e Bashkuar, 3 n\u00eb 4 vet\u00ebvrasje jan\u00eb burra, me normat n\u00eb nivelin m\u00eb t\u00eb lart\u00eb q\u00eb nga viti 1999 (<a href=\"https:\/\/www.ons.gov.uk\/peoplepopulationandcommunity\/birthsdeathsandmarriages\/deaths\/bulletins\/suicidesintheunitedkingdom\/2023\" rel=\"noopener\">ONS, 2023<\/a>Burrat n\u00eb burg kan\u00eb pothuajse kat\u00ebr her\u00eb m\u00eb shum\u00eb gjasa t\u00eb vdesin nga vet\u00ebvrasja sesa burrat n\u00eb popullat\u00ebn e p\u00ebrgjithshme (<a href=\"https:\/\/commonslibrary.parliament.uk\/research-briefings\/cbp-10102\/\" rel=\"noopener\">Biblioteka e Dhom\u00ebs s\u00eb Komunave, 2024<\/a>N\u00eb vitet 2023-2024, shkalla e vet\u00ebl\u00ebndimit n\u00eb burgjet e burrave u rrit me 25% krahasuar me vitet 2022-2023 (<a href=\"https:\/\/www.gov.uk\/government\/statistics\/safety-in-custody-quarterly-update-to-march-2024\/safety-in-custody-statistics-england-and-wales-deaths-in-prison-custody-to-june-2024-assaults-and-self-harm-to-march-2024\" rel=\"noopener\">HMPPS, 2024<\/a>).<\/p>\n<p>Burrat kan\u00eb m\u00eb pak gjasa sesa grat\u00eb t\u00eb k\u00ebrkojn\u00eb mb\u00ebshtetje p\u00ebr sh\u00ebndetin mendor (<a href=\"https:\/\/onlinelibrary.wiley.com\/doi\/full\/10.1111\/j.1365-2648.2004.03331.x?casa_token=tQHcOzhQ6jEAAAAA%3ANE-Ou1Ltesdr4oB2MavmJ8oCWJGTjPktRxzVmdFngH6NwXaCJqdxui4WSX9aT_IWtsEg8UQGLjxu8XXFdg\" rel=\"noopener\">Galdas etj., 2005<\/a>Kur burrat angazhohen, ata preferojn\u00eb hap\u00ebsira joformale, miq\u00ebsore p\u00ebr meshkujt, t\u00eb cilat normalizojn\u00eb t\u00eb folurit p\u00ebr ndjenjat (<a href=\"https:\/\/academic.oup.com\/heapro\/article\/35\/5\/1230\/5585825?login=true\" rel=\"noopener\">Oliffe et al., 2020<\/a>R\u00ebnd\u00ebsia e ofrimit t\u00eb mb\u00ebshtetjes p\u00ebr sh\u00ebndetin mendor q\u00eb pasqyron nevojat e burrave njihet nd\u00ebrkomb\u00ebtarisht (<a href=\"https:\/\/www.who.int\/europe\/publications\/i\/item\/9789289053532\" rel=\"noopener\">OBSH, 2018<\/a>) dhe n\u00eb Strategjin\u00eb e par\u00eb t\u00eb Anglis\u00eb p\u00ebr Sh\u00ebndetin e Burrave (<a href=\"https:\/\/www.gov.uk\/government\/publications\/mens-health-strategy-for-england\" rel=\"noopener\">DHSC, 2025<\/a>), i cili identifikon sh\u00ebndetin mendor dhe parandalimin e vet\u00ebvrasjeve si p\u00ebrpar\u00ebsi kryesore.<\/p>\n<p>Talk Club \u00ebsht\u00eb nj\u00eb organizat\u00eb bamir\u00ebse e bazuar n\u00eb komunitet, fituese e \u00e7mimeve, q\u00eb ofron grupe t\u00eb strukturuara &#039;fitnesi mendore&#039; t\u00eb udh\u00ebhequra nga bashk\u00ebmoshatar\u00ebt p\u00ebr burra: <em>\u201cNe preferojm\u00eb ta quajm\u00eb fitnes mendor sepse grupet tona t\u00eb t\u00eb folurit i ndihmojn\u00eb n\u00eb m\u00ebnyr\u00eb aktive burrat t\u00eb kuptojn\u00eb se si ndihen duke i pyetur \u2018Si jeni? Nga 10?\u2019 dhe duke shpjeguar pse.\u201d <\/em>(<a href=\"https:\/\/talkclub.org\/\" rel=\"noopener\">https:\/\/talkclub.org\/<\/a>). Klubi i Bisedave aktualisht vepron n\u00eb 21 burgje t\u00eb Mbret\u00ebris\u00eb s\u00eb Bashkuar, me t\u00eb burgosur t\u00eb trajnuar p\u00ebr t\u00eb drejtuar seanca (&#039;Kapiten\u00eb&#039;). Nd\u00ebrsa si t\u00eb burgosurit ashtu edhe stafi raportojn\u00eb p\u00ebrvoja pozitive, ndikimi i Klubit t\u00eb Bisedave n\u00eb burgje nuk \u00ebsht\u00eb vler\u00ebsuar zyrtarisht.<\/p>\n<p>Ky projekt p\u00ebrputhet me prioritetet e ICB-s\u00eb p\u00ebr identifikimin e hersh\u00ebm dhe mb\u00ebshtetjen p\u00ebr ankthin dhe depresionin. Ai trajton pabarazit\u00eb sh\u00ebndet\u00ebsore dhe forcon gur\u00ebt themelor\u00eb t\u00eb sh\u00ebndetit t\u00eb mir\u00eb dhe mir\u00ebqenies p\u00ebrmes nj\u00eb nd\u00ebrhyrjeje t\u00eb vendosur t\u00eb bazuar n\u00eb VCSE p\u00ebr t\u00eb arritur nj\u00eb popullsi burgjesh me nevoja t\u00eb larta t\u00eb paplot\u00ebsuara t\u00eb sh\u00ebndetit mendor.<\/p>\n<h2><strong>Cili \u00ebsht\u00eb q\u00ebllimi i hulumtimit?<\/strong><\/h2>\n<p>Puna e ardhshme e financuar nga NIHR do t\u00eb shqyrtoj\u00eb se si funksionon Talk Club n\u00eb burgje dhe \u00e7far\u00eb ndryshimi b\u00ebn p\u00ebr burrat q\u00eb marrin pjes\u00eb dhe njer\u00ebzit p\u00ebrreth tyre (familjen, stafin e burgut). Do t\u00eb p\u00ebrfshihen pes\u00eb deri n\u00eb gjasht\u00eb burgje n\u00eb t\u00eb gjith\u00eb Anglin\u00eb, duke mbuluar lloje t\u00eb ndryshme burgjesh dhe prejardhje t\u00eb t\u00eb burgosurve.<\/p>\n<p>Hulumtimi do t\u00eb shqyrtoj\u00eb se kush merr pjes\u00eb n\u00eb Klubin e Bisedave, sa shpesh e ndjekin burrat dhe sa t\u00eb k\u00ebnaqur jan\u00eb me t\u00eb. Burrat q\u00eb marrin pjes\u00eb n\u00eb Klubin e Bisedave do t\u00eb ftohen t\u00eb plot\u00ebsojn\u00eb pyet\u00ebsor\u00eb t\u00eb shkurt\u00ebr n\u00eb lidhje me mir\u00ebqenien mendore, p\u00ebrballimin, mb\u00ebshtetjen sociale, vetmin\u00eb dhe zhvillimin e aft\u00ebsive nd\u00ebrpersonale n\u00eb pika t\u00eb ndryshme gjat\u00eb studimit. P\u00ebrve\u00e7 k\u00ebsaj, rezultati &quot;Si jeni? Nga 10?&quot; q\u00eb p\u00ebrdoret tashm\u00eb para dhe pas \u00e7do Klubi Bisedash do t\u00eb analizohet p\u00ebr t\u00eb par\u00eb ndryshimet n\u00eb m\u00ebnyr\u00ebn se si ndihen burrat nd\u00ebrsa vazhdojn\u00eb t\u00eb marrin pjes\u00eb.<\/p>\n<p>Do t\u00eb zhvillohen intervista me t\u00eb burgosurit p\u00ebr t\u00eb kuptuar p\u00ebrvojat e tyre n\u00eb Klubin e Bisedave, \u00e7far\u00eb i ndihmon ose i pengon ata t\u00eb marrin pjes\u00eb dhe si mendojn\u00eb se kjo ndikon n\u00eb jet\u00ebn dhe marr\u00ebdh\u00ebniet e tyre t\u00eb p\u00ebrditshme. Gjithashtu do t\u00eb intervistohen stafi i burgut dhe an\u00ebtar\u00ebt e familjes p\u00ebr t\u00eb mbledhur pik\u00ebpamje m\u00eb t\u00eb gjera.<\/p>\n<p>S\u00eb fundmi, aty ku \u00ebsht\u00eb e mundur, do t\u00eb rishikohen t\u00eb dh\u00ebnat ekzistuese t\u00eb burgjeve n\u00eb lidhje me vet\u00ebl\u00ebndimin, vet\u00ebvrasjen dhe incidentet serioze p\u00ebr t\u00eb eksploruar modelet para dhe pas prezantimit t\u00eb Talk Club. S\u00eb bashku, kjo pun\u00eb do t\u00eb nd\u00ebrtoj\u00eb nj\u00eb pamje t\u00eb qart\u00eb se si funksionon Talk Club krahas sh\u00ebrbimeve ekzistuese sh\u00ebndet\u00ebsore t\u00eb burgjeve dhe si mund t\u00eb p\u00ebrmir\u00ebsohet ai.<\/p>\n<h2><strong>Si do t\u00eb arrihet kjo?<\/strong><\/h2>\n<ol>\n<li>PPI i vazhduesh\u00ebm: P\u00ebrfshirje e vazhdueshme e njer\u00ebzve me p\u00ebrvoj\u00eb t\u00eb drejtp\u00ebrdrejt\u00eb n\u00eb Talk Club, duke p\u00ebrfshir\u00eb an\u00ebtar\u00ebt e komunitetit dhe an\u00ebtar\u00ebt e t\u00eb burgosurve, p\u00ebr t\u00eb form\u00ebsuar modelin e studimit, p\u00ebr t\u00eb rafinuar materialet e studimit dhe p\u00ebr t\u00eb identifikuar sfidat praktike ose etike.<\/li>\n<li>Takimet e grupit drejtues:\n<ol>\n<li>Stafi i burgjeve, i sh\u00ebrbimit t\u00eb prov\u00ebs dhe i komisionimit p\u00ebr t\u00eb form\u00ebsuar modelin e studimit, p\u00ebr t\u00eb nxjerr\u00eb n\u00eb pah sfidat, p\u00ebr t\u00eb siguruar q\u00eb \u00e7do prov\u00eb e mbledhur \u00ebsht\u00eb e r\u00ebnd\u00ebsishme p\u00ebr vendimmarrjen n\u00eb lidhje me ofrimin m\u00eb t\u00eb gjer\u00eb t\u00eb Klubit t\u00eb Bisedave n\u00eb burgje dhe p\u00ebr t\u00eb identifikuar \u00e7do informacion q\u00eb mund t\u00eb mblidhet p\u00ebr t\u00eb mb\u00ebshtetur vendimet e ardhshme n\u00eb lidhje me p\u00ebrdorimin e Klubit t\u00eb Bisedave n\u00eb sh\u00ebrbimet e prov\u00ebs.<\/li>\n<li>Stafi klinik dhe ai i komisionimit p\u00ebr t\u00eb identifikuar \u00e7do informacion q\u00eb mund t\u00eb mblidhet p\u00ebr t\u00eb mb\u00ebshtetur vendimet e ardhshme n\u00eb lidhje me p\u00ebrdorimin e Talk Club n\u00eb sh\u00ebrbime m\u00eb t\u00eb gjera t\u00eb NHS (p.sh., s\u00ebmundje afatgjata).<\/li>\n<\/ol>\n<\/li>\n<li>Rishikim i shpejt\u00eb i literatur\u00ebs: Nj\u00eb rishikim i fokusuar i hulumtimeve ekzistuese mbi sh\u00ebndetin mendor dhe mb\u00ebshtetjen p\u00ebr mir\u00ebqenien e burrave n\u00eb burg p\u00ebr t\u00eb kuptuar at\u00eb q\u00eb dihet tashm\u00eb, si jan\u00eb vler\u00ebsuar nd\u00ebrhyrje t\u00eb ngjashme dhe ku mbeten boshll\u00ebqe t\u00eb r\u00ebnd\u00ebsishme.<\/li>\n<li>Pilotoni procesin e k\u00ebrkimit n\u00eb HMP Bristol:\n<ol>\n<li>Testoni proceset e rekrutimit.<\/li>\n<li>Eksploroni m\u00ebnyra p\u00ebr t\u00eb vler\u00ebsuar n\u00ebse sesionet e Klubit t\u00eb Bisedave ofrohen si\u00e7 \u00ebsht\u00eb menduar, duke p\u00ebrfshir\u00eb identifikimin e m\u00ebnyrave praktike dhe t\u00eb pranueshme p\u00ebr t\u00eb kontrolluar q\u00ebndrueshm\u00ebrin\u00eb e ofrimit t\u00eb tyre.<\/li>\n<li>Intervistoni nj\u00eb num\u00ebr t\u00eb vog\u00ebl t\u00eb burgosurish p\u00ebr t\u00eb rafinuar pyetjet dhe p\u00ebr t\u00eb identifikuar \u00e7do sfid\u00eb praktike dhe etike n\u00eb procesin e k\u00ebrkimit.<\/li>\n<li>Provoni pyet\u00ebsor\u00ebt e propozuar p\u00ebr gjat\u00ebsi dhe qart\u00ebsi.<\/li>\n<li>Testoni m\u00ebnyra praktike p\u00ebr mbledhjen rutinore t\u00eb rezultateve t\u00eb tipit \u201cSi jeni? Nga 10?\u201d q\u00eb t\u00eb ndahen n\u00eb m\u00ebnyr\u00eb t\u00eb sigurt me ekipin k\u00ebrkimor.<\/li>\n<li>Testoni n\u00ebse \u00ebsht\u00eb praktike t\u00eb keni akses n\u00eb t\u00eb dh\u00ebnat e burgut q\u00eb lidhen me vet\u00ebl\u00ebndimin, vet\u00ebvrasjen dhe incidentet serioze.<\/li>\n<li>Zhvillimi i aplikacionit NIHR: Takime t\u00eb ekipit k\u00ebrkimor dhe koh\u00eb p\u00ebr shkrim p\u00ebr t\u00eb rafinuar dhe dor\u00ebzuar nj\u00eb aplikim p\u00ebr grant NIHR me cil\u00ebsi t\u00eb lart\u00eb.<\/li>\n<\/ol>\n<\/li>\n<\/ol>\n<h2><strong>Kush po e udh\u00ebheq hulumtimin?<\/strong><\/h2>\n<p>Ky hulumtim drejtohet nga Dr. Caroline Flurey, Profesoresh\u00eb e Asociuar e Sh\u00ebndetit t\u00eb Burrave dhe S\u00ebmundjeve Afatgjata n\u00eb Universitetin e Anglis\u00eb Per\u00ebndimore, Bristol, Kolegji i Sh\u00ebndetit, Shkenc\u00ebs dhe Shoq\u00ebris\u00eb, Shkolla e Shkencave Sociale.<\/p>\n<h2><strong>Informacion i m\u00ebtejsh\u00ebm<\/strong><\/h2>\n<p>P\u00ebr m\u00eb shum\u00eb informacion ose p\u00ebr t&#039;u p\u00ebrfshir\u00eb n\u00eb k\u00ebt\u00eb projekt, ju lutemi d\u00ebrgoni email\u00a0<a href=\"mailto:bnssg.research@nhs.net\"><strong>bnssg.research@nhs.net<\/strong><\/a><\/p>\n  <\/div>\r\n  <\/section><\/div><!-- .assembler_text-module.assembler_module.assembler_text-module_1.assembler_module_1..transparent --><\/div><!-- .assembler_module_area.assembler_module_area_1 --><\/div><!-- .assembler_default-group.assembler_module_group.assembler_default-group_1.assembler_module_group_1  -->","protected":false},"excerpt":{"rendered":"<p>Ky projekt p\u00ebrputhet me prioritetet e ICB-s\u00eb p\u00ebr identifikimin e hersh\u00ebm dhe mb\u00ebshtetjen p\u00ebr ankthin dhe depresionin. Ai trajton pabarazit\u00eb sh\u00ebndet\u00ebsore dhe forcon gur\u00ebt themelor\u00eb t\u00eb sh\u00ebndetit t\u00eb mir\u00eb dhe mir\u00ebqenies p\u00ebrmes nj\u00eb nd\u00ebrhyrjeje t\u00eb vendosur t\u00eb bazuar n\u00eb VCSE p\u00ebr t\u00eb arritur nj\u00eb popullsi burgjesh me nevoja t\u00eb larta t\u00eb paplot\u00ebsuara t\u00eb sh\u00ebndetit mendor.<\/p>","protected":false},"author":16,"featured_media":0,"parent":32896,"menu_order":0,"comment_status":"closed","ping_status":"closed","template":"","meta":{"_acf_changed":false,"footnotes":""},"tags":[],"class_list":["post-47297","page","type-page","status-publish","hentry"],"acf":[],"_links":{"self":[{"href":"https:\/\/bnssghealthiertogether.org.uk\/sq\/wp-json\/wp\/v2\/pages\/47297","targetHints":{"allow":["GET"]}}],"collection":[{"href":"https:\/\/bnssghealthiertogether.org.uk\/sq\/wp-json\/wp\/v2\/pages"}],"about":[{"href":"https:\/\/bnssghealthiertogether.org.uk\/sq\/wp-json\/wp\/v2\/types\/page"}],"author":[{"embeddable":true,"href":"https:\/\/bnssghealthiertogether.org.uk\/sq\/wp-json\/wp\/v2\/users\/16"}],"replies":[{"embeddable":true,"href":"https:\/\/bnssghealthiertogether.org.uk\/sq\/wp-json\/wp\/v2\/comments?post=47297"}],"version-history":[{"count":2,"href":"https:\/\/bnssghealthiertogether.org.uk\/sq\/wp-json\/wp\/v2\/pages\/47297\/revisions"}],"predecessor-version":[{"id":47303,"href":"https:\/\/bnssghealthiertogether.org.uk\/sq\/wp-json\/wp\/v2\/pages\/47297\/revisions\/47303"}],"up":[{"embeddable":true,"href":"https:\/\/bnssghealthiertogether.org.uk\/sq\/wp-json\/wp\/v2\/pages\/32896"}],"wp:attachment":[{"href":"https:\/\/bnssghealthiertogether.org.uk\/sq\/wp-json\/wp\/v2\/media?parent=47297"}],"wp:term":[{"taxonomy":"post_tag","embeddable":true,"href":"https:\/\/bnssghealthiertogether.org.uk\/sq\/wp-json\/wp\/v2\/tags?post=47297"}],"curies":[{"name":"wp","href":"https:\/\/api.w.org\/{rel}","templated":true}]}}