{"id":47304,"date":"2026-03-16T14:48:51","date_gmt":"2026-03-16T14:48:51","guid":{"rendered":"https:\/\/bnssghealthiertogether.org.uk\/?page_id=47304"},"modified":"2026-03-16T14:48:51","modified_gmt":"2026-03-16T14:48:51","slug":"pain-cafes-in-lower-socio-economic-regions-of-weston-super-mare-south-bristol-evaluation-development-work","status":"publish","type":"page","link":"https:\/\/bnssghealthiertogether.org.uk\/sq\/integrated-care-board\/research-and-evidence\/our-research-portfolio\/type-2-rcf-funded-projects\/pain-cafes-in-lower-socio-economic-regions-of-weston-super-mare-south-bristol-evaluation-development-work\/","title":{"rendered":"Pain Cafes n\u00eb rajonet m\u00eb t\u00eb ul\u00ebta socio-ekonomike t\u00eb Weston-Super-Mare dhe South Bristol: Puna e zhvillimit t\u00eb vler\u00ebsimit"},"content":{"rendered":"<div class=\"assembler_default-group assembler_module_group assembler_default-group_1 assembler_module_group_1\"><div class=\"assembler_module_area assembler_module_area_1\"><div class=\"assembler_text-module assembler_module assembler_text-module_1 assembler_module_1  transparent\"><a tabindex=\"-1\" title=\"Seksioni me titull module-1\" id=\"module-1\" href=\"https:\/\/bnssghealthiertogether.org.uk\/sq\/wp-json\/wp\/v2\/pages\/47304\/#module-1\" class=\"anchor\"><span class=\"hidden\">Seksioni me titull module-1<\/span><\/a><!-- Template found for text-module - Template: template-text - Matched: _only --><section class=\"w-full mx-auto max-w-content pt-12 sm:pt-24 pb-12 sm:pb-24\">\r\n  <div class=\"entry-content w-full !px-0 max-w-small\">\r\n        <h1>Pain Cafes n\u00eb rajonet m\u00eb t\u00eb ul\u00ebta socio-ekonomike t\u00eb Weston-Super-Mare dhe South Bristol: Puna e zhvillimit t\u00eb vler\u00ebsimit<\/h1>\n<h2><strong>Financimi<\/strong><\/h2>\n<p>Financimi i Aft\u00ebsive K\u00ebrkimore ICB t\u00eb NHS Bristol, North Somerset dhe South Gloucestershire.<\/p>\n<h2><strong>Cili \u00ebsht\u00eb problemi?<\/strong><\/h2>\n<p>Dhimbja kronike prek pothuajse gjysm\u00ebn e t\u00eb rriturve n\u00eb Mbret\u00ebrin\u00eb e Bashkuar dhe \u00ebsht\u00eb nj\u00eb shkak kryesor i paaft\u00ebsis\u00eb dhe humbjes s\u00eb t\u00eb ardhurave. \u00cbsht\u00eb nj\u00eb p\u00ebrpar\u00ebsi ky\u00e7e p\u00ebr BNSSG ICB. Nj\u00eb num\u00ebr m\u00eb i madh njer\u00ebzish n\u00eb rajonet m\u00eb t\u00eb ul\u00ebta socio-ekonomike t\u00eb Weston-Super-Mare dhe South Bristol preken nga dhimbja kronike, duke treguar se ajo nuk po menaxhohet n\u00eb m\u00ebnyr\u00eb t\u00eb barabart\u00eb n\u00eb t\u00eb gjitha komunitetet. Kjo kontribuon n\u00eb pabarazi m\u00eb t\u00eb gjera sh\u00ebndet\u00ebsore. N\u00eb p\u00ebrputhje me q\u00ebllimin strategjik t\u00eb BNSSG p\u00ebr t\u00eb zvog\u00ebluar pabarazit\u00eb sh\u00ebndet\u00ebsore, ky hulumtim propozon t\u00eb trajtoj\u00eb p\u00ebrparimin e <em>paaft\u00ebsues<\/em> dhimbje kronike n\u00eb k\u00ebto zona.<\/p>\n<p>Kafenet\u00eb e Dhimbjes jan\u00eb nd\u00ebrhyrje t\u00eb bazuara n\u00eb komunitet ku njer\u00ebzit q\u00eb jetojn\u00eb me dhimbje kronike takohen rregullisht n\u00eb mjedise lokale, jo-mjek\u00ebsore. Sesionet e leht\u00ebsuara u japin mund\u00ebsin\u00eb njer\u00ebzve t\u00eb ndajn\u00eb p\u00ebrvoj\u00ebn e tyre me dhimbjen, t\u00eb m\u00ebsojn\u00eb k\u00ebshilla praktike dhe t\u00eb nd\u00ebrtojn\u00eb besim n\u00eb menaxhimin e dhimbjes s\u00eb tyre. Kafenet\u00eb e Dhimbjes po shfaqen n\u00eb t\u00eb gjith\u00eb rajonin dhe ndryshojn\u00eb n\u00eb m\u00ebnyr\u00ebn se si drejtohen dhe \u00e7far\u00eb ofrojn\u00eb. Deri m\u00eb tani, ato nuk jan\u00eb vler\u00ebsuar plot\u00ebsisht p\u00ebr t\u00eb par\u00eb se sa mir\u00eb funksionojn\u00eb p\u00ebr dhimbjen.<\/p>\n<p>Ne d\u00ebshirojm\u00eb t\u00eb zbulojm\u00eb n\u00ebse Kafet\u00eb e Dhimbjes jan\u00eb efektive, ve\u00e7an\u00ebrisht n\u00eb rajonet m\u00eb t\u00eb ul\u00ebta socioekonomike, p\u00ebr p\u00ebrmir\u00ebsimin e cil\u00ebsis\u00eb s\u00eb jet\u00ebs duke zvog\u00ebluar aft\u00ebsin\u00eb e kufizuar, e cila nga ana tjet\u00ebr zvog\u00eblon var\u00ebsin\u00eb nga p\u00ebrdorimi i kujdesit sh\u00ebndet\u00ebsor.<\/p>\n<h2><strong>Cili \u00ebsht\u00eb q\u00ebllimi i hulumtimit?<\/strong><\/h2>\n<p>P\u00ebr ta arritur k\u00ebt\u00eb, s\u00eb pari duhet t\u00eb zhvillojm\u00eb nj\u00eb qasje t\u00eb strukturuar p\u00ebr vler\u00ebsimin e Pain Caf\u00e9s n\u00eb Weston-super-Mare dhe South Bristol.<\/p>\n<p>Puna do t\u00eb p\u00ebrqendrohet n\u00eb tre fusha kryesore. S\u00eb pari, do t\u00eb p\u00ebrshkruajm\u00eb se \u00e7far\u00eb e b\u00ebn t\u00eb suksesshme nj\u00eb Pain Caf\u00e9, duke p\u00ebrfshir\u00eb m\u00ebnyr\u00ebn se si njer\u00ebzit i qasen asaj, \u00e7far\u00eb ndodh gjat\u00eb seancave, ku mbahen ato dhe si ofrohen. S\u00eb dyti, do t\u00eb vendosim se \u00e7far\u00eb duhet t\u00eb matet p\u00ebr t\u00eb kuptuar n\u00ebse Pain Caf\u00e9s jan\u00eb efektive dhe cilat mjete dhe metoda jan\u00eb m\u00eb t\u00eb mirat p\u00ebr mbledhjen e k\u00ebtij informacioni. S\u00eb treti, do t\u00eb punojm\u00eb me komunitetet lokale t\u00eb pash\u00ebrbyera p\u00ebr t\u00eb arritur njer\u00ebzit q\u00eb jetojn\u00eb me dhimbje kronike t\u00eb cil\u00ebt aktualisht nuk po p\u00ebrdorin mb\u00ebshtetje, p\u00ebr t\u00eb kuptuar se \u00e7far\u00eb i pengon ata t\u00eb marrin pjes\u00eb.<\/p>\n<p>P\u00ebr ta b\u00ebr\u00eb k\u00ebt\u00eb, ne do t\u00eb p\u00ebrshkruajm\u00eb Kafenet\u00eb ekzistuese t\u00eb Dhimbjes n\u00eb k\u00ebto dy zona p\u00ebr t\u00eb kuptuar m\u00ebnyrat e ndryshme t\u00eb drejtimit t\u00eb tyre. Ne do t\u00eb ngrem\u00eb nj\u00eb grup k\u00ebshillimor q\u00eb p\u00ebrfshin njer\u00ebz me p\u00ebrvoj\u00eb t\u00eb jetuar t\u00eb dhimbjes, leht\u00ebsues t\u00eb Kafenes\u00eb s\u00eb Dhimbjes dhe mjek\u00eb t\u00eb p\u00ebrgjithsh\u00ebm vendas p\u00ebr t\u00eb ndihmuar n\u00eb vendimin se cilat informacione duhet t\u00eb mblidhen dhe si. Ne gjithashtu do t\u00eb punojm\u00eb me an\u00ebtar\u00eb t\u00eb besuar t\u00eb komuniteteve t\u00eb pash\u00ebrbyera p\u00ebr t\u00eb kuptuar p\u00ebrvojat e tyre, n\u00eb m\u00ebnyr\u00eb q\u00eb Kafenet\u00eb e Dhimbjes t\u00eb mund t&#039;i plot\u00ebsojn\u00eb m\u00eb mir\u00eb nevojat e tyre.<\/p>\n<h2><strong>Si do t\u00eb arrihet kjo?<\/strong><\/h2>\n<p>Kjo pun\u00eb zhvillimore e RCF do t\u00eb ofroj\u00eb nj\u00eb paket\u00eb vler\u00ebsimi t\u00eb strukturuar q\u00eb mund t\u00eb p\u00ebrdoret p\u00ebr t\u00eb vler\u00ebsuar si\u00e7 duhet Kafenet\u00eb e Dhimbjes. Pik\u00ebpamjet e njer\u00ebzve q\u00eb jetojn\u00eb me dhimbje kronike n\u00eb komunitete t\u00eb pash\u00ebrbyera do t\u00eb kontribuojn\u00eb n\u00eb k\u00ebt\u00eb. Faza tjet\u00ebr \u00ebsht\u00eb nj\u00eb aplikim i ardhsh\u00ebm i NIHR RfPB p\u00ebr t\u00eb testuar n\u00ebse qasja e vler\u00ebsimit \u00ebsht\u00eb e realizueshme dhe e pranueshme kur p\u00ebrdoret n\u00eb Kafenet\u00eb e Dhimbjes t\u00eb ofruara n\u00eb mjedise t\u00eb ndryshme komunitare, ve\u00e7an\u00ebrisht ato t\u00eb vendosura n\u00eb zona me privim m\u00eb t\u00eb lart\u00eb dhe angazhim t\u00eb ul\u00ebt me sh\u00ebrbimet sh\u00ebndet\u00ebsore. Rezultatet e k\u00ebsaj pune fizibiliteti do t\u00eb informojn\u00eb p\u00ebrmir\u00ebsimet si n\u00eb mjetet e vler\u00ebsimit ashtu edhe n\u00eb m\u00ebnyr\u00ebn se si ofrohen Kafenet\u00eb e Dhimbjes.<\/p>\n<p>Q\u00ebllimi afatgjat\u00eb i k\u00ebsaj pune \u00ebsht\u00eb t\u00eb aplikohet p\u00ebr nj\u00eb grant t\u00eb NIHR p\u00ebr Sh\u00ebrbimet Sh\u00ebndet\u00ebsore dhe K\u00ebrkimin e Ofrimit t\u00eb Sh\u00ebrbimeve (HSDR). Kjo do t\u00eb mb\u00ebshtes\u00eb nj\u00eb prov\u00eb n\u00eb shkall\u00eb t\u00eb plot\u00eb p\u00ebr t\u00eb testuar n\u00eb m\u00ebnyr\u00eb t\u00eb fuqishme n\u00ebse Kafet\u00eb e Dhimbjes jan\u00eb efektive n\u00eb p\u00ebrmir\u00ebsimin e cil\u00ebsis\u00eb s\u00eb jet\u00ebs, uljen e aft\u00ebsis\u00eb s\u00eb kufizuar dhe var\u00ebsin\u00eb nga sh\u00ebrbimet e kujdesit sh\u00ebndet\u00ebsor. Prova gjithashtu do t\u00eb shqyrtoj\u00eb se cilat grupe njer\u00ebzish p\u00ebrfitojn\u00eb m\u00eb shum\u00eb nga Kafet\u00eb e Dhimbjes, duke i ndihmuar ICB-t\u00eb dhe ofruesit e sh\u00ebrbimeve t\u00eb kuptojn\u00eb se ku dhe p\u00ebr k\u00eb ky lloj mb\u00ebshtetjeje \u00ebsht\u00eb m\u00eb i vlefsh\u00ebm.<\/p>\n<h2><strong>Kush po e udh\u00ebheq hulumtimin?<\/strong><\/h2>\n<p>Ky hulumtim drejtohet nga Dr. Jenny Lewis, Bashk\u00ebdrejtoresh\u00eb e Ekipit t\u00eb Integrimit Sh\u00ebndet\u00ebsor t\u00eb Dhimbjes Kronike (HIT) dhe Profesoresh\u00eb e Asociuar n\u00eb K\u00ebrkimet Klinike, Universiteti i Anglis\u00eb Per\u00ebndimore dhe Kryetare e Terapistes s\u00eb Pun\u00ebs p\u00ebr K\u00ebrkimet Klinike, Qendra Komb\u00ebtare e Dhimbjes n\u00eb Bath, Royal United Hospitals NHS Trust, Bath.<\/p>\n<h2><strong>Informacion i m\u00ebtejsh\u00ebm<\/strong><\/h2>\n<p>P\u00ebr m\u00eb shum\u00eb informacion ose p\u00ebr t&#039;u p\u00ebrfshir\u00eb n\u00eb k\u00ebt\u00eb projekt, ju lutemi d\u00ebrgoni email\u00a0<a href=\"mailto:bnssg.research@nhs.net\"><strong>bnssg.research@nhs.net<\/strong><\/a><\/p>\n  <\/div>\r\n  <\/section><\/div><!-- .assembler_text-module.assembler_module.assembler_text-module_1.assembler_module_1..transparent --><\/div><!-- .assembler_module_area.assembler_module_area_1 --><\/div><!-- .assembler_default-group.assembler_module_group.assembler_default-group_1.assembler_module_group_1  -->","protected":false},"excerpt":{"rendered":"<p>Ne d\u00ebshirojm\u00eb t\u00eb zbulojm\u00eb n\u00ebse Kafet\u00eb e Dhimbjes jan\u00eb efektive, ve\u00e7an\u00ebrisht n\u00eb rajonet m\u00eb t\u00eb ul\u00ebta socioekonomike, p\u00ebr p\u00ebrmir\u00ebsimin e cil\u00ebsis\u00eb s\u00eb jet\u00ebs duke zvog\u00ebluar aft\u00ebsin\u00eb e kufizuar, e cila nga ana tjet\u00ebr zvog\u00eblon var\u00ebsin\u00eb nga p\u00ebrdorimi i kujdesit sh\u00ebndet\u00ebsor.<\/p>","protected":false},"author":16,"featured_media":0,"parent":32896,"menu_order":0,"comment_status":"closed","ping_status":"closed","template":"","meta":{"_acf_changed":false,"footnotes":""},"tags":[],"class_list":["post-47304","page","type-page","status-publish","hentry"],"acf":[],"_links":{"self":[{"href":"https:\/\/bnssghealthiertogether.org.uk\/sq\/wp-json\/wp\/v2\/pages\/47304","targetHints":{"allow":["GET"]}}],"collection":[{"href":"https:\/\/bnssghealthiertogether.org.uk\/sq\/wp-json\/wp\/v2\/pages"}],"about":[{"href":"https:\/\/bnssghealthiertogether.org.uk\/sq\/wp-json\/wp\/v2\/types\/page"}],"author":[{"embeddable":true,"href":"https:\/\/bnssghealthiertogether.org.uk\/sq\/wp-json\/wp\/v2\/users\/16"}],"replies":[{"embeddable":true,"href":"https:\/\/bnssghealthiertogether.org.uk\/sq\/wp-json\/wp\/v2\/comments?post=47304"}],"version-history":[{"count":2,"href":"https:\/\/bnssghealthiertogether.org.uk\/sq\/wp-json\/wp\/v2\/pages\/47304\/revisions"}],"predecessor-version":[{"id":47306,"href":"https:\/\/bnssghealthiertogether.org.uk\/sq\/wp-json\/wp\/v2\/pages\/47304\/revisions\/47306"}],"up":[{"embeddable":true,"href":"https:\/\/bnssghealthiertogether.org.uk\/sq\/wp-json\/wp\/v2\/pages\/32896"}],"wp:attachment":[{"href":"https:\/\/bnssghealthiertogether.org.uk\/sq\/wp-json\/wp\/v2\/media?parent=47304"}],"wp:term":[{"taxonomy":"post_tag","embeddable":true,"href":"https:\/\/bnssghealthiertogether.org.uk\/sq\/wp-json\/wp\/v2\/tags?post=47304"}],"curies":[{"name":"wp","href":"https:\/\/api.w.org\/{rel}","templated":true}]}}