{"id":47310,"date":"2026-03-16T15:01:15","date_gmt":"2026-03-16T15:01:15","guid":{"rendered":"https:\/\/bnssghealthiertogether.org.uk\/?page_id=47310"},"modified":"2026-03-16T15:01:15","modified_gmt":"2026-03-16T15:01:15","slug":"continence-management-and-antimicrobial-resistance-specifically-through-development-of-a-digital-catheter-passport","status":"publish","type":"page","link":"https:\/\/bnssghealthiertogether.org.uk\/sq\/integrated-care-board\/research-and-evidence\/our-research-portfolio\/type-1-rcf-funded-projects\/continence-management-and-antimicrobial-resistance-specifically-through-development-of-a-digital-catheter-passport\/","title":{"rendered":"Menaxhimi i kontinenc\u00ebs dhe rezistenca ndaj antimikrobik\u00ebve, konkretisht p\u00ebrmes zhvillimit t\u00eb nj\u00eb pasaporte dixhitale t\u00eb kateterit"},"content":{"rendered":"<div class=\"assembler_default-group assembler_module_group assembler_default-group_1 assembler_module_group_1\"><div class=\"assembler_module_area assembler_module_area_1\"><div class=\"assembler_text-module assembler_module assembler_text-module_1 assembler_module_1  transparent\"><a tabindex=\"-1\" title=\"Seksioni me titull module-1\" id=\"module-1\" href=\"https:\/\/bnssghealthiertogether.org.uk\/sq\/wp-json\/wp\/v2\/pages\/47310\/#module-1\" class=\"anchor\"><span class=\"hidden\">Seksioni me titull module-1<\/span><\/a><!-- Template found for text-module - Template: template-text - Matched: _only --><section class=\"w-full mx-auto max-w-content pt-12 sm:pt-24 pb-12 sm:pb-24\">\r\n  <div class=\"entry-content w-full !px-0 max-w-small\">\r\n        <h1>Menaxhimi i kontinenc\u00ebs dhe rezistenca ndaj antimikrobik\u00ebve, konkretisht p\u00ebrmes zhvillimit t\u00eb nj\u00eb pasaporte dixhitale t\u00eb kateterit<\/h1>\n<p>Ky \u00ebsht\u00eb nj\u00eb aplikacion i udh\u00ebhequr nga sh\u00ebrbimi q\u00eb del nga diskutimet n\u00eb grupin e BNSSG p\u00ebr infeksionet e traktit urinar dhe ka mb\u00ebshtetje nga ekipet e kontrollit t\u00eb infeksioneve n\u00eb UHBW, NBT dhe Sirona.<\/p>\n<h2><strong>Financimi<\/strong><\/h2>\n<p>Financimi i Aft\u00ebsive K\u00ebrkimore t\u00eb BNSSG ICB.<\/p>\n<h2><strong>Kush po e udh\u00ebheq k\u00ebrkimin<\/strong><\/h2>\n<p>Hulumtimi drejtohet nga Profesor Nikki Cotterill, Profesoresh\u00eb e Infermieris\u00eb n\u00eb Kujdesin p\u00ebr Kontinenc\u00ebn, Shkoll\u00ebn e Sh\u00ebndetit dhe Mir\u00ebqenies Sociale, Kolegji i Sh\u00ebndetit, Shkenc\u00ebs dhe Shoq\u00ebris\u00eb, UWE Bristol.<\/p>\n<h2><strong>Informacion i m\u00ebtejsh\u00ebm<\/strong><\/h2>\n<p>P\u00ebr m\u00eb shum\u00eb informacion ose p\u00ebr t&#039;u p\u00ebrfshir\u00eb n\u00eb k\u00ebt\u00eb projekt, ju lutemi t\u00eb kontaktoni <a href=\"mailto:bnssg.research@nhs.net\">bnssg.research@nhs.net<\/a>.<\/p>\n  <\/div>\r\n  <\/section><\/div><!-- .assembler_text-module.assembler_module.assembler_text-module_1.assembler_module_1..transparent --><\/div><!-- .assembler_module_area.assembler_module_area_1 --><\/div><!-- .assembler_default-group.assembler_module_group.assembler_default-group_1.assembler_module_group_1  -->","protected":false},"excerpt":{"rendered":"<p>Ky \u00ebsht\u00eb nj\u00eb aplikacion i udh\u00ebhequr nga sh\u00ebrbimi q\u00eb del nga diskutimet n\u00eb grupin e BNSSG p\u00ebr infeksionet e traktit urinar dhe ka mb\u00ebshtetje nga ekipet e kontrollit t\u00eb infeksioneve n\u00eb UHBW, NBT dhe Sirona.<\/p>","protected":false},"author":16,"featured_media":0,"parent":32894,"menu_order":0,"comment_status":"closed","ping_status":"closed","template":"","meta":{"_acf_changed":false,"footnotes":""},"tags":[],"class_list":["post-47310","page","type-page","status-publish","hentry"],"acf":[],"_links":{"self":[{"href":"https:\/\/bnssghealthiertogether.org.uk\/sq\/wp-json\/wp\/v2\/pages\/47310","targetHints":{"allow":["GET"]}}],"collection":[{"href":"https:\/\/bnssghealthiertogether.org.uk\/sq\/wp-json\/wp\/v2\/pages"}],"about":[{"href":"https:\/\/bnssghealthiertogether.org.uk\/sq\/wp-json\/wp\/v2\/types\/page"}],"author":[{"embeddable":true,"href":"https:\/\/bnssghealthiertogether.org.uk\/sq\/wp-json\/wp\/v2\/users\/16"}],"replies":[{"embeddable":true,"href":"https:\/\/bnssghealthiertogether.org.uk\/sq\/wp-json\/wp\/v2\/comments?post=47310"}],"version-history":[{"count":2,"href":"https:\/\/bnssghealthiertogether.org.uk\/sq\/wp-json\/wp\/v2\/pages\/47310\/revisions"}],"predecessor-version":[{"id":47312,"href":"https:\/\/bnssghealthiertogether.org.uk\/sq\/wp-json\/wp\/v2\/pages\/47310\/revisions\/47312"}],"up":[{"embeddable":true,"href":"https:\/\/bnssghealthiertogether.org.uk\/sq\/wp-json\/wp\/v2\/pages\/32894"}],"wp:attachment":[{"href":"https:\/\/bnssghealthiertogether.org.uk\/sq\/wp-json\/wp\/v2\/media?parent=47310"}],"wp:term":[{"taxonomy":"post_tag","embeddable":true,"href":"https:\/\/bnssghealthiertogether.org.uk\/sq\/wp-json\/wp\/v2\/tags?post=47310"}],"curies":[{"name":"wp","href":"https:\/\/api.w.org\/{rel}","templated":true}]}}