{"id":47313,"date":"2026-03-16T15:03:46","date_gmt":"2026-03-16T15:03:46","guid":{"rendered":"https:\/\/bnssghealthiertogether.org.uk\/?page_id=47313"},"modified":"2026-03-16T15:04:28","modified_gmt":"2026-03-16T15:04:28","slug":"osteoporotic-fractures-and-injuries-from-fall","status":"publish","type":"page","link":"https:\/\/bnssghealthiertogether.org.uk\/sq\/integrated-care-board\/research-and-evidence\/our-research-portfolio\/type-1-rcf-funded-projects\/osteoporotic-fractures-and-injuries-from-fall\/","title":{"rendered":"Fraktura dhe l\u00ebndime osteoporotike nga r\u00ebnia"},"content":{"rendered":"<div class=\"assembler_default-group assembler_module_group assembler_default-group_1 assembler_module_group_1\"><div class=\"assembler_module_area assembler_module_area_1\"><div class=\"assembler_text-module assembler_module assembler_text-module_1 assembler_module_1  transparent\"><a tabindex=\"-1\" title=\"Seksioni me titull module-1\" id=\"module-1\" href=\"https:\/\/bnssghealthiertogether.org.uk\/sq\/wp-json\/wp\/v2\/pages\/47313\/#module-1\" class=\"anchor\"><span class=\"hidden\">Seksioni me titull module-1<\/span><\/a><!-- Template found for text-module - Template: template-text - Matched: _only --><section class=\"w-full mx-auto max-w-content pt-12 sm:pt-24 pb-12 sm:pb-24\">\r\n  <div class=\"entry-content w-full !px-0 max-w-small\">\r\n        <h1>Fraktura dhe l\u00ebndime osteoporotike nga r\u00ebnia<\/h1>\n<p>Kjo ide k\u00ebrkimore udh\u00ebhiqet nga sh\u00ebrbimi dhe \u00ebsht\u00eb zhvilluar nga nj\u00eb Fizioterapist i Avancuar n\u00eb vij\u00ebn e par\u00eb, q\u00eb punon n\u00eb Kujdesin Par\u00ebsor.<\/p>\n<h2><strong>Financimi<\/strong><\/h2>\n<p>Financimi i Aft\u00ebsive K\u00ebrkimore t\u00eb BNSSG ICB.<\/p>\n<h2><strong>Kush po e udh\u00ebheq k\u00ebrkimin<\/strong><\/h2>\n<p>Hulumtimi drejtohet nga Corinne Birch, Praktikuese e Fizioterapis\u00eb s\u00eb Avancuar n\u00eb Pier Health Group, pjes\u00eb e <a href=\"https:\/\/deependgps.bristol.ac.uk\/\" rel=\"noopener\">Mjek\u00eb t\u00eb p\u00ebrgjithsh\u00ebm n\u00eb Deep End Network<\/a>.<\/p>\n<h2><strong>Informacion i m\u00ebtejsh\u00ebm<\/strong><\/h2>\n<p>P\u00ebr m\u00eb shum\u00eb informacion ose p\u00ebr t&#039;u p\u00ebrfshir\u00eb n\u00eb k\u00ebt\u00eb projekt, ju lutemi t\u00eb kontaktoni <a href=\"mailto:bnssg.research@nhs.net\">bnssg.research@nhs.net<\/a>.<\/p>\n  <\/div>\r\n  <\/section><\/div><!-- .assembler_text-module.assembler_module.assembler_text-module_1.assembler_module_1..transparent --><\/div><!-- .assembler_module_area.assembler_module_area_1 --><\/div><!-- .assembler_default-group.assembler_module_group.assembler_default-group_1.assembler_module_group_1  -->","protected":false},"excerpt":{"rendered":"<p>Kjo ide k\u00ebrkimore udh\u00ebhiqet nga sh\u00ebrbimi dhe \u00ebsht\u00eb zhvilluar nga nj\u00eb Fizioterapist i Avancuar n\u00eb vij\u00ebn e par\u00eb, q\u00eb punon n\u00eb Kujdesin Par\u00ebsor.<\/p>","protected":false},"author":16,"featured_media":0,"parent":32894,"menu_order":0,"comment_status":"closed","ping_status":"closed","template":"","meta":{"_acf_changed":false,"footnotes":""},"tags":[],"class_list":["post-47313","page","type-page","status-publish","hentry"],"acf":[],"_links":{"self":[{"href":"https:\/\/bnssghealthiertogether.org.uk\/sq\/wp-json\/wp\/v2\/pages\/47313","targetHints":{"allow":["GET"]}}],"collection":[{"href":"https:\/\/bnssghealthiertogether.org.uk\/sq\/wp-json\/wp\/v2\/pages"}],"about":[{"href":"https:\/\/bnssghealthiertogether.org.uk\/sq\/wp-json\/wp\/v2\/types\/page"}],"author":[{"embeddable":true,"href":"https:\/\/bnssghealthiertogether.org.uk\/sq\/wp-json\/wp\/v2\/users\/16"}],"replies":[{"embeddable":true,"href":"https:\/\/bnssghealthiertogether.org.uk\/sq\/wp-json\/wp\/v2\/comments?post=47313"}],"version-history":[{"count":3,"href":"https:\/\/bnssghealthiertogether.org.uk\/sq\/wp-json\/wp\/v2\/pages\/47313\/revisions"}],"predecessor-version":[{"id":47316,"href":"https:\/\/bnssghealthiertogether.org.uk\/sq\/wp-json\/wp\/v2\/pages\/47313\/revisions\/47316"}],"up":[{"embeddable":true,"href":"https:\/\/bnssghealthiertogether.org.uk\/sq\/wp-json\/wp\/v2\/pages\/32894"}],"wp:attachment":[{"href":"https:\/\/bnssghealthiertogether.org.uk\/sq\/wp-json\/wp\/v2\/media?parent=47313"}],"wp:term":[{"taxonomy":"post_tag","embeddable":true,"href":"https:\/\/bnssghealthiertogether.org.uk\/sq\/wp-json\/wp\/v2\/tags?post=47313"}],"curies":[{"name":"wp","href":"https:\/\/api.w.org\/{rel}","templated":true}]}}