{"id":47317,"date":"2026-03-16T15:06:57","date_gmt":"2026-03-16T15:06:57","guid":{"rendered":"https:\/\/bnssghealthiertogether.org.uk\/?page_id=47317"},"modified":"2026-03-16T15:06:57","modified_gmt":"2026-03-16T15:06:57","slug":"chronic-pain-in-weston-super-mare-worle-and-villages","status":"publish","type":"page","link":"https:\/\/bnssghealthiertogether.org.uk\/sq\/integrated-care-board\/research-and-evidence\/our-research-portfolio\/type-1-rcf-funded-projects\/chronic-pain-in-weston-super-mare-worle-and-villages\/","title":{"rendered":"Dhimbje Kronike n\u00eb Weston-Super-Mare, Worle dhe Villages"},"content":{"rendered":"<div class=\"assembler_default-group assembler_module_group assembler_default-group_1 assembler_module_group_1\"><div class=\"assembler_module_area assembler_module_area_1\"><div class=\"assembler_text-module assembler_module assembler_text-module_1 assembler_module_1  transparent\"><a tabindex=\"-1\" title=\"Seksioni me titull module-1\" id=\"module-1\" href=\"https:\/\/bnssghealthiertogether.org.uk\/sq\/wp-json\/wp\/v2\/pages\/47317\/#module-1\" class=\"anchor\"><span class=\"hidden\">Seksioni me titull module-1<\/span><\/a><!-- Template found for text-module - Template: template-text - Matched: _only --><section class=\"w-full mx-auto max-w-content pt-12 sm:pt-24 pb-12 sm:pb-24\">\r\n  <div class=\"entry-content w-full !px-0 max-w-small\">\r\n        <h1>Dhimbje Kronike n\u00eb Weston-Super-Mare, Worle dhe Villages<\/h1>\n<h2><strong>Financimi<\/strong><\/h2>\n<p>Financimi i Aft\u00ebsive K\u00ebrkimore t\u00eb BNSSG ICB.<\/p>\n<h2><strong>Kush po e udh\u00ebheq k\u00ebrkimin<\/strong><\/h2>\n<p>Hulumtimi drejtohet nga Dr. Jenny Lewis, Bashk\u00ebdrejtoresh\u00eb e Ekipit t\u00eb Integrimit Sh\u00ebndet\u00ebsor p\u00ebr Dhimbjen Kronike (HIT), Profesoresh\u00eb e Asociuar n\u00eb K\u00ebrkime Klinike, Universiteti i Anglis\u00eb Per\u00ebndimore, Terapiste Kryesore e Pun\u00ebs p\u00ebr K\u00ebrkime Klinike, Royal United Hospital NHS Trust, Bath.<\/p>\n<p>This research is working in collaboration with the <a href=\"https:\/\/deependgps.bristol.ac.uk\/\" rel=\"noopener\">Mjek\u00eb t\u00eb p\u00ebrgjithsh\u00ebm n\u00eb Deep End Network<\/a>.<\/p>\n<h2><strong>Informacion i m\u00ebtejsh\u00ebm<\/strong><\/h2>\n<p>P\u00ebr m\u00eb shum\u00eb informacion ose p\u00ebr t&#039;u p\u00ebrfshir\u00eb n\u00eb k\u00ebt\u00eb projekt, ju lutemi t\u00eb kontaktoni <a href=\"mailto:bnssg.research@nhs.net\">bnssg.research@nhs.net<\/a>.<\/p>\n  <\/div>\r\n  <\/section><\/div><!-- .assembler_text-module.assembler_module.assembler_text-module_1.assembler_module_1..transparent --><\/div><!-- .assembler_module_area.assembler_module_area_1 --><\/div><!-- .assembler_default-group.assembler_module_group.assembler_default-group_1.assembler_module_group_1  -->","protected":false},"excerpt":{"rendered":"<p>Hulumtimi drejtohet nga Dr. Jenny Lewis, Bashk\u00ebdrejtoresh\u00eb e Ekipit t\u00eb Integrimit Sh\u00ebndet\u00ebsor p\u00ebr Dhimbjen Kronike (HIT), Profesoresh\u00eb e Asociuar n\u00eb K\u00ebrkime Klinike, Universiteti i Anglis\u00eb Per\u00ebndimore, Terapiste Kryesore e Pun\u00ebs p\u00ebr K\u00ebrkime Klinike, Royal United Hospital NHS Trust, Bath.<\/p>","protected":false},"author":16,"featured_media":0,"parent":32894,"menu_order":0,"comment_status":"closed","ping_status":"closed","template":"","meta":{"_acf_changed":false,"footnotes":""},"tags":[],"class_list":["post-47317","page","type-page","status-publish","hentry"],"acf":[],"_links":{"self":[{"href":"https:\/\/bnssghealthiertogether.org.uk\/sq\/wp-json\/wp\/v2\/pages\/47317","targetHints":{"allow":["GET"]}}],"collection":[{"href":"https:\/\/bnssghealthiertogether.org.uk\/sq\/wp-json\/wp\/v2\/pages"}],"about":[{"href":"https:\/\/bnssghealthiertogether.org.uk\/sq\/wp-json\/wp\/v2\/types\/page"}],"author":[{"embeddable":true,"href":"https:\/\/bnssghealthiertogether.org.uk\/sq\/wp-json\/wp\/v2\/users\/16"}],"replies":[{"embeddable":true,"href":"https:\/\/bnssghealthiertogether.org.uk\/sq\/wp-json\/wp\/v2\/comments?post=47317"}],"version-history":[{"count":2,"href":"https:\/\/bnssghealthiertogether.org.uk\/sq\/wp-json\/wp\/v2\/pages\/47317\/revisions"}],"predecessor-version":[{"id":47319,"href":"https:\/\/bnssghealthiertogether.org.uk\/sq\/wp-json\/wp\/v2\/pages\/47317\/revisions\/47319"}],"up":[{"embeddable":true,"href":"https:\/\/bnssghealthiertogether.org.uk\/sq\/wp-json\/wp\/v2\/pages\/32894"}],"wp:attachment":[{"href":"https:\/\/bnssghealthiertogether.org.uk\/sq\/wp-json\/wp\/v2\/media?parent=47317"}],"wp:term":[{"taxonomy":"post_tag","embeddable":true,"href":"https:\/\/bnssghealthiertogether.org.uk\/sq\/wp-json\/wp\/v2\/tags?post=47317"}],"curies":[{"name":"wp","href":"https:\/\/api.w.org\/{rel}","templated":true}]}}