{"id":47323,"date":"2026-03-16T15:11:56","date_gmt":"2026-03-16T15:11:56","guid":{"rendered":"https:\/\/bnssghealthiertogether.org.uk\/?page_id=47323"},"modified":"2026-03-16T15:11:56","modified_gmt":"2026-03-16T15:11:56","slug":"experiences-of-hrt-prescribing-in-the-perimenopause","status":"publish","type":"page","link":"https:\/\/bnssghealthiertogether.org.uk\/sq\/integrated-care-board\/research-and-evidence\/our-research-portfolio\/type-1-rcf-funded-projects\/experiences-of-hrt-prescribing-in-the-perimenopause\/","title":{"rendered":"P\u00ebrvojat e p\u00ebrshkrimit t\u00eb HRT-s\u00eb n\u00eb perimenopauz\u00eb"},"content":{"rendered":"<div class=\"assembler_default-group assembler_module_group assembler_default-group_1 assembler_module_group_1\"><div class=\"assembler_module_area assembler_module_area_1\"><div class=\"assembler_text-module assembler_module assembler_text-module_1 assembler_module_1  transparent\"><a tabindex=\"-1\" title=\"Seksioni me titull module-1\" id=\"module-1\" href=\"https:\/\/bnssghealthiertogether.org.uk\/sq\/wp-json\/wp\/v2\/pages\/47323\/#module-1\" class=\"anchor\"><span class=\"hidden\">Seksioni me titull module-1<\/span><\/a><!-- Template found for text-module - Template: template-text - Matched: _only --><section class=\"w-full mx-auto max-w-content pt-12 sm:pt-24 pb-12 sm:pb-24\">\r\n  <div class=\"entry-content w-full !px-0 max-w-small\">\r\n        <h1>P\u00ebrvojat e p\u00ebrshkrimit t\u00eb HRT-s\u00eb n\u00eb perimenopauz\u00eb<\/h1>\n<h2><strong>Financimi<\/strong><\/h2>\n<p>Financimi i Aft\u00ebsive K\u00ebrkimore t\u00eb BNSSG ICB.<\/p>\n<h2><strong>Kush po e udh\u00ebheq k\u00ebrkimin<\/strong><\/h2>\n<p>The research is led by Dr Victoria Pitts, General Practitioner<\/p>\n<p>Ky hulumtim \u00ebsht\u00eb i udh\u00ebhequr nga sh\u00ebrbimi, Dr. Pitts iu dha nj\u00eb burs\u00eb BNSSG p\u00ebr Pabarazit\u00eb Sh\u00ebndet\u00ebsore me fokus n\u00eb p\u00ebrmir\u00ebsimin e kujdesit p\u00ebr menopauz\u00ebn n\u00eb praktik\u00ebn e saj, Downtown Road Surgery.<\/p>\n<h2><strong>Informacion i m\u00ebtejsh\u00ebm<\/strong><\/h2>\n<p>P\u00ebr m\u00eb shum\u00eb informacion ose p\u00ebr t&#039;u p\u00ebrfshir\u00eb n\u00eb k\u00ebt\u00eb projekt, ju lutemi t\u00eb kontaktoni <a href=\"mailto:bnssg.research@nhs.net\">bnssg.research@nhs.net<\/a>.<\/p>\n  <\/div>\r\n  <\/section><\/div><!-- .assembler_text-module.assembler_module.assembler_text-module_1.assembler_module_1..transparent --><\/div><!-- .assembler_module_area.assembler_module_area_1 --><\/div><!-- .assembler_default-group.assembler_module_group.assembler_default-group_1.assembler_module_group_1  -->","protected":false},"excerpt":{"rendered":"<p>Ky hulumtim \u00ebsht\u00eb i udh\u00ebhequr nga sh\u00ebrbimi, Dr. Pitts iu dha nj\u00eb burs\u00eb BNSSG p\u00ebr Pabarazit\u00eb Sh\u00ebndet\u00ebsore me fokus n\u00eb p\u00ebrmir\u00ebsimin e kujdesit p\u00ebr menopauz\u00ebn n\u00eb praktik\u00ebn e saj, Downtown Road Surgery.<\/p>","protected":false},"author":16,"featured_media":0,"parent":32894,"menu_order":0,"comment_status":"closed","ping_status":"closed","template":"","meta":{"_acf_changed":false,"footnotes":""},"tags":[],"class_list":["post-47323","page","type-page","status-publish","hentry"],"acf":[],"_links":{"self":[{"href":"https:\/\/bnssghealthiertogether.org.uk\/sq\/wp-json\/wp\/v2\/pages\/47323","targetHints":{"allow":["GET"]}}],"collection":[{"href":"https:\/\/bnssghealthiertogether.org.uk\/sq\/wp-json\/wp\/v2\/pages"}],"about":[{"href":"https:\/\/bnssghealthiertogether.org.uk\/sq\/wp-json\/wp\/v2\/types\/page"}],"author":[{"embeddable":true,"href":"https:\/\/bnssghealthiertogether.org.uk\/sq\/wp-json\/wp\/v2\/users\/16"}],"replies":[{"embeddable":true,"href":"https:\/\/bnssghealthiertogether.org.uk\/sq\/wp-json\/wp\/v2\/comments?post=47323"}],"version-history":[{"count":2,"href":"https:\/\/bnssghealthiertogether.org.uk\/sq\/wp-json\/wp\/v2\/pages\/47323\/revisions"}],"predecessor-version":[{"id":47325,"href":"https:\/\/bnssghealthiertogether.org.uk\/sq\/wp-json\/wp\/v2\/pages\/47323\/revisions\/47325"}],"up":[{"embeddable":true,"href":"https:\/\/bnssghealthiertogether.org.uk\/sq\/wp-json\/wp\/v2\/pages\/32894"}],"wp:attachment":[{"href":"https:\/\/bnssghealthiertogether.org.uk\/sq\/wp-json\/wp\/v2\/media?parent=47323"}],"wp:term":[{"taxonomy":"post_tag","embeddable":true,"href":"https:\/\/bnssghealthiertogether.org.uk\/sq\/wp-json\/wp\/v2\/tags?post=47323"}],"curies":[{"name":"wp","href":"https:\/\/api.w.org\/{rel}","templated":true}]}}