{"id":5884,"date":"2023-05-30T15:10:58","date_gmt":"2023-05-30T14:10:58","guid":{"rendered":"https:\/\/bnssghealthiertogether.org.uk\/?page_id=5884"},"modified":"2025-01-29T21:53:58","modified_gmt":"2025-01-29T21:53:58","slug":"your-pathway-home","status":"publish","type":"page","link":"https:\/\/bnssghealthiertogether.org.uk\/sq\/your-health\/home-first\/your-pathway-home\/","title":{"rendered":"S\u00eb pari sht\u00ebpia: Rruga jote drejt sht\u00ebpis\u00eb"},"content":{"rendered":"<div class=\"assembler_default-group assembler_module_group assembler_default-group_1 assembler_module_group_1\"><div class=\"assembler_module_area assembler_module_area_1\"><div class=\"assembler_table-of-contents-module assembler_module assembler_table-of-contents-module_1 assembler_module_1  transparent\"><a tabindex=\"-1\" title=\"Seksioni me titull module-1\" id=\"module-1\" href=\"https:\/\/bnssghealthiertogether.org.uk\/sq\/wp-json\/wp\/v2\/pages\/5884\/#module-1\" class=\"anchor\"><span class=\"hidden\">Seksioni me titull module-1<\/span><\/a><!-- Template found for table-of-contents-module - Template: template-table-of-contents - Matched: _only -->\r\n<section class=\"w-full mx-auto max-w-content border-b border-pale-grey pt-6 sm:pt-12 pb-3 sm:pb-6\">\r\n    <div class=\"entry-content w-full\">\r\n    <h1>S\u00eb pari sht\u00ebpia<\/h1>\n<p>P\u00ebrmbajtja<\/p>\n    <div class=\"navigation-list\">\r\n                    <ul>\r\n                      <li class=\"text-sm\">\r\n                              <a href=\"https:\/\/bnssghealthiertogether.org.uk\/sq\/your-health\/home-first\/\" class=\"text-sm underline-offset-4 font-normal hover:!underline-4\">\r\n                                                                Pse sht\u00ebpia s\u00eb pari?                                <\/a>\r\n                          <\/li>\r\n                                <li class=\"text-sm\">\r\n                              <a href=\"https:\/\/bnssghealthiertogether.org.uk\/sq\/your-health\/home-first\/nhs-home\/\" class=\"text-sm underline-offset-4 font-normal hover:!underline-4\">\r\n                                                                NHS@Sht\u00ebpi                                <\/a>\r\n                          <\/li>\r\n                      <li class=\"text-sm\">\r\n                                                              Rruga jote drejt sht\u00ebpis\u00eb                            <\/li>\r\n                  <\/ul>\r\n          <\/div>\r\n  <\/div>\r\n<\/section><\/div><!-- .assembler_table-of-contents-module.assembler_module.assembler_table-of-contents-module_1.assembler_module_1..transparent --><div class=\"assembler_text-module assembler_module assembler_text-module_2 assembler_module_2  transparent\"><a tabindex=\"-1\" title=\"Seksioni me titull module-2\" id=\"module-2\" href=\"https:\/\/bnssghealthiertogether.org.uk\/sq\/wp-json\/wp\/v2\/pages\/5884\/#module-2\" class=\"anchor\"><span class=\"hidden\">Seksioni me titull module-2<\/span><\/a><!-- Template found for text-module - Template: template-text - Matched: _only --><section class=\"w-full mx-auto max-w-content pt-3 sm:pt-6 pb-3 sm:pb-6\">\r\n  <div class=\"entry-content w-full !px-0 max-w-small\">\r\n        <h1>Rruga jote drejt sht\u00ebpis\u00eb<\/h1>\n  <\/div>\r\n  <\/section><\/div><!-- .assembler_text-module.assembler_module.assembler_text-module_2.assembler_module_2..transparent --><div class=\"assembler_text-module assembler_module assembler_text-module_3 assembler_module_3  transparent\"><a tabindex=\"-1\" title=\"Seksioni me titull module-3\" id=\"module-3\" href=\"https:\/\/bnssghealthiertogether.org.uk\/sq\/wp-json\/wp\/v2\/pages\/5884\/#module-3\" class=\"anchor\"><span class=\"hidden\">Seksioni me titull module-3<\/span><\/a><!-- Template found for text-module - Template: template-text - Matched: _only --><section class=\"w-full mx-auto max-w-content pt-3 sm:pt-6 pb-3 sm:pb-6\">\r\n  <div class=\"entry-content w-full !px-0 max-w-small\">\r\n        <p>Prioriteti yn\u00eb \u00ebsht\u00eb t'ju ndihmojm\u00eb t\u00eb p\u00ebrmir\u00ebsoheni dhe t'ju mb\u00ebshtesim t\u00eb dilni nga spitali kur t\u00eb mos keni m\u00eb nevoj\u00eb p\u00ebr kujdes atje. Ne e dim\u00eb q\u00eb njer\u00ebzit sh\u00ebrohen m\u00eb mir\u00eb larg mjedisit t\u00eb z\u00ebn\u00eb t\u00eb spitalit, idealisht n\u00eb vendin q\u00eb e quajn\u00eb sht\u00ebpi.<\/p>\n<p>N\u00eb sht\u00ebpi, njer\u00ebzit b\u00ebjn\u00eb m\u00eb shum\u00eb p\u00ebr veten dhe mbeten aktiv\u00eb n\u00eb mjedise t\u00eb njohura. Njer\u00ebzit na thon\u00eb se g\u00ebzojn\u00eb gjum\u00eb m\u00eb t\u00eb mir\u00eb dhe humor m\u00eb t\u00eb mir\u00eb mes miqve, familjes dhe rehati t\u00eb zakonshme t\u00eb sht\u00ebpis\u00eb s\u00eb tyre.<\/p>\n<p>Q\u00ebndrimi n\u00eb spital m\u00eb gjat\u00eb se sa \u00ebsht\u00eb i nevojsh\u00ebm ka treguar se ul pavar\u00ebsin\u00eb dhe vet\u00ebbesimin, \u00e7on n\u00eb humbje t\u00eb mas\u00ebs muskulore dhe rrit rrezikun e infeksioneve, plag\u00ebve nga shtypja dhe inkontinenc\u00ebs.<\/p>\n<p>T\u00eb largohesh kur nuk ke m\u00eb nevoj\u00eb p\u00ebr kujdes spitalor jo vet\u00ebm q\u00eb \u00ebsht\u00eb m\u00eb e mira p\u00ebr ty, por gjithashtu ndihmon q\u00eb t\u00eb ket\u00eb shtret\u00ebr t\u00eb disponuesh\u00ebm p\u00ebr ata q\u00eb kan\u00eb nevoj\u00eb p\u00ebr kujdes spitalor.<\/p>\n<p>Ekipi i spitalit tuaj mund t\u00eb ket\u00eb tashm\u00eb filluar t\u00eb planifikoj\u00eb shkarkimin tuaj s\u00eb bashku me ju. Ne do t\u00eb<br \/>\nt\u00eb pyesim ty, familjen t\u00ebnde dhe kujdestar\u00ebt, p\u00ebr mendimet dhe d\u00ebshirat e tua p\u00ebr t'u kthyer n\u00eb sht\u00ebpi, dhe t'i ndajm\u00eb ato me partner\u00ebt e komunitetit, n\u00eb m\u00ebnyr\u00eb q\u00eb t\u00eb mund t\u00eb b\u00ebjm\u00eb organizimet m\u00eb t\u00eb mira t\u00eb mundshme p\u00ebr ty.<\/p>\n<h2>N\u00ebse keni nevoj\u00eb p\u00ebr m\u00eb shum\u00eb mb\u00ebshtetje<\/h2>\n<p>P\u00ebr shumic\u00ebn e njer\u00ebzve, mb\u00ebshtetja nga familja dhe miqt\u00eb n\u00eb dit\u00ebt e para pas kthimit n\u00eb sht\u00ebpi do t\u00eb jet\u00eb e mjaftueshme. Ne do ta diskutojm\u00eb k\u00ebt\u00eb me ju dhe mund t'ju japim detaje rreth partner\u00ebve t\u00eb sektorit vullnetar q\u00eb mund t\u00eb ofrojn\u00eb mb\u00ebshtetje shtes\u00eb, n\u00ebse keni nevoj\u00eb.<\/p>\n<p>N\u00ebse keni nevoj\u00eb p\u00ebr m\u00eb shum\u00eb mb\u00ebshtetje sesa mund t'ju ofrojn\u00eb miqt\u00eb dhe familja, ekzistojn\u00eb m\u00ebnyra t\u00eb ndryshme p\u00ebr t\u00eb dal\u00eb nga spitali, t\u00eb njohura si \u2018rrug\u00ebdalje\u2019. Ekipi q\u00eb kujdeset p\u00ebr ju do t\u00eb vler\u00ebsoj\u00eb se cila \u00ebsht\u00eb e p\u00ebrshtatshme p\u00ebr ju, bazuar n\u00eb nevojat dhe rrethanat tuaja individuale. Gjithashtu mund t'ju ofrohet mb\u00ebshtetje p\u00ebrmes sh\u00ebrbimit ton\u00eb t\u00eb Punonj\u00ebsve t\u00eb Lidhjes.<\/p>\n<p><a href=\"https:\/\/bnssghealthiertogether.org.uk\/sq\/your-health\/home-first\/your-pathway-home\/recovery-and-rehab-at-home\/\">Rruga 1: Rim\u00ebk\u00ebmbje dhe rehabilitim n\u00eb sht\u00ebpi:<\/a> Ju ktheheni n\u00eb sht\u00ebpi me mb\u00ebshtetjen e terapist\u00ebve komunitar\u00eb dhe t\u00eb tjer\u00ebve p\u00ebr t\u00eb vazhduar rehabilitimin dhe rikuperimin tuaj.<\/p>\n<p><a href=\"https:\/\/bnssghealthiertogether.org.uk\/sq\/your-health\/home-first\/your-pathway-home\/rehab-to-home\/\">Rruga 2: Nga rehabilitimi n\u00eb sht\u00ebpi:<\/a> Ju transferoheni n\u00eb nj\u00eb shtrat rehabilitimi komunitar p\u00ebr t\u00eb vazhduar rehabilitimin dhe rikuperimin tuaj para se t\u00eb ktheheni n\u00eb vendin q\u00eb e quani sht\u00ebpi.<\/p>\n<p><a href=\"https:\/\/bnssghealthiertogether.org.uk\/sq\/your-health\/home-first\/your-pathway-home\/community-bed\/\">Rruga 3: Shtrati komunitar<\/a><span style=\"font-size: 1.125rem;\">Ju transferoheni n\u00eb nj\u00eb shtrat komunitar ku mund t\u00eb vler\u00ebsohen nevojat tuaja p\u00ebr kujdes afatgjat\u00eb dhe t\u00eb b\u00ebhen p\u00ebrgatitjet p\u00ebr t'i p\u00ebrmbushur ato.<\/span><\/p>\n<p><a href=\"https:\/\/bnssghealthiertogether.org.uk\/sq\/your-health\/home-first\/your-pathway-home\/link-workers\/\">Link Workers dhe mb\u00ebshtetje t\u00eb tjera<\/a>Link Workers jan\u00eb punonj\u00ebs mb\u00ebshtet\u00ebs t\u00eb pavarur, t\u00eb vendosur n\u00eb spitalet tona lokale. Ata mund t\u00eb flasin me ju para se t\u00eb shkarkoheni dhe t\u00eb b\u00ebjn\u00eb sugjerime p\u00ebr pavar\u00ebsin\u00eb dhe mir\u00ebqenien tuaj n\u00eb sht\u00ebpi. M\u00eb pas, ata mund t'ju lidhin me organizata dhe agjenci komunitare q\u00eb mund t'ju ndihmojn\u00eb.<\/p>\n<p>M\u00ebsoni m\u00eb shum\u00eb rreth profesionist\u00ebve t\u00eb ndrysh\u00ebm t\u00eb sh\u00ebndet\u00ebsis\u00eb dhe kujdesit q\u00eb mund t\u00eb takoni n\u00eb rrug\u00ebn tuaj drejt sht\u00ebpis\u00eb p\u00ebrmes ton\u00ebs <a href=\"https:\/\/bnssghealthiertogether.org.uk\/sq\/our-work\/discharge-to-assess\/whos-who-and-what-they-do\/\">studime rastesh t\u00eb stafit.<\/a><\/p>\n  <\/div>\r\n  <\/section><\/div><!-- .assembler_text-module.assembler_module.assembler_text-module_3.assembler_module_3..transparent --><\/div><!-- .assembler_module_area.assembler_module_area_1 --><\/div><!-- .assembler_default-group.assembler_module_group.assembler_default-group_1.assembler_module_group_1  -->","protected":false},"excerpt":{"rendered":"<p>We know that people recover best away from the busy hospital environment, ideally in the place they call home.<\/p>","protected":false},"author":7,"featured_media":0,"parent":5881,"menu_order":0,"comment_status":"closed","ping_status":"closed","template":"","meta":{"_acf_changed":false,"footnotes":""},"tags":[],"class_list":["post-5884","page","type-page","status-publish","hentry"],"acf":[],"_links":{"self":[{"href":"https:\/\/bnssghealthiertogether.org.uk\/sq\/wp-json\/wp\/v2\/pages\/5884","targetHints":{"allow":["GET"]}}],"collection":[{"href":"https:\/\/bnssghealthiertogether.org.uk\/sq\/wp-json\/wp\/v2\/pages"}],"about":[{"href":"https:\/\/bnssghealthiertogether.org.uk\/sq\/wp-json\/wp\/v2\/types\/page"}],"author":[{"embeddable":true,"href":"https:\/\/bnssghealthiertogether.org.uk\/sq\/wp-json\/wp\/v2\/users\/7"}],"replies":[{"embeddable":true,"href":"https:\/\/bnssghealthiertogether.org.uk\/sq\/wp-json\/wp\/v2\/comments?post=5884"}],"version-history":[{"count":17,"href":"https:\/\/bnssghealthiertogether.org.uk\/sq\/wp-json\/wp\/v2\/pages\/5884\/revisions"}],"predecessor-version":[{"id":36647,"href":"https:\/\/bnssghealthiertogether.org.uk\/sq\/wp-json\/wp\/v2\/pages\/5884\/revisions\/36647"}],"up":[{"embeddable":true,"href":"https:\/\/bnssghealthiertogether.org.uk\/sq\/wp-json\/wp\/v2\/pages\/5881"}],"wp:attachment":[{"href":"https:\/\/bnssghealthiertogether.org.uk\/sq\/wp-json\/wp\/v2\/media?parent=5884"}],"wp:term":[{"taxonomy":"post_tag","embeddable":true,"href":"https:\/\/bnssghealthiertogether.org.uk\/sq\/wp-json\/wp\/v2\/tags?post=5884"}],"curies":[{"name":"wp","href":"https:\/\/api.w.org\/{rel}","templated":true}]}}