{"id":6757,"date":"2023-09-29T13:41:52","date_gmt":"2023-09-29T12:41:52","guid":{"rendered":"https:\/\/bnssghealthiertogether.org.uk\/?page_id=6757"},"modified":"2025-11-10T10:55:53","modified_gmt":"2025-11-10T10:55:53","slug":"health-and-social-care-ambassador-programme","status":"publish","type":"page","link":"https:\/\/bnssghealthiertogether.org.uk\/sq\/training-and-careers\/health-and-social-care-ambassador-programme\/","title":{"rendered":"Programi i Ambasador\u00ebve t\u00eb Sh\u00ebndetit dhe Kujdesit Social"},"content":{"rendered":"<div class=\"assembler_default-group assembler_module_group assembler_default-group_1 assembler_module_group_1\"><div class=\"assembler_module_area assembler_module_area_1\"><div class=\"assembler_text-module assembler_module assembler_text-module_1 assembler_module_1  transparent\"><a tabindex=\"-1\" title=\"Seksioni me titull module-1\" id=\"module-1\" href=\"https:\/\/bnssghealthiertogether.org.uk\/sq\/wp-json\/wp\/v2\/pages\/6757\/#module-1\" class=\"anchor\"><span class=\"hidden\">Seksioni me titull module-1<\/span><\/a><!-- Template found for text-module - Template: template-text - Matched: _only --><section class=\"w-full mx-auto max-w-content pt-12 sm:pt-24 pb-12 sm:pb-24\">\r\n  <div class=\"entry-content w-full !px-0 max-w-small\">\r\n        <h1>Programi i Ambasador\u00ebve t\u00eb Sh\u00ebndetit dhe Kujdesit Social<\/h1>\n<p>Informacion mbi Programin e Ambasador\u00ebve t\u00eb Kujdesit Sh\u00ebndet\u00ebsor dhe Social t\u00eb Bristolit, North Somerset dhe South Gloucestershire, i cili synon t\u00eb ndihmoj\u00eb n\u00eb lidhjen e stafit me shkollat p\u00ebr t\u00eb mbajtur fjalime rreth gam\u00ebs s\u00eb gjer\u00eb dhe stimuluese t\u00eb karrierave n\u00eb sh\u00ebndet\u00ebsi dhe kujdes.<\/p>\n<p>Aktualisht nuk po rekrutojm\u00eb ambasador\u00eb t\u00eb rinj, nd\u00ebrsa struktura e ekipit t\u00eb Qendr\u00ebs s\u00eb Karrierave \u00ebsht\u00eb duke u shqyrtuar.<\/p>\n<p>N\u00ebse jeni ambasador ekzistues dhe keni ndonj\u00eb pyetje ose d\u00ebshironi t\u00eb na kontaktoni, ju lutemi kontaktoni <a href=\"mailto:bnssg.careershub@nhs.net\">bnssg.careershub@nhs.net.<\/a><\/p>\n  <\/div>\r\n  <\/section><\/div><!-- .assembler_text-module.assembler_module.assembler_text-module_1.assembler_module_1..transparent --><\/div><!-- .assembler_module_area.assembler_module_area_1 --><\/div><!-- .assembler_default-group.assembler_module_group.assembler_default-group_1.assembler_module_group_1  -->","protected":false},"excerpt":{"rendered":"<p>Our Social Care Ambassador Programme aims to help connect staff with schools to give talks about the wide range of careers across health and care.<\/p>","protected":false},"author":13,"featured_media":0,"parent":11809,"menu_order":0,"comment_status":"closed","ping_status":"closed","template":"","meta":{"_acf_changed":false,"footnotes":""},"tags":[],"class_list":["post-6757","page","type-page","status-publish","hentry"],"acf":[],"_links":{"self":[{"href":"https:\/\/bnssghealthiertogether.org.uk\/sq\/wp-json\/wp\/v2\/pages\/6757","targetHints":{"allow":["GET"]}}],"collection":[{"href":"https:\/\/bnssghealthiertogether.org.uk\/sq\/wp-json\/wp\/v2\/pages"}],"about":[{"href":"https:\/\/bnssghealthiertogether.org.uk\/sq\/wp-json\/wp\/v2\/types\/page"}],"author":[{"embeddable":true,"href":"https:\/\/bnssghealthiertogether.org.uk\/sq\/wp-json\/wp\/v2\/users\/13"}],"replies":[{"embeddable":true,"href":"https:\/\/bnssghealthiertogether.org.uk\/sq\/wp-json\/wp\/v2\/comments?post=6757"}],"version-history":[{"count":31,"href":"https:\/\/bnssghealthiertogether.org.uk\/sq\/wp-json\/wp\/v2\/pages\/6757\/revisions"}],"predecessor-version":[{"id":44326,"href":"https:\/\/bnssghealthiertogether.org.uk\/sq\/wp-json\/wp\/v2\/pages\/6757\/revisions\/44326"}],"up":[{"embeddable":true,"href":"https:\/\/bnssghealthiertogether.org.uk\/sq\/wp-json\/wp\/v2\/pages\/11809"}],"wp:attachment":[{"href":"https:\/\/bnssghealthiertogether.org.uk\/sq\/wp-json\/wp\/v2\/media?parent=6757"}],"wp:term":[{"taxonomy":"post_tag","embeddable":true,"href":"https:\/\/bnssghealthiertogether.org.uk\/sq\/wp-json\/wp\/v2\/tags?post=6757"}],"curies":[{"name":"wp","href":"https:\/\/api.w.org\/{rel}","templated":true}]}}