{"id":7461,"date":"2024-06-21T09:06:49","date_gmt":"2024-06-21T08:06:49","guid":{"rendered":"https:\/\/bnssghealthiertogether.org.uk\/?page_id=7461"},"modified":"2026-01-30T10:43:27","modified_gmt":"2026-01-30T10:43:27","slug":"mmr-information","status":"publish","type":"page","link":"https:\/\/bnssghealthiertogether.org.uk\/sq\/vaccination\/mmr-information\/","title":{"rendered":"Informacion mbi vaksin\u00ebn MMRV (fruthi, shytat, rubeola dhe varicela)"},"content":{"rendered":"<div class=\"assembler_default-group assembler_module_group assembler_default-group_1 assembler_module_group_1\"><div class=\"assembler_module_area assembler_module_area_1\"><div class=\"assembler_text-module assembler_module assembler_text-module_1 assembler_module_1  transparent\"><a tabindex=\"-1\" title=\"Seksioni me titull module-1\" id=\"module-1\" href=\"https:\/\/bnssghealthiertogether.org.uk\/sq\/wp-json\/wp\/v2\/pages\/7461\/#module-1\" class=\"anchor\"><span class=\"hidden\">Seksioni me titull module-1<\/span><\/a><!-- Template found for text-module - Template: template-text - Matched: _only --><section class=\"w-full mx-auto max-w-content pt-12 sm:pt-24 pb-3 sm:pb-6\">\r\n  <div class=\"entry-content w-full !px-0 max-w-small\">\r\n        <h1>Informacion mbi vaksin\u00ebn MMRV<\/h1>\n  <\/div>\r\n  <\/section><\/div><!-- .assembler_text-module.assembler_module.assembler_text-module_1.assembler_module_1..transparent --><div class=\"assembler_text-module assembler_module assembler_text-module_2 assembler_module_2  transparent\"><a tabindex=\"-1\" title=\"Seksioni me titull module-2\" id=\"module-2\" href=\"https:\/\/bnssghealthiertogether.org.uk\/sq\/wp-json\/wp\/v2\/pages\/7461\/#module-2\" class=\"anchor\"><span class=\"hidden\">Seksioni me titull module-2<\/span><\/a><!-- Template found for text-module - Template: template-text - Matched: _only --><section class=\"w-full mx-auto max-w-content pt-3 sm:pt-6 pb-0 sm:pb-0\">\r\n  <div class=\"entry-content w-full !px-0 max-w-small\">\r\n        <p>Vaksina MMRV ndihmon n\u00eb mbrojtjen e f\u00ebmij\u00ebve kund\u00ebr fruthit, shytave, rubeol\u00ebs dhe vari\u00e7el\u00ebs. K\u00ebto jan\u00eb infeksione q\u00eb p\u00ebrhapen shum\u00eb leht\u00eb midis njer\u00ebzve dhe mund t\u00eb \u00e7ojn\u00eb n\u00eb probleme serioze, duke p\u00ebrfshir\u00eb meningjitin, inflamacionin e trurit (encefalit), pneumonin\u00eb dhe humbjen e d\u00ebgjimit.<\/p>\n<p><img decoding=\"async\" class=\"size-medium wp-image-46636 alignright\" src=\"https:\/\/bnssghealthiertogether.org.uk\/wp-content\/uploads\/2026\/01\/MMR_Chickenpox-240x300.png\" alt=\"\" width=\"240\" height=\"300\" srcset=\"https:\/\/bnssghealthiertogether.org.uk\/wp-content\/uploads\/2026\/01\/MMR_Chickenpox-240x300.png 240w, https:\/\/bnssghealthiertogether.org.uk\/wp-content\/uploads\/2026\/01\/MMR_Chickenpox-819x1024.png 819w, https:\/\/bnssghealthiertogether.org.uk\/wp-content\/uploads\/2026\/01\/MMR_Chickenpox-768x960.png 768w, https:\/\/bnssghealthiertogether.org.uk\/wp-content\/uploads\/2026\/01\/MMR_Chickenpox-1229x1536.png 1229w, https:\/\/bnssghealthiertogether.org.uk\/wp-content\/uploads\/2026\/01\/MMR_Chickenpox-1638x2048.png 1638w, https:\/\/bnssghealthiertogether.org.uk\/wp-content\/uploads\/2026\/01\/MMR_Chickenpox-1320x1650.png 1320w, https:\/\/bnssghealthiertogether.org.uk\/wp-content\/uploads\/2026\/01\/MMR_Chickenpox-scaled.png 2048w\" sizes=\"(max-width: 240px) 100vw, 240px\" \/>Nga 1 janari 2026, t\u00eb gjith\u00eb f\u00ebmij\u00ebve do t&#039;u ofrohet nj\u00eb trajtim i kombinuar p\u00ebr fruthin, shytat, rubeol\u00ebn dhe varicel\u00ebn (<abbr title=\"vaksina kund\u00ebr fruthit, shytave, rubeol\u00ebs dhe varicel\u00ebs\">MMRV<\/abbr>) vaksin\u00eb n\u00eb vend t\u00eb vaksin\u00ebs kund\u00ebr fruthit, shytave dhe rubeol\u00ebs (MMR) si pjes\u00eb e orarit t\u00eb tyre rutin\u00eb t\u00eb vaksinimit me 2 doza n\u00eb f\u00ebmij\u00ebri.<\/p>\n<p>Doza 1 do t\u00eb ofrohet n\u00eb mosh\u00ebn nj\u00eb vje\u00e7 dhe doza 2 do t\u00eb p\u00ebrshpejtohet nga 3 vjet e 4 muaj n\u00eb nj\u00eb takim t\u00eb ri 18-mujor.<\/p>\n<p>Nga 1 n\u00ebntori 2026 deri m\u00eb 31 mars 2028 do t\u00eb ket\u00eb nj\u00eb doz\u00eb selektive t\u00eb vetme.\u00a0<abbr title=\"vaksina kund\u00ebr fruthit, shytave, rubeol\u00ebs dhe varicel\u00ebs\">MMRV<\/abbr>\u00a0program plot\u00ebsues p\u00ebr f\u00ebmij\u00ebt m\u00eb t\u00eb rritur q\u00eb nuk kan\u00eb kaluar ende infeksionin e lis\u00eb s\u00eb dhenve ose 2 doza t\u00eb vaksin\u00ebs kund\u00ebr varicel\u00ebs.<\/p>\n<h2 id=\"how-to-get-it\">Si t\u00eb merrni vaksin\u00ebn MMRV<\/h2>\n<p data-block-key=\"8ms04\">Mjeku juaj i familjes zakonisht do t&#039;ju kontaktoj\u00eb n\u00eb lidhje me vaksinat MMRV t\u00eb f\u00ebmij\u00ebs suaj. Kjo zakonisht do t\u00eb b\u00ebhet me let\u00ebr, mesazh me tekst, telefonat\u00eb ose email.<\/p>\n<p data-block-key=\"8ms04\">Duhet t\u00eb kontaktoni klinik\u00ebn tuaj t\u00eb familjes n\u00ebse <span style=\"font-size: 1.125rem;\">f\u00ebmija juaj duhet t\u00eb b\u00ebj\u00eb vaksin\u00ebn MMRV, por nuk jeni kontaktuar, ose <\/span><span style=\"font-size: 1.125rem;\">f\u00ebmija juaj ka humbur vaksin\u00ebn MMRV, ose n\u00ebse <\/span><span style=\"font-size: 1.125rem;\">F\u00ebmija juaj ka temperatur\u00eb t\u00eb lart\u00eb dhe duhet t\u00eb vaksinohet.<\/span><\/p>\n<p data-block-key=\"8ms04\">Vaksina MMRV jepet si injeksion n\u00eb pjes\u00ebn e sip\u00ebrme t\u00eb krahut ose kofsh\u00ebs. Zakonisht jepet n\u00eb t\u00eb nj\u00ebjt\u00ebn koh\u00eb me vaksinat e tjera rutin\u00eb.<\/p>\n<p data-block-key=\"8ms04\">\n  <\/div>\r\n  <\/section><\/div><!-- .assembler_text-module.assembler_module.assembler_text-module_2.assembler_module_2..transparent --><div class=\"assembler_text-module assembler_module assembler_text-module_3 assembler_module_3  transparent\"><a tabindex=\"-1\" title=\"Seksioni me titull module-3\" id=\"module-3\" href=\"https:\/\/bnssghealthiertogether.org.uk\/sq\/wp-json\/wp\/v2\/pages\/7461\/#module-3\" class=\"anchor\"><span class=\"hidden\">Seksioni me titull module-3<\/span><\/a><!-- Template found for text-module - Template: template-text - Matched: _only --><section class=\"w-full mx-auto max-w-content pt-3 sm:pt-6 pb-0 sm:pb-0\">\r\n  <div class=\"entry-content w-full !px-0 max-w-small\">\r\n        <h2 id=\"contraindications\">Kush nuk mund t\u00eb b\u00ebj\u00eb vaksin\u00ebn MMRV?<\/h2>\n<p data-block-key=\"8ms04\">Shumica e f\u00ebmij\u00ebve mund ta b\u00ebjn\u00eb vaksin\u00ebn MMRV. Por nuk \u00ebsht\u00eb e p\u00ebrshtatshme p\u00ebr disa f\u00ebmij\u00eb sepse \u00ebsht\u00eb nj\u00eb vaksin\u00eb e gjall\u00eb, q\u00eb do t\u00eb thot\u00eb se p\u00ebrmban versione t\u00eb dob\u00ebsuara t\u00eb viruseve t\u00eb fruthit, shytave, rubeol\u00ebs dhe varicel\u00ebs.<\/p>\n<p data-block-key=\"b86mo\">Vaksina MMRV nuk jepet n\u00ebse f\u00ebmija juaj ka nj\u00eb sistem imunitar t\u00eb dob\u00ebsuar r\u00ebnd\u00eb, qoft\u00eb p\u00ebr shkak t\u00eb nj\u00eb gjendjeje sh\u00ebndet\u00ebsore ose sepse po merr ila\u00e7e q\u00eb e shtypin sistemin imunitar, ose n\u00ebse f\u00ebmija juaj ka pasur nj\u00eb reaksion serioz alergjik (<a href=\"https:\/\/www.nhs.uk\/conditions\/anaphylaxis\/\" rel=\"noopener\">anafilaksi<\/a>) ndaj \u00e7do p\u00ebrb\u00ebr\u00ebsi n\u00eb vaksin\u00eb, duke p\u00ebrfshir\u00eb xhelatin\u00ebn ose neomicin\u00ebn.<\/p>\n<p data-block-key=\"b86mo\">\n  <\/div>\r\n  <\/section><\/div><!-- .assembler_text-module.assembler_module.assembler_text-module_3.assembler_module_3..transparent --><div class=\"assembler_text-module assembler_module assembler_text-module_4 assembler_module_4  transparent\"><a tabindex=\"-1\" title=\"Seksioni me titullin module-4\" id=\"module-4\" href=\"https:\/\/bnssghealthiertogether.org.uk\/sq\/wp-json\/wp\/v2\/pages\/7461\/#module-4\" class=\"anchor\"><span class=\"hidden\">Seksioni me titullin module-4<\/span><\/a><!-- Template found for text-module - Template: template-text - Matched: _only --><section class=\"w-full mx-auto max-w-content pt-3 sm:pt-6 pb-3 sm:pb-6\">\r\n  <div class=\"entry-content w-full !px-0 max-w-small\">\r\n        <h2 id=\"effectiveness\">Sa mir\u00eb funksionon vaksina MMRV<\/h2>\n<p data-block-key=\"8ms04\">Mbrojtja kund\u00ebr fruthit, shytave dhe rubeol\u00ebs fillon brenda 2 jav\u00ebsh nga marrja e vaksin\u00ebs MMRV. Mbrojtja kund\u00ebr varicel\u00ebs fillon brenda 3 jav\u00ebsh nga marrja e vaksin\u00ebs.<\/p>\n<p data-block-key=\"bump9\">Pas 2 dozave <span style=\"font-size: 1.125rem;\">rreth 99% f\u00ebmij\u00eb do t\u00eb mbrohen nga fruthi dhe rubeola, <\/span>rreth 97% f\u00ebmij\u00eb do t\u00eb jen\u00eb t\u00eb mbrojtur nga lija e dhenve dhe rreth 88% f\u00ebmij\u00eb do t\u00eb jen\u00eb t\u00eb mbrojtur nga shytat. N\u00ebse f\u00ebmija juaj s\u00ebmuret me shyta pasi \u00ebsht\u00eb vaksinuar, simptomat zakonisht do t\u00eb jen\u00eb shum\u00eb m\u00eb t\u00eb lehta.<\/p>\n<h2 data-block-key=\"bump9\">Nj\u00eb udh\u00ebzues p\u00ebr prind\u00ebrit dhe kujdestar\u00ebt<\/h2>\n<p data-block-key=\"bump9\">Nj\u00eb udh\u00ebzues i dobish\u00ebm p\u00ebr MMRV \u00ebsht\u00eb tani i disponuesh\u00ebm p\u00ebr t&#039;u lexuar dhe shkarkuar <a href=\"https:\/\/www.gov.uk\/government\/publications\/mmrv-vaccination\" rel=\"noopener\">n\u00eb shum\u00eb gjuh\u00eb, duke p\u00ebrfshir\u00eb anglishten, somalishten, arabishten, urduishten, ukrainishten, kinezishten e thjeshtuar dhe tradicionale, si dhe bengalishten. \u00cbsht\u00eb gjithashtu i disponuesh\u00ebm n\u00eb format audio, n\u00eb gjuh\u00ebn britanike t\u00eb shenjave, n\u00eb Braille dhe me shkronja t\u00eb m\u00ebdha.<\/a><\/p>\n<p data-block-key=\"bump9\">\n<h3><\/h3>\n  <\/div>\r\n  <\/section><\/div><!-- .assembler_text-module.assembler_module.assembler_text-module_4.assembler_module_4..transparent --><\/div><!-- .assembler_module_area.assembler_module_area_1 --><\/div><!-- .assembler_default-group.assembler_module_group.assembler_default-group_1.assembler_module_group_1  -->","protected":false},"excerpt":{"rendered":"<p>Local resources, links and information about the MMR (measles, mumps and rubella) vaccine.<\/p>","protected":false},"author":4,"featured_media":0,"parent":6240,"menu_order":0,"comment_status":"closed","ping_status":"closed","template":"","meta":{"_acf_changed":false,"footnotes":""},"tags":[218],"class_list":["post-7461","page","type-page","status-publish","hentry","tag-mmr"],"acf":[],"_links":{"self":[{"href":"https:\/\/bnssghealthiertogether.org.uk\/sq\/wp-json\/wp\/v2\/pages\/7461","targetHints":{"allow":["GET"]}}],"collection":[{"href":"https:\/\/bnssghealthiertogether.org.uk\/sq\/wp-json\/wp\/v2\/pages"}],"about":[{"href":"https:\/\/bnssghealthiertogether.org.uk\/sq\/wp-json\/wp\/v2\/types\/page"}],"author":[{"embeddable":true,"href":"https:\/\/bnssghealthiertogether.org.uk\/sq\/wp-json\/wp\/v2\/users\/4"}],"replies":[{"embeddable":true,"href":"https:\/\/bnssghealthiertogether.org.uk\/sq\/wp-json\/wp\/v2\/comments?post=7461"}],"version-history":[{"count":80,"href":"https:\/\/bnssghealthiertogether.org.uk\/sq\/wp-json\/wp\/v2\/pages\/7461\/revisions"}],"predecessor-version":[{"id":46639,"href":"https:\/\/bnssghealthiertogether.org.uk\/sq\/wp-json\/wp\/v2\/pages\/7461\/revisions\/46639"}],"up":[{"embeddable":true,"href":"https:\/\/bnssghealthiertogether.org.uk\/sq\/wp-json\/wp\/v2\/pages\/6240"}],"wp:attachment":[{"href":"https:\/\/bnssghealthiertogether.org.uk\/sq\/wp-json\/wp\/v2\/media?parent=7461"}],"wp:term":[{"taxonomy":"post_tag","embeddable":true,"href":"https:\/\/bnssghealthiertogether.org.uk\/sq\/wp-json\/wp\/v2\/tags?post=7461"}],"curies":[{"name":"wp","href":"https:\/\/api.w.org\/{rel}","templated":true}]}}