{"id":10168,"date":"2024-07-04T14:35:13","date_gmt":"2024-07-04T13:35:13","guid":{"rendered":"https:\/\/bnssghealthiertogether.org.uk\/?page_id=10168"},"modified":"2025-04-16T16:47:44","modified_gmt":"2025-04-16T15:47:44","slug":"autism-and-adhd-assessment","status":"publish","type":"page","link":"https:\/\/bnssghealthiertogether.org.uk\/tr\/our-work\/neurodiversity-transformation-programme\/autism-and-adhd-assessment\/","title":{"rendered":"N\u00f6ro\u00e7e\u015fitlilik D\u00f6n\u00fc\u015f\u00fcm Program\u0131: Otizm ve DEHB de\u011ferlendirme kapasitesi ve bekleme s\u00fcreleri"},"content":{"rendered":"<div class=\"assembler_default-group assembler_module_group assembler_default-group_1 assembler_module_group_1\"><div class=\"assembler_module_area assembler_module_area_1\"><div class=\"assembler_table-of-contents-module assembler_module assembler_table-of-contents-module_1 assembler_module_1  transparent\"><a tabindex=\"-1\" title=\"Mod\u00fcl-1 ba\u015fl\u0131kl\u0131 b\u00f6l\u00fcm\" id=\"module-1\" href=\"https:\/\/bnssghealthiertogether.org.uk\/tr\/wp-json\/wp\/v2\/pages\/10168\/#module-1\" class=\"anchor\"><span class=\"hidden\">Mod\u00fcl-1 ba\u015fl\u0131kl\u0131 b\u00f6l\u00fcm<\/span><\/a><!-- Template found for table-of-contents-module - Template: template-table-of-contents - Matched: _only -->\r\n<section class=\"w-full mx-auto max-w-content border-b border-pale-grey pt-6 sm:pt-12 pb-3 sm:pb-6\">\r\n    <div class=\"entry-content w-full\">\r\n    <h1>N\u00f6ro\u00e7e\u015fitlilik D\u00f6n\u00fc\u015f\u00fcm Program\u0131<\/h1>\n<p>\u0130\u00e7indekiler<\/p>\n    <div class=\"navigation-list\">\r\n                    <ul>\r\n                      <li class=\"text-sm\">\r\n                              <a href=\"https:\/\/bnssghealthiertogether.org.uk\/tr\/our-work\/neurodiversity-transformation-programme\/\" class=\"text-sm underline-offset-4 font-normal hover:!underline-4\">\r\n                                                                Program hakk\u0131nda                                <\/a>\r\n                          <\/li>\r\n                                <li class=\"text-sm\">\r\n                                                              Otizm ve DEHB de\u011ferlendirme kapasitesi ve bekleme s\u00fcreleri                            <\/li>\r\n                      <li class=\"text-sm\">\r\n                              <a href=\"https:\/\/bnssghealthiertogether.org.uk\/tr\/our-work\/neurodiversity-transformation-programme\/what-have-we-done-so-far\/\" class=\"text-sm underline-offset-4 font-normal hover:!underline-4\">\r\n                                                                \u015eimdiye kadar neler yapt\u0131k?                                <\/a>\r\n                          <\/li>\r\n                      <li class=\"text-sm\">\r\n                              <a href=\"https:\/\/bnssghealthiertogether.org.uk\/tr\/our-work\/neurodiversity-transformation-programme\/waiting-well\/\" class=\"text-sm underline-offset-4 font-normal hover:!underline-4\">\r\n                                                                Bekleme s\u00fcrecini iyile\u015ftirmek: De\u011ferlendirme bekleyen \u00e7ocuklara y\u00f6nelik deste\u011fi geli\u015ftirmek                                <\/a>\r\n                          <\/li>\r\n                      <li class=\"text-sm\">\r\n                              <a href=\"https:\/\/bnssghealthiertogether.org.uk\/tr\/our-work\/neurodiversity-transformation-programme\/advice-and-guidance-for-families\/\" class=\"text-sm underline-offset-4 font-normal hover:!underline-4\">\r\n                                                                Aileler i\u00e7in tavsiye ve rehberlik                                <\/a>\r\n                          <\/li>\r\n                  <\/ul>\r\n          <\/div>\r\n  <\/div>\r\n<\/section><\/div><!-- .assembler_table-of-contents-module.assembler_module.assembler_table-of-contents-module_1.assembler_module_1..transparent --><div class=\"assembler_text-module assembler_module assembler_text-module_2 assembler_module_2  transparent\"><a tabindex=\"-1\" title=\"Mod\u00fcl-2 ba\u015fl\u0131kl\u0131 b\u00f6l\u00fcm\" id=\"module-2\" href=\"https:\/\/bnssghealthiertogether.org.uk\/tr\/wp-json\/wp\/v2\/pages\/10168\/#module-2\" class=\"anchor\"><span class=\"hidden\">Mod\u00fcl-2 ba\u015fl\u0131kl\u0131 b\u00f6l\u00fcm<\/span><\/a><!-- Template found for text-module - Template: template-text - Matched: _only --><section class=\"w-full mx-auto max-w-content pt-3 sm:pt-6 pb-10 sm:pb-20\">\r\n  <div class=\"entry-content w-full !px-0 max-w-small\">\r\n        <h1>Otizm ve DEHB de\u011ferlendirme kapasitesi ve bekleme s\u00fcreleri<\/h1>\n<p>\u0130ngiltere&#039;nin di\u011fer b\u00f6lgelerinde oldu\u011fu gibi, son y\u0131llarda otizm ve DEHB de\u011ferlendirmesi i\u00e7in y\u00f6nlendirilen \u00e7ocuk ve gen\u00e7 say\u0131s\u0131nda b\u00fcy\u00fck art\u0131\u015flar g\u00f6rd\u00fck. Sadece otizm i\u00e7in bile, b\u00f6lgemizde de\u011ferlendirme i\u00e7in y\u00f6nlendirilen \u00e7ocuk say\u0131s\u0131 2020 ile 2022 y\u0131llar\u0131 aras\u0131nda 3501 ki\u015fi artt\u0131. De\u011ferlendirme hizmetimiz ayda 40 de\u011ferlendirme yapacak \u015fekilde tasarlanm\u0131\u015ft\u0131, ancak May\u0131s 2024&#039;e kadar olan alt\u0131 ayl\u0131k d\u00f6nemde ayda ortalama 252 ba\u015fvuru al\u0131yordu.<\/p>\n<p>Talepteki bu dramatik art\u0131\u015f, de\u011ferlendirme bekleyen \u00e7ocuk ve gen\u00e7lerin say\u0131s\u0131nda giderek artan bir birikime yol a\u00e7t\u0131. \u015eu anda:<\/p>\n<ul>\n<li>B\u00f6lgemizde yakla\u015f\u0131k 5.000 \u00e7ocuk otizm de\u011ferlendirmesi, 2.500 \u00e7ocuk ise DEHB de\u011ferlendirmesi bekliyor.<\/li>\n<li>Otizm de\u011ferlendirmesi i\u00e7in bekleme listelerine g\u00fcnde yakla\u015f\u0131k yedi \u00e7ocuk, DEHB de\u011ferlendirmesi i\u00e7in ise g\u00fcnde iki \u00e7ocuk daha ekleniyor.<\/li>\n<li>Mevcut kapasitemizle, bekleme listelerine yeni \u00e7ocuk eklenmese bile, otizm de\u011ferlendirmesi i\u00e7in mevcut birikmi\u015f i\u015f y\u00fck\u00fcn\u00fc gidermek yakla\u015f\u0131k 10 y\u0131l (DEHB i\u00e7in ise iki y\u0131l) s\u00fcrecektir.<\/li>\n<\/ul>\n<p>Bu durum ayr\u0131ca bekleme s\u00fcrelerinin uzamas\u0131na da yol a\u00e7m\u0131\u015ft\u0131r. Toplum pediatrisi (DEHB de\u011ferlendirmesi dahil):<\/p>\n<ul>\n<li>En acil ihtiya\u00e7lar\u0131 olan \u00e7ocuklar, de\u011ferlendirme i\u00e7in ortalama 18 hafta bekliyor.<\/li>\n<li>Daha az acil ihtiya\u00e7lar\u0131 olan \u00e7ocuklar ortalama 55 hafta, \u00f6nemli ancak acil olmayan ihtiya\u00e7lar\u0131 olan \u00e7ocuklar ise 90 hafta bekliyor.<\/li>\n<li>Yeni ba\u015fvurular\u0131n say\u0131s\u0131ndaki art\u0131\u015f ve bekleme listesine eklenen \u00e7ocuklar\u0131n \u00f6nceliklendirilmesi nedeniyle bekleme s\u00fcreleri uzayabilir.<\/li>\n<\/ul>\n<p>Otizm de\u011ferlendirmesi i\u00e7in:<\/p>\n<ul>\n<li>En acil ihtiya\u00e7lar\u0131 olan \u00e7ocuklar, de\u011ferlendirme i\u00e7in ortalama iki y\u0131l bekliyor.<\/li>\n<li>Daha az acil ihtiya\u00e7lar\u0131 olanlar d\u00f6rt y\u0131la kadar bekleyebilir ve yeni ba\u015fvurular\u0131n say\u0131s\u0131 ve \u00f6nceliklendirme nedeniyle bu bekleme s\u00fcresinin artmas\u0131 beklenmektedir.<\/li>\n<\/ul>\n<p><span style=\"font-size: 1.125rem;\">Talebi kar\u015f\u0131lamak i\u00e7in otizm de\u011ferlendirme kapasitemizi ge\u00e7ici olarak iki kat\u0131na \u00e7\u0131kard\u0131k. Ancak, mevcut birikmi\u015f i\u015f y\u00fck\u00fcn\u00fcn tamamen giderilmesi tahmini 24 milyon sterline mal olacak ve hizmetin talebi kar\u015f\u0131layabilmesi i\u00e7in kapasitesinin alt\u0131 kat\u0131na \u00e7\u0131kar\u0131lmas\u0131 gerekecektir. Bunun i\u00e7in fon bulunsa bile, geni\u015fletilmi\u015f bir hizmeti y\u00fcr\u00fctecek yeterli say\u0131da nitelikli klinik uzman\u0131 i\u015fe almam\u0131z son derece d\u00fc\u015f\u00fck bir ihtimaldir.<\/span><\/p>\n<p>Bu sorunu acilen ele almal\u0131 ve elimizdeki kaynaklar dahilinde ailelerin ihtiya\u00e7lar\u0131n\u0131 nas\u0131l daha iyi kar\u015f\u0131layabilece\u011fimizi anlamal\u0131y\u0131z. N\u00f6ro\u00e7e\u015fitlilik D\u00f6n\u00fc\u015f\u00fcm Program\u0131&#039;n\u0131n amac\u0131 da budur. <a href=\"https:\/\/bnssghealthiertogether.org.uk\/tr\/our-work\/neurodiversity-transformation-programme\/what-have-we-done-so-far\/\">S\u00fcrd\u00fcr\u00fclebilir, uzun vadeli bir bak\u0131m modeli i\u00e7in yenilik\u00e7i yeni fikirler ve yakla\u015f\u0131mlar ke\u015ffetmek.<\/a>.<\/p>\n<p>Bunu yaparken, de\u011ferlendirme i\u00e7in uzun s\u00fcre bekleyen \u00e7ocuklar\u0131n ve gen\u00e7lerin &#039;iyi bir \u015fekilde beklemeleri&#039; i\u00e7in desteklenmeleri \u00f6nemlidir. Yerel ebeveyn bak\u0131c\u0131lar\u0131yla birlikte, bunu nas\u0131l yapabilece\u011fimizi ara\u015ft\u0131r\u0131yoruz. <a href=\"https:\/\/bnssghealthiertogether.org.uk\/tr\/our-work\/neurodiversity-transformation-programme\/waiting-well\/\">Bekleme listesindeki \u00e7ocuklar ve ailelere y\u00f6nelik deste\u011fi iyile\u015ftirmek<\/a>. Ayr\u0131ca ebeveynleri de eri\u015fim sa\u011flamaya te\u015fvik ediyoruz. <a href=\"https:\/\/bnssghealthiertogether.org.uk\/tr\/our-work\/neurodiversity-transformation-programme\/advice-and-guidance-for-families\/\">Okullarda ve di\u011fer ortamlarda kendilerine sunulan destek, tavsiye ve rehberlik<\/a>.<\/p>\n  <\/div>\r\n  <\/section><\/div><!-- .assembler_text-module.assembler_module.assembler_text-module_2.assembler_module_2..transparent --><\/div><!-- .assembler_module_area.assembler_module_area_1 --><\/div><!-- .assembler_default-group.assembler_module_group.assembler_default-group_1.assembler_module_group_1  -->","protected":false},"excerpt":{"rendered":"<p>Section titled module-1 Neurodiversity Transformation Programme Contents About the programme Autism and ADHD assessment capacity and waiting times What have we done so far? Waiting well: improving support for children who are awaiting assessment Advice and guidance for families Section titled module-2 Autism and ADHD assessment capacity and waiting times Like other parts of England, [&hellip;]<\/p>\n","protected":false},"author":7,"featured_media":0,"parent":10164,"menu_order":0,"comment_status":"closed","ping_status":"closed","template":"","meta":{"_acf_changed":false,"footnotes":""},"tags":[],"class_list":["post-10168","page","type-page","status-publish","hentry"],"acf":[],"_links":{"self":[{"href":"https:\/\/bnssghealthiertogether.org.uk\/tr\/wp-json\/wp\/v2\/pages\/10168","targetHints":{"allow":["GET"]}}],"collection":[{"href":"https:\/\/bnssghealthiertogether.org.uk\/tr\/wp-json\/wp\/v2\/pages"}],"about":[{"href":"https:\/\/bnssghealthiertogether.org.uk\/tr\/wp-json\/wp\/v2\/types\/page"}],"author":[{"embeddable":true,"href":"https:\/\/bnssghealthiertogether.org.uk\/tr\/wp-json\/wp\/v2\/users\/7"}],"replies":[{"embeddable":true,"href":"https:\/\/bnssghealthiertogether.org.uk\/tr\/wp-json\/wp\/v2\/comments?post=10168"}],"version-history":[{"count":40,"href":"https:\/\/bnssghealthiertogether.org.uk\/tr\/wp-json\/wp\/v2\/pages\/10168\/revisions"}],"predecessor-version":[{"id":38922,"href":"https:\/\/bnssghealthiertogether.org.uk\/tr\/wp-json\/wp\/v2\/pages\/10168\/revisions\/38922"}],"up":[{"embeddable":true,"href":"https:\/\/bnssghealthiertogether.org.uk\/tr\/wp-json\/wp\/v2\/pages\/10164"}],"wp:attachment":[{"href":"https:\/\/bnssghealthiertogether.org.uk\/tr\/wp-json\/wp\/v2\/media?parent=10168"}],"wp:term":[{"taxonomy":"post_tag","embeddable":true,"href":"https:\/\/bnssghealthiertogether.org.uk\/tr\/wp-json\/wp\/v2\/tags?post=10168"}],"curies":[{"name":"wp","href":"https:\/\/api.w.org\/{rel}","templated":true}]}}