{"id":11888,"date":"2024-10-08T15:13:49","date_gmt":"2024-10-08T14:13:49","guid":{"rendered":"https:\/\/bnssghealthiertogether.org.uk\/?page_id=11888"},"modified":"2024-11-25T22:45:18","modified_gmt":"2024-11-25T22:45:18","slug":"jobs","status":"publish","type":"page","link":"https:\/\/bnssghealthiertogether.org.uk\/tr\/integrated-care-board\/jobs\/","title":{"rendered":"Uluslararas\u0131 Merkez Bankas\u0131&#039;nda \u00e7al\u0131\u015fmak"},"content":{"rendered":"<div class=\"assembler_default-group assembler_module_group assembler_default-group_1 assembler_module_group_1\"><div class=\"assembler_module_area assembler_module_area_1\"><div class=\"assembler_text-module assembler_module assembler_text-module_1 assembler_module_1  transparent\"><a tabindex=\"-1\" title=\"Mod\u00fcl-1 ba\u015fl\u0131kl\u0131 b\u00f6l\u00fcm\" id=\"module-1\" href=\"https:\/\/bnssghealthiertogether.org.uk\/tr\/wp-json\/wp\/v2\/pages\/11888\/#module-1\" class=\"anchor\"><span class=\"hidden\">Mod\u00fcl-1 ba\u015fl\u0131kl\u0131 b\u00f6l\u00fcm<\/span><\/a><!-- Template found for text-module - Template: template-text - Matched: _only --><section class=\"w-full mx-auto max-w-content pt-10 sm:pt-20 pb-10 sm:pb-20\">\r\n  <div class=\"entry-content w-full !px-0 max-w-small\">\r\n        <h1>Bizim i\u00e7in \u00e7al\u0131\u015fmak<\/h1>\n<header class=\"local_header\">\n<div class=\"local_header__inner\">\n<p>Bristol, Kuzey Somerset ve G\u00fcney Gloucestershire Entegre Bak\u0131m Kurulu&#039;nda (ICB) a\u00e7\u0131k i\u015f pozisyonlar\u0131.<\/p>\n<p>&nbsp;<\/p>\n<\/div>\n<\/header>\n<article class=\"page_content\">\n<div class=\"page_content__inner\">\n<h2>NHS \u0130\u015fleri<\/h2>\n<p>NHS Bristol, North Somerset ve South Gloucestershire ICB&#039;de \u00e7al\u0131\u015fmak isterseniz, en g\u00fcncel a\u00e7\u0131k pozisyonlar\u0131m\u0131z\u0131 NHS i\u015f ilanlar\u0131 web sitesinde inceleyebilirsiniz.<\/p>\n<p><a href=\"https:\/\/www.jobs.nhs.uk\/candidate\/search\/results?employer=Bristol%2C%20North%20Somerset%20and%20South%20Gloucestershire%20ICB&amp;language=en\" target=\"_blank\" rel=\"nofollow noopener\">NHS \u0130\u015fleri<\/a><\/p>\n<h2>NHS Kariyerleri<\/h2>\n<p>NHS b\u00fcnyesindeki kariyer olanaklar\u0131 hakk\u0131nda daha fazla bilgi edinmek isterseniz, NHS Careers web sitesini ziyaret edin. NHS Careers ayr\u0131ca NHS&#039;de \u00e7al\u0131\u015fman\u0131n baz\u0131 avantajlar\u0131 hakk\u0131nda da bilgi vermektedir.<\/p>\n<p><a href=\"https:\/\/www.healthcareers.nhs.uk\/\" target=\"_blank\" rel=\"nofollow noopener\">NHS Kariyerleri<\/a><\/p>\n<h2>\u00c7al\u0131\u015fan de\u011ferlerimiz<\/h2>\n<h3>D\u00fcr\u00fcstl\u00fckle hareket ederiz.<\/h3>\n<p>Birbirimizle ileti\u015fim kurarak, birbirimizin zaman\u0131na sayg\u0131 g\u00f6stererek, d\u00fcr\u00fcst ve a\u00e7\u0131k davranarak g\u00fcven ve sayg\u0131 k\u00fclt\u00fcr\u00fcn\u00fc in\u015fa ederiz.<\/p>\n<h3>Birbirimize destek oluyoruz.<\/h3>\n<p>Birbirimize destek olarak ve e\u011fitim ve geli\u015fimimize yat\u0131r\u0131m yaparak, \u00e7al\u0131\u015fanlar\u0131n potansiyellerini ger\u00e7ekle\u015ftirebilecekleri, birbirine de\u011fer veren bir \u00e7al\u0131\u015fma ortam\u0131 yarat\u0131yoruz.<\/p>\n<h3>\u00c7e\u015fitlili\u011fi kucakl\u0131yoruz.<\/h3>\n<p>Farkl\u0131 bak\u0131\u015f a\u00e7\u0131lar\u0131na sahip kapsay\u0131c\u0131 bir i\u015f yeri ortam\u0131 olu\u015fturarak ve her bireyin de\u011ferini kabul ederek daha iyi kararlar al\u0131r\u0131z.<\/p>\n<h3>Birlikte daha iyi \u00e7al\u0131\u015f\u0131r\u0131z.<\/h3>\n<p>Meslekta\u015flar\u0131m\u0131z ve ortaklar\u0131m\u0131zla g\u00fc\u00e7l\u00fc ili\u015fkiler kurarak ve becerilerimizi, bilgilerimizi ve deneyimlerimizi payla\u015farak daha g\u00fc\u00e7l\u00fc bir ekip haline geliyoruz.<\/p>\n<h3>M\u00fckemmelli\u011fe ula\u015fmak i\u00e7in \u00e7abal\u0131yoruz.<\/h3>\n<p>Kendimizi ve birbirimizi zorlayarak, i\u015fimize sahip \u00e7\u0131karak ve yeteneklerimize yat\u0131r\u0131m yaparak, olabilece\u011fimizin en iyisi olmaya \u00e7al\u0131\u015f\u0131yoruz.<\/p>\n<h3>Do\u011fru olan\u0131 yap\u0131yoruz.<\/h3>\n<p>Kan\u0131tlara dayal\u0131 kararlar alarak ve halk\u0131m\u0131z\u0131 dinleyerek, topluluklar\u0131m\u0131zdaki herkes i\u00e7in daha iyi sa\u011fl\u0131k ko\u015fullar\u0131 yarataca\u011f\u0131z.<\/p>\n<h3>Engelli Dostu bir kurulu\u015fuz.<\/h3>\n<p>Engelli Dostu \u0130\u015fveren unvan\u0131na sahip bir kurulu\u015fuz, bu da \u015fu konularda kararl\u0131 oldu\u011fumuz anlam\u0131na gelir:<\/p>\n<ul>\n<li>engellili\u011fe y\u00f6nelik zorlu tutumlar<\/li>\n<li>engellili\u011fe dair anlay\u0131\u015f\u0131n artmas\u0131<\/li>\n<li>engelli bireylerin ve uzun s\u00fcreli sa\u011fl\u0131k sorunlar\u0131 olan ki\u015filerin \u00f6n\u00fcndeki engelleri kald\u0131rmak<\/li>\n<li>Engelli bireylerin potansiyellerini ger\u00e7ekle\u015ftirmeleri ve hedeflerine ula\u015fmalar\u0131 i\u00e7in f\u0131rsatlara sahip olmalar\u0131n\u0131 sa\u011flamak.<\/li>\n<\/ul>\n<p><a href=\"https:\/\/www.gov.uk\/government\/collections\/disability-confident-campaign\" target=\"_blank\" rel=\"nofollow noopener\">Engelli Dostu \u0130\u015fveren Program\u0131 hakk\u0131nda daha fazla bilgi edinin.<\/a><\/p>\n<p><a href=\"https:\/\/nhs-icb.bisongrid.dev\/governance\/equality-diversity-and-inclusion\/disability-confident\/dc_employer-original\/\" rel=\"attachment wp-att-1090 noopener\"><img decoding=\"async\" class=\"alignnone size-full wp-image-1090\" src=\"https:\/\/nhs-icb.bisongrid.dev\/wp-content\/uploads\/2022\/06\/DC_Employer.original.png\" alt=\"Disability Confident Employer Logo\" width=\"270\" height=\"126\" \/><\/a><\/p>\n<\/div>\n<\/article>\n  <\/div>\r\n  <\/section><\/div><!-- .assembler_text-module.assembler_module.assembler_text-module_1.assembler_module_1..transparent --><\/div><!-- .assembler_module_area.assembler_module_area_1 --><\/div><!-- .assembler_default-group.assembler_module_group.assembler_default-group_1.assembler_module_group_1  -->","protected":false},"excerpt":{"rendered":"<p>Bristol, Kuzey Somerset ve G\u00fcney Gloucestershire Entegre Bak\u0131m Kurulu&#039;nda (ICB) a\u00e7\u0131k i\u015f pozisyonlar\u0131.<\/p>","protected":false},"author":1,"featured_media":11969,"parent":11828,"menu_order":0,"comment_status":"closed","ping_status":"closed","template":"","meta":{"_acf_changed":false,"footnotes":""},"tags":[],"class_list":["post-11888","page","type-page","status-publish","has-post-thumbnail","hentry"],"acf":[],"_links":{"self":[{"href":"https:\/\/bnssghealthiertogether.org.uk\/tr\/wp-json\/wp\/v2\/pages\/11888","targetHints":{"allow":["GET"]}}],"collection":[{"href":"https:\/\/bnssghealthiertogether.org.uk\/tr\/wp-json\/wp\/v2\/pages"}],"about":[{"href":"https:\/\/bnssghealthiertogether.org.uk\/tr\/wp-json\/wp\/v2\/types\/page"}],"author":[{"embeddable":true,"href":"https:\/\/bnssghealthiertogether.org.uk\/tr\/wp-json\/wp\/v2\/users\/1"}],"replies":[{"embeddable":true,"href":"https:\/\/bnssghealthiertogether.org.uk\/tr\/wp-json\/wp\/v2\/comments?post=11888"}],"version-history":[{"count":8,"href":"https:\/\/bnssghealthiertogether.org.uk\/tr\/wp-json\/wp\/v2\/pages\/11888\/revisions"}],"predecessor-version":[{"id":34403,"href":"https:\/\/bnssghealthiertogether.org.uk\/tr\/wp-json\/wp\/v2\/pages\/11888\/revisions\/34403"}],"up":[{"embeddable":true,"href":"https:\/\/bnssghealthiertogether.org.uk\/tr\/wp-json\/wp\/v2\/pages\/11828"}],"wp:featuredmedia":[{"embeddable":true,"href":"https:\/\/bnssghealthiertogether.org.uk\/tr\/wp-json\/wp\/v2\/media\/11969"}],"wp:attachment":[{"href":"https:\/\/bnssghealthiertogether.org.uk\/tr\/wp-json\/wp\/v2\/media?parent=11888"}],"wp:term":[{"taxonomy":"post_tag","embeddable":true,"href":"https:\/\/bnssghealthiertogether.org.uk\/tr\/wp-json\/wp\/v2\/tags?post=11888"}],"curies":[{"name":"wp","href":"https:\/\/api.w.org\/{rel}","templated":true}]}}