{"id":12037,"date":"2024-10-10T10:32:44","date_gmt":"2024-10-10T09:32:44","guid":{"rendered":"https:\/\/bnssghealthiertogether.org.uk\/?page_id=12037"},"modified":"2025-02-06T13:19:27","modified_gmt":"2025-02-06T13:19:27","slug":"innf","status":"publish","type":"page","link":"https:\/\/bnssghealthiertogether.org.uk\/tr\/integrated-care-board\/innf\/","title":{"rendered":"Normalde Finanse Edilmeyen M\u00fcdahaleler (INNF)"},"content":{"rendered":"<div class=\"assembler_default-group assembler_module_group assembler_default-group_1 assembler_module_group_1\"><div class=\"assembler_module_area assembler_module_area_1\"><div class=\"assembler_text-module assembler_module assembler_text-module_1 assembler_module_1  transparent\"><a tabindex=\"-1\" title=\"Mod\u00fcl-1 ba\u015fl\u0131kl\u0131 b\u00f6l\u00fcm\" id=\"module-1\" href=\"https:\/\/bnssghealthiertogether.org.uk\/tr\/wp-json\/wp\/v2\/pages\/12037\/#module-1\" class=\"anchor\"><span class=\"hidden\">Mod\u00fcl-1 ba\u015fl\u0131kl\u0131 b\u00f6l\u00fcm<\/span><\/a><!-- Template found for text-module - Template: template-text - Matched: _only --><section class=\"w-full mx-auto max-w-content pt-12 sm:pt-24 pb-3 sm:pb-6\">\r\n  <div class=\"entry-content w-full !px-0 max-w-small\">\r\n        <h1>Normalde Finanse Edilmeyen M\u00fcdahaleler (INNF)<\/h1>\n<p>\u015eu anda, Entegre Bak\u0131m Kurulu&#039;na ge\u00e7i\u015fi yans\u0131tacak \u015fekilde belgeleri ve i\u00e7eri\u011fi g\u00fcncelliyoruz. Bu nedenle, Klinik Komisyon Grubu&#039;na (CCG) yap\u0131lan baz\u0131 at\u0131flar\u0131n hala mevcut oldu\u011funu fark edebilirsiniz. Bunlar zamanla g\u00fcncellenecektir.<\/p>\n<p>L\u00fctfen \u015funu kullan\u0131n: <a href=\"https:\/\/bnssg.icb.nhs.uk\/innf\/commissioning-policy-directory\/\" rel=\"noopener\">Devreye Alma Politikas\u0131 Rehberi<\/a> Politikalar\u0131 aramak i\u00e7in.<\/p>\n      <div class=\"menu level-menu-shortcode arrows\">\n        <ul>\n                      <li class=\"menu-item\">\n              <a href=\"https:\/\/bnssghealthiertogether.org.uk\/tr\/integrated-care-board\/innf\/commissioning-policy-directory\/\">Devreye Alma Politikas\u0131 Rehberi<\/a>\n            <\/li>\n                      <li class=\"menu-item\">\n              <a href=\"https:\/\/bnssghealthiertogether.org.uk\/tr\/integrated-care-board\/innf\/exceptional-funding\/\">Ola\u011fan\u00fcst\u00fc finansman<\/a>\n            <\/li>\n                      <li class=\"menu-item\">\n              <a href=\"https:\/\/bnssghealthiertogether.org.uk\/tr\/integrated-care-board\/innf\/joint-formularies\/\">Ortak Form\u00fcller<\/a>\n            <\/li>\n                  <\/ul>\n      <\/div>\n\n  <\/div>\r\n  <\/section><\/div><!-- .assembler_text-module.assembler_module.assembler_text-module_1.assembler_module_1..transparent --><div class=\"assembler_text-module assembler_module assembler_text-module_2 assembler_module_2  transparent\"><a tabindex=\"-1\" title=\"Mod\u00fcl-2 ba\u015fl\u0131kl\u0131 b\u00f6l\u00fcm\" id=\"module-2\" href=\"https:\/\/bnssghealthiertogether.org.uk\/tr\/wp-json\/wp\/v2\/pages\/12037\/#module-2\" class=\"anchor\"><span class=\"hidden\">Mod\u00fcl-2 ba\u015fl\u0131kl\u0131 b\u00f6l\u00fcm<\/span><\/a><!-- Template found for text-module - Template: template-text - Matched: _only --><section class=\"w-full mx-auto max-w-content pt-3 sm:pt-6 pb-12 sm:pb-24\">\r\n  <div class=\"entry-content w-full !px-0 max-w-small\">\r\n        <h2>Bize ula\u015f\u0131n<\/h2>\n<p>INNF hakk\u0131nda NHS Bristol, North Somerset ve South Gloucestershire ICB ile ileti\u015fime ge\u00e7mek isterseniz, a\u015fa\u011f\u0131daki ileti\u015fim bilgilerini kullanarak ekiplerimizle ileti\u015fime ge\u00e7ebilirsiniz:<\/p>\n<ul>\n<li>Devreye Alma Politikas\u0131 Ekibi:\u00a0<a href=\"mailto:bnssg.commissioning.policy@nhs.net\" target=\"_blank\" rel=\"nofollow noopener\">bnssg.commissioning.policy@nhs.net<\/a><\/li>\n<li>\u0130la\u00e7 Optimizasyon Ekibi:\u00a0<a href=\"mailto:bnssg.medicines-optimisation@nhs.net\" target=\"_blank\" rel=\"nofollow noopener\">bnssg.medicines-optimisation@nhs.net<\/a><\/li>\n<li>Ola\u011fan\u00fcst\u00fc Fonlama Ekibi: <a href=\"mailto:bnssg.efr@nhs.net\" target=\"_blank\" rel=\"nofollow noopener\">bnssg.efr@nhs.net<\/a> veya aray\u0131n <a href=\"tel:01179002244\" target=\"_blank\" rel=\"nofollow noopener\">0117 9002244<\/a><\/li>\n<li>Veya <a href=\"https:\/\/nhs-icb.bisongrid.dev\/contact-us\/\" rel=\"noopener\">M\u00fc\u015fteri Hizmetleri Ekibimizle ileti\u015fime ge\u00e7in.<\/a><\/li>\n<\/ul>\n  <\/div>\r\n  <\/section><\/div><!-- .assembler_text-module.assembler_module.assembler_text-module_2.assembler_module_2..transparent --><\/div><!-- .assembler_module_area.assembler_module_area_1 --><\/div><!-- .assembler_default-group.assembler_module_group.assembler_default-group_1.assembler_module_group_1  -->","protected":false},"excerpt":{"rendered":"<p>Section titled module-1 Interventions Not Normally Funded (INNF) We are currently updating documents and content to reflect the transition into an Integrated Care Board. You may therefore notice some references to the Clinical Commissioning Group (CCG) remain. Over time, these will be updated. Please use the Commissioning Policy Directory to search for policies. Commissioning Policy [&hellip;]<\/p>\n","protected":false},"author":1,"featured_media":12038,"parent":11828,"menu_order":0,"comment_status":"closed","ping_status":"closed","template":"","meta":{"_acf_changed":false,"footnotes":""},"tags":[970,972,971,973],"class_list":["post-12037","page","type-page","status-publish","has-post-thumbnail","hentry","tag-efr","tag-exceptional-funding-requests","tag-ifr","tag-individual-funding-requests"],"acf":[],"_links":{"self":[{"href":"https:\/\/bnssghealthiertogether.org.uk\/tr\/wp-json\/wp\/v2\/pages\/12037","targetHints":{"allow":["GET"]}}],"collection":[{"href":"https:\/\/bnssghealthiertogether.org.uk\/tr\/wp-json\/wp\/v2\/pages"}],"about":[{"href":"https:\/\/bnssghealthiertogether.org.uk\/tr\/wp-json\/wp\/v2\/types\/page"}],"author":[{"embeddable":true,"href":"https:\/\/bnssghealthiertogether.org.uk\/tr\/wp-json\/wp\/v2\/users\/1"}],"replies":[{"embeddable":true,"href":"https:\/\/bnssghealthiertogether.org.uk\/tr\/wp-json\/wp\/v2\/comments?post=12037"}],"version-history":[{"count":10,"href":"https:\/\/bnssghealthiertogether.org.uk\/tr\/wp-json\/wp\/v2\/pages\/12037\/revisions"}],"predecessor-version":[{"id":37223,"href":"https:\/\/bnssghealthiertogether.org.uk\/tr\/wp-json\/wp\/v2\/pages\/12037\/revisions\/37223"}],"up":[{"embeddable":true,"href":"https:\/\/bnssghealthiertogether.org.uk\/tr\/wp-json\/wp\/v2\/pages\/11828"}],"wp:featuredmedia":[{"embeddable":true,"href":"https:\/\/bnssghealthiertogether.org.uk\/tr\/wp-json\/wp\/v2\/media\/12038"}],"wp:attachment":[{"href":"https:\/\/bnssghealthiertogether.org.uk\/tr\/wp-json\/wp\/v2\/media?parent=12037"}],"wp:term":[{"taxonomy":"post_tag","embeddable":true,"href":"https:\/\/bnssghealthiertogether.org.uk\/tr\/wp-json\/wp\/v2\/tags?post=12037"}],"curies":[{"name":"wp","href":"https:\/\/api.w.org\/{rel}","templated":true}]}}