{"id":12156,"date":"2024-10-10T13:49:30","date_gmt":"2024-10-10T12:49:30","guid":{"rendered":"https:\/\/bnssghealthiertogether.org.uk\/?page_id=12156"},"modified":"2025-09-30T11:28:41","modified_gmt":"2025-09-30T10:28:41","slug":"maternity-services","status":"publish","type":"page","link":"https:\/\/bnssghealthiertogether.org.uk\/tr\/maternity\/maternity-services\/","title":{"rendered":"Annelik hizmetleri"},"content":{"rendered":"<div class=\"assembler_default-group assembler_module_group assembler_default-group_1 assembler_module_group_1\"><div class=\"assembler_module_area assembler_module_area_1\"><div class=\"assembler_table-of-contents-module assembler_module assembler_table-of-contents-module_1 assembler_module_1  transparent\"><a tabindex=\"-1\" title=\"Mod\u00fcl-1 ba\u015fl\u0131kl\u0131 b\u00f6l\u00fcm\" id=\"module-1\" href=\"https:\/\/bnssghealthiertogether.org.uk\/tr\/wp-json\/wp\/v2\/pages\/12156\/#module-1\" class=\"anchor\"><span class=\"hidden\">Mod\u00fcl-1 ba\u015fl\u0131kl\u0131 b\u00f6l\u00fcm<\/span><\/a><!-- Template found for table-of-contents-module - Template: template-table-of-contents - Matched: _only -->\r\n<section class=\"w-full mx-auto max-w-content border-b border-pale-grey pt-6 sm:pt-12 pb-3 sm:pb-6\">\r\n    <div class=\"entry-content w-full\">\r\n    <h1>Annelik<\/h1>\n<p>\u0130\u00e7indekiler<\/p>\n    <div class=\"navigation-list\">\r\n                    <ul>\r\n                                <li class=\"text-sm\">\r\n                                                              Annelik hizmetleri                            <\/li>\r\n                      <li class=\"text-sm\">\r\n                              <a href=\"https:\/\/bnssghealthiertogether.org.uk\/tr\/maternity\/planning-or-having-a-baby\/\" class=\"text-sm underline-offset-4 font-normal hover:!underline-4\">\r\n                                                                Bebek mi planl\u0131yorsunuz?                                <\/a>\r\n                          <\/li>\r\n                      <li class=\"text-sm\">\r\n                              <a href=\"https:\/\/bnssghealthiertogether.org.uk\/tr\/maternity\/bristol-north-somerset-and-south-gloucestershire-maternity-and-neonatal-voices-partnership\/\" class=\"text-sm underline-offset-4 font-normal hover:!underline-4\">\r\n                                                                Maternity and Neonatal Voices Partnership                                <\/a>\r\n                          <\/li>\r\n                  <\/ul>\r\n          <\/div>\r\n  <\/div>\r\n<\/section><\/div><!-- .assembler_table-of-contents-module.assembler_module.assembler_table-of-contents-module_1.assembler_module_1..transparent --><div class=\"assembler_text-module assembler_module assembler_text-module_2 assembler_module_2  transparent\"><a tabindex=\"-1\" title=\"Mod\u00fcl-2 ba\u015fl\u0131kl\u0131 b\u00f6l\u00fcm\" id=\"module-2\" href=\"https:\/\/bnssghealthiertogether.org.uk\/tr\/wp-json\/wp\/v2\/pages\/12156\/#module-2\" class=\"anchor\"><span class=\"hidden\">Mod\u00fcl-2 ba\u015fl\u0131kl\u0131 b\u00f6l\u00fcm<\/span><\/a><!-- Template found for text-module - Template: template-text - Matched: _only --><section class=\"w-full mx-auto max-w-content pt-3 sm:pt-6 pb-3 sm:pb-6\">\r\n  <div class=\"entry-content w-full !px-0 max-w-small\">\r\n        <h1>Annelik hizmetleri<\/h1>\n<p>Size nerede do\u011fum yapaca\u011f\u0131n\u0131z konusunda se\u00e7enek sunmak i\u00e7in iki yerel hastane tr\u00f6st\u00fcnden do\u011fum hizmetleri almaktan sorumluyuz. Birlikte \u00e7al\u0131\u015ft\u0131\u011f\u0131m\u0131z kurulu\u015flar <a href=\"http:\/\/www.nbt.nhs.uk\/\" rel=\"noopener\">Kuzey Bristol Vakf\u0131<\/a> ve <a href=\"https:\/\/www.uhbw.nhs.uk\/\" rel=\"noopener\">University Hospitals Bristol and Weston NHS Foundation Trust<\/a>.<\/p>\n<p>Bebe\u011finizi nerede do\u011furaca\u011f\u0131n\u0131z\u0131 ebeniz veya kad\u0131n do\u011fum uzman\u0131n\u0131zla g\u00f6r\u00fc\u015febilirsiniz. Se\u00e7enekler aras\u0131nda evde do\u011fum, ebe liderli\u011findeki do\u011fum merkezleri ve hastanelerdeki dan\u0131\u015fman liderli\u011findeki birimler bulunmaktad\u0131r. Hamileli\u011finiz s\u0131ras\u0131nda istedi\u011finiz zaman fikrinizi de\u011fi\u015ftirebilirsiniz.<\/p>\n<p>Ebelerden olu\u015fan entegre ekipler do\u011fum \u00f6ncesi ve do\u011fum sonras\u0131 bak\u0131m sa\u011flamaktad\u0131r.<\/p>\n<p>Bebe\u011finiz do\u011fduktan sonra Dost ve Aile Testi arac\u0131l\u0131\u011f\u0131yla hizmetler hakk\u0131nda geri bildirimde bulunmaya te\u015fvik edilirsiniz. Ayr\u0131ca Maternity Voices arac\u0131l\u0131\u011f\u0131yla annelik hizmetleriyle ilgili deneyimlerinizi payla\u015fabilirsiniz.<\/p>\n<h2>Yerel se\u00e7enekler aras\u0131nda:<\/h2>\n<p><strong>Kuzey Bristol NHS Vakf\u0131<\/strong><\/p>\n<ul>\n<li><a href=\"http:\/\/www.nbt.nhs.uk\/maternity-services\/labour-birth\/cossham-birth-centre\" rel=\"noopener\">Cossham Hastanesi Do\u011fum Merkezi<\/a><\/li>\n<li><a href=\"http:\/\/www.nbt.nhs.uk\/maternity-services\/labour-birth\/central-delivery-suite-southmead-hospital-bristol\" rel=\"noopener\">Southmead Hastanesi merkezi do\u011fum s\u00fciti<\/a><\/li>\n<li><a href=\"https:\/\/www.nbt.nhs.uk\/maternity-services\/birth-place-options\/mendip-birth-centre-southmead-hospital-bristol\" rel=\"noopener\">Southmead Hastanesi do\u011fum s\u00fciti<\/a><\/li>\n<\/ul>\n<p><strong>University Hospitals Bristol and Weston NHS Foundation Trust<\/strong><\/p>\n<ul>\n<li><a href=\"https:\/\/www.uhbristol.nhs.uk\/patients-and-visitors\/your-hospitals\/st-michaels-hospital\/what-we-do\/midwifery-services\/\" rel=\"noopener\">St Michael's Hastanesi<\/a><\/li>\n<li><a href=\"https:\/\/www.waht.nhs.uk\/en-GB\/Our-Services1\/Hospital-Units\/Ashcombe-Birth-Centre\/\" rel=\"noopener\">Ashcombe Do\u011fum Merkezi<\/a><\/li>\n<\/ul>\n<h2>Annelik Hizmetleri - Kat\u0131l\u0131n<\/h2>\n<p>Deneyimleriniz arac\u0131l\u0131\u011f\u0131yla Bristol, Kuzey Somerset ve G\u00fcney Gloucestershire'daki kad\u0131nlar i\u00e7in annelik hizmetlerini geli\u015ftirmemize yard\u0131mc\u0131 olmak ister misiniz? Maternity Voices, yerel do\u011fum hizmetlerini kullanan ebeveynlerin bu hizmetleri planlayan ve sunan ki\u015filerle birlikte \u00e7al\u0131\u015fmas\u0131 i\u00e7in bir f\u0131rsatt\u0131r.<\/p>\n<p>Mevcut hizmetlerle ilgili deneyimlerinizi duymak ve \u00f6ncelikler ile iyile\u015ftirmeleri belirlemek istiyoruz.<\/p>\n<p>Maternity Voices ile \u00e7al\u0131\u015fmak ve dahil olmak i\u00e7in l\u00fctfen e-posta g\u00f6nderin <a href=\"mailto:bnssg.maternityvoices@nhs.net\">bnssg.maternityvoices@nhs.net<\/a>.<\/p>\n<p>L\u00fctfen Maternity Voices'a katk\u0131da bulunmak istedi\u011finizi belirtin ve ad\u0131n\u0131z\u0131 ve ileti\u015fim bilgilerinizi ekleyin.<\/p>\n  <\/div>\r\n  <\/section><\/div><!-- .assembler_text-module.assembler_module.assembler_text-module_2.assembler_module_2..transparent --><\/div><!-- .assembler_module_area.assembler_module_area_1 --><\/div><!-- .assembler_default-group.assembler_module_group.assembler_default-group_1.assembler_module_group_1  -->","protected":false},"excerpt":{"rendered":"<p>Find out about maternity services across Bristol, North Somerset and South Gloucestershire.<\/p>","protected":false},"author":1,"featured_media":0,"parent":36712,"menu_order":0,"comment_status":"closed","ping_status":"closed","template":"","meta":{"_acf_changed":false,"footnotes":""},"tags":[216],"class_list":["post-12156","page","type-page","status-publish","hentry","tag-maternity"],"acf":[],"_links":{"self":[{"href":"https:\/\/bnssghealthiertogether.org.uk\/tr\/wp-json\/wp\/v2\/pages\/12156","targetHints":{"allow":["GET"]}}],"collection":[{"href":"https:\/\/bnssghealthiertogether.org.uk\/tr\/wp-json\/wp\/v2\/pages"}],"about":[{"href":"https:\/\/bnssghealthiertogether.org.uk\/tr\/wp-json\/wp\/v2\/types\/page"}],"author":[{"embeddable":true,"href":"https:\/\/bnssghealthiertogether.org.uk\/tr\/wp-json\/wp\/v2\/users\/1"}],"replies":[{"embeddable":true,"href":"https:\/\/bnssghealthiertogether.org.uk\/tr\/wp-json\/wp\/v2\/comments?post=12156"}],"version-history":[{"count":10,"href":"https:\/\/bnssghealthiertogether.org.uk\/tr\/wp-json\/wp\/v2\/pages\/12156\/revisions"}],"predecessor-version":[{"id":43070,"href":"https:\/\/bnssghealthiertogether.org.uk\/tr\/wp-json\/wp\/v2\/pages\/12156\/revisions\/43070"}],"up":[{"embeddable":true,"href":"https:\/\/bnssghealthiertogether.org.uk\/tr\/wp-json\/wp\/v2\/pages\/36712"}],"wp:attachment":[{"href":"https:\/\/bnssghealthiertogether.org.uk\/tr\/wp-json\/wp\/v2\/media?parent=12156"}],"wp:term":[{"taxonomy":"post_tag","embeddable":true,"href":"https:\/\/bnssghealthiertogether.org.uk\/tr\/wp-json\/wp\/v2\/tags?post=12156"}],"curies":[{"name":"wp","href":"https:\/\/api.w.org\/{rel}","templated":true}]}}