{"id":154,"date":"2022-08-03T15:18:18","date_gmt":"2022-08-03T14:18:18","guid":{"rendered":"https:\/\/bnssghealthiertogether.org.uk\/?page_id=154"},"modified":"2024-09-16T22:55:15","modified_gmt":"2024-09-16T21:55:15","slug":"cookies","status":"publish","type":"page","link":"https:\/\/bnssghealthiertogether.org.uk\/tr\/cookies\/","title":{"rendered":"\u00c7erezler"},"content":{"rendered":"<div class=\"assembler_default-group assembler_module_group assembler_default-group_1 assembler_module_group_1\"><div class=\"assembler_module_area assembler_module_area_1\"><div class=\"assembler_text-module assembler_module assembler_text-module_1 assembler_module_1  transparent\"><a tabindex=\"-1\" title=\"Mod\u00fcl-1 ba\u015fl\u0131kl\u0131 b\u00f6l\u00fcm\" id=\"module-1\" href=\"https:\/\/bnssghealthiertogether.org.uk\/tr\/wp-json\/wp\/v2\/pages\/154\/#module-1\" class=\"anchor\"><span class=\"hidden\">Mod\u00fcl-1 ba\u015fl\u0131kl\u0131 b\u00f6l\u00fcm<\/span><\/a><!-- Template found for text-module - Template: template-text - Matched: _only --><section class=\"w-full mx-auto max-w-content pt-10 sm:pt-20 pb-3 sm:pb-6\">\r\n  <div class=\"entry-content w-full !px-0 max-w-small\">\r\n        <h1>\u00c7erezler<\/h1>\n  <\/div>\r\n  <\/section><\/div><!-- .assembler_text-module.assembler_module.assembler_text-module_1.assembler_module_1..transparent --><\/div><!-- .assembler_module_area.assembler_module_area_1 --><\/div><!-- .assembler_default-group.assembler_module_group.assembler_default-group_1.assembler_module_group_1  --><div class=\"assembler_default-group assembler_module_group assembler_default-group_2 assembler_module_group_2\"><div class=\"assembler_module_area assembler_module_area_1\"><div class=\"assembler_text-module assembler_module assembler_text-module_1 assembler_module_1  transparent\"><a tabindex=\"-1\" title=\"Mod\u00fcl-2 ba\u015fl\u0131kl\u0131 b\u00f6l\u00fcm\" id=\"module-2\" href=\"https:\/\/bnssghealthiertogether.org.uk\/tr\/wp-json\/wp\/v2\/pages\/154\/#module-2\" class=\"anchor\"><span class=\"hidden\">Mod\u00fcl-2 ba\u015fl\u0131kl\u0131 b\u00f6l\u00fcm<\/span><\/a><!-- Template found for text-module - Template: template-text - Matched: _only --><section class=\"w-full mx-auto max-w-content pt-3 sm:pt-6 pb-3 sm:pb-6\">\r\n  <div class=\"entry-content w-full !px-0 max-w-small\">\r\n        <p>\u2018\u00c7erezler\u2019 bilgisayar\u0131n\u0131zdaki veya cep telefonunuzdaki taray\u0131c\u0131 (\u00f6rn. Internet Explorer veya Safari) taraf\u0131ndan saklanan k\u00fc\u00e7\u00fck metin dosyalar\u0131d\u0131r. Web sitelerinin kullan\u0131c\u0131 tercihleri gibi \u015feyleri saklamas\u0131na izin verirler. \u00c7erezleri, web sitesinin kullan\u0131c\u0131y\u0131 tan\u0131mas\u0131n\u0131 ve uygun \u015fekilde yan\u0131t vermesini sa\u011flayan bir \u2018haf\u0131za\u2019 olarak d\u00fc\u015f\u00fcnebilirsiniz.<\/p>\n<p>Bu web sitesindeki sayfalar\u0131 ziyaret etmek Analytics \u00e7erezleri \u00fcretebilir.<\/p>\n<h2>Analitik \u00e7erezler<\/h2>\n<p>Bir kullan\u0131c\u0131 web sitemizi her ziyaret etti\u011finde, \u00fc\u00e7\u00fcnc\u00fc bir taraf\u00e7a sa\u011flanan web analiz yaz\u0131l\u0131m\u0131 anonim bir analiz \u00e7erezi olu\u015fturur. Bu \u00e7erezler bize siteyi daha \u00f6nce ziyaret edip etmedi\u011finizi s\u00f6yleyebilir. Taray\u0131c\u0131n\u0131z bize bu \u00e7erezlere sahip olup olmad\u0131\u011f\u0131n\u0131z\u0131 s\u00f6yleyecek ve e\u011fer sahip de\u011filseniz yenilerini olu\u015fturaca\u011f\u0131z. Bu, ka\u00e7 tane tekil kullan\u0131c\u0131m\u0131z oldu\u011funu ve siteyi ne s\u0131kl\u0131kla ziyaret ettiklerini izlememizi sa\u011flar. Bu bilgileri siteyi geli\u015ftirmek i\u00e7in kullan\u0131r\u0131z.<\/p>\n<p>Analitik \u00e7erezler yaln\u0131zca istatistiksel ama\u00e7lar i\u00e7in kullan\u0131l\u0131r.<\/p>\n<h2>Kulland\u0131\u011f\u0131m\u0131z \u00e7erezler<\/h2>\n<p><script type=\"text\/javascript\" charset=\"UTF-8\"  data-cookiescriptreport=\"report\" src=\"\/\/report.cookie-script.com\/r\/8c1002bb88f85841a49a909fdc4a5568.js\"><\/script><\/p>\n<h2>\u00c7erezleri kapatma<\/h2>\n<p>Genellikle taray\u0131c\u0131n\u0131z\u0131n \u00e7erezleri kabul etmesini veya belirli bir web sitesinden gelen \u00e7erezleri kabul etmesini durdurmak m\u00fcmk\u00fcnd\u00fcr. Taray\u0131c\u0131n\u0131z\u0131n bizden gelen \u00e7erezleri kabul etmesini engellerseniz, site deneyiminiz etkilenebilir.<\/p>\n<p>Modern taray\u0131c\u0131lar \u00e7erez ayarlar\u0131n\u0131z\u0131 de\u011fi\u015ftirmenize izin verir. Bu ayarlar genellikle taray\u0131c\u0131n\u0131z\u0131n \u2018se\u00e7enekler\u2019 veya \u2018tercihler\u2019 men\u00fcs\u00fcnde bulunur. Bu ayarlar\u0131 anlamak i\u00e7in a\u015fa\u011f\u0131daki ba\u011flant\u0131lar yard\u0131mc\u0131 olabilir.<\/p>\n<ul>\n<li><a href=\"https:\/\/support.microsoft.com\/en-us\/help\/17479\/windows-internet-explorer-11-change-security-privacy-settings\" target=\"_blank\" rel=\"nofollow noopener\">Internet Explorer'da \u00e7erez ayarlar\u0131<\/a><\/li>\n<li><a href=\"http:\/\/support.mozilla.org\/en-US\/kb\/cookies-information-websites-store-on-your-computer\" target=\"_blank\" rel=\"nofollow noopener\">Firefox'ta \u00e7erez ayarlar\u0131<\/a><\/li>\n<li><a href=\"https:\/\/support.google.com\/chrome\/answer\/95647?hl=en\" target=\"_blank\" rel=\"nofollow noopener\">Chrome'da \u00e7erez ayarlar\u0131<\/a><\/li>\n<li><a href=\"https:\/\/support.apple.com\/en-gb\/guide\/safari\/manage-cookies-and-website-data-sfri11471\/mac\" target=\"_blank\" rel=\"nofollow noopener\">Safari web ve iOS'ta \u00e7erez ayarlar\u0131<\/a><\/li>\n<\/ul>\n<h2>\u00c7erezler hakk\u0131nda daha fazla bilgi<\/h2>\n<ul>\n<li><a href=\"http:\/\/www.allaboutcookies.org\/\" target=\"_blank\" rel=\"nofollow noopener\">\u00c7erezler Hakk\u0131nda Her \u015eey<\/a><\/li>\n<li><a href=\"https:\/\/ico.org.uk\/\" target=\"_blank\" rel=\"nofollow noopener\">Bilgi Komiserli\u011fi Ofisi<\/a><\/li>\n<\/ul>\n  <\/div>\r\n  <\/section><\/div><!-- .assembler_text-module.assembler_module.assembler_text-module_1.assembler_module_1..transparent --><\/div><!-- .assembler_module_area.assembler_module_area_1 --><\/div><!-- .assembler_default-group.assembler_module_group.assembler_default-group_2.assembler_module_group_2  -->","protected":false},"excerpt":{"rendered":"<p>Section titled module-1 Cookies Section titled module-2 &#8216;Cookies&#8217; are small text files that are stored by the browser (e.g. Internet Explorer or Safari) on your computer or mobile phone. They allow websites to store such things as user preferences. You can think of cookies as providing a &#8216;memory&#8217; for the website, enabling it to recognise [&hellip;]<\/p>\n","protected":false},"author":1,"featured_media":0,"parent":0,"menu_order":0,"comment_status":"closed","ping_status":"closed","template":"","meta":{"_acf_changed":false,"footnotes":""},"tags":[],"class_list":["post-154","page","type-page","status-publish","hentry"],"acf":[],"_links":{"self":[{"href":"https:\/\/bnssghealthiertogether.org.uk\/tr\/wp-json\/wp\/v2\/pages\/154","targetHints":{"allow":["GET"]}}],"collection":[{"href":"https:\/\/bnssghealthiertogether.org.uk\/tr\/wp-json\/wp\/v2\/pages"}],"about":[{"href":"https:\/\/bnssghealthiertogether.org.uk\/tr\/wp-json\/wp\/v2\/types\/page"}],"author":[{"embeddable":true,"href":"https:\/\/bnssghealthiertogether.org.uk\/tr\/wp-json\/wp\/v2\/users\/1"}],"replies":[{"embeddable":true,"href":"https:\/\/bnssghealthiertogether.org.uk\/tr\/wp-json\/wp\/v2\/comments?post=154"}],"version-history":[{"count":8,"href":"https:\/\/bnssghealthiertogether.org.uk\/tr\/wp-json\/wp\/v2\/pages\/154\/revisions"}],"predecessor-version":[{"id":10775,"href":"https:\/\/bnssghealthiertogether.org.uk\/tr\/wp-json\/wp\/v2\/pages\/154\/revisions\/10775"}],"wp:attachment":[{"href":"https:\/\/bnssghealthiertogether.org.uk\/tr\/wp-json\/wp\/v2\/media?parent=154"}],"wp:term":[{"taxonomy":"post_tag","embeddable":true,"href":"https:\/\/bnssghealthiertogether.org.uk\/tr\/wp-json\/wp\/v2\/tags?post=154"}],"curies":[{"name":"wp","href":"https:\/\/api.w.org\/{rel}","templated":true}]}}