{"id":32873,"date":"2024-10-17T13:12:19","date_gmt":"2024-10-17T12:12:19","guid":{"rendered":"https:\/\/bnssghealthiertogether.org.uk\/?page_id=32873"},"modified":"2025-05-08T16:48:49","modified_gmt":"2025-05-08T15:48:49","slug":"knowledge-mobilisation","status":"publish","type":"page","link":"https:\/\/bnssghealthiertogether.org.uk\/tr\/integrated-care-board\/research-and-evidence\/knowledge-mobilisation\/","title":{"rendered":"Bilgi Seferberli\u011fi"},"content":{"rendered":"<div class=\"assembler_default-group assembler_module_group assembler_default-group_1 assembler_module_group_1\"><div class=\"assembler_module_area assembler_module_area_1\"><div class=\"assembler_text-module assembler_module assembler_text-module_1 assembler_module_1  transparent\"><a tabindex=\"-1\" title=\"Mod\u00fcl-1 ba\u015fl\u0131kl\u0131 b\u00f6l\u00fcm\" id=\"module-1\" href=\"https:\/\/bnssghealthiertogether.org.uk\/tr\/wp-json\/wp\/v2\/pages\/32873\/#module-1\" class=\"anchor\"><span class=\"hidden\">Mod\u00fcl-1 ba\u015fl\u0131kl\u0131 b\u00f6l\u00fcm<\/span><\/a><!-- Template found for text-module - Template: template-text - Matched: _only --><section class=\"w-full mx-auto max-w-content pt-12 sm:pt-24 pb-3 sm:pb-6\">\n    <div class=\"flex gap-11 md:grid md:grid-cols-2 flex-col\">\n    <div class=\"entry-content\">\n      <h1>Bilgi Seferberli\u011fi<\/h1>\n<p>Bilgi Seferberli\u011fi, \u00f6nemli ara\u015ft\u0131rma sorular\u0131 \u00fcretmek ve karar alma s\u00fcre\u00e7lerinde kan\u0131tlar\u0131n en iyi \u015fekilde kullan\u0131lmas\u0131n\u0131 kolayla\u015ft\u0131rmak i\u00e7in kilit payda\u015flar\u0131 bir araya getirmeyi i\u00e7erir.<\/p>\n<p>Ara\u015ft\u0131rma ekibimiz, ara\u015ft\u0131rmac\u0131lar ve uygulamaya y\u00f6n verenler aras\u0131ndaki bo\u015flu\u011fu doldurarak, kan\u0131ta dayal\u0131 planlaman\u0131n norm haline geldi\u011fi bir k\u00fclt\u00fcr\u00fc etkilemek i\u00e7in \u00e7al\u0131\u015fmaktad\u0131r.<\/p>\n<p>Bilgi Seferberli\u011fi arac\u0131l\u0131\u011f\u0131yla, Bristol, Kuzey Somerset ve G\u00fcney Gloucestershire b\u00f6lgesindeki n\u00fcfusun sa\u011fl\u0131\u011f\u0131n\u0131 ve refah\u0131n\u0131 iyile\u015ftirmek i\u00e7in mevcut en iyi kan\u0131tlar\u0131n \u00fcretilmesini, geli\u015ftirilmesini, uygulanmas\u0131n\u0131 ve d\u00f6n\u00fc\u015ft\u00fcr\u00fclmesini destekliyoruz.<\/p>\n<ul>\n<li><a href=\"https:\/\/www.cymha.ca\/Modules\/ResourceHub\/?id=03bd6ad5-b2e5-4d9d-91fb-2e7a3a607036\" rel=\"noopener\">Bilgi Seferberli\u011fi Ara\u00e7 Seti&#039;ni ziyaret ederek ara\u00e7lara, kaynaklara ve bilgilere ula\u015fabilirsiniz.<\/a><\/li>\n<li><a href=\"https:\/\/kmalliance.co.uk\/\" rel=\"noopener\">Bilgi Seferberli\u011fi \u0130ttifak\u0131n\u0131 ziyaret edin.<\/a><\/li>\n<li><a href=\"https:\/\/bnssghealthiertogether.org.uk\/tr\/integrated-care-board\/research-and-evidence\/impact-case-studies\/research-supporting-the-re-design-of-the-muscoskeletal-pathway\/\">Kas-iskelet sistemi bak\u0131m\u0131 alan\u0131ndaki \u00e7al\u0131\u015fmalar\u0131m\u0131zla ilgili vaka incelememizi okuyun.<\/a><\/li>\n<\/ul>\n    <\/div>\n    <div class=\"entry-content\">\n      <p>Ara\u015ft\u0131rma b\u00f6l\u00fcm\u00fcndeki di\u011fer sayfalar:<\/p>\n      <div class=\"menu level-menu-shortcode arrows\">\n        <ul>\n                      <li class=\"menu-item\">\n              <a href=\"https:\/\/bnssghealthiertogether.org.uk\/tr\/integrated-care-board\/research-and-evidence\/about-the-team\/\">ICB Ara\u015ft\u0131rma Ekibi Hakk\u0131nda<\/a>\n            <\/li>\n                      <li class=\"menu-item\">\n              <a href=\"https:\/\/bnssghealthiertogether.org.uk\/tr\/integrated-care-board\/research-and-evidence\/our-research-portfolio\/\">ICB ara\u015ft\u0131rma portf\u00f6y\u00fc<\/a>\n            <\/li>\n                      <li class=\"menu-item\">\n              <a href=\"https:\/\/bnssghealthiertogether.org.uk\/tr\/integrated-care-board\/research-and-evidence\/impact-case-studies\/\">Etki Vaka \u00c7al\u0131\u015fmalar\u0131<\/a>\n            <\/li>\n                      <li class=\"menu-item current-menu-item\">\n              <a href=\"https:\/\/bnssghealthiertogether.org.uk\/tr\/integrated-care-board\/research-and-evidence\/knowledge-mobilisation\/\">Bilgi Seferberli\u011fi<\/a>\n            <\/li>\n                      <li class=\"menu-item\">\n              <a href=\"https:\/\/bnssghealthiertogether.org.uk\/tr\/integrated-care-board\/research-and-evidence\/icb-research-strategy\/\">Ara\u015ft\u0131rma Stratejimiz<\/a>\n            <\/li>\n                      <li class=\"menu-item\">\n              <a href=\"https:\/\/bnssghealthiertogether.org.uk\/tr\/integrated-care-board\/research-and-evidence\/research-and-evidence-seminars\/\">Ara\u015ft\u0131rma ve kan\u0131t seminerleri<\/a>\n            <\/li>\n                      <li class=\"menu-item\">\n              <a href=\"https:\/\/bnssghealthiertogether.org.uk\/tr\/integrated-care-board\/research-and-evidence\/submit-a-research-idea\/\">Bir ara\u015ft\u0131rma fikri g\u00f6nderin<\/a>\n            <\/li>\n                      <li class=\"menu-item\">\n              <a href=\"https:\/\/bnssghealthiertogether.org.uk\/tr\/integrated-care-board\/research-and-evidence\/support-for-researchers\/\">Ara\u015ft\u0131rmac\u0131lara destek<\/a>\n            <\/li>\n                      <li class=\"menu-item\">\n              <a href=\"https:\/\/bnssghealthiertogether.org.uk\/tr\/integrated-care-board\/research-and-evidence\/the-impact-accelerator-unit-iau\/\">Etki H\u0131zland\u0131r\u0131c\u0131 Birimi (IAU)<\/a>\n            <\/li>\n                  <\/ul>\n      <\/div>\n\n    <\/div>\n      <\/div>\n<\/section><\/div><!-- .assembler_text-module.assembler_module.assembler_text-module_1.assembler_module_1..transparent --><div class=\"assembler_text-module assembler_module assembler_text-module_2 assembler_module_2  transparent\"><a tabindex=\"-1\" title=\"Mod\u00fcl-2 ba\u015fl\u0131kl\u0131 b\u00f6l\u00fcm\" id=\"module-2\" href=\"https:\/\/bnssghealthiertogether.org.uk\/tr\/wp-json\/wp\/v2\/pages\/32873\/#module-2\" class=\"anchor\"><span class=\"hidden\">Mod\u00fcl-2 ba\u015fl\u0131kl\u0131 b\u00f6l\u00fcm<\/span><\/a><!-- Template found for text-module - Template: template-text - Matched: _only --><section class=\"w-full mx-auto max-w-content pt-3 sm:pt-6 pb-12 sm:pb-24\">\r\n  <div class=\"entry-content w-full !px-0 max-w-small\">\r\n        <h2>Bristol \u00dcniversitesi&#039;nde Bilgi Aktar\u0131m\u0131<\/h2>\n<p>Meslekta\u015flar\u0131m\u0131zla yak\u0131n i\u015fbirli\u011fi i\u00e7inde \u00e7al\u0131\u015f\u0131yoruz. <a href=\"https:\/\/www.bristol.ac.uk\/primaryhealthcare\/researchthemes\/km\/\" rel=\"noopener\">Bristol \u00dcniversitesi<\/a> Bilgi payla\u015f\u0131m\u0131n\u0131 desteklemek i\u00e7in.<\/p>\n<h2>Bat\u0131 \u0130ngiltere \u00dcniversitesi&#039;nde Bilgi Seferberli\u011fi<\/h2>\n<p>Meslekta\u015flar\u0131m\u0131zla yak\u0131n i\u015fbirli\u011fi i\u00e7inde \u00e7al\u0131\u015f\u0131yoruz. <a href=\"https:\/\/www.uwe.ac.uk\/research\/centres-and-groups\/chcr\/research-themes\/knowledge-mobilisation\" rel=\"noopener\">Bat\u0131 \u0130ngiltere \u00dcniversitesi<\/a> (UWE Bristol) Bilgi Payla\u015f\u0131m\u0131n\u0131 desteklemek i\u00e7in.<\/p>\n  <\/div>\r\n  <\/section><\/div><!-- .assembler_text-module.assembler_module.assembler_text-module_2.assembler_module_2..transparent --><\/div><!-- .assembler_module_area.assembler_module_area_1 --><\/div><!-- .assembler_default-group.assembler_module_group.assembler_default-group_1.assembler_module_group_1  -->","protected":false},"excerpt":{"rendered":"<p>Bilgi Seferberli\u011fi, \u00f6nemli ara\u015ft\u0131rma sorular\u0131 \u00fcretmek ve karar alma s\u00fcre\u00e7lerinde kan\u0131tlar\u0131n en iyi \u015fekilde kullan\u0131lmas\u0131n\u0131 kolayla\u015ft\u0131rmak i\u00e7in kilit payda\u015flar\u0131 bir araya getirmeyi i\u00e7erir.<\/p>","protected":false},"author":1,"featured_media":0,"parent":12227,"menu_order":0,"comment_status":"closed","ping_status":"closed","template":"","meta":{"_acf_changed":false,"footnotes":""},"tags":[],"class_list":["post-32873","page","type-page","status-publish","hentry"],"acf":[],"_links":{"self":[{"href":"https:\/\/bnssghealthiertogether.org.uk\/tr\/wp-json\/wp\/v2\/pages\/32873","targetHints":{"allow":["GET"]}}],"collection":[{"href":"https:\/\/bnssghealthiertogether.org.uk\/tr\/wp-json\/wp\/v2\/pages"}],"about":[{"href":"https:\/\/bnssghealthiertogether.org.uk\/tr\/wp-json\/wp\/v2\/types\/page"}],"author":[{"embeddable":true,"href":"https:\/\/bnssghealthiertogether.org.uk\/tr\/wp-json\/wp\/v2\/users\/1"}],"replies":[{"embeddable":true,"href":"https:\/\/bnssghealthiertogether.org.uk\/tr\/wp-json\/wp\/v2\/comments?post=32873"}],"version-history":[{"count":5,"href":"https:\/\/bnssghealthiertogether.org.uk\/tr\/wp-json\/wp\/v2\/pages\/32873\/revisions"}],"predecessor-version":[{"id":39209,"href":"https:\/\/bnssghealthiertogether.org.uk\/tr\/wp-json\/wp\/v2\/pages\/32873\/revisions\/39209"}],"up":[{"embeddable":true,"href":"https:\/\/bnssghealthiertogether.org.uk\/tr\/wp-json\/wp\/v2\/pages\/12227"}],"wp:attachment":[{"href":"https:\/\/bnssghealthiertogether.org.uk\/tr\/wp-json\/wp\/v2\/media?parent=32873"}],"wp:term":[{"taxonomy":"post_tag","embeddable":true,"href":"https:\/\/bnssghealthiertogether.org.uk\/tr\/wp-json\/wp\/v2\/tags?post=32873"}],"curies":[{"name":"wp","href":"https:\/\/api.w.org\/{rel}","templated":true}]}}