{"id":32891,"date":"2024-10-17T13:24:51","date_gmt":"2024-10-17T12:24:51","guid":{"rendered":"https:\/\/bnssghealthiertogether.org.uk\/?page_id=32891"},"modified":"2025-01-16T22:58:17","modified_gmt":"2025-01-16T22:58:17","slug":"previously-supported-projects","status":"publish","type":"page","link":"https:\/\/bnssghealthiertogether.org.uk\/tr\/integrated-care-board\/research-and-evidence\/our-research-portfolio\/previously-supported-projects\/","title":{"rendered":"Daha \u00d6nce Desteklenen Projeler"},"content":{"rendered":"<div class=\"assembler_default-group assembler_module_group assembler_default-group_1 assembler_module_group_1\"><div class=\"assembler_module_area assembler_module_area_1\"><div class=\"assembler_text-module assembler_module assembler_text-module_1 assembler_module_1  transparent\"><a tabindex=\"-1\" title=\"Mod\u00fcl-1 ba\u015fl\u0131kl\u0131 b\u00f6l\u00fcm\" id=\"module-1\" href=\"https:\/\/bnssghealthiertogether.org.uk\/tr\/wp-json\/wp\/v2\/pages\/32891\/#module-1\" class=\"anchor\"><span class=\"hidden\">Mod\u00fcl-1 ba\u015fl\u0131kl\u0131 b\u00f6l\u00fcm<\/span><\/a><!-- Template found for text-module - Template: template-text - Matched: _only --><section class=\"w-full mx-auto max-w-content pt-12 sm:pt-24 pb-12 sm:pb-24\">\n    <div class=\"flex gap-11 md:grid md:grid-cols-2 flex-col\">\n    <div class=\"entry-content\">\n      <h1>Daha \u00d6nce Desteklenen Projeler<\/h1>\n<p>Links to projects previously supported by Birstol, North Somerset and South Gloucestershire ICB, such as Fellowships, previous RCF awardees, and non-NIHR funded projects.<\/p>\n      <div class=\"menu level-menu-shortcode arrows\">\n        <ul>\n                      <li class=\"menu-item\">\n              <a href=\"https:\/\/bnssghealthiertogether.org.uk\/tr\/integrated-care-board\/research-and-evidence\/our-research-portfolio\/previously-supported-projects\/a-patient-reported-questionnaire-to-measure-the-use-of-informal-care-social-care-and-personal-expenses\/\">Hastalar\u0131n kendi beyanlar\u0131na dayal\u0131 olarak doldurdu\u011fu bir anket, resmi olmayan bak\u0131m, sosyal bak\u0131m ve ki\u015fisel harcamalar\u0131n kullan\u0131m\u0131n\u0131 \u00f6l\u00e7meyi ama\u00e7lamaktad\u0131r.<\/a>\n            <\/li>\n                      <li class=\"menu-item\">\n              <a href=\"https:\/\/bnssghealthiertogether.org.uk\/tr\/integrated-care-board\/research-and-evidence\/our-research-portfolio\/previously-supported-projects\/adapt-the-south-asian-dementia-diagnosis-pathway-an-online-toolkit-of-enhanced-interventions\/\">ADAPT: G\u00fcney Asya Demans Tan\u0131 Yolu \u2013 Geli\u015ftirilmi\u015f M\u00fcdahaleler \u0130\u00e7in \u00c7evrimi\u00e7i Bir Ara\u00e7 Seti<\/a>\n            <\/li>\n                      <li class=\"menu-item\">\n              <a href=\"https:\/\/bnssghealthiertogether.org.uk\/tr\/integrated-care-board\/research-and-evidence\/our-research-portfolio\/previously-supported-projects\/bee-best-emollient-in-eczema\/\">BEE: Egzama \u0130\u00e7in En \u0130yi Yumu\u015fat\u0131c\u0131<\/a>\n            <\/li>\n                      <li class=\"menu-item\">\n              <a href=\"https:\/\/bnssghealthiertogether.org.uk\/tr\/integrated-care-board\/research-and-evidence\/our-research-portfolio\/previously-supported-projects\/bite-size-patient-centred-exercise-and-education-videos-for-people-with-stroke-from-asian-backgrounds-indian-pakistani-and-bangladeshi\/\">Asya k\u00f6kenli (Hintli, Pakistanl\u0131 ve Banglade\u015fli) fel\u00e7 ge\u00e7irmi\u015f ki\u015filer i\u00e7in hasta odakl\u0131, k\u0131sa ve \u00f6z egzersiz ve e\u011fitim videolar\u0131.<\/a>\n            <\/li>\n                      <li class=\"menu-item\">\n              <a href=\"https:\/\/bnssghealthiertogether.org.uk\/tr\/integrated-care-board\/research-and-evidence\/our-research-portfolio\/previously-supported-projects\/chico-a-clinical-effectiveness-investigation-of-a-multi-faceted-intervention-to-improve-management-of-antibiotics-for-children-presenting-to-primary-care-with-acute-cough-and-respiratory-tract-infect\/\">CHICO: Akut \u00f6ks\u00fcr\u00fck ve solunum yolu enfeksiyonu \u015fikayetiyle birinci basamak sa\u011fl\u0131k hizmetlerine ba\u015fvuran \u00e7ocuklarda antibiyotik tedavisinin y\u00f6netimini iyile\u015ftirmeye y\u00f6nelik \u00e7ok y\u00f6nl\u00fc bir m\u00fcdahalenin klinik etkinli\u011finin ara\u015ft\u0131r\u0131lmas\u0131.<\/a>\n            <\/li>\n                      <li class=\"menu-item\">\n              <a href=\"https:\/\/bnssghealthiertogether.org.uk\/tr\/integrated-care-board\/research-and-evidence\/our-research-portfolio\/previously-supported-projects\/coac-using-health-information-systems-to-address-patient-concerns-in-gp-consultations-a-feasibility-study\/\">COAC: Aile hekimli\u011fi g\u00f6r\u00fc\u015fmelerinde hasta endi\u015felerini gidermek i\u00e7in sa\u011fl\u0131k bilgi sistemlerinin kullan\u0131m\u0131: bir fizibilite \u00e7al\u0131\u015fmas\u0131<\/a>\n            <\/li>\n                      <li class=\"menu-item\">\n              <a href=\"https:\/\/bnssghealthiertogether.org.uk\/tr\/integrated-care-board\/research-and-evidence\/our-research-portfolio\/previously-supported-projects\/development-of-a-virtual-chronic-kidney-disease-clinic\/\">Sanal bir Kronik B\u00f6brek Hastal\u0131\u011f\u0131 klini\u011finin geli\u015ftirilmesi<\/a>\n            <\/li>\n                      <li class=\"menu-item\">\n              <a href=\"https:\/\/bnssghealthiertogether.org.uk\/tr\/integrated-care-board\/research-and-evidence\/our-research-portfolio\/previously-supported-projects\/gped-general-practitioners-and-emergency-departments-efficient-models-of-care\/\">GPED: Genel Pratisyen Hekimler ve Acil Servisler: Etkin Bak\u0131m Modelleri<\/a>\n            <\/li>\n                      <li class=\"menu-item\">\n              <a href=\"https:\/\/bnssghealthiertogether.org.uk\/tr\/integrated-care-board\/research-and-evidence\/our-research-portfolio\/previously-supported-projects\/implementation-of-flash-glucose-monitoring-in-four-paediatric-diabetes-clinics-before-and-after-study-to-produce-real-world-evidence-of-patient-benefit\/\">D\u00f6rt \u00e7ocuk diyabet klini\u011finde fla\u015f glukoz izleme sisteminin uygulanmas\u0131 \u2013 hastalara sa\u011flad\u0131\u011f\u0131 faydan\u0131n ger\u00e7ek d\u00fcnya verilerini ortaya koymak i\u00e7in \u00f6ncesi ve sonras\u0131 \u00e7al\u0131\u015fma.<\/a>\n            <\/li>\n                      <li class=\"menu-item\">\n              <a href=\"https:\/\/bnssghealthiertogether.org.uk\/tr\/integrated-care-board\/research-and-evidence\/our-research-portfolio\/previously-supported-projects\/improving-the-provision-of-support-for-appearance-related-issues-in-primary-care\/\">Birinci basamak sa\u011fl\u0131k hizmetlerinde g\u00f6r\u00fcn\u00fcmle ilgili sorunlara y\u00f6nelik deste\u011fin iyile\u015ftirilmesi<\/a>\n            <\/li>\n                      <li class=\"menu-item\">\n              <a href=\"https:\/\/bnssghealthiertogether.org.uk\/tr\/integrated-care-board\/research-and-evidence\/our-research-portfolio\/previously-supported-projects\/tech-for-better-care-personalised-community-medication-support-and-management-project\/\">Daha \u0130yi Bak\u0131m i\u00e7in Teknoloji: Ki\u015fiselle\u015ftirilmi\u015f topluluk temelli ila\u00e7 deste\u011fi ve y\u00f6netim projesi.<\/a>\n            <\/li>\n                      <li class=\"menu-item\">\n              <a href=\"https:\/\/bnssghealthiertogether.org.uk\/tr\/integrated-care-board\/research-and-evidence\/our-research-portfolio\/previously-supported-projects\/the-dish-disclosure-in-sexual-health-project-to-develop-an-identification-and-support-intervention-for-sexual-violence-survivors\/\">DiSH (Cinsel Sa\u011fl\u0131kta \u015eeffafl\u0131k) projesi, cinsel \u015fiddet ma\u011fdurlar\u0131 i\u00e7in bir tespit ve destek m\u00fcdahalesi geli\u015ftirmeyi ama\u00e7lamaktad\u0131r.<\/a>\n            <\/li>\n                      <li class=\"menu-item\">\n              <a href=\"https:\/\/bnssghealthiertogether.org.uk\/tr\/integrated-care-board\/research-and-evidence\/our-research-portfolio\/previously-supported-projects\/the-evaluation-of-operation-topaz-for-child-sexual-and-criminal-exploitation-on-the-health-and-wellbeing-of-service-users\/\">Topaz Operasyonu&#039;nun \u00e7ocuk cinsel ve su\u00e7 ama\u00e7l\u0131 istismar\u0131na y\u00f6nelik olarak hizmet kullan\u0131c\u0131lar\u0131n\u0131n sa\u011fl\u0131k ve refah\u0131 \u00fczerindeki etkisinin de\u011ferlendirilmesi.<\/a>\n            <\/li>\n                      <li class=\"menu-item\">\n              <a href=\"https:\/\/bnssghealthiertogether.org.uk\/tr\/integrated-care-board\/research-and-evidence\/our-research-portfolio\/previously-supported-projects\/triumph-treating-urinary-symptoms-in-men-in-primary-healthcare-using-non-pharmacological-and-non-surgical-interventions\/\">ZAFER: Birinci Basamak Sa\u011fl\u0131k Hizmetlerinde Erkeklerde \u0130drar Yolu Semptomlar\u0131n\u0131n Farmakolojik ve Cerrahi Olmayan Y\u00f6ntemlerle Tedavisi<\/a>\n            <\/li>\n                  <\/ul>\n      <\/div>\n\n    <\/div>\n    <div class=\"entry-content\">\n      <p>Ara\u015ft\u0131rma Portf\u00f6y\u00fcm\u00fcz b\u00f6l\u00fcm\u00fcndeki di\u011fer sayfalar:<\/p>\n      <div class=\"menu level-menu-shortcode arrows\">\n        <ul>\n                      <li class=\"menu-item\">\n              <a href=\"https:\/\/bnssghealthiertogether.org.uk\/tr\/integrated-care-board\/research-and-evidence\/our-research-portfolio\/icb-led-applied-research-projects\/\">ICB \u00f6nc\u00fcl\u00fc\u011f\u00fcnde y\u00fcr\u00fct\u00fclen Uygulamal\u0131 Ara\u015ft\u0131rma Projeleri<\/a>\n            <\/li>\n                      <li class=\"menu-item\">\n              <a href=\"https:\/\/bnssghealthiertogether.org.uk\/tr\/integrated-care-board\/research-and-evidence\/our-research-portfolio\/nihr-funded-projects\/\">NIHR Destekli Projeler<\/a>\n            <\/li>\n                      <li class=\"menu-item current-menu-item\">\n              <a href=\"https:\/\/bnssghealthiertogether.org.uk\/tr\/integrated-care-board\/research-and-evidence\/our-research-portfolio\/previously-supported-projects\/\">Daha \u00d6nce Desteklenen Projeler<\/a>\n            <\/li>\n                      <li class=\"menu-item\">\n              <a href=\"https:\/\/bnssghealthiertogether.org.uk\/tr\/integrated-care-board\/research-and-evidence\/our-research-portfolio\/type-1-rcf-funded-projects\/\">Tip 1 RCF Fonlu Projeler<\/a>\n            <\/li>\n                      <li class=\"menu-item\">\n              <a href=\"https:\/\/bnssghealthiertogether.org.uk\/tr\/integrated-care-board\/research-and-evidence\/our-research-portfolio\/type-2-rcf-funded-projects\/\">Tip 2 RCF Fonlu Projeler<\/a>\n            <\/li>\n                  <\/ul>\n      <\/div>\n\n    <\/div>\n      <\/div>\n<\/section><\/div><!-- .assembler_text-module.assembler_module.assembler_text-module_1.assembler_module_1..transparent --><\/div><!-- .assembler_module_area.assembler_module_area_1 --><\/div><!-- .assembler_default-group.assembler_module_group.assembler_default-group_1.assembler_module_group_1  -->","protected":false},"excerpt":{"rendered":"<p>Section titled module-1 Previously Supported Projects Links to projects previously supported by Birstol, North Somerset and South Gloucestershire ICB, such as Fellowships, previous RCF awardees, and non-NIHR funded projects. A patient-reported questionnaire to measure the use of informal care, social care and personal expenses ADAPT: The south Asian Dementia diAgnosis PaThway &#8211; an online toolkit [&hellip;]<\/p>\n","protected":false},"author":1,"featured_media":0,"parent":32876,"menu_order":0,"comment_status":"closed","ping_status":"closed","template":"","meta":{"_acf_changed":false,"footnotes":""},"tags":[],"class_list":["post-32891","page","type-page","status-publish","hentry"],"acf":[],"_links":{"self":[{"href":"https:\/\/bnssghealthiertogether.org.uk\/tr\/wp-json\/wp\/v2\/pages\/32891","targetHints":{"allow":["GET"]}}],"collection":[{"href":"https:\/\/bnssghealthiertogether.org.uk\/tr\/wp-json\/wp\/v2\/pages"}],"about":[{"href":"https:\/\/bnssghealthiertogether.org.uk\/tr\/wp-json\/wp\/v2\/types\/page"}],"author":[{"embeddable":true,"href":"https:\/\/bnssghealthiertogether.org.uk\/tr\/wp-json\/wp\/v2\/users\/1"}],"replies":[{"embeddable":true,"href":"https:\/\/bnssghealthiertogether.org.uk\/tr\/wp-json\/wp\/v2\/comments?post=32891"}],"version-history":[{"count":3,"href":"https:\/\/bnssghealthiertogether.org.uk\/tr\/wp-json\/wp\/v2\/pages\/32891\/revisions"}],"predecessor-version":[{"id":36188,"href":"https:\/\/bnssghealthiertogether.org.uk\/tr\/wp-json\/wp\/v2\/pages\/32891\/revisions\/36188"}],"up":[{"embeddable":true,"href":"https:\/\/bnssghealthiertogether.org.uk\/tr\/wp-json\/wp\/v2\/pages\/32876"}],"wp:attachment":[{"href":"https:\/\/bnssghealthiertogether.org.uk\/tr\/wp-json\/wp\/v2\/media?parent=32891"}],"wp:term":[{"taxonomy":"post_tag","embeddable":true,"href":"https:\/\/bnssghealthiertogether.org.uk\/tr\/wp-json\/wp\/v2\/tags?post=32891"}],"curies":[{"name":"wp","href":"https:\/\/api.w.org\/{rel}","templated":true}]}}