{"id":32913,"date":"2024-10-17T13:37:09","date_gmt":"2024-10-17T12:37:09","guid":{"rendered":"https:\/\/bnssghealthiertogether.org.uk\/?page_id=32913"},"modified":"2025-02-18T09:39:01","modified_gmt":"2025-02-18T09:39:01","slug":"contracting-for-national-institute-for-health-and-care-research-grants","status":"publish","type":"page","link":"https:\/\/bnssghealthiertogether.org.uk\/tr\/integrated-care-board\/research-and-evidence\/support-for-researchers\/contracting-for-national-institute-for-health-and-care-research-grants\/","title":{"rendered":"Ulusal Sa\u011fl\u0131k ve Sosyal Bak\u0131m Ara\u015ft\u0131rma Enstit\u00fcs\u00fc hibeleri i\u00e7in s\u00f6zle\u015fme yap\u0131lmas\u0131"},"content":{"rendered":"<div class=\"assembler_default-group assembler_module_group assembler_default-group_1 assembler_module_group_1\"><div class=\"assembler_module_area assembler_module_area_1\"><div class=\"assembler_text-module assembler_module assembler_text-module_1 assembler_module_1  transparent\"><a tabindex=\"-1\" title=\"Mod\u00fcl-1 ba\u015fl\u0131kl\u0131 b\u00f6l\u00fcm\" id=\"module-1\" href=\"https:\/\/bnssghealthiertogether.org.uk\/tr\/wp-json\/wp\/v2\/pages\/32913\/#module-1\" class=\"anchor\"><span class=\"hidden\">Mod\u00fcl-1 ba\u015fl\u0131kl\u0131 b\u00f6l\u00fcm<\/span><\/a><!-- Template found for text-module - Template: template-text - Matched: _only --><section class=\"w-full mx-auto max-w-content pt-12 sm:pt-24 pb-12 sm:pb-24\">\r\n  <div class=\"entry-content w-full !px-0 max-w-small\">\r\n        <h1>Ulusal Sa\u011fl\u0131k ve Sosyal Bak\u0131m Ara\u015ft\u0131rma Enstit\u00fcs\u00fc hibeleri i\u00e7in s\u00f6zle\u015fme yap\u0131lmas\u0131<\/h1>\n<p>NHS Bristol, North Somerset ve South Gloucestershire ICB Ara\u015ft\u0131rma Ekibi, Ba\u015f Ara\u015ft\u0131rmac\u0131lara Ulusal Sa\u011fl\u0131k ve Sosyal Bak\u0131m Ara\u015ft\u0131rma Enstit\u00fcs\u00fc (NIHR) hibe ba\u015fvurular\u0131nda finansman, fikri m\u00fclkiyet ve ara\u015ft\u0131rman\u0131n lojistik y\u00f6nleri a\u00e7\u0131s\u0131ndan destek vermektedir.<\/p>\n<p>Hukuki ve organizasyonel d\u00fczeydeki t\u00fcm hususlar\u0131 kapsayan s\u00f6zle\u015fmelerin y\u00fcr\u00fcrl\u00fckte olmas\u0131n\u0131 sa\u011fl\u0131yoruz.<\/p>\n<p>Ba\u015f ara\u015ft\u0131rmac\u0131n\u0131n istedi\u011fi \u015fekilde \u00e7al\u0131\u015fmas\u0131na ve ara\u015ft\u0131rma hedeflerini ger\u00e7ekle\u015ftirmesine olanak sa\u011flamak i\u00e7in s\u00f6zle\u015fmenin \u00f6zel olarak haz\u0131rlanmas\u0131na b\u00fcy\u00fck \u00f6nem verdik.<\/p>\n<p>Ara\u015ft\u0131rma i\u00e7in i\u015fbirli\u011fi yapan t\u00fcm kurulu\u015flar aras\u0131ndaki s\u00f6zle\u015fmeleri y\u00f6netiyor, finansman\u0131 d\u00fczenliyor ve NIHR&#039;ye sunulan y\u0131ll\u0131k ve nihai raporlara destek sa\u011fl\u0131yoruz.<\/p>\n<p>Bulgular\u0131n uygun \u015fekilde kullan\u0131lmas\u0131n\u0131 kolayla\u015ft\u0131rmada da rol\u00fcm\u00fcz bulunmaktad\u0131r.<\/p>\n<p>Bir\u00e7ok b\u00fcy\u00fck etkinli\u011fe ev sahipli\u011fi yap\u0131yoruz. <a href=\"https:\/\/bnssghealthiertogether.org.uk\/tr\/integrated-care-board\/research-and-evidence\/our-research-portfolio\/\">NIHR hibeleri<\/a> Toplam de\u011feri olduk\u00e7a y\u00fcksek olan bir hizmet sunuyoruz. Deneyimli bir s\u00f6zle\u015fmeli ev sahibi firmay\u0131z ve alt\u0131 ad\u0131m\u0131 iyi biliyoruz:<\/p>\n<ul>\n<li><a href=\"https:\/\/bnssghealthiertogether.org.uk\/tr\/integrated-care-board\/research-and-evidence\/support-for-researchers\/grant-submissions-to-the-national-institute-for-health-and-care-research\/\">Ara\u015ft\u0131rmac\u0131lara NIHR hibe ba\u015fvurular\u0131nda destek sa\u011flamak.<\/a>;<\/li>\n<li>Ara\u015ft\u0131rma i\u00e7in fon sa\u011flay\u0131c\u0131 kurum (Sa\u011fl\u0131k ve Sosyal Bak\u0131m Bakanl\u0131\u011f\u0131) ile s\u00f6zle\u015fme imzalamak ve s\u00f6zle\u015fmeyi y\u00fcr\u00fcrl\u00fckte tutmak;<\/li>\n<li>Ara\u015ft\u0131rmay\u0131 y\u00fcr\u00fctecek kurulu\u015flarla (\u00fcniversiteler, di\u011fer NHS kurulu\u015flar\u0131 veya g\u00f6n\u00fcll\u00fc kurulu\u015flar olabilir) alt s\u00f6zle\u015fmeler (i\u015fbirli\u011fi anla\u015fmalar\u0131) kurmak ve imzalamak;<\/li>\n<li>Finans\u00f6re yap\u0131lan harcamalar hakk\u0131nda raporlama;<\/li>\n<li>T\u00fcm yasal ve mali sorumluluklar\u0131n etkin bir \u015fekilde yerine getirilmesini sa\u011flamak;<\/li>\n<li>Fikri m\u00fclkiyet d\u00fczenlemelerinin etkin bir \u015fekilde olu\u015fturulmas\u0131n\u0131 sa\u011flamak.<\/li>\n<\/ul>\n<h2>NIHR hibeleri i\u00e7in s\u00f6zle\u015fme yapma: iki a\u015famal\u0131 bir s\u00fcre\u00e7<\/h2>\n<p>\u0130lk a\u015fama, bizimle Sa\u011fl\u0131k ve Sosyal Bak\u0131m Bakanl\u0131\u011f\u0131 aras\u0131nda imzalanan Ana Anla\u015fma&#039;d\u0131r. Bu anla\u015fma, projenin t\u00fcm mali, hukuki sorumluluklar\u0131n\u0131 ve hesap verebilirli\u011fini Sa\u011fl\u0131k ve Sosyal Bak\u0131m Bakanl\u0131\u011f\u0131&#039;ndan bize devretmektedir.<\/p>\n<p>Sa\u011fl\u0131k ve Sosyal Bak\u0131m Bakanl\u0131\u011f\u0131, kamu paras\u0131n\u0131n harcanmas\u0131n\u0131 g\u00fcvence alt\u0131na almak amac\u0131yla olduk\u00e7a kat\u0131 \u015fartlar i\u00e7eren standart s\u00f6zle\u015fmeler kullanmaktad\u0131r.<\/p>\n<p>\u0130kinci a\u015fama daha i\u015fbirlik\u00e7i bir s\u00fcre\u00e7tir. \u00d6rne\u011fin, NHS Bristol, North Somerset ve South Gloucestershire ICB ile Bristol \u00dcniversitesi&#039;nde \u00e7al\u0131\u015fan ortak bir personelimiz var ve bu ki\u015fi Ba\u015f Ara\u015ft\u0131rmac\u0131 ile birlikte bir &quot;i\u015fbirli\u011fi anla\u015fmas\u0131&quot; olu\u015fturacak.<\/p>\n<p>Bu anla\u015fma, organizasyonel ve yasal t\u00fcm \u015fartlar\u0131 yerine getirmekle kalm\u0131yor, ayn\u0131 zamanda Ba\u015f Ara\u015ft\u0131rmac\u0131n\u0131n projeyi istedi\u011fi \u015fekilde y\u00fcr\u00fctmesini de sa\u011fl\u0131yor.<\/p>\n<p>Bu anla\u015fma, ara\u015ft\u0131rma projesinin y\u00fcr\u00fct\u00fclmesinde yer alan di\u011fer t\u00fcm i\u015fbirli\u011fi yapan kurulu\u015flarla bize devredilen sorumluluklar\u0131 payla\u015f\u0131yor.<\/p>\n<p>Bu i\u015f birli\u011fi anla\u015fmas\u0131 daha sonra ara\u015ft\u0131rmada yer alan t\u00fcm kurulu\u015flar taraf\u0131ndan m\u00fczakere edilip onaylan\u0131r, b\u00f6ylece hepimiz tek bir s\u00f6zle\u015fme \u00e7er\u00e7evesinde \u00e7al\u0131\u015f\u0131r\u0131z.<\/p>\n<h2>Bize ula\u015f\u0131n<\/h2>\n<p>Herhangi bir sorunuz varsa veya deste\u011fe ihtiyac\u0131n\u0131z varsa l\u00fctfen Ara\u015ft\u0131rma Ekibimize e-posta g\u00f6nderin. <a href=\"mailto:bnssg.research@nhs.net\">bnssg.research@nhs.net<\/a>.<\/p>\n  <\/div>\r\n  <\/section><\/div><!-- .assembler_text-module.assembler_module.assembler_text-module_1.assembler_module_1..transparent --><\/div><!-- .assembler_module_area.assembler_module_area_1 --><\/div><!-- .assembler_default-group.assembler_module_group.assembler_default-group_1.assembler_module_group_1  -->","protected":false},"excerpt":{"rendered":"<p>ICB Ara\u015ft\u0131rma Ekibi, Ba\u015f Ara\u015ft\u0131rmac\u0131lara NIHR hibe ba\u015fvurular\u0131n\u0131n finansman\u0131, fikri m\u00fclkiyeti ve lojistik y\u00f6nleri konusunda destek vermektedir.<\/p>","protected":false},"author":1,"featured_media":0,"parent":32910,"menu_order":0,"comment_status":"closed","ping_status":"closed","template":"","meta":{"_acf_changed":false,"footnotes":""},"tags":[],"class_list":["post-32913","page","type-page","status-publish","hentry"],"acf":[],"_links":{"self":[{"href":"https:\/\/bnssghealthiertogether.org.uk\/tr\/wp-json\/wp\/v2\/pages\/32913","targetHints":{"allow":["GET"]}}],"collection":[{"href":"https:\/\/bnssghealthiertogether.org.uk\/tr\/wp-json\/wp\/v2\/pages"}],"about":[{"href":"https:\/\/bnssghealthiertogether.org.uk\/tr\/wp-json\/wp\/v2\/types\/page"}],"author":[{"embeddable":true,"href":"https:\/\/bnssghealthiertogether.org.uk\/tr\/wp-json\/wp\/v2\/users\/1"}],"replies":[{"embeddable":true,"href":"https:\/\/bnssghealthiertogether.org.uk\/tr\/wp-json\/wp\/v2\/comments?post=32913"}],"version-history":[{"count":5,"href":"https:\/\/bnssghealthiertogether.org.uk\/tr\/wp-json\/wp\/v2\/pages\/32913\/revisions"}],"predecessor-version":[{"id":37556,"href":"https:\/\/bnssghealthiertogether.org.uk\/tr\/wp-json\/wp\/v2\/pages\/32913\/revisions\/37556"}],"up":[{"embeddable":true,"href":"https:\/\/bnssghealthiertogether.org.uk\/tr\/wp-json\/wp\/v2\/pages\/32910"}],"wp:attachment":[{"href":"https:\/\/bnssghealthiertogether.org.uk\/tr\/wp-json\/wp\/v2\/media?parent=32913"}],"wp:term":[{"taxonomy":"post_tag","embeddable":true,"href":"https:\/\/bnssghealthiertogether.org.uk\/tr\/wp-json\/wp\/v2\/tags?post=32913"}],"curies":[{"name":"wp","href":"https:\/\/api.w.org\/{rel}","templated":true}]}}