{"id":32915,"date":"2024-10-17T13:37:53","date_gmt":"2024-10-17T12:37:53","guid":{"rendered":"https:\/\/bnssghealthiertogether.org.uk\/?page_id=32915"},"modified":"2025-02-18T09:27:23","modified_gmt":"2025-02-18T09:27:23","slug":"grant-submissions-to-the-national-institute-for-health-and-care-research","status":"publish","type":"page","link":"https:\/\/bnssghealthiertogether.org.uk\/tr\/integrated-care-board\/research-and-evidence\/support-for-researchers\/grant-submissions-to-the-national-institute-for-health-and-care-research\/","title":{"rendered":"Ulusal Sa\u011fl\u0131k ve Bak\u0131m Ara\u015ft\u0131rma Enstit\u00fcs\u00fc&#039;ne hibe ba\u015fvurular\u0131"},"content":{"rendered":"<div class=\"assembler_default-group assembler_module_group assembler_default-group_1 assembler_module_group_1\"><div class=\"assembler_module_area assembler_module_area_1\"><div class=\"assembler_text-module assembler_module assembler_text-module_1 assembler_module_1  transparent\"><a tabindex=\"-1\" title=\"Mod\u00fcl-1 ba\u015fl\u0131kl\u0131 b\u00f6l\u00fcm\" id=\"module-1\" href=\"https:\/\/bnssghealthiertogether.org.uk\/tr\/wp-json\/wp\/v2\/pages\/32915\/#module-1\" class=\"anchor\"><span class=\"hidden\">Mod\u00fcl-1 ba\u015fl\u0131kl\u0131 b\u00f6l\u00fcm<\/span><\/a><!-- Template found for text-module - Template: template-text - Matched: _only --><section class=\"w-full mx-auto max-w-content pt-12 sm:pt-24 pb-12 sm:pb-24\">\r\n  <div class=\"entry-content w-full !px-0 max-w-small\">\r\n        <h1>Ulusal Sa\u011fl\u0131k ve Bak\u0131m Ara\u015ft\u0131rma Enstit\u00fcs\u00fc&#039;ne hibe ba\u015fvurular\u0131<\/h1>\n<p>E\u011fer Ulusal Sa\u011fl\u0131k ve Bak\u0131m Ara\u015ft\u0131rma Enstit\u00fcs\u00fc&#039;ne (NIHR) bizim ev sahibi\/s\u00f6zle\u015fmeli kurulu\u015f olmam\u0131z ko\u015fuluyla bir ara\u015ft\u0131rma hibesi ba\u015fvurusu yapmay\u0131 d\u00fc\u015f\u00fcn\u00fcyorsan\u0131z, NHS Bristol, North Somerset ve South Gloucestershire ICB Ara\u015ft\u0131rma Ekibi size yard\u0131mc\u0131 olmak i\u00e7in burada.<\/p>\n<p>A\u015fa\u011f\u0131daki \u015fartlar\u0131n yerine getirilmesinden \u00f6nce, Finans Direkt\u00f6r\u00fcm\u00fcz ICB&#039;nin NIHR ba\u015fvurunuzda ev sahibi\/s\u00f6zle\u015fmeli kurulu\u015f olarak hareket etmekten memnun oldu\u011funu onaylayamaz.<\/p>\n<h2>Hibe ba\u015fvuru kontrol listesi<\/h2>\n<p>Ba\u015fvurunuzu onaylayabilmemiz i\u00e7in \u015fu iki \u015feye ihtiyac\u0131n\u0131z olacak:<\/p>\n<ol>\n<li>Ba\u015f ara\u015ft\u0131rmac\u0131dan, &quot;NHS&quot; d\u0131\u015f\u0131 t\u00fcm maliyetlerin hesapland\u0131\u011f\u0131 ve her kurulu\u015f taraf\u0131ndan onayland\u0131\u011f\u0131na dair yaz\u0131l\u0131 (e-posta veya mektup) teyit.<\/li>\n<li>T\u00fcm &quot;NHS&quot; maliyetlerinin taraf\u0131m\u0131zca hesaplan\u0131p onayland\u0131\u011f\u0131na veya maliyetlerin uygun oldu\u011funa dair ba\u015fka bir kurulu\u015ftan yaz\u0131l\u0131 onay al\u0131nd\u0131\u011f\u0131na dair teyit.<\/li>\n<\/ol>\n<h2>Hibe fonlama ak\u0131\u015f \u015femas\u0131<\/h2>\n<p>Bu <a href=\"https:\/\/bnssghealthiertogether.org.uk\/wp-content\/uploads\/2022\/08\/NIHR_Grant_Funding_-_flow_chart_2022.pdf\">hibe fonlama ak\u0131\u015f \u015femas\u0131<\/a> Bu belge, ev sahibi\/s\u00f6zle\u015fmeli kurulu\u015funuz olarak bizimle birlikte Ulusal Sa\u011fl\u0131k ve Bak\u0131m Ara\u015ft\u0131rma Enstit\u00fcs\u00fc&#039;ne (NIHR) hibe ba\u015fvurusu yapma s\u00fcrecini ve gereksinimlerini a\u00e7\u0131klamaktad\u0131r. L\u00fctfen bunun genel bir s\u00fcre\u00e7 oldu\u011funu unutmay\u0131n.<\/p>\n<p>\u00d6zet ba\u015fvurular ile tam hibe ba\u015fvurular\u0131 aras\u0131nda ve ayr\u0131ca farkl\u0131 ba\u015fvuru t\u00fcrleri aras\u0131nda ba\u015fvuru \u015fartlar\u0131nda farkl\u0131l\u0131klar bulunmaktad\u0131r. <a href=\"https:\/\/www.southampton.ac.uk\/netscc\/index.page\" rel=\"noopener\">NIHR De\u011ferlendirme, Deneme ve \u00c7al\u0131\u015fmalar Koordinasyon Merkezi<\/a> ve <a href=\"https:\/\/www.nihr.ac.uk\/about-us\/who-we-are\/governance#three\" rel=\"noopener\">NIHR Merkezi Devreye Alma Tesisi<\/a> \u00f6d\u00fcller.<\/p>\n<h2>NIHR hibe ba\u015fvurusu imzalayanlar<\/h2>\n<p>Ba\u015fvurunuza do\u011fru imza yetkililerini eklemek \u00f6nemlidir ve bu i\u015flem, yanl\u0131\u015f imza yetkililerini d\u00fczeltmek, g\u00f6rev de\u011fi\u015fikliklerini gidermek ve imza yetkililerine belirtilen son tarihe kadar imzalar\u0131n\u0131n gerekece\u011fi konusunda \u00f6nceden bilgi vermek i\u00e7in zaman tan\u0131mak amac\u0131yla, ba\u015fvurunuza ba\u015flarken yap\u0131lmal\u0131d\u0131r.<\/p>\n<h2>\u0130mzac\u0131lara ili\u015fkin k\u0131lavuz<\/h2>\n<p>T\u00fcm ba\u015fvurular i\u00e7in <a href=\"https:\/\/www.southampton.ac.uk\/netscc\/about\/index.page#programmes\" rel=\"noopener\">NIHR De\u011ferlendirme, Deneme ve \u00c7al\u0131\u015fmalar Koordinasyon Merkezi (NETSCC)<\/a> Sa\u011fl\u0131k Teknolojisi De\u011ferlendirmesi (HTA); Sa\u011fl\u0131k Hizmetleri ve Sunumu Ara\u015ft\u0131rmas\u0131 (HS&amp;DR); Halk Sa\u011fl\u0131\u011f\u0131 Ara\u015ft\u0131rmas\u0131 (PHR) veya Etkinlik ve Mekanizma De\u011ferlendirmesi (EME) gibi programlar i\u00e7in, ikinci a\u015fama ba\u015fvurusuna asgari olarak a\u015fa\u011f\u0131daki zorunlu destekleyici imza sahiplerinin eklenmesi gerekmektedir:<\/p>\n<ol>\n<li>\u0130dari Makam veya Maliye Sorumlusu<\/li>\n<li>B\u00f6l\u00fcm Ba\u015fkan\u0131 veya \u00dcst D\u00fczey Y\u00f6netici Sponsoru<\/li>\n<li>Sponsor<\/li>\n<\/ol>\n<p>T\u00fcm ba\u015fvurular i\u00e7in <a href=\"https:\/\/www.nihr.ac.uk\/about-us\/who-we-are\/governance#three\" rel=\"noopener\">NIHR Merkezi Devreye Alma Tesisi (CCF) programlar\u0131<\/a>, Ara\u015ft\u0131rma i\u00e7in Hasta Yarar\u0131na (RfPB); Uygulamal\u0131 Ara\u015ft\u0131rma i\u00e7in Program Hibesi (PGfAR); Yenilik i\u00e7in Bulu\u015f (i4i) ve Program Geli\u015ftirme Hibesi (PDG) dahil olmak \u00fczere, l\u00fctfen ilgili programlar\u0131n \u015fart ve ko\u015fullar\u0131na bak\u0131n. \u0130mza sahipleri i\u00e7in \u00f6zel bir k\u0131lavuz bulunmamaktad\u0131r.<\/p>\n  <\/div>\r\n  <\/section><\/div><!-- .assembler_text-module.assembler_module.assembler_text-module_1.assembler_module_1..transparent --><\/div><!-- .assembler_module_area.assembler_module_area_1 --><\/div><!-- .assembler_default-group.assembler_module_group.assembler_default-group_1.assembler_module_group_1  -->","protected":false},"excerpt":{"rendered":"<p>E\u011fer NIHR&#039;ye ara\u015ft\u0131rma hibesi ba\u015fvurusu yapmay\u0131 d\u00fc\u015f\u00fcn\u00fcyorsan\u0131z, ICB Ara\u015ft\u0131rma ekibi size yard\u0131mc\u0131 olabilir.<\/p>","protected":false},"author":1,"featured_media":0,"parent":32910,"menu_order":0,"comment_status":"closed","ping_status":"closed","template":"","meta":{"_acf_changed":false,"footnotes":""},"tags":[],"class_list":["post-32915","page","type-page","status-publish","hentry"],"acf":[],"_links":{"self":[{"href":"https:\/\/bnssghealthiertogether.org.uk\/tr\/wp-json\/wp\/v2\/pages\/32915","targetHints":{"allow":["GET"]}}],"collection":[{"href":"https:\/\/bnssghealthiertogether.org.uk\/tr\/wp-json\/wp\/v2\/pages"}],"about":[{"href":"https:\/\/bnssghealthiertogether.org.uk\/tr\/wp-json\/wp\/v2\/types\/page"}],"author":[{"embeddable":true,"href":"https:\/\/bnssghealthiertogether.org.uk\/tr\/wp-json\/wp\/v2\/users\/1"}],"replies":[{"embeddable":true,"href":"https:\/\/bnssghealthiertogether.org.uk\/tr\/wp-json\/wp\/v2\/comments?post=32915"}],"version-history":[{"count":4,"href":"https:\/\/bnssghealthiertogether.org.uk\/tr\/wp-json\/wp\/v2\/pages\/32915\/revisions"}],"predecessor-version":[{"id":37554,"href":"https:\/\/bnssghealthiertogether.org.uk\/tr\/wp-json\/wp\/v2\/pages\/32915\/revisions\/37554"}],"up":[{"embeddable":true,"href":"https:\/\/bnssghealthiertogether.org.uk\/tr\/wp-json\/wp\/v2\/pages\/32910"}],"wp:attachment":[{"href":"https:\/\/bnssghealthiertogether.org.uk\/tr\/wp-json\/wp\/v2\/media?parent=32915"}],"wp:term":[{"taxonomy":"post_tag","embeddable":true,"href":"https:\/\/bnssghealthiertogether.org.uk\/tr\/wp-json\/wp\/v2\/tags?post=32915"}],"curies":[{"name":"wp","href":"https:\/\/api.w.org\/{rel}","templated":true}]}}