{"id":32920,"date":"2024-10-17T13:39:08","date_gmt":"2024-10-17T12:39:08","guid":{"rendered":"https:\/\/bnssghealthiertogether.org.uk\/?page_id=32920"},"modified":"2025-02-18T09:44:55","modified_gmt":"2025-02-18T09:44:55","slug":"excess-treatment-costs","status":"publish","type":"page","link":"https:\/\/bnssghealthiertogether.org.uk\/tr\/integrated-care-board\/research-and-evidence\/support-for-researchers\/excess-treatment-costs\/","title":{"rendered":"Fazla Tedavi Maliyetleri"},"content":{"rendered":"<div class=\"assembler_default-group assembler_module_group assembler_default-group_1 assembler_module_group_1\"><div class=\"assembler_module_area assembler_module_area_1\"><div class=\"assembler_text-module assembler_module assembler_text-module_1 assembler_module_1  transparent\"><a tabindex=\"-1\" title=\"Mod\u00fcl-1 ba\u015fl\u0131kl\u0131 b\u00f6l\u00fcm\" id=\"module-1\" href=\"https:\/\/bnssghealthiertogether.org.uk\/tr\/wp-json\/wp\/v2\/pages\/32920\/#module-1\" class=\"anchor\"><span class=\"hidden\">Mod\u00fcl-1 ba\u015fl\u0131kl\u0131 b\u00f6l\u00fcm<\/span><\/a><!-- Template found for text-module - Template: template-text - Matched: _only --><section class=\"w-full mx-auto max-w-content pt-12 sm:pt-24 pb-12 sm:pb-24\">\r\n  <div class=\"entry-content w-full !px-0 max-w-small\">\r\n        <h1>Fazla Tedavi Maliyetleri<\/h1>\n<p>Ara\u015ft\u0131rma \u00e7al\u0131\u015fmalar\u0131 yeni tedavileri veya m\u00fcdahaleleri test ederken, A\u015f\u0131r\u0131 Tedavi Maliyetleri olu\u015fturabilirler.<\/p>\n<p>Tedavi Maliyetleri, ara\u015ft\u0131rma \u00e7al\u0131\u015fmas\u0131n\u0131n sona ermesinin ard\u0131ndan s\u00f6z konusu hasta bak\u0131m hizmetinin sunulmaya devam etmesi halinde olu\u015fmaya devam edecek olan bak\u0131m maliyetleridir. Tedavi Maliyetleri ile mevcut standart tedavinin maliyetleri aras\u0131ndaki fark Fazla Tedavi Maliyeti (ETC) olarak adland\u0131r\u0131l\u0131r.<\/p>\n<p>Bazen yeni veya deneysel tedavi normal tedaviden daha ucuzdur. Bu durumda tedavi masraflar\u0131 a\u00e7\u0131s\u0131ndan bir tasarruf s\u00f6z konusudur.<\/p>\n<p>Ara\u015ft\u0131rma ile ilgili \u00e7e\u015fitli maliyetlerin tan\u0131mlar\u0131 a\u015fa\u011f\u0131daki b\u00f6l\u00fcmde \u00f6zetlenmi\u015ftir <a href=\"https:\/\/www.gov.uk\/government\/publications\/guidance-on-attributing-the-costs-of-health-and-social-care-research\" rel=\"noopener\">Sa\u011fl\u0131k ve Sosyal Bak\u0131m Bakanl\u0131\u011f\u0131 AcoRD k\u0131lavuzlar\u0131<\/a>.<\/p>\n<h2>Fazla Tedavi Masraflar\u0131 i\u00e7in Ba\u015fvuru<\/h2>\n<p>Ara\u015ft\u0131rma Da\u011f\u0131t\u0131m A\u011f\u0131 ve yerel a\u011flar\u0131, Entegre Bak\u0131m Kurullar\u0131 (ICB'ler) ad\u0131na A\u015f\u0131r\u0131 Tedavi Maliyeti b\u00fct\u00e7esini y\u00f6netmektedir. Ara\u015ft\u0131rma Da\u011f\u0131t\u0131m A\u011f\u0131, 1 Ekim 2024 tarihinde Klinik Ara\u015ft\u0131rma A\u011f\u0131n\u0131n (CRN) yerini alm\u0131\u015ft\u0131r.<\/p>\n<p>Fazla Tedavi Masraflar\u0131 i\u00e7in bir AcoRD uzman\u0131 taraf\u0131ndan onaylanan \u00e7evrimi\u00e7i Olay Program\u0131 Maliyet Atfetme Arac\u0131 (SoECAT) arac\u0131l\u0131\u011f\u0131yla ba\u015fvuruda bulunursunuz.<\/p>\n<p>SoECAT arac\u0131, AcoRD ilkeleri kapsam\u0131nda \u00e7al\u0131\u015fma faaliyetlerini ve ilgili at\u0131flar\u0131 ana hatlar\u0131yla belirlemek i\u00e7in kullan\u0131l\u0131r.<\/p>\n<p>Yeni A\u015f\u0131r\u0131 Tedavi Maliyeti taleplerinin i\u015fleme konmas\u0131 i\u00e7in tek eri\u015fim noktas\u0131 NIHR \u00e7evrimi\u00e7i SoECAT arac\u0131d\u0131r.<\/p>\n<h2>Ara\u015ft\u0131rma ekibi deste\u011fi<\/h2>\n<p>NHS Bristol, North Somerset ve South Gloucestershire ICB Ara\u015ft\u0131rma ekibi, projeniz i\u00e7in A\u015f\u0131r\u0131 Tedavi Maliyetlerinin hesaplanmas\u0131 ve SoECAT'in tamamlanmas\u0131 konusunda destek sa\u011flayabilir.<\/p>\n<p>Ayr\u0131ca, Merkezi Portf\u00f6y Y\u00f6netim Sistemi arac\u0131l\u0131\u011f\u0131yla ger\u00e7ekle\u015fen Fazla Tedavi Masraf\u0131 ba\u015fvurusu i\u00e7in \u00e7evrimi\u00e7i sistemde gezinme konusunda destek sa\u011flayabiliriz.<\/p>\n<h2>Fazla Tedavi Masraflar\u0131na ili\u015fkin yeni s\u00fcrecin kilit noktalar\u0131<\/h2>\n<ul>\n<li>ETC'ler i\u00e7in t\u00fcm yeni ba\u015fvurular \u00e7evrimi\u00e7i SoECAT arac\u0131 \u00fczerinden yap\u0131l\u0131r.<\/li>\n<li>Ek bir panel y\u00fcksek maliyetli ETC'leri de\u011ferlendirecektir.<\/li>\n<li>ETC'ler RDN taraf\u0131ndan y\u00f6netilen ak\u0131\u015f \u00f6demeleridir ve \u00e7al\u0131\u015fma i\u015fe al\u0131mlar\u0131n\u0131n Merkezi Portf\u00f6y Y\u00f6netim Sistemine bildirilmesiyle tetiklenir.<\/li>\n<\/ul>\n<h2>Bize ula\u015f\u0131n<\/h2>\n<p>Fazla Tedavi Masraflar\u0131 konusunda deste\u011fe ihtiya\u00e7 duyan bir ara\u015ft\u0131rmac\u0131ysan\u0131z, Ara\u015ft\u0131rma Ekibimize \u015fu adresten e-posta g\u00f6nderin <a href=\"mailto:bnssg.research@nhs.net\">bnssg.research@nhs.net<\/a> ve yard\u0131mc\u0131 olmaktan mutluluk duyar\u0131z.<\/p>\n  <\/div>\r\n  <\/section><\/div><!-- .assembler_text-module.assembler_module.assembler_text-module_1.assembler_module_1..transparent --><\/div><!-- .assembler_module_area.assembler_module_area_1 --><\/div><!-- .assembler_default-group.assembler_module_group.assembler_default-group_1.assembler_module_group_1  -->","protected":false},"excerpt":{"rendered":"<p>If you are a researcher in need of support around Excess Treatment Costs, the ICB Research team is happy to help.<\/p>","protected":false},"author":1,"featured_media":0,"parent":32910,"menu_order":0,"comment_status":"closed","ping_status":"closed","template":"","meta":{"_acf_changed":false,"footnotes":""},"tags":[],"class_list":["post-32920","page","type-page","status-publish","hentry"],"acf":[],"_links":{"self":[{"href":"https:\/\/bnssghealthiertogether.org.uk\/tr\/wp-json\/wp\/v2\/pages\/32920","targetHints":{"allow":["GET"]}}],"collection":[{"href":"https:\/\/bnssghealthiertogether.org.uk\/tr\/wp-json\/wp\/v2\/pages"}],"about":[{"href":"https:\/\/bnssghealthiertogether.org.uk\/tr\/wp-json\/wp\/v2\/types\/page"}],"author":[{"embeddable":true,"href":"https:\/\/bnssghealthiertogether.org.uk\/tr\/wp-json\/wp\/v2\/users\/1"}],"replies":[{"embeddable":true,"href":"https:\/\/bnssghealthiertogether.org.uk\/tr\/wp-json\/wp\/v2\/comments?post=32920"}],"version-history":[{"count":5,"href":"https:\/\/bnssghealthiertogether.org.uk\/tr\/wp-json\/wp\/v2\/pages\/32920\/revisions"}],"predecessor-version":[{"id":37557,"href":"https:\/\/bnssghealthiertogether.org.uk\/tr\/wp-json\/wp\/v2\/pages\/32920\/revisions\/37557"}],"up":[{"embeddable":true,"href":"https:\/\/bnssghealthiertogether.org.uk\/tr\/wp-json\/wp\/v2\/pages\/32910"}],"wp:attachment":[{"href":"https:\/\/bnssghealthiertogether.org.uk\/tr\/wp-json\/wp\/v2\/media?parent=32920"}],"wp:term":[{"taxonomy":"post_tag","embeddable":true,"href":"https:\/\/bnssghealthiertogether.org.uk\/tr\/wp-json\/wp\/v2\/tags?post=32920"}],"curies":[{"name":"wp","href":"https:\/\/api.w.org\/{rel}","templated":true}]}}