{"id":33063,"date":"2024-10-24T13:57:21","date_gmt":"2024-10-24T12:57:21","guid":{"rendered":"https:\/\/bnssghealthiertogether.org.uk\/?page_id=33063"},"modified":"2025-01-17T15:02:28","modified_gmt":"2025-01-17T15:02:28","slug":"about-our-organisation-and-area","status":"publish","type":"page","link":"https:\/\/bnssghealthiertogether.org.uk\/tr\/integrated-care-board\/annual-review-2023-to-2024\/about-our-organisation-and-area\/","title":{"rendered":"Kurulu\u015fumuz ve faaliyet alan\u0131m\u0131z hakk\u0131nda"},"content":{"rendered":"<div class=\"assembler_default-group assembler_module_group assembler_default-group_1 assembler_module_group_1\"><div class=\"assembler_module_area assembler_module_area_1\"><div class=\"assembler_table-of-contents-module assembler_module assembler_table-of-contents-module_1 assembler_module_1  transparent\"><a tabindex=\"-1\" title=\"Mod\u00fcl-1 ba\u015fl\u0131kl\u0131 b\u00f6l\u00fcm\" id=\"module-1\" href=\"https:\/\/bnssghealthiertogether.org.uk\/tr\/wp-json\/wp\/v2\/pages\/33063\/#module-1\" class=\"anchor\"><span class=\"hidden\">Mod\u00fcl-1 ba\u015fl\u0131kl\u0131 b\u00f6l\u00fcm<\/span><\/a><!-- Template found for table-of-contents-module - Template: template-table-of-contents - Matched: _only -->\r\n<section class=\"w-full mx-auto max-w-content border-b border-pale-grey pt-6 sm:pt-12 pb-6 sm:pb-12\">\r\n    <div class=\"entry-content w-full\">\r\n    <h1><span class=\"TextRun SCXW187760553 BCX8\" lang=\"EN-GB\" xml:lang=\"EN-GB\" data-contrast=\"none\"><span class=\"NormalTextRun CommentStart CommentHighlightPipeRestV2 CommentHighlightRest SCXW187760553 BCX8\" data-ccp-parastyle=\"heading 1\">Y\u0131ll\u0131k\u00a0<\/span><span class=\"NormalTextRun CommentHighlightRest SCXW187760553 BCX8\" data-ccp-parastyle=\"heading 1\">2023 \u0130ncelemesi<\/span><span class=\"NormalTextRun CommentHighlightRest SCXW187760553 BCX8\" data-ccp-parastyle=\"heading 1\">\u00a02024&#039;e kadar<\/span><\/span><\/h1>\n<p>\u0130\u00e7indekiler<\/p>\n    <div class=\"navigation-list\">\r\n                    <ul>\r\n                      <li class=\"text-sm\">\r\n                              <a href=\"https:\/\/bnssghealthiertogether.org.uk\/tr\/integrated-care-board\/annual-review-2023-to-2024\/\" class=\"text-sm underline-offset-4 font-normal hover:!underline-4\">\r\n                                                                2023-2024 Y\u0131ll\u0131k De\u011ferlendirmesi                                <\/a>\r\n                          <\/li>\r\n                                <li class=\"text-sm\">\r\n                                                              Kurulu\u015fumuz ve faaliyet alan\u0131m\u0131z hakk\u0131nda                            <\/li>\r\n                      <li class=\"text-sm\">\r\n                              <a href=\"https:\/\/bnssghealthiertogether.org.uk\/tr\/integrated-care-board\/annual-review-2023-to-2024\/how-we-spend-your-money\/\" class=\"text-sm underline-offset-4 font-normal hover:!underline-4\">\r\n                                                                Paran\u0131z\u0131 nas\u0131l harc\u0131yoruz?                                <\/a>\r\n                          <\/li>\r\n                      <li class=\"text-sm\">\r\n                              <a href=\"https:\/\/bnssghealthiertogether.org.uk\/tr\/integrated-care-board\/annual-review-2023-to-2024\/our-year-in-review-2023-to-2024\/\" class=\"text-sm underline-offset-4 font-normal hover:!underline-4\">\r\n                                                                2023-2024 Y\u0131l\u0131 De\u011ferlendirmemiz                                <\/a>\r\n                          <\/li>\r\n                  <\/ul>\r\n          <\/div>\r\n  <\/div>\r\n<\/section><\/div><!-- .assembler_table-of-contents-module.assembler_module.assembler_table-of-contents-module_1.assembler_module_1..transparent --><div class=\"assembler_text-module assembler_module assembler_text-module_2 assembler_module_2  transparent\"><a tabindex=\"-1\" title=\"Mod\u00fcl-2 ba\u015fl\u0131kl\u0131 b\u00f6l\u00fcm\" id=\"module-2\" href=\"https:\/\/bnssghealthiertogether.org.uk\/tr\/wp-json\/wp\/v2\/pages\/33063\/#module-2\" class=\"anchor\"><span class=\"hidden\">Mod\u00fcl-2 ba\u015fl\u0131kl\u0131 b\u00f6l\u00fcm<\/span><\/a><!-- Template found for text-module - Template: template-text - Matched: _only --><section class=\"w-full mx-auto max-w-content pt-3 sm:pt-6 pb-3 sm:pb-6\">\n      <div class=\"entry-content no-last\">\n      <h1>\n        Kurulu\u015fumuz ve faaliyet alan\u0131m\u0131z hakk\u0131nda      <\/h1>\n    <\/div>\n    <div class=\"flex gap-11 md:grid md:grid-cols-2 flex-col\">\n    <div class=\"entry-content\">\n      <p>Bristol, Kuzey Somerset ve G\u00fcney Gloucestershire Entegre Bak\u0131m Kurulu, 1 Temmuz 2022&#039;de kurulan yasal bir NHS kurulu\u015fudur. N\u00fcfusumuzun sa\u011fl\u0131k ihtiya\u00e7lar\u0131n\u0131 kar\u015f\u0131lamak i\u00e7in planlar geli\u015ftirmek, NHS b\u00fct\u00e7esini y\u00f6netmek ve b\u00f6lgemizde sa\u011fl\u0131k hizmetlerinin sa\u011flanmas\u0131n\u0131 d\u00fczenlemekten sorumluyuz.<\/p>\n<p>Amac\u0131m\u0131z:<\/p>\n<ul>\n<li>Toplum sa\u011fl\u0131\u011f\u0131 ve sa\u011fl\u0131k hizmetlerinde sonu\u00e7lar\u0131 iyile\u015ftirin<\/li>\n<li>Sonu\u00e7larda, deneyimlerde ve eri\u015fimde ya\u015fanan e\u015fitsizliklerle m\u00fccadele edin.<\/li>\n<li>Verimlili\u011fi ve fiyat-performans oran\u0131n\u0131 art\u0131r\u0131n.<\/li>\n<li>NHS&#039;nin daha geni\u015f sosyal ve ekonomik kalk\u0131nmay\u0131 desteklemesine yard\u0131mc\u0131 olun.<\/li>\n<\/ul>\n<p>&nbsp;<\/p>\n<p><img decoding=\"async\" class=\"alignnone wp-image-27779 size-large\" src=\"https:\/\/bnssg.icb.nhs.uk\/wp-content\/uploads\/2024\/08\/locality-1024x726.jpg\" alt=\"\" width=\"1024\" height=\"726\" srcset=\"https:\/\/bnssghealthiertogether.org.uk\/wp-content\/uploads\/2024\/08\/locality-1024x726.jpg 1024w, https:\/\/bnssghealthiertogether.org.uk\/wp-content\/uploads\/2024\/08\/locality-300x213.jpg 300w, https:\/\/bnssghealthiertogether.org.uk\/wp-content\/uploads\/2024\/08\/locality-768x545.jpg 768w, https:\/\/bnssghealthiertogether.org.uk\/wp-content\/uploads\/2024\/08\/locality-1536x1090.jpg 1536w, https:\/\/bnssghealthiertogether.org.uk\/wp-content\/uploads\/2024\/08\/locality-2048x1453.jpg 2048w, https:\/\/bnssghealthiertogether.org.uk\/wp-content\/uploads\/2024\/08\/locality-1320x936.jpg 1320w\" sizes=\"(max-width: 1024px) 100vw, 1024px\" \/><\/p>\n    <\/div>\n    <div class=\"entry-content\">\n      <p><img decoding=\"async\" class=\"alignnone wp-image-27940 size-medium\" src=\"https:\/\/bnssg.icb.nhs.uk\/wp-content\/uploads\/2024\/09\/DSC07985-e1725360576677-300x173.jpg\" alt=\"\" width=\"600\" height=\"346\" srcset=\"https:\/\/bnssghealthiertogether.org.uk\/wp-content\/uploads\/2024\/09\/DSC07985-e1725360576677-300x173.jpg 300w, https:\/\/bnssghealthiertogether.org.uk\/wp-content\/uploads\/2024\/09\/DSC07985-e1725360576677-1024x591.jpg 1024w, https:\/\/bnssghealthiertogether.org.uk\/wp-content\/uploads\/2024\/09\/DSC07985-e1725360576677-768x443.jpg 768w, https:\/\/bnssghealthiertogether.org.uk\/wp-content\/uploads\/2024\/09\/DSC07985-e1725360576677-1536x886.jpg 1536w, https:\/\/bnssghealthiertogether.org.uk\/wp-content\/uploads\/2024\/09\/DSC07985-e1725360576677-2048x1181.jpg 2048w, https:\/\/bnssghealthiertogether.org.uk\/wp-content\/uploads\/2024\/09\/DSC07985-e1725360576677-1320x761.jpg 1320w\" sizes=\"(max-width: 600px) 100vw, 600px\" \/><\/p>\n<p>&nbsp;<\/p>\n<p>Yerel Ortakl\u0131klar\u0131m\u0131z, her toplulu\u011fun ihtiya\u00e7lar\u0131na dayal\u0131 yerel \u00f6ncelikleri belirlemek ve ele almak i\u00e7in yerel halkla ve g\u00f6n\u00fcll\u00fc ve sivil toplum sekt\u00f6r\u00fc ortaklar\u0131yla yak\u0131n i\u015fbirli\u011fi i\u00e7inde \u00e7al\u0131\u015fmaktad\u0131r.<\/p>\n<p>Alt\u0131 Yerel Ortakl\u0131k \u015funlard\u0131r:<\/p>\n<ul>\n<li>G\u00fcney Gloucestershire<\/li>\n<li>Kuzey ve Bat\u0131 Bristol<\/li>\n<li>\u015eehir Merkezi ve Do\u011fu Bristol<\/li>\n<li>G\u00fcney Bristol<\/li>\n<li>Woodspring<\/li>\n<li>Weston, Worle ve K\u00f6yler<\/li>\n<\/ul>\n    <\/div>\n      <\/div>\n<\/section><\/div><!-- .assembler_text-module.assembler_module.assembler_text-module_2.assembler_module_2..transparent --><div class=\"assembler_text-module assembler_module assembler_text-module_3 assembler_module_3  transparent\"><a tabindex=\"-1\" title=\"Mod\u00fcl-3 ba\u015fl\u0131kl\u0131 b\u00f6l\u00fcm\" id=\"module-3\" href=\"https:\/\/bnssghealthiertogether.org.uk\/tr\/wp-json\/wp\/v2\/pages\/33063\/#module-3\" class=\"anchor\"><span class=\"hidden\">Mod\u00fcl-3 ba\u015fl\u0131kl\u0131 b\u00f6l\u00fcm<\/span><\/a><!-- Template found for text-module - Template: template-text - Matched: _only --><section class=\"w-full mx-auto max-w-content pt-3 sm:pt-6 pb-3 sm:pb-6\">\r\n  <div class=\"entry-content w-full !px-0 max-w-small\">\r\n        <p>Biz, Sa\u011fl\u0131kl\u0131 Birlikte Ya\u015fam olarak bilinen yerel Entegre Bak\u0131m Sisteminin bir par\u00e7as\u0131y\u0131z. Bu ortakl\u0131k arac\u0131l\u0131\u011f\u0131yla, insanlar\u0131n daha uzun s\u00fcre mutlu, sa\u011fl\u0131kl\u0131 ve iyi kalmalar\u0131na yard\u0131mc\u0131 olmak i\u00e7in di\u011fer NHS kurulu\u015flar\u0131, yerel konseyler ve g\u00f6n\u00fcll\u00fc ve topluluk sekt\u00f6r\u00fcyle yak\u0131n i\u015fbirli\u011fi i\u00e7inde \u00e7al\u0131\u015f\u0131yoruz.<\/p>\n<p>B\u00f6lgemizle ilgili bilgiler:<\/p>\n<ul>\n<li>1 milyon ki\u015fi<\/li>\n<li>Bristol&#039;da ya\u015fayan insanlar\u0131n 1&#039;i siyah ve az\u0131nl\u0131k etnik gruplardand\u0131r.<\/li>\n<li>15-24 ya\u015f aras\u0131 ve 60 ya\u015f \u00fcst\u00fc ki\u015filerin say\u0131s\u0131 art\u0131yor.<\/li>\n<li>Her 10 ki\u015fiden 1&#039;i yoksulluk i\u00e7inde ya\u015f\u0131yor.<\/li>\n<li>En yoksul ve en yoksul topluluklarda ya\u015fayanlar aras\u0131nda ortalama ya\u015fam s\u00fcresinde 15 y\u0131la kadar fark bulunmaktad\u0131r.<\/li>\n<\/ul>\n  <\/div>\r\n  <\/section><\/div><!-- .assembler_text-module.assembler_module.assembler_text-module_3.assembler_module_3..transparent --><div class=\"assembler_text-module assembler_module assembler_text-module_4 assembler_module_4  transparent\"><a tabindex=\"-1\" title=\"Mod\u00fcl-4 ba\u015fl\u0131kl\u0131 b\u00f6l\u00fcm\" id=\"module-4\" href=\"https:\/\/bnssghealthiertogether.org.uk\/tr\/wp-json\/wp\/v2\/pages\/33063\/#module-4\" class=\"anchor\"><span class=\"hidden\">Mod\u00fcl-4 ba\u015fl\u0131kl\u0131 b\u00f6l\u00fcm<\/span><\/a><!-- Template found for text-module - Template: template-text - Matched: _only --><section class=\"w-full mx-auto max-w-content pt-3 sm:pt-6 pb-3 sm:pb-6\">\r\n  <div class=\"entry-content w-full !px-0 max-w-small\">\r\n        <p><img decoding=\"async\" class=\"alignnone wp-image-27876 size-large\" src=\"https:\/\/bnssg.icb.nhs.uk\/wp-content\/uploads\/2024\/09\/GRAPHIC-1024x469.jpg\" alt=\"\" width=\"1024\" height=\"469\" srcset=\"https:\/\/bnssghealthiertogether.org.uk\/wp-content\/uploads\/2024\/09\/GRAPHIC-1024x469.jpg 1024w, https:\/\/bnssghealthiertogether.org.uk\/wp-content\/uploads\/2024\/09\/GRAPHIC-300x138.jpg 300w, https:\/\/bnssghealthiertogether.org.uk\/wp-content\/uploads\/2024\/09\/GRAPHIC-768x352.jpg 768w, https:\/\/bnssghealthiertogether.org.uk\/wp-content\/uploads\/2024\/09\/GRAPHIC-1536x704.jpg 1536w, https:\/\/bnssghealthiertogether.org.uk\/wp-content\/uploads\/2024\/09\/GRAPHIC-2048x939.jpg 2048w, https:\/\/bnssghealthiertogether.org.uk\/wp-content\/uploads\/2024\/09\/GRAPHIC-1320x605.jpg 1320w\" sizes=\"(max-width: 1024px) 100vw, 1024px\" \/><\/p>\n  <\/div>\r\n  <\/section><\/div><!-- .assembler_text-module.assembler_module.assembler_text-module_4.assembler_module_4..transparent --><\/div><!-- .assembler_module_area.assembler_module_area_1 --><\/div><!-- .assembler_default-group.assembler_module_group.assembler_default-group_1.assembler_module_group_1  -->","protected":false},"excerpt":{"rendered":"<p>Section titled module-1 Annual\u00a0Review 2023\u00a0to 2024 Contents Annual Review 2023 to 2024 About our organisation and area How we spend your money Our year in review 2023 to 2024 Section titled module-2 About our organisation and area Bristol, North Somerset and South Gloucestershire Integrated Care Board is a statutory NHS organisation that was established on [&hellip;]<\/p>\n","protected":false},"author":1,"featured_media":0,"parent":33059,"menu_order":0,"comment_status":"closed","ping_status":"closed","template":"","meta":{"_acf_changed":false,"footnotes":""},"tags":[],"class_list":["post-33063","page","type-page","status-publish","hentry"],"acf":[],"_links":{"self":[{"href":"https:\/\/bnssghealthiertogether.org.uk\/tr\/wp-json\/wp\/v2\/pages\/33063","targetHints":{"allow":["GET"]}}],"collection":[{"href":"https:\/\/bnssghealthiertogether.org.uk\/tr\/wp-json\/wp\/v2\/pages"}],"about":[{"href":"https:\/\/bnssghealthiertogether.org.uk\/tr\/wp-json\/wp\/v2\/types\/page"}],"author":[{"embeddable":true,"href":"https:\/\/bnssghealthiertogether.org.uk\/tr\/wp-json\/wp\/v2\/users\/1"}],"replies":[{"embeddable":true,"href":"https:\/\/bnssghealthiertogether.org.uk\/tr\/wp-json\/wp\/v2\/comments?post=33063"}],"version-history":[{"count":6,"href":"https:\/\/bnssghealthiertogether.org.uk\/tr\/wp-json\/wp\/v2\/pages\/33063\/revisions"}],"predecessor-version":[{"id":36206,"href":"https:\/\/bnssghealthiertogether.org.uk\/tr\/wp-json\/wp\/v2\/pages\/33063\/revisions\/36206"}],"up":[{"embeddable":true,"href":"https:\/\/bnssghealthiertogether.org.uk\/tr\/wp-json\/wp\/v2\/pages\/33059"}],"wp:attachment":[{"href":"https:\/\/bnssghealthiertogether.org.uk\/tr\/wp-json\/wp\/v2\/media?parent=33063"}],"wp:term":[{"taxonomy":"post_tag","embeddable":true,"href":"https:\/\/bnssghealthiertogether.org.uk\/tr\/wp-json\/wp\/v2\/tags?post=33063"}],"curies":[{"name":"wp","href":"https:\/\/api.w.org\/{rel}","templated":true}]}}