{"id":33066,"date":"2025-01-17T14:46:53","date_gmt":"2025-01-17T14:46:53","guid":{"rendered":"https:\/\/bnssghealthiertogether.org.uk\/?page_id=33066"},"modified":"2025-02-04T10:09:10","modified_gmt":"2025-02-04T10:09:10","slug":"how-we-spend-your-money","status":"publish","type":"page","link":"https:\/\/bnssghealthiertogether.org.uk\/tr\/integrated-care-board\/annual-review-2023-to-2024\/how-we-spend-your-money\/","title":{"rendered":"Paran\u0131z\u0131 nas\u0131l harc\u0131yoruz?"},"content":{"rendered":"<div class=\"assembler_default-group assembler_module_group assembler_default-group_1 assembler_module_group_1\"><div class=\"assembler_module_area assembler_module_area_1\"><div class=\"assembler_table-of-contents-module assembler_module assembler_table-of-contents-module_1 assembler_module_1  transparent\"><a tabindex=\"-1\" title=\"Mod\u00fcl-1 ba\u015fl\u0131kl\u0131 b\u00f6l\u00fcm\" id=\"module-1\" href=\"https:\/\/bnssghealthiertogether.org.uk\/tr\/wp-json\/wp\/v2\/pages\/33066\/#module-1\" class=\"anchor\"><span class=\"hidden\">Mod\u00fcl-1 ba\u015fl\u0131kl\u0131 b\u00f6l\u00fcm<\/span><\/a><!-- Template found for table-of-contents-module - Template: template-table-of-contents - Matched: _only -->\r\n<section class=\"w-full mx-auto max-w-content border-b border-pale-grey pt-6 sm:pt-12 pb-3 sm:pb-6\">\r\n    <div class=\"entry-content w-full\">\r\n    <h1>2023-2024 Y\u0131ll\u0131k De\u011ferlendirmesi<\/h1>\n<p>\u0130\u00e7indekiler<\/p>\n    <div class=\"navigation-list\">\r\n                    <ul>\r\n                      <li class=\"text-sm\">\r\n                              <a href=\"https:\/\/bnssghealthiertogether.org.uk\/tr\/integrated-care-board\/annual-review-2023-to-2024\/\" class=\"text-sm underline-offset-4 font-normal hover:!underline-4\">\r\n                                                                2023-2024 Y\u0131ll\u0131k De\u011ferlendirmesi                                <\/a>\r\n                          <\/li>\r\n                                <li class=\"text-sm\">\r\n                              <a href=\"https:\/\/bnssghealthiertogether.org.uk\/tr\/integrated-care-board\/annual-review-2023-to-2024\/about-our-organisation-and-area\/\" class=\"text-sm underline-offset-4 font-normal hover:!underline-4\">\r\n                                                                Kurulu\u015fumuz ve faaliyet alan\u0131m\u0131z hakk\u0131nda                                <\/a>\r\n                          <\/li>\r\n                      <li class=\"text-sm\">\r\n                                                              Paran\u0131z\u0131 nas\u0131l harc\u0131yoruz?                            <\/li>\r\n                      <li class=\"text-sm\">\r\n                              <a href=\"https:\/\/bnssghealthiertogether.org.uk\/tr\/integrated-care-board\/annual-review-2023-to-2024\/our-year-in-review-2023-to-2024\/\" class=\"text-sm underline-offset-4 font-normal hover:!underline-4\">\r\n                                                                2023-2024 Y\u0131l\u0131 De\u011ferlendirmemiz                                <\/a>\r\n                          <\/li>\r\n                  <\/ul>\r\n          <\/div>\r\n  <\/div>\r\n<\/section><\/div><!-- .assembler_table-of-contents-module.assembler_module.assembler_table-of-contents-module_1.assembler_module_1..transparent --><div class=\"assembler_text-module assembler_module assembler_text-module_2 assembler_module_2  transparent\"><a tabindex=\"-1\" title=\"Mod\u00fcl-2 ba\u015fl\u0131kl\u0131 b\u00f6l\u00fcm\" id=\"module-2\" href=\"https:\/\/bnssghealthiertogether.org.uk\/tr\/wp-json\/wp\/v2\/pages\/33066\/#module-2\" class=\"anchor\"><span class=\"hidden\">Mod\u00fcl-2 ba\u015fl\u0131kl\u0131 b\u00f6l\u00fcm<\/span><\/a><!-- Template found for text-module - Template: template-text - Matched: _only --><section class=\"w-full mx-auto max-w-content pt-3 sm:pt-6 pb-3 sm:pb-6\">\n      <div class=\"entry-content no-last\">\n      <h1>\n        Paran\u0131z\u0131 nas\u0131l harc\u0131yoruz?      <\/h1>\n    <\/div>\n    <div class=\"flex gap-11 md:grid md:grid-cols-2 flex-col\">\n    <div class=\"entry-content\">\n      <p>&nbsp;<\/p>\n<p>Y\u0131ll\u0131k b\u00fct\u00e7emiz, NHS England ve Entegre Bak\u0131m Sistemi ortaklar\u0131m\u0131zla birlikte geli\u015ftirilir ve onaylan\u0131r.<\/p>\n<p>Toplamda, 2023-2024 y\u0131llar\u0131 aras\u0131nda hizmet verdi\u011fimiz topluluklar\u0131n sa\u011fl\u0131k ve refah\u0131 i\u00e7in 2,17 milyar sterlin harcad\u0131k.<\/p>\n<p>B\u00fct\u00e7emizin en b\u00fcy\u00fck k\u0131sm\u0131 acil hastane hizmetlerine harcan\u0131rken, geri kalan\u0131 toplum hizmetleri, ruh sa\u011fl\u0131\u011f\u0131, birinci basamak sa\u011fl\u0131k hizmetleri, ila\u00e7 y\u00f6netimi ve devlet destekli bak\u0131m hizmetlerine da\u011f\u0131t\u0131lmaktad\u0131r.<\/p>\n<p>&nbsp;<\/p>\n<h2 style=\"text-align: right;\"><\/h2>\n<p>&nbsp;<\/p>\n<h2><\/h2>\n<p>&nbsp;<\/p>\n<h2 style=\"text-align: right;\"><strong>2023-2024 harcamalar\u0131n\u0131n da\u011f\u0131l\u0131m\u0131<\/strong><\/h2>\n<p style=\"text-align: right;\"><img decoding=\"async\" class=\"alignright wp-image-27998 size-medium\" src=\"https:\/\/bnssghealthiertogether.org.uk\/wp-content\/uploads\/2024\/09\/Pie-chart-300x300.jpg\" alt=\"\" width=\"600\" height=\"600\" srcset=\"https:\/\/bnssghealthiertogether.org.uk\/wp-content\/uploads\/2024\/09\/Pie-chart-300x300.jpg 300w, https:\/\/bnssghealthiertogether.org.uk\/wp-content\/uploads\/2024\/09\/Pie-chart-1024x1024.jpg 1024w, https:\/\/bnssghealthiertogether.org.uk\/wp-content\/uploads\/2024\/09\/Pie-chart-150x150.jpg 150w, https:\/\/bnssghealthiertogether.org.uk\/wp-content\/uploads\/2024\/09\/Pie-chart-768x768.jpg 768w, https:\/\/bnssghealthiertogether.org.uk\/wp-content\/uploads\/2024\/09\/Pie-chart-1536x1536.jpg 1536w, https:\/\/bnssghealthiertogether.org.uk\/wp-content\/uploads\/2024\/09\/Pie-chart-1320x1320.jpg 1320w, https:\/\/bnssghealthiertogether.org.uk\/wp-content\/uploads\/2024\/09\/Pie-chart.jpg 1900w\" sizes=\"(max-width: 600px) 100vw, 600px\" \/><\/p>\n    <\/div>\n    <div class=\"entry-content\">\n      <p><img decoding=\"async\" class=\"alignnone wp-image-35404 size-large\" src=\"https:\/\/bnssghealthiertogether.org.uk\/wp-content\/uploads\/2024\/12\/DSC08109-scaled-1-1024x683.jpg\" alt=\"\" width=\"1024\" height=\"683\" srcset=\"https:\/\/bnssghealthiertogether.org.uk\/wp-content\/uploads\/2024\/12\/DSC08109-scaled-1-1024x683.jpg 1024w, https:\/\/bnssghealthiertogether.org.uk\/wp-content\/uploads\/2024\/12\/DSC08109-scaled-1-300x200.jpg 300w, https:\/\/bnssghealthiertogether.org.uk\/wp-content\/uploads\/2024\/12\/DSC08109-scaled-1-768x512.jpg 768w, https:\/\/bnssghealthiertogether.org.uk\/wp-content\/uploads\/2024\/12\/DSC08109-scaled-1-1536x1024.jpg 1536w, https:\/\/bnssghealthiertogether.org.uk\/wp-content\/uploads\/2024\/12\/DSC08109-scaled-1-2048x1366.jpg 2048w, https:\/\/bnssghealthiertogether.org.uk\/wp-content\/uploads\/2024\/12\/DSC08109-scaled-1-1320x880.jpg 1320w\" sizes=\"(max-width: 1024px) 100vw, 1024px\" \/><\/p>\n<p>&nbsp;<\/p>\n<p>&nbsp;<\/p>\n<p>&nbsp;<\/p>\n<p>&nbsp;<\/p>\n<ul>\n<li style=\"text-align: left;\">Acil hastaneler 51%<\/li>\n<li style=\"text-align: left;\">Birinci basamak sa\u011fl\u0131k hizmetleri, dahil olmak \u00fczere<br \/>\neczane, optometri<br \/>\nve di\u015f hekimli\u011fi 14%<\/li>\n<li style=\"text-align: left;\">\u00c7ocuk hizmetlerini de i\u00e7eren topluluk<br \/>\n11%<\/li>\n<li style=\"text-align: left;\">Ruh sa\u011fl\u0131\u011f\u0131 11%<\/li>\n<li style=\"text-align: left;\">\u0130la\u00e7lar<br \/>\ny\u00f6netim 7%<\/li>\n<li style=\"text-align: left;\">Devlet destekli bak\u0131m 5%<\/li>\n<li style=\"text-align: left;\">\u0130\u015fletme maliyetleri 1%<\/li>\n<\/ul>\n    <\/div>\n      <\/div>\n<\/section><\/div><!-- .assembler_text-module.assembler_module.assembler_text-module_2.assembler_module_2..transparent --><div class=\"assembler_text-module assembler_module assembler_text-module_3 assembler_module_3  transparent\"><a tabindex=\"-1\" title=\"Mod\u00fcl-3 ba\u015fl\u0131kl\u0131 b\u00f6l\u00fcm\" id=\"module-3\" href=\"https:\/\/bnssghealthiertogether.org.uk\/tr\/wp-json\/wp\/v2\/pages\/33066\/#module-3\" class=\"anchor\"><span class=\"hidden\">Mod\u00fcl-3 ba\u015fl\u0131kl\u0131 b\u00f6l\u00fcm<\/span><\/a><!-- Template found for text-module - Template: template-text - Matched: _only --><section class=\"w-full mx-auto max-w-content pt-3 sm:pt-6 pb-12 sm:pb-24\">\r\n  <div class=\"entry-content w-full !px-0 max-w-small\">\r\n        <p><span data-contrast=\"auto\">Y\u0131l i\u00e7in finansal \u00f6nceliklerimiz aras\u0131nda, pandemi sonras\u0131nda temel hizmetlerin toparlanmas\u0131na devam etmek yer al\u0131yordu. Ayr\u0131ca eczane, g\u00f6z muayenesi ve di\u015f hekimli\u011fi hizmetlerinin devreye al\u0131nmas\u0131 sorumlulu\u011funu \u00fcstlendik ve yeni hizmetleri devreye ald\u0131k. <\/span><span data-contrast=\"none\">G\u00f6n\u00fcll\u00fc, Topluluk ve Sosyal Giri\u015fim (VCSE) ortaklar\u0131 ve Yerel Ortakl\u0131klar.<\/span><span data-ccp-props=\"{&quot;201341983&quot;:0,&quot;335559739&quot;:160,&quot;335559740&quot;:259}\">\u00a0<\/span><\/p>\n<p><span data-contrast=\"auto\">Y\u0131l boyunca temel finansal y\u00fck\u00fcml\u00fcl\u00fcklerimizin tamam\u0131n\u0131 yerine getirmi\u015f olmaktan memnuniyet duyuyoruz. Performans hedeflerimize ula\u015ft\u0131k ve 2024-2025 y\u0131llar\u0131 i\u00e7in \u00fczerine in\u015fa edebilece\u011fimiz s\u00fcrd\u00fcr\u00fclebilir bir konumda y\u0131l\u0131 tamamlad\u0131k.<\/span><\/p>\n  <\/div>\r\n  <\/section><\/div><!-- .assembler_text-module.assembler_module.assembler_text-module_3.assembler_module_3..transparent --><\/div><!-- .assembler_module_area.assembler_module_area_1 --><\/div><!-- .assembler_default-group.assembler_module_group.assembler_default-group_1.assembler_module_group_1  -->","protected":false},"excerpt":{"rendered":"<p>Y\u0131ll\u0131k b\u00fct\u00e7emiz, NHS England ve Entegre Bak\u0131m Sistemi ortaklar\u0131m\u0131zla birlikte geli\u015ftirilir ve onaylan\u0131r.<\/p>","protected":false},"author":1,"featured_media":0,"parent":33059,"menu_order":0,"comment_status":"closed","ping_status":"closed","template":"","meta":{"_acf_changed":false,"footnotes":""},"tags":[],"class_list":["post-33066","page","type-page","status-publish","hentry"],"acf":[],"_links":{"self":[{"href":"https:\/\/bnssghealthiertogether.org.uk\/tr\/wp-json\/wp\/v2\/pages\/33066","targetHints":{"allow":["GET"]}}],"collection":[{"href":"https:\/\/bnssghealthiertogether.org.uk\/tr\/wp-json\/wp\/v2\/pages"}],"about":[{"href":"https:\/\/bnssghealthiertogether.org.uk\/tr\/wp-json\/wp\/v2\/types\/page"}],"author":[{"embeddable":true,"href":"https:\/\/bnssghealthiertogether.org.uk\/tr\/wp-json\/wp\/v2\/users\/1"}],"replies":[{"embeddable":true,"href":"https:\/\/bnssghealthiertogether.org.uk\/tr\/wp-json\/wp\/v2\/comments?post=33066"}],"version-history":[{"count":4,"href":"https:\/\/bnssghealthiertogether.org.uk\/tr\/wp-json\/wp\/v2\/pages\/33066\/revisions"}],"predecessor-version":[{"id":37108,"href":"https:\/\/bnssghealthiertogether.org.uk\/tr\/wp-json\/wp\/v2\/pages\/33066\/revisions\/37108"}],"up":[{"embeddable":true,"href":"https:\/\/bnssghealthiertogether.org.uk\/tr\/wp-json\/wp\/v2\/pages\/33059"}],"wp:attachment":[{"href":"https:\/\/bnssghealthiertogether.org.uk\/tr\/wp-json\/wp\/v2\/media?parent=33066"}],"wp:term":[{"taxonomy":"post_tag","embeddable":true,"href":"https:\/\/bnssghealthiertogether.org.uk\/tr\/wp-json\/wp\/v2\/tags?post=33066"}],"curies":[{"name":"wp","href":"https:\/\/api.w.org\/{rel}","templated":true}]}}