{"id":34442,"date":"2024-11-26T16:21:24","date_gmt":"2024-11-26T16:21:24","guid":{"rendered":"https:\/\/bnssghealthiertogether.org.uk\/?page_id=34442"},"modified":"2025-01-15T22:59:06","modified_gmt":"2025-01-15T22:59:06","slug":"supporting-research-on-medicines-waste","status":"publish","type":"page","link":"https:\/\/bnssghealthiertogether.org.uk\/tr\/integrated-care-board\/research-and-evidence\/impact-case-studies\/supporting-research-on-medicines-waste\/","title":{"rendered":"\u0130la\u00e7 at\u0131klar\u0131yla ilgili ara\u015ft\u0131rmalar\u0131 desteklemek"},"content":{"rendered":"<div class=\"assembler_default-group assembler_module_group assembler_default-group_1 assembler_module_group_1\"><div class=\"assembler_module_area assembler_module_area_1\"><div class=\"assembler_text-module assembler_module assembler_text-module_1 assembler_module_1  transparent\"><a tabindex=\"-1\" title=\"Mod\u00fcl-1 ba\u015fl\u0131kl\u0131 b\u00f6l\u00fcm\" id=\"module-1\" href=\"https:\/\/bnssghealthiertogether.org.uk\/tr\/wp-json\/wp\/v2\/pages\/34442\/#module-1\" class=\"anchor\"><span class=\"hidden\">Mod\u00fcl-1 ba\u015fl\u0131kl\u0131 b\u00f6l\u00fcm<\/span><\/a><!-- Template found for text-module - Template: template-text - Matched: _only --><section class=\"w-full mx-auto max-w-content pt-12 sm:pt-24 pb-12 sm:pb-24\">\r\n  <div class=\"entry-content w-full !px-0 max-w-small\">\r\n        <h1>\u0130la\u00e7 at\u0131klar\u0131yla ilgili ara\u015ft\u0131rmalar\u0131 desteklemek<\/h1>\n<p><img decoding=\"async\" class=\"alignnone size-medium wp-image-8415\" src=\"https:\/\/bnssghealthiertogether.org.uk\/wp-content\/uploads\/2022\/07\/Tablets_small.original-300x154.png\" alt=\"A mix of pills demonstrating medication\" width=\"300\" height=\"154\" \/><\/p>\n<p>2016 y\u0131l\u0131nda, NHS Bristol Klinik Komisyon Grubu (CCG), ila\u00e7 israf\u0131 hakk\u0131nda bir rapor yay\u0131nlad\u0131. Rakamlar, Bristol&#039;da her y\u0131l en az 5 milyon sterlinin, \u00fclke genelinde ise 300 milyon sterlinin kullan\u0131lmayan ila\u00e7lara harcand\u0131\u011f\u0131n\u0131 ortaya koydu. Rapor, hasta bak\u0131m\u0131nda ve NHS kaynaklar\u0131n\u0131n kullan\u0131m\u0131nda b\u00fcy\u00fck iyile\u015ftirme potansiyeli oldu\u011funu belirledi.<\/p>\n<p>ICB <a href=\"https:\/\/bnssghealthiertogether.org.uk\/tr\/integrated-care-board\/research-and-evidence\/\" target=\"_blank\" rel=\"noopener\">Ara\u015ft\u0131rma Ekibi<\/a> Bu soruna olas\u0131 \u00e7\u00f6z\u00fcmler bulmak i\u00e7in yerel akademisyenlerle i\u015f birli\u011fi yapman\u0131n potansiyelini g\u00f6rd\u00fck. CCG raporunun yazar\u0131 ile Bristol \u00dcniversitesi&#039;ndeki akademisyenler aras\u0131nda bir g\u00f6r\u00fc\u015fme ayarlad\u0131k.<\/p>\n<h2>Etkimiz<\/h2>\n<p>Bristol \u00dcniversitesi&#039;nden Dr. Rupert Payne&#039;e, NIHR&#039;ye yap\u0131lacak bir ara\u015ft\u0131rma ba\u015fvurusunun ortak geli\u015ftirilmesi i\u00e7in k\u0131sa vadeli bir proje y\u00fcr\u00fctmesi amac\u0131yla 18.000 \u00a3 yat\u0131r\u0131m yapt\u0131k. NIHR&#039;ye yap\u0131lan ba\u015fvuru ba\u015far\u0131l\u0131 oldu ve CCG&#039;ye Ekim 2017&#039;de birinci basamak sa\u011fl\u0131k hizmetlerinde \u00e7oklu ila\u00e7 kullan\u0131m\u0131n\u0131n optimize edilmesi \u00fczerine ara\u015ft\u0131rma yapmak \u00fczere 1,8 milyon \u00a3 \u00f6d\u00fcl verildi.<\/p>\n<p>\u00c7oklu ila\u00e7 kullan\u0131m\u0131n\u0131 optimize etme, bir eczac\u0131n\u0131n veya pratisyen hekimin, her ilac\u0131 ayr\u0131 ayr\u0131 ele almak yerine, hastan\u0131n t\u00fcm ila\u00e7 listesini dikkate alma s\u00fcrecidir. Hastan\u0131n ald\u0131\u011f\u0131 ila\u00e7 say\u0131s\u0131n\u0131 azaltabilir veya re\u00e7ete listesini de\u011fi\u015ftirerek hastan\u0131n iyili\u011fini art\u0131rabilirler. Bu, ila\u00e7 israf\u0131n\u0131 azaltmaya yard\u0131mc\u0131 olur.<\/p>\n  <\/div>\r\n  <\/section><\/div><!-- .assembler_text-module.assembler_module.assembler_text-module_1.assembler_module_1..transparent --><\/div><!-- .assembler_module_area.assembler_module_area_1 --><\/div><!-- .assembler_default-group.assembler_module_group.assembler_default-group_1.assembler_module_group_1  -->","protected":false},"excerpt":{"rendered":"<p>Section titled module-1 Supporting research on medicines waste In 2016, NHS Bristol Clinical Commissioning Group (CCG) published a report on medicines waste. Figures revealed at least \u00a35 million is spent on unused medication each year in Bristol and \u00a3300 million nationally. The report identified huge potential for improvements to patient care and use of NHS [&hellip;]<\/p>\n","protected":false},"author":1,"featured_media":0,"parent":32870,"menu_order":0,"comment_status":"closed","ping_status":"closed","template":"","meta":{"_acf_changed":false,"footnotes":""},"tags":[],"class_list":["post-34442","page","type-page","status-publish","hentry"],"acf":[],"_links":{"self":[{"href":"https:\/\/bnssghealthiertogether.org.uk\/tr\/wp-json\/wp\/v2\/pages\/34442","targetHints":{"allow":["GET"]}}],"collection":[{"href":"https:\/\/bnssghealthiertogether.org.uk\/tr\/wp-json\/wp\/v2\/pages"}],"about":[{"href":"https:\/\/bnssghealthiertogether.org.uk\/tr\/wp-json\/wp\/v2\/types\/page"}],"author":[{"embeddable":true,"href":"https:\/\/bnssghealthiertogether.org.uk\/tr\/wp-json\/wp\/v2\/users\/1"}],"replies":[{"embeddable":true,"href":"https:\/\/bnssghealthiertogether.org.uk\/tr\/wp-json\/wp\/v2\/comments?post=34442"}],"version-history":[{"count":4,"href":"https:\/\/bnssghealthiertogether.org.uk\/tr\/wp-json\/wp\/v2\/pages\/34442\/revisions"}],"predecessor-version":[{"id":36087,"href":"https:\/\/bnssghealthiertogether.org.uk\/tr\/wp-json\/wp\/v2\/pages\/34442\/revisions\/36087"}],"up":[{"embeddable":true,"href":"https:\/\/bnssghealthiertogether.org.uk\/tr\/wp-json\/wp\/v2\/pages\/32870"}],"wp:attachment":[{"href":"https:\/\/bnssghealthiertogether.org.uk\/tr\/wp-json\/wp\/v2\/media?parent=34442"}],"wp:term":[{"taxonomy":"post_tag","embeddable":true,"href":"https:\/\/bnssghealthiertogether.org.uk\/tr\/wp-json\/wp\/v2\/tags?post=34442"}],"curies":[{"name":"wp","href":"https:\/\/api.w.org\/{rel}","templated":true}]}}