{"id":34458,"date":"2024-11-26T16:33:21","date_gmt":"2024-11-26T16:33:21","guid":{"rendered":"https:\/\/bnssghealthiertogether.org.uk\/?page_id=34458"},"modified":"2025-01-16T10:03:29","modified_gmt":"2025-01-16T10:03:29","slug":"a-systematic-review-of-parents-carers-needs-and-interventions-to-support-parents-carers-of-young-people-with-mental-health-problems-receiving-mental-health-services-evidence-synthesis-wit","status":"publish","type":"page","link":"https:\/\/bnssghealthiertogether.org.uk\/tr\/integrated-care-board\/research-and-evidence\/our-research-portfolio\/nihr-funded-projects\/a-systematic-review-of-parents-carers-needs-and-interventions-to-support-parents-carers-of-young-people-with-mental-health-problems-receiving-mental-health-services-evidence-synthesis-wit\/","title":{"rendered":"Ruh sa\u011fl\u0131\u011f\u0131 sorunlar\u0131 ya\u015fayan ve ruh sa\u011fl\u0131\u011f\u0131 hizmeti alan gen\u00e7lerin ebeveynlerinin\/bak\u0131c\u0131lar\u0131n\u0131n ihtiya\u00e7lar\u0131na ve onlar\u0131 desteklemeye y\u00f6nelik m\u00fcdahalelere ili\u015fkin sistematik bir inceleme: Payda\u015f kat\u0131l\u0131m\u0131yla kan\u0131t sentezi yoluyla pratik \u00f6neriler sunmak."},"content":{"rendered":"<div class=\"assembler_default-group assembler_module_group assembler_default-group_1 assembler_module_group_1\"><div class=\"assembler_module_area assembler_module_area_1\"><div class=\"assembler_text-module assembler_module assembler_text-module_1 assembler_module_1  transparent\"><a tabindex=\"-1\" title=\"Mod\u00fcl-1 ba\u015fl\u0131kl\u0131 b\u00f6l\u00fcm\" id=\"module-1\" href=\"https:\/\/bnssghealthiertogether.org.uk\/tr\/wp-json\/wp\/v2\/pages\/34458\/#module-1\" class=\"anchor\"><span class=\"hidden\">Mod\u00fcl-1 ba\u015fl\u0131kl\u0131 b\u00f6l\u00fcm<\/span><\/a><!-- Template found for text-module - Template: template-text - Matched: _only --><section class=\"w-full mx-auto max-w-content pt-12 sm:pt-24 pb-12 sm:pb-24\">\r\n  <div class=\"entry-content w-full !px-0 max-w-small\">\r\n        <h1>Ruh sa\u011fl\u0131\u011f\u0131 sorunlar\u0131 ya\u015fayan ve ruh sa\u011fl\u0131\u011f\u0131 hizmeti alan gen\u00e7lerin ebeveynlerinin\/bak\u0131c\u0131lar\u0131n\u0131n ihtiya\u00e7lar\u0131na ve onlar\u0131 desteklemeye y\u00f6nelik m\u00fcdahalelere ili\u015fkin sistematik bir inceleme: Payda\u015f kat\u0131l\u0131m\u0131yla kan\u0131t sentezi yoluyla pratik \u00f6neriler sunma.<\/h1>\n<h2><strong>Finansman:<\/strong><\/h2>\n<p>Bu proje, NIHR Ara\u015ft\u0131rma ve Hasta Yarar\u0131na \u00c7al\u0131\u015fma (RfPB) program\u0131 (NIHR203023) taraf\u0131ndan finanse edilmektedir.<\/p>\n<h2>Ara\u015ft\u0131rma sorusu nedir?<\/h2>\n<p>Ruh sa\u011fl\u0131\u011f\u0131 hizmeti alan gen\u00e7lerin ebeveynlerinin ve bak\u0131c\u0131lar\u0131n\u0131n ihtiya\u00e7lar\u0131 nelerdir ve bu ihtiya\u00e7lar\u0131 kar\u015f\u0131lamak i\u00e7in hangi m\u00fcdahale yakla\u015f\u0131mlar\u0131 kullan\u0131lm\u0131\u015ft\u0131r?<\/p>\n<p>Bu m\u00fcdahalelerin ne kadar etkili oldu\u011funa dair hangi kan\u0131tlar var; ebeveynlerin ve ailelerinin refah\u0131n\u0131 iyile\u015ftiriyorlar m\u0131?<\/p>\n<h2>Sorun nedir?<\/h2>\n<p>1,25 milyondan fazla \u00e7ocuk ve gen\u00e7te ruh sa\u011fl\u0131\u011f\u0131 sorunu bulunmaktad\u0131r. Bunlar\u0131n bir\u00e7o\u011fu ebeveynlerinden destek almaya ihtiya\u00e7 duymaktad\u0131r. &quot;Ebeveyn&quot; ifadesi, ebeveyn rol\u00fcndeki herhangi bir yeti\u015fkini ifade etmektedir.<\/p>\n<p>Zihinsel sa\u011fl\u0131k sorunlar\u0131 olan bir gence sahip olmak, ebeveynler ve bak\u0131c\u0131lar i\u00e7in \u00e7ok zor olabilir; kendileri de zihinsel sa\u011fl\u0131k sorunlar\u0131 ya\u015fayabilirler. Dahas\u0131, gen\u00e7leriyle olan ili\u015fkileri de k\u00f6t\u00fcle\u015febilir.<\/p>\n<p>Ebeveynler \u00e7o\u011fu zaman gen\u00e7 bireylerine nas\u0131l en iyi \u015fekilde destek olacaklar\u0131n\u0131 bilemezler; bu durum gen\u00e7 bireyin sa\u011fl\u0131\u011f\u0131n\u0131 etkileyebilir. Ayr\u0131ca NHS (Ulusal Sa\u011fl\u0131k Sistemi) ruh sa\u011fl\u0131\u011f\u0131 hizmetlerine olan ihtiyac\u0131 da art\u0131rabilir.<\/p>\n<p>NHS hizmetlerinin \u00e7o\u011fu ebeveynlere kapsaml\u0131 destek sa\u011flamamaktad\u0131r. NHS hizmetleri, ebeveynlerin neye ihtiya\u00e7 duyduklar\u0131n\u0131 ve gen\u00e7 bir bireye destek olurken onlara neyin yard\u0131mc\u0131 oldu\u011funu bilmek ister.<\/p>\n<h2>Ara\u015ft\u0131rman\u0131n amac\u0131 nedir?<\/h2>\n<p>Bu ara\u015ft\u0131rma, ruh sa\u011fl\u0131\u011f\u0131 sorunlar\u0131 ya\u015fayan gen\u00e7leri destekleyen ebeveynler ve bak\u0131c\u0131lar hakk\u0131nda sistematik bir inceleme yapmay\u0131 ama\u00e7lamaktad\u0131r. \u0130nceleme, ebeveynleri ve bak\u0131c\u0131lar\u0131 desteklemek i\u00e7in pratik m\u00fcdahale \u00f6nerileri sunmay\u0131 hedeflemektedir.<\/p>\n<h2>Bu nas\u0131l ba\u015far\u0131lacak?<\/h2>\n<p>Ara\u015ft\u0131rma ekibi, ebeveynlerin ihtiya\u00e7lar\u0131na ili\u015fkin \u00e7al\u0131\u015fmalar\u0131 \u00f6zetleyecektir; bu, ebeveynlerin s\u00f6ylediklerini ve depresyon, kayg\u0131, stres ve di\u011fer sorunlara ili\u015fkin \u00f6l\u00e7\u00fcmleri i\u00e7erecektir.<\/p>\n<p>Ekip, ebeveynleri desteklemeyi ama\u00e7layan m\u00fcdahaleleri g\u00f6zden ge\u00e7irecek ve tan\u0131mlayacakt\u0131r. Bu, onlara bilginin nas\u0131l verildi\u011fini de i\u00e7erir (\u00f6rne\u011fin, bro\u015f\u00fcrler, gruplar).<\/p>\n<p>Ekip, m\u00fcdahalelerin ne kadar s\u00fcrd\u00fc\u011f\u00fcn\u00fc ve hangi ihtiya\u00e7lar\u0131 hedefledi\u011fini inceleyecek. Ayr\u0131ca, m\u00fcdahalelerin ebeveynlerin kendilerini nas\u0131l hissettiklerini ne kadar iyile\u015ftirdi\u011fini de de\u011ferlendirecek.<\/p>\n<h2>Ara\u015ft\u0131rmay\u0131 kim y\u00fcr\u00fct\u00fcyor?<\/h2>\n<p>Dr. Faith Martin, Klinik ve Sa\u011fl\u0131k Psikolo\u011fu.<\/p>\n<h2>Daha fazla bilgi:<\/h2>\n<p>Daha fazla bilgi almak veya bu projeye dahil olmak i\u00e7in l\u00fctfen e-posta g\u00f6nderin. <a href=\"mailto:bnssg.research@nhs.net\">bnssg.research@nhs.net<\/a><\/p>\n  <\/div>\r\n  <\/section><\/div><!-- .assembler_text-module.assembler_module.assembler_text-module_1.assembler_module_1..transparent --><\/div><!-- .assembler_module_area.assembler_module_area_1 --><\/div><!-- .assembler_default-group.assembler_module_group.assembler_default-group_1.assembler_module_group_1  -->","protected":false},"excerpt":{"rendered":"<p>Section titled module-1 A systematic review of parents\u2019\/carers&#8217; needs, and interventions to support parents\/carers of young people with mental health problems receiving mental health services: evidence synthesis with stakeholder engagement to provide practical recommendations. Funding: This project is funded by the NIHR Research for Patient Benefit (RfPB), NIHR203023. What is the research question? What are [&hellip;]<\/p>\n","protected":false},"author":1,"featured_media":0,"parent":32881,"menu_order":0,"comment_status":"closed","ping_status":"closed","template":"","meta":{"_acf_changed":false,"footnotes":""},"tags":[],"class_list":["post-34458","page","type-page","status-publish","hentry"],"acf":[],"_links":{"self":[{"href":"https:\/\/bnssghealthiertogether.org.uk\/tr\/wp-json\/wp\/v2\/pages\/34458","targetHints":{"allow":["GET"]}}],"collection":[{"href":"https:\/\/bnssghealthiertogether.org.uk\/tr\/wp-json\/wp\/v2\/pages"}],"about":[{"href":"https:\/\/bnssghealthiertogether.org.uk\/tr\/wp-json\/wp\/v2\/types\/page"}],"author":[{"embeddable":true,"href":"https:\/\/bnssghealthiertogether.org.uk\/tr\/wp-json\/wp\/v2\/users\/1"}],"replies":[{"embeddable":true,"href":"https:\/\/bnssghealthiertogether.org.uk\/tr\/wp-json\/wp\/v2\/comments?post=34458"}],"version-history":[{"count":3,"href":"https:\/\/bnssghealthiertogether.org.uk\/tr\/wp-json\/wp\/v2\/pages\/34458\/revisions"}],"predecessor-version":[{"id":36099,"href":"https:\/\/bnssghealthiertogether.org.uk\/tr\/wp-json\/wp\/v2\/pages\/34458\/revisions\/36099"}],"up":[{"embeddable":true,"href":"https:\/\/bnssghealthiertogether.org.uk\/tr\/wp-json\/wp\/v2\/pages\/32881"}],"wp:attachment":[{"href":"https:\/\/bnssghealthiertogether.org.uk\/tr\/wp-json\/wp\/v2\/media?parent=34458"}],"wp:term":[{"taxonomy":"post_tag","embeddable":true,"href":"https:\/\/bnssghealthiertogether.org.uk\/tr\/wp-json\/wp\/v2\/tags?post=34458"}],"curies":[{"name":"wp","href":"https:\/\/api.w.org\/{rel}","templated":true}]}}