{"id":34485,"date":"2024-11-26T16:37:41","date_gmt":"2024-11-26T16:37:41","guid":{"rendered":"https:\/\/bnssghealthiertogether.org.uk\/?page_id=34485"},"modified":"2025-01-16T11:30:14","modified_gmt":"2025-01-16T11:30:14","slug":"health-impact-of-e-bikes-and-e-scooters-helmet-baseline-data-collection-for-the-evaluation-of-e-bike-and-e-scooter-hire-schemes","status":"publish","type":"page","link":"https:\/\/bnssghealthiertogether.org.uk\/tr\/integrated-care-board\/research-and-evidence\/our-research-portfolio\/nihr-funded-projects\/health-impact-of-e-bikes-and-e-scooters-helmet-baseline-data-collection-for-the-evaluation-of-e-bike-and-e-scooter-hire-schemes\/","title":{"rendered":"Elektrikli Bisiklet ve Elektrikli Scooterlar\u0131n Sa\u011fl\u0131k \u00dczerindeki Etkisi (HELMET): Elektrikli bisiklet ve elektrikli scooter kiralama sistemlerinin de\u011ferlendirilmesi i\u00e7in temel veri toplama \u00e7al\u0131\u015fmas\u0131."},"content":{"rendered":"<div class=\"assembler_default-group assembler_module_group assembler_default-group_1 assembler_module_group_1\"><div class=\"assembler_module_area assembler_module_area_1\"><div class=\"assembler_text-module assembler_module assembler_text-module_1 assembler_module_1  transparent\"><a tabindex=\"-1\" title=\"Mod\u00fcl-1 ba\u015fl\u0131kl\u0131 b\u00f6l\u00fcm\" id=\"module-1\" href=\"https:\/\/bnssghealthiertogether.org.uk\/tr\/wp-json\/wp\/v2\/pages\/34485\/#module-1\" class=\"anchor\"><span class=\"hidden\">Mod\u00fcl-1 ba\u015fl\u0131kl\u0131 b\u00f6l\u00fcm<\/span><\/a><!-- Template found for text-module - Template: template-text - Matched: _only --><section class=\"w-full mx-auto max-w-content pt-12 sm:pt-24 pb-12 sm:pb-24\">\r\n  <div class=\"entry-content w-full !px-0 max-w-small\">\r\n        <h1>Elektrikli Bisiklet ve Elektrikli Scooterlar\u0131n Sa\u011fl\u0131k \u00dczerindeki Etkisi (HELMET): Elektrikli bisiklet ve elektrikli scooter kiralama sistemlerinin de\u011ferlendirilmesi i\u00e7in temel veri toplama \u00e7al\u0131\u015fmas\u0131.<\/h1>\n<h2><strong>Finansman:<\/strong><\/h2>\n<p>Bu proje, NIHR Halk Sa\u011fl\u0131\u011f\u0131 Ara\u015ft\u0131rma (PHR) Program\u0131, NIHR159622 taraf\u0131ndan finanse edilmektedir.<\/p>\n<h2>Sorun nedir?<\/h2>\n<p>Fiziksel aktivite, fiziksel ve zihinsel sa\u011fl\u0131k i\u00e7in \u00f6nemlidir. Yerler aras\u0131nda y\u00fcr\u00fcmek veya bisiklet s\u00fcrmek, fiziksel olarak aktif olman\u0131n bir yoludur.<\/p>\n<p>Elektrikli bisikletler, \u00f6zellikle yoku\u015flarda bisiklet s\u00fcrmeyi kolayla\u015ft\u0131rmak i\u00e7in batarya ile donat\u0131lm\u0131\u015f pedall\u0131 bisikletlerdir. Elektrikli bisikletler fiziksel aktiviteyi art\u0131rmak i\u00e7in iyi bir se\u00e7enek olabilir, ancak bundan emin de\u011filiz.<\/p>\n<p>Elektrikli scooter&#039;lar pille \u00e7al\u0131\u015f\u0131r, yani onlar\u0131 itmenize gerek yoktur. \u0130nsanlar y\u00fcr\u00fcmek yerine elektrikli scooter kullan\u0131rlarsa, bu durum fiziksel aktiviteyi azaltabilir.<\/p>\n<p>H\u00fck\u00fcmet \u015fu anda elektrikli scooter&#039;lar\u0131n \u00f6zel kullan\u0131m\u0131n\u0131 yasalla\u015ft\u0131r\u0131p yasalla\u015ft\u0131rmayaca\u011f\u0131ndan emin de\u011fil. H\u00fck\u00fcmet, 2020&#039;den beri \u0130ngiltere&#039;nin baz\u0131 b\u00f6lgelerinde elektrikli scooter&#039;lar\u0131 test ediyor. \u0130nsanlar, her b\u00f6lge i\u00e7inde seyahatler i\u00e7in \u00fccret kar\u015f\u0131l\u0131\u011f\u0131nda kullanabiliyorlar.<\/p>\n<p>Baz\u0131 elektrikli bisikletler \u0130ngiltere&#039;de yasal olsa da, pahal\u0131 olabilirler ve evde saklamalar\u0131 zor olabilir. Sadece ihtiya\u00e7 duyuldu\u011funda kullanmak i\u00e7in \u00f6deme yapabilme imkan\u0131, daha fazla kullan\u0131m\u0131 te\u015fvik edebilir.<\/p>\n<h2>Ara\u015ft\u0131rman\u0131n amac\u0131 nedir?<\/h2>\n<p>\u0130nsanlar\u0131n seyahat tercihlerinin, elektrikli bisiklet ve elektrikli scooter kiralama sistemleri kullan\u0131ma sunuldu\u011funda de\u011fi\u015fip de\u011fi\u015fmeyece\u011fini bilmiyoruz ve h\u00fck\u00fcmeti bilgilendirmek i\u00e7in bununla ilgili kan\u0131t toplamam\u0131z gerekiyor.<\/p>\n<p>\u00d6rne\u011fin, daha \u00f6nce araba kullanan ki\u015filer bunun yerine elektrikli bisiklet veya elektrikli scooter kullanmay\u0131 tercih eder mi? Daha \u00f6nce y\u00fcr\u00fcyen ki\u015filer bunun yerine elektrikli scooter kullanmay\u0131 tercih eder mi? Dolay\u0131s\u0131yla, insanlar\u0131n seyahat etme bi\u00e7imlerindeki de\u011fi\u015fiklikler, genel fiziksel aktivite d\u00fczeylerini etkileyebilir.<\/p>\n<h2>Bu nas\u0131l ba\u015far\u0131lacak?<\/h2>\n<p>2023 yaz\u0131nda Birle\u015fik Krall\u0131k&#039;taki d\u00f6rt \u015fehirde bir anket yapaca\u011f\u0131z. Bunlardan ikisi, sonbaharda halk\u0131n elektrikli bisiklet ve\/veya elektrikli scooter kullan\u0131m\u0131 i\u00e7in \u00fccret \u00f6demesine olanak tan\u0131yan uygulamalar ba\u015flatacak. Di\u011fer ikisinde ise bu t\u00fcr uygulamalar olmayacak.<\/p>\n<p>Bu ilk proje anket sorular\u0131 i\u00e7erecektir. Ankete ait ba\u011flant\u0131y\u0131 farkl\u0131 \u015fehirlerdeki en az 40.000 ki\u015fiye g\u00f6nderece\u011fiz. \u0130nsanlar\u0131n ne kadar fiziksel aktivite yapt\u0131klar\u0131 hakk\u0131nda sorular soraca\u011f\u0131z. Ayr\u0131ca, insanlar\u0131n yerler aras\u0131nda nas\u0131l seyahat ettiklerini anlamam\u0131za yard\u0131mc\u0131 olacak sorular da soraca\u011f\u0131z; \u00f6rne\u011fin bisikletle, y\u00fcr\u00fcyerek, scooter kullanarak, araba kullanarak veya toplu ta\u015f\u0131ma kullanarak.<\/p>\n<p>Elektrikli bisiklet ve elektrikli scooter kiralama programlar\u0131 ba\u015flad\u0131\u011f\u0131nda ayn\u0131 sorular\u0131 daha sonra sormay\u0131 planl\u0131yoruz. O zaman fiziksel aktivite seviyelerinde bir de\u011fi\u015fiklik olup olmad\u0131\u011f\u0131n\u0131 g\u00f6rebiliriz. Ayr\u0131ca elektrikli bisiklet ve elektrikli scooter kullan\u0131m\u0131nda bir de\u011fi\u015fiklik olup olmad\u0131\u011f\u0131n\u0131 da kontrol edebiliriz.<\/p>\n<p>\u0130nsanlarla g\u00f6r\u00fc\u015ferek, elektrikli bisiklet ve elektrikli scooter kiralama sistemleri hakk\u0131ndaki d\u00fc\u015f\u00fcncelerini ve seyahat al\u0131\u015fkanl\u0131klar\u0131nda bir de\u011fi\u015fiklik olup olmad\u0131\u011f\u0131n\u0131 anlamaya \u00e7al\u0131\u015faca\u011f\u0131z. Ayr\u0131ca anketin okunabilirli\u011finin ne kadar kolay oldu\u011funu ve nas\u0131l geli\u015ftirilebilece\u011fini de \u00f6\u011frenmek istiyoruz.<\/p>\n<p>Bu \u00e7al\u0131\u015fmay\u0131 tasarlarken halk \u00fcyeleri ve belediyelerle birlikte \u00e7al\u0131\u015ft\u0131k. Proje s\u00fcresince bu gruplarla \u00e7al\u0131\u015fmaya devam etmeyi planl\u0131yoruz.<\/p>\n<h2>Ara\u015ft\u0131rmay\u0131 kim y\u00fcr\u00fct\u00fcyor?<\/h2>\n<p class=\"uob-heading Person-module--name--E0sDo Heading-module--heading--1Cceh\"><a href=\"https:\/\/www.bristol.ac.uk\/people\/person\/Miranda-Armstrong-9b03dc7e-7c22-45ff-a153-81aa15683b0b\/\" rel=\"noopener\">Dr. Miranda Armstrong<\/a>, Bristol \u00dcniversitesi&#039;nde Yeti\u015fkinlerde Fiziksel Aktivite alan\u0131nda K\u0131demli \u00d6\u011fretim \u00dcyesi.<\/p>\n<h2>Daha fazla bilgi:<\/h2>\n<p>Daha fazla bilgi almak veya bu projeye dahil olmak i\u00e7in l\u00fctfen e-posta g\u00f6nderin. <a href=\"mailto:bnssg.research@nhs.net\">bnssg.research@nhs.net<\/a><\/p>\n  <\/div>\r\n  <\/section><\/div><!-- .assembler_text-module.assembler_module.assembler_text-module_1.assembler_module_1..transparent --><\/div><!-- .assembler_module_area.assembler_module_area_1 --><\/div><!-- .assembler_default-group.assembler_module_group.assembler_default-group_1.assembler_module_group_1  -->","protected":false},"excerpt":{"rendered":"<p>Section titled module-1 HEaLth iMpact of E-bikes and e-scooTers (HELMET): Baseline data collection for the evaluation of e-bike and e-scooter hire schemes. Funding: This project is funded by the NIHR Public Health Research (PHR) Programme, NIHR159622. What is the problem? Physical activity is important for physical and mental health. Walking or cycling between places is [&hellip;]<\/p>\n","protected":false},"author":1,"featured_media":0,"parent":32881,"menu_order":0,"comment_status":"closed","ping_status":"closed","template":"","meta":{"_acf_changed":false,"footnotes":""},"tags":[],"class_list":["post-34485","page","type-page","status-publish","hentry"],"acf":[],"_links":{"self":[{"href":"https:\/\/bnssghealthiertogether.org.uk\/tr\/wp-json\/wp\/v2\/pages\/34485","targetHints":{"allow":["GET"]}}],"collection":[{"href":"https:\/\/bnssghealthiertogether.org.uk\/tr\/wp-json\/wp\/v2\/pages"}],"about":[{"href":"https:\/\/bnssghealthiertogether.org.uk\/tr\/wp-json\/wp\/v2\/types\/page"}],"author":[{"embeddable":true,"href":"https:\/\/bnssghealthiertogether.org.uk\/tr\/wp-json\/wp\/v2\/users\/1"}],"replies":[{"embeddable":true,"href":"https:\/\/bnssghealthiertogether.org.uk\/tr\/wp-json\/wp\/v2\/comments?post=34485"}],"version-history":[{"count":3,"href":"https:\/\/bnssghealthiertogether.org.uk\/tr\/wp-json\/wp\/v2\/pages\/34485\/revisions"}],"predecessor-version":[{"id":36120,"href":"https:\/\/bnssghealthiertogether.org.uk\/tr\/wp-json\/wp\/v2\/pages\/34485\/revisions\/36120"}],"up":[{"embeddable":true,"href":"https:\/\/bnssghealthiertogether.org.uk\/tr\/wp-json\/wp\/v2\/pages\/32881"}],"wp:attachment":[{"href":"https:\/\/bnssghealthiertogether.org.uk\/tr\/wp-json\/wp\/v2\/media?parent=34485"}],"wp:term":[{"taxonomy":"post_tag","embeddable":true,"href":"https:\/\/bnssghealthiertogether.org.uk\/tr\/wp-json\/wp\/v2\/tags?post=34485"}],"curies":[{"name":"wp","href":"https:\/\/api.w.org\/{rel}","templated":true}]}}