{"id":34492,"date":"2024-11-26T16:38:28","date_gmt":"2024-11-26T16:38:28","guid":{"rendered":"https:\/\/bnssghealthiertogether.org.uk\/?page_id=34492"},"modified":"2025-01-16T13:19:03","modified_gmt":"2025-01-16T13:19:03","slug":"heart-failure-and-participation-in-physical-activity-the-happy-study","status":"publish","type":"page","link":"https:\/\/bnssghealthiertogether.org.uk\/tr\/integrated-care-board\/research-and-evidence\/our-research-portfolio\/nihr-funded-projects\/heart-failure-and-participation-in-physical-activity-the-happy-study\/","title":{"rendered":"Kalp Yetmezli\u011fi ve Fiziksel Aktiviteye Kat\u0131l\u0131m (HAPPY \u00e7al\u0131\u015fmas\u0131)."},"content":{"rendered":"<div class=\"assembler_default-group assembler_module_group assembler_default-group_1 assembler_module_group_1\"><div class=\"assembler_module_area assembler_module_area_1\"><div class=\"assembler_text-module assembler_module assembler_text-module_1 assembler_module_1  transparent\"><a tabindex=\"-1\" title=\"Mod\u00fcl-1 ba\u015fl\u0131kl\u0131 b\u00f6l\u00fcm\" id=\"module-1\" href=\"https:\/\/bnssghealthiertogether.org.uk\/tr\/wp-json\/wp\/v2\/pages\/34492\/#module-1\" class=\"anchor\"><span class=\"hidden\">Mod\u00fcl-1 ba\u015fl\u0131kl\u0131 b\u00f6l\u00fcm<\/span><\/a><!-- Template found for text-module - Template: template-text - Matched: _only --><section class=\"w-full mx-auto max-w-content pt-12 sm:pt-24 pb-12 sm:pb-24\">\r\n  <div class=\"entry-content w-full !px-0 max-w-small\">\r\n        <h1>Kalp Yetmezli\u011fi ve Fiziksel Aktiviteye Kat\u0131l\u0131m (HAPPY \u00e7al\u0131\u015fmas\u0131)<\/h1>\n<p>&nbsp;<\/p>\n<h2>Finansman<\/h2>\n<p>Bu proje, Ulusal Sa\u011fl\u0131k ve Bak\u0131m Ara\u015ft\u0131rma Enstit\u00fcs\u00fc (NIHR) \u2013 Hasta i\u00e7in Ara\u015ft\u0131rma (RfPB) fonlama program\u0131 (NIHR203155) taraf\u0131ndan finanse edilmektedir.<\/p>\n<h2>Ara\u015ft\u0131rma sorusu nedir?<\/h2>\n<p>Kalp yetmezli\u011fi olan ki\u015filerin fiziksel aktivitelerini art\u0131rmak i\u00e7in kendilerini desteklemelerine ve aileleri, arkada\u015flar\u0131 ve sa\u011fl\u0131k uzmanlar\u0131 taraf\u0131ndan desteklenmelerine ne yard\u0131mc\u0131 olacak?<\/p>\n<h2>Sorun nedir?<\/h2>\n<p>Birle\u015fik Krall\u0131k genelinde yakla\u015f\u0131k bir milyon insan\u0131 etkileyen kalp yetmezli\u011fi, her ya\u015fta ortaya \u00e7\u0131kabilir ancak en s\u0131k ya\u015fl\u0131larda g\u00f6r\u00fcl\u00fcr.<\/p>\n<p>Kalp yetmezli\u011fi, kalbin v\u00fccuda yeterince kan pompalayamamas\u0131 anlam\u0131na gelir. Yayg\u0131n etkileri aras\u0131nda nefes darl\u0131\u011f\u0131, yorgunluk, \u00e7arp\u0131nt\u0131 ve ayak bile\u011fi \u015fi\u015fmesi bulunur. Herkesin deneyimi biraz farkl\u0131d\u0131r.<\/p>\n<p>Fiziksel aktivitenin kalp yetmezli\u011fi olan ki\u015filerin kondisyon seviyelerini art\u0131rmalar\u0131na ve ruh hallerini iyile\u015ftirmelerine yard\u0131mc\u0131 olabilece\u011fini biliyoruz. Fiziksel aktivite, egzersiz dersleri ve k\u00f6pek gezdirmek veya bah\u00e7e i\u015fleriyle u\u011fra\u015fmak gibi g\u00fcnl\u00fck aktiviteleri i\u00e7erebilir.<\/p>\n<p>Kalp yetmezli\u011fi olan ki\u015filerin endi\u015felerinden biri de ne kadar ve ne t\u00fcr fiziksel aktivite yapmalar\u0131 gerekti\u011fi konusunda kendilerine g\u00fcven duymamalar\u0131d\u0131r. \u0130nsanlar sa\u011fl\u0131kl\u0131 kalmak istiyorlar ancak fiziksel aktivite hakk\u0131nda net bilgi alam\u0131yorlar. Doktorlar da hastalar\u0131na en iyi nas\u0131l tavsiye vereceklerinden emin olmad\u0131klar\u0131n\u0131 s\u00f6yl\u00fcyorlar.<\/p>\n<h2>Ara\u015ft\u0131rman\u0131n amac\u0131 nedir?<\/h2>\n<p>Kalp yetmezli\u011fi olan ki\u015filerin sa\u011fl\u0131k ve esenlikleri i\u00e7in do\u011fru miktarda fiziksel aktivite yapmalar\u0131n\u0131 desteklemek.<\/p>\n<h2>Bu nas\u0131l ba\u015far\u0131lacak?<\/h2>\n<p>Ara\u015ft\u0131rma ekibi, kalp yetmezli\u011fi olan ki\u015filer aras\u0131nda fiziksel aktiviteye ili\u015fkin g\u00f6r\u00fc\u015f ve deneyimlerin sentezine odaklanarak mevcut literat\u00fcr\u00fc inceleyecektir.<\/p>\n<p>Ayr\u0131ca, yard\u0131m kurulu\u015flar\u0131n\u0131n internet sitelerinde yer alan fiziksel aktivite ve kalp rahats\u0131zl\u0131klar\u0131yla ilgili tavsiyeleri de inceleyecekler.<\/p>\n<p>Ekip daha sonra bu kan\u0131tlar\u0131 kullanarak, kalp yetmezli\u011fi ve ilgili rahats\u0131zl\u0131klar\u0131 olan ki\u015filer i\u00e7in fiziksel aktivite hizmetlerini iyile\u015ftirmek ve bu konudaki tart\u0131\u015fmalar\u0131 y\u00f6nlendirmek amac\u0131yla kullan\u0131labilecek bir mant\u0131k modeli geli\u015ftirecektir.<\/p>\n<h2>Ara\u015ft\u0131rmay\u0131 kim y\u00fcr\u00fct\u00fcyor?<\/h2>\n<p><a href=\"https:\/\/research-information.bris.ac.uk\/en\/persons\/alyson-l-huntley\" rel=\"noopener\">Dr. Alyson Huntley<\/a>, Bristol T\u0131p Fak\u00fcltesi (PHS) Bristol Halk Sa\u011fl\u0131\u011f\u0131 Bilim Enstit\u00fcs\u00fc&#039;nde Kan\u0131t Sentezi alan\u0131nda K\u0131demli Ara\u015ft\u0131rma G\u00f6revlisi.<\/p>\n<h2>Daha fazla bilgi<\/h2>\n<p>Daha fazla bilgi almak veya bu projeye dahil olmak i\u00e7in l\u00fctfen e-posta g\u00f6nderin. <a href=\"mailto:bnssg.research@nhs.net\">bnssg.research@nhs.net<\/a>.<\/p>\n<p>Burada ifade edilen g\u00f6r\u00fc\u015fler yazar(lar)a aittir ve NIHR veya Sa\u011fl\u0131k ve Sosyal Bak\u0131m Bakanl\u0131\u011f\u0131&#039;n\u0131n g\u00f6r\u00fc\u015flerini yans\u0131tmayabilir.<\/p>\n  <\/div>\r\n  <\/section><\/div><!-- .assembler_text-module.assembler_module.assembler_text-module_1.assembler_module_1..transparent --><\/div><!-- .assembler_module_area.assembler_module_area_1 --><\/div><!-- .assembler_default-group.assembler_module_group.assembler_default-group_1.assembler_module_group_1  -->","protected":false},"excerpt":{"rendered":"<p>Section titled module-1 Heart failure And Participation in Physical activitY (the HAPPY study) &nbsp; Funding This project is funded by the National Institute for Health and Care Research (NIHR) &#8211; Research for Patient Patient (RfPB) funding stream: NIHR203155. What\u2019s the research question? What will help people with heart failure to support themselves and be supported [&hellip;]<\/p>\n","protected":false},"author":1,"featured_media":0,"parent":32881,"menu_order":0,"comment_status":"closed","ping_status":"closed","template":"","meta":{"_acf_changed":false,"footnotes":""},"tags":[],"class_list":["post-34492","page","type-page","status-publish","hentry"],"acf":[],"_links":{"self":[{"href":"https:\/\/bnssghealthiertogether.org.uk\/tr\/wp-json\/wp\/v2\/pages\/34492","targetHints":{"allow":["GET"]}}],"collection":[{"href":"https:\/\/bnssghealthiertogether.org.uk\/tr\/wp-json\/wp\/v2\/pages"}],"about":[{"href":"https:\/\/bnssghealthiertogether.org.uk\/tr\/wp-json\/wp\/v2\/types\/page"}],"author":[{"embeddable":true,"href":"https:\/\/bnssghealthiertogether.org.uk\/tr\/wp-json\/wp\/v2\/users\/1"}],"replies":[{"embeddable":true,"href":"https:\/\/bnssghealthiertogether.org.uk\/tr\/wp-json\/wp\/v2\/comments?post=34492"}],"version-history":[{"count":5,"href":"https:\/\/bnssghealthiertogether.org.uk\/tr\/wp-json\/wp\/v2\/pages\/34492\/revisions"}],"predecessor-version":[{"id":36125,"href":"https:\/\/bnssghealthiertogether.org.uk\/tr\/wp-json\/wp\/v2\/pages\/34492\/revisions\/36125"}],"up":[{"embeddable":true,"href":"https:\/\/bnssghealthiertogether.org.uk\/tr\/wp-json\/wp\/v2\/pages\/32881"}],"wp:attachment":[{"href":"https:\/\/bnssghealthiertogether.org.uk\/tr\/wp-json\/wp\/v2\/media?parent=34492"}],"wp:term":[{"taxonomy":"post_tag","embeddable":true,"href":"https:\/\/bnssghealthiertogether.org.uk\/tr\/wp-json\/wp\/v2\/tags?post=34492"}],"curies":[{"name":"wp","href":"https:\/\/api.w.org\/{rel}","templated":true}]}}